{"id":1482,"date":"2022-06-22T18:13:52","date_gmt":"2022-06-22T18:13:52","guid":{"rendered":"https:\/\/ceak.org.br\/cavi\/?page_id=1482"},"modified":"2022-06-22T18:13:52","modified_gmt":"2022-06-22T18:13:52","slug":"trabalhe-conosco","status":"publish","type":"page","link":"https:\/\/ceak.org.br\/cavi\/trabalhe-conosco\/","title":{"rendered":"Trabalhe Conosco"},"content":{"rendered":"[vc_row][vc_column][vc_column_text]\n<h1>Trabalhe Conosco<\/h1>\n[\/vc_column_text][\/vc_column][\/vc_row][vc_row][vc_column width=&#8221;1\/2&#8243;][vc_column_text]\n<h2>Venha fazer parte de uma organiza\u00e7\u00e3o refer\u00eancia no acolhimento, assist\u00eancia e forma\u00e7\u00e3o integral do Ser.<\/h2>\n<h2><span style=\"color: #EB589A;\">Anexe seu curr\u00edculo e participe dos nossos processos seletivos.<\/span><\/h2>\n<p>Prezamos pela sua privacidade e respeitamos os direitos que voc\u00ea tem sobre os seus dados. <a href=\"https:\/\/ceak.org.br\/ceak\/politica-de-privacidade\/\" target=\"_blank\" rel=\"noopener\">Clique aqui e leia a nossa <strong>POL\u00cdTICA DE PRIVACIDADE<\/strong><\/a>[\/vc_column_text][\/vc_column][vc_column width=&#8221;1\/2&#8243;]<div role=\"form\" class=\"wpcf7\" id=\"wpcf7-f1481-o1\" lang=\"pt-BR\" dir=\"ltr\">\n<div class=\"screen-reader-response\"><p role=\"status\" aria-live=\"polite\" aria-atomic=\"true\"><\/p> <ul><\/ul><\/div>\n<form action=\"\/cavi\/wp-json\/wp\/v2\/pages\/1482#wpcf7-f1481-o1\" method=\"post\" class=\"wpcf7-form init\" enctype=\"multipart\/form-data\" novalidate=\"novalidate\" data-status=\"init\">\n<div style=\"display: none;\">\n<input type=\"hidden\" name=\"_wpcf7\" value=\"1481\" \/>\n<input type=\"hidden\" name=\"_wpcf7_version\" value=\"5.4\" \/>\n<input type=\"hidden\" name=\"_wpcf7_locale\" value=\"pt_BR\" \/>\n<input type=\"hidden\" name=\"_wpcf7_unit_tag\" value=\"wpcf7-f1481-o1\" \/>\n<input type=\"hidden\" name=\"_wpcf7_container_post\" value=\"0\" \/>\n<input type=\"hidden\" name=\"_wpcf7_posted_data_hash\" value=\"\" \/>\n<\/div>\n<p><label> Seu nome<br \/>\n    <span class=\"wpcf7-form-control-wrap nome\"><input type=\"text\" name=\"nome\" value=\"\" size=\"40\" class=\"wpcf7-form-control wpcf7-text wpcf7-validates-as-required\" aria-required=\"true\" aria-invalid=\"false\" \/><\/span> <\/label><\/p>\n<p><label> Seu e-mail<br \/>\n    <span class=\"wpcf7-form-control-wrap email\"><input type=\"email\" name=\"email\" value=\"\" size=\"40\" class=\"wpcf7-form-control wpcf7-text wpcf7-email wpcf7-validates-as-required wpcf7-validates-as-email\" aria-required=\"true\" aria-invalid=\"false\" \/><\/span> <\/label><\/p>\n<p><label> Cargo<br \/>\n    <span class=\"wpcf7-form-control-wrap cargo\"><input type=\"text\" name=\"cargo\" value=\"\" size=\"40\" class=\"wpcf7-form-control wpcf7-text wpcf7-validates-as-required\" aria-required=\"true\" aria-invalid=\"false\" \/><\/span> <\/label><\/p>\n<p><label> Anexe seu curr\u00edculo<br \/>\n    <span class=\"wpcf7-form-control-wrap curriculo\"><input type=\"file\" name=\"curriculo\" size=\"40\" class=\"wpcf7-form-control wpcf7-file wpcf7-validates-as-required\" accept=\".pdf,.doc,.docx\" aria-required=\"true\" aria-invalid=\"false\" \/><\/span><br \/>\n* S\u00e3o permitidos arquivos do tipo pdf, doc e docx, com at\u00e9 5mb.<\/label><\/p>\n<p><span class=\"wpcf7-form-control-wrap acceptance-571\"><span class=\"wpcf7-form-control wpcf7-acceptance\"><span class=\"wpcf7-list-item\"><label><input type=\"checkbox\" name=\"acceptance-571\" value=\"1\" aria-invalid=\"false\" \/><span class=\"wpcf7-list-item-label\"><a href=\"https:\/\/ceak.org.br\/ceak\/politica-de-privacidade\/\" rel=\"noopener\" target=\"_blank\">Confirmo que li e estou ciente da <strong>POL\u00cdTICA DE PRIVACIDADE<\/strong><\/a> do CEAK.<\/span><\/label><\/span><\/span><\/span><\/p>\n<p><input type=\"submit\" value=\"Enviar\" class=\"wpcf7-form-control wpcf7-submit\" \/><\/p>\n<div class=\"wpcf7-response-output\" aria-hidden=\"true\"><\/div><\/form><\/div>[\/vc_column][\/vc_row][vc_row][vc_column][vc_empty_space height=&#8221;15px&#8221;][vc_separator][vc_empty_space height=&#8221;15px&#8221;][\/vc_column][\/vc_row][vc_row][vc_column][vc_gmaps link=&#8221;#E-8_JTNDaWZyYW1lJTIwc3JjJTNEJTIyaHR0cHMlM0ElMkYlMkZ3d3cuZ29vZ2xlLmNvbSUyRm1hcHMlMkZlbWJlZCUzRnBiJTNEJTIxMW0xOCUyMTFtMTIlMjExbTMlMjExZDM2NzUuMjA4NjAwMzAwNTQyNSUyMTJkLTQ3LjA1Nzc4NDk4NTIxNDA1NiUyMTNkLTIyLjkwNTY3NTU0MzU4OTU4OCUyMTJtMyUyMTFmMCUyMTJmMCUyMTNmMCUyMTNtMiUyMTFpMTAyNCUyMTJpNzY4JTIxNGYxMy4xJTIxM20zJTIxMW0yJTIxMXMweDk0YzhjZjRhNTQ5ODcwYzclMjUzQTB4ZDcxMDc0MzAxZDRiZjY3ZiUyMTJzUi4lMkJJcm0lMjVDMyUyNUEzJTJCU2VyYWZpbmElMjUyQyUyQjY3NCUyQi0lMkJDZW50cm8lMjUyQyUyQkNhbXBpbmFzJTJCLSUyQlNQJTI1MkMlMkIxMzAxNS0yMDAlMjE1ZTAlMjEzbTIlMjExc3B0LUJSJTIxMnNiciUyMTR2MTQ4OTExNDgxMDc5MiUyMiUyMHdpZHRoJTNEJTIyMTAwJTI1JTIyJTIwaGVpZ2h0JTNEJTIyNDUwJTIyJTIwZnJhbWVib3JkZXIlM0QlMjIwJTIyJTIwc3R5bGUlM0QlMjJib3JkZXIlM0EwJTIyJTIwYWxsb3dmdWxsc2NyZWVuJTNFJTNDJTJGaWZyYW1lJTNF&#8221;][\/vc_column][\/vc_row]\n","protected":false},"excerpt":{"rendered":"[vc_row][vc_column][vc_column_text] Trabalhe Conosco [\/vc_column_text][\/vc_column][\/vc_row][vc_row][vc_column width=&#8221;1\/2&#8243;][vc_column_text] Venha fazer parte de uma organiza\u00e7\u00e3o refer\u00eancia no acolhimento, assist\u00eancia e forma\u00e7\u00e3o integral do Ser. Anexe seu curr\u00edculo e participe dos nossos processos seletivos. Prezamos pela sua privacidade e respeitamos os direitos que voc\u00ea tem sobre os seus dados. Clique aqui e leia a nossa POL\u00cdTICA DE PRIVACIDADE[\/vc_column_text][\/vc_column][vc_column width=&#8221;1\/2&#8243;][\/vc_column][\/vc_row][vc_row][vc_column][vc_empty_space height=&#8221;15px&#8221;][vc_separator][vc_empty_space [&hellip;]\n","protected":false},"author":1,"featured_media":0,"parent":0,"menu_order":0,"comment_status":"closed","ping_status":"closed","template":"page-blank-container.php","meta":[],"_links":{"self":[{"href":"https:\/\/ceak.org.br\/cavi\/wp-json\/wp\/v2\/pages\/1482"}],"collection":[{"href":"https:\/\/ceak.org.br\/cavi\/wp-json\/wp\/v2\/pages"}],"about":[{"href":"https:\/\/ceak.org.br\/cavi\/wp-json\/wp\/v2\/types\/page"}],"author":[{"embeddable":true,"href":"https:\/\/ceak.org.br\/cavi\/wp-json\/wp\/v2\/users\/1"}],"replies":[{"embeddable":true,"href":"https:\/\/ceak.org.br\/cavi\/wp-json\/wp\/v2\/comments?post=1482"}],"version-history":[{"count":2,"href":"https:\/\/ceak.org.br\/cavi\/wp-json\/wp\/v2\/pages\/1482\/revisions"}],"predecessor-version":[{"id":1484,"href":"https:\/\/ceak.org.br\/cavi\/wp-json\/wp\/v2\/pages\/1482\/revisions\/1484"}],"wp:attachment":[{"href":"https:\/\/ceak.org.br\/cavi\/wp-json\/wp\/v2\/media?parent=1482"}],"curies":[{"name":"wp","href":"https:\/\/api.w.org\/{rel}","templated":true}]}}