{"id":394,"date":"2016-07-27T05:12:01","date_gmt":"2016-07-27T05:12:01","guid":{"rendered":"http:\/\/ceak.own.com.br\/cavi\/?page_id=394"},"modified":"2022-07-12T19:47:22","modified_gmt":"2022-07-12T19:47:22","slug":"cursos","status":"publish","type":"page","link":"https:\/\/ceak.org.br\/cavi\/cursos\/","title":{"rendered":"Oficinas"},"content":{"rendered":"[vc_row][vc_column][vc_empty_space][vc_separator][\/vc_column][\/vc_row][vc_row][vc_column][vc_column_text]\n<h1>Oficinas<\/h1>\n[\/vc_column_text][\/vc_column][\/vc_row][vc_row][vc_column][vc_column_text css_animation=&#8221;none&#8221;]As\u00a0<strong>oficinas<\/strong>\u00a0destinadas \u00e0s gestantes s\u00e3o divididas entre <strong>adolescentes<\/strong> e <strong>adultas<\/strong> com conte\u00fados e abordagens espec\u00edficas.\u00a0S\u00e3o <strong>5\u00a0turmas anuais<\/strong>, as aulas acontecem semanalmente, e tem a dura\u00e7\u00e3o de <strong>20 (para adolescentes) ou 13 encontros (para adultas)<\/strong>, com no m\u00e1ximo de <strong>30 gestantes por turma.<\/strong>[\/vc_column_text][\/vc_column][\/vc_row][vc_row][vc_column][vc_separator][\/vc_column][\/vc_row][vc_row][vc_column width=&#8221;1\/2&#8243;][vc_column_text css_animation=&#8221;none&#8221;]\n<h2>Oficina para Gestantes &#8211; Cuidar de quem Cuida<\/h2>\n<p>A principal caracter\u00edstica desta oficina \u00e9 o acolhimento. Adolescentes e adultas carentes chegam at\u00e9 a CAVI e recebem informa\u00e7\u00f5es sobre a gesta\u00e7\u00e3o de forma amorosa e repleta de conhecimento, de maneira que desperta a responsabilidade para o exerc\u00edcio da maternidade.<\/p>\n<p>Entre os conte\u00fados est\u00e3o a autoestima, aceita\u00e7\u00e3o da gesta\u00e7\u00e3o, fam\u00edlia, projeto de vida, educa\u00e7\u00e3o de filhos, relacionamento conjugal, at\u00e9 quest\u00f5es mais pr\u00e1ticas como cuidados com o beb\u00ea, alimenta\u00e7\u00e3o na gesta\u00e7\u00e3o, desenvolvimento infantil, orienta\u00e7\u00e3o jur\u00eddica entre outros. Todo conte\u00fado \u00e9 ministrado por profissionais especializados de cada \u00e1rea como m\u00e9dico, advogado, assistente social, psic\u00f3logo, enfermeira-obstetra e enfermeira, fisioterapeuta, entre outros.<\/p>\n<p>A oficina para gestantes da CAVI, aliada \u00e0s oficinas de sa\u00fade, sexualidade e preven\u00e7\u00e3o, cidadania e protagonismo juvenil, orientam, capacitam e direcionam essas m\u00e3es para uma maternidade respons\u00e1vel.[\/vc_column_text][\/vc_column][vc_column width=&#8221;1\/2&#8243;][vc_single_image image=&#8221;400&#8243; img_size=&#8221;full&#8221; alignment=&#8221;right&#8221; style=&#8221;vc_box_shadow_3d&#8221; css_animation=&#8221;none&#8221;][\/vc_column][\/vc_row][vc_row][vc_column][vc_separator][\/vc_column][\/vc_row][vc_row][vc_column width=&#8221;1\/2&#8243;][vc_single_image image=&#8221;1023&#8243; img_size=&#8221;full&#8221; alignment=&#8221;right&#8221; style=&#8221;vc_box_shadow_3d&#8221; css_animation=&#8221;none&#8221;][\/vc_column][vc_column width=&#8221;1\/2&#8243;][vc_column_text css_animation=&#8221;none&#8221;]\n<h2>Oficina\u00a0&#8220;Cuidar de quem Cuida&#8221;<\/h2>\n<p>A principal caracter\u00edstica desta oficina \u00e9 o acolhimento!<\/p>\n<p>Adolescentes, adultas e seus familiares em situa\u00e7\u00e3o de risco e vulnerabilidade social e emocional chegam at\u00e9 a <strong>CAVI<\/strong> e recebem esclarecimentos sobre a gesta\u00e7\u00e3o e tudo que envolve esse momento t\u00e3o especial, de maneira a despertar a responsabilidade para o exerc\u00edcio da Maternidade\/Paternidade e a import\u00e2ncia da fam\u00edlia.<\/p>\n<p>Esta oficina est\u00e1 aliada ao estudo sobre sa\u00fade, sexualidade e preven\u00e7\u00e3o, cidadania e protagonismos juvenil, empoderamento da mulher, fortalecimento de v\u00ednculo familiar, orientando e direcionando os assistidos para um projeto de vida saud\u00e1vel.[\/vc_column_text][\/vc_column][\/vc_row][vc_row][vc_column][vc_column_text css_animation=&#8221;none&#8221;]\u201c<strong>CUIDAR DE QUEM CUIDA\u201d<\/strong>\u00a0\u00e9 direcionada \u00e0s gestantes adolescentes e adultas e seus familiares com apresenta\u00e7\u00e3o de conte\u00fados e abordagens espec\u00edficas.<\/p>\n<p>A Oficina \u00e9 dividida em <strong>5 turmas\/por ano<\/strong>, sendo <strong>2 de adolescentes<\/strong> e <strong>3 de adultas<\/strong>.<\/p>\n<p>Composta por <strong>30 gestantes por turma<\/strong>, a de adolescentes tem a dura\u00e7\u00e3o de <strong>20 (vinte)<\/strong>\u00a0encontros e de adultas <strong>13 (treze)<\/strong>, que acontecem semanalmente.[\/vc_column_text][\/vc_column][\/vc_row][vc_row][vc_column][vc_separator][\/vc_column][\/vc_row][vc_row][vc_column width=&#8221;1\/2&#8243;][vc_single_image image=&#8221;397&#8243; img_size=&#8221;full&#8221; alignment=&#8221;right&#8221; style=&#8221;vc_box_shadow_3d&#8221; css_animation=&#8221;none&#8221;][\/vc_column][vc_column width=&#8221;1\/2&#8243;][vc_column_text css_animation=&#8221;none&#8221;]\n<h2>Oficina de Beleza<\/h2>\n<p>Destinada a capacitar o p\u00fablico atendido pela CAVI para o trabalho\u00a0e que buscam\u00a0o aperfei\u00e7oamento, resgate da cidadania e autoestima, com atua\u00e7\u00e3o na \u00e1rea da beleza. Aborda em seu como conte\u00fado as seguintes atividades: manicure, pedicure, unhas art\u00edstica, design de sobrancelhas, auxiliar de cabeleireiro (escova, chapinha, baby\u00a0liss, hidrata\u00e7\u00e3o, etc).<\/p>\n<p>Essa oficina desenvolve tamb\u00e9m as habilidades para ao atendimento ao cliente, comportamento profissional, empreendedorismo, manuseio e higieniza\u00e7\u00e3o de instrumentos e identifica\u00e7\u00e3o de enfermidades das m\u00e3os, p\u00e9s e outras partes do corpo que as colocam no quadro de risco na \u00e1rea da sa\u00fade.[\/vc_column_text][\/vc_column][\/vc_row][vc_row][vc_column][vc_separator][\/vc_column][\/vc_row][vc_row][vc_column width=&#8221;1\/2&#8243;][vc_single_image image=&#8221;398&#8243; img_size=&#8221;full&#8221; alignment=&#8221;right&#8221; style=&#8221;vc_box_shadow_3d&#8221; css_animation=&#8221;none&#8221;][\/vc_column][vc_column width=&#8221;1\/2&#8243;][vc_column_text css_animation=&#8221;none&#8221;]\n<h2>Oficina Kit Festa \u2013 Fa\u00e7a \u00e9 F\u00e1cil<\/h2>\n<p>Essa oficina \u00e9 voltada ao empreendedorismo no qual poder\u00e3o desenvolver uma atividade e atuar\u00a0tamb\u00e9m no ambiente domiciliar.<\/p>\n<p>As aulas transmitem conhecimentos te\u00f3ricos e pr\u00e1ticos para a prepara\u00e7\u00e3o de doces e salgados, assim como orienta\u00e7\u00e3o para c\u00e1lculo de custos (mat\u00e9ria-prima, energia, etc.) e precifica\u00e7\u00e3o do produto final.[\/vc_column_text][\/vc_column][\/vc_row][vc_row][vc_column][vc_separator][\/vc_column][\/vc_row][vc_row][vc_column][vc_icon icon_fontawesome=&#8221;&#8221; color=&#8221;custom&#8221; size=&#8221;xl&#8221; align=&#8221;center&#8221; css_animation=&#8221;none&#8221; custom_color=&#8221;#ea5095&#8243;][vc_custom_heading text=&#8221;Como se inscrever&#8221; font_container=&#8221;tag:h2|font_size:25|text_align:center|color:%23593d82&#8243; use_theme_fonts=&#8221;yes&#8221;][\/vc_column][\/vc_row][vc_row][vc_column][vc_column_text css_animation=&#8221;none&#8221;]\n<p style=\"text-align: center;\">Para participar das oficinas para gestantes basta ligar no n\u00famero <strong><span style=\"color: #ea5095;\">(19) 3237-2019 ou (19) 9 8926-6852<\/span><\/strong> e agendar uma entrevista com a Assistente Social. As demais oficinas s\u00e3o exclusivas para as participantes (ou ex-participantes) da CAVI.<\/p>\n[\/vc_column_text][\/vc_column][\/vc_row]\n","protected":false},"excerpt":{"rendered":"[vc_row][vc_column][vc_empty_space][vc_separator][\/vc_column][\/vc_row][vc_row][vc_column][vc_column_text] Oficinas [\/vc_column_text][\/vc_column][\/vc_row][vc_row][vc_column][vc_column_text css_animation=&#8221;none&#8221;]As\u00a0oficinas\u00a0destinadas \u00e0s gestantes s\u00e3o divididas entre adolescentes e adultas com conte\u00fados e abordagens espec\u00edficas.\u00a0S\u00e3o 5\u00a0turmas anuais, as aulas acontecem semanalmente, e tem a dura\u00e7\u00e3o de 20 (para adolescentes) ou 13 encontros (para adultas), com no m\u00e1ximo de 30 gestantes por turma.[\/vc_column_text][\/vc_column][\/vc_row][vc_row][vc_column][vc_separator][\/vc_column][\/vc_row][vc_row][vc_column width=&#8221;1\/2&#8243;][vc_column_text css_animation=&#8221;none&#8221;] Oficina para Gestantes &#8211; Cuidar de quem Cuida A [&hellip;]\n","protected":false},"author":1,"featured_media":0,"parent":0,"menu_order":0,"comment_status":"closed","ping_status":"open","template":"page-blank-container.php","meta":[],"_links":{"self":[{"href":"https:\/\/ceak.org.br\/cavi\/wp-json\/wp\/v2\/pages\/394"}],"collection":[{"href":"https:\/\/ceak.org.br\/cavi\/wp-json\/wp\/v2\/pages"}],"about":[{"href":"https:\/\/ceak.org.br\/cavi\/wp-json\/wp\/v2\/types\/page"}],"author":[{"embeddable":true,"href":"https:\/\/ceak.org.br\/cavi\/wp-json\/wp\/v2\/users\/1"}],"replies":[{"embeddable":true,"href":"https:\/\/ceak.org.br\/cavi\/wp-json\/wp\/v2\/comments?post=394"}],"version-history":[{"count":34,"href":"https:\/\/ceak.org.br\/cavi\/wp-json\/wp\/v2\/pages\/394\/revisions"}],"predecessor-version":[{"id":1488,"href":"https:\/\/ceak.org.br\/cavi\/wp-json\/wp\/v2\/pages\/394\/revisions\/1488"}],"wp:attachment":[{"href":"https:\/\/ceak.org.br\/cavi\/wp-json\/wp\/v2\/media?parent=394"}],"curies":[{"name":"wp","href":"https:\/\/api.w.org\/{rel}","templated":true}]}}