{"id":422,"date":"2016-07-27T06:35:04","date_gmt":"2016-07-27T06:35:04","guid":{"rendered":"http:\/\/ceak.own.com.br\/cavi\/?page_id=422"},"modified":"2021-03-16T00:11:39","modified_gmt":"2021-03-16T00:11:39","slug":"casa-de-apoio-a-vida","status":"publish","type":"page","link":"https:\/\/ceak.org.br\/cavi\/casa-de-apoio-a-vida\/","title":{"rendered":"CAVI &#8211; Casa de Apoio \u00e0 Vida"},"content":{"rendered":"[vc_row][vc_column][vc_empty_space][vc_separator][\/vc_column][\/vc_row][vc_row][vc_column][vc_column_text]\n<h1>CAVI &#8211; Casa de Apoio \u00e0 Vida<\/h1>\n[\/vc_column_text][\/vc_column][\/vc_row][vc_row][vc_column width=&#8221;1\/2&#8243;][vc_column_text css_animation=&#8221;none&#8221;]Fundada em 1979, <strong>a Casa de Apoio \u00e0 Vida \u2013 CAVI<\/strong> \u00e9 um departamento assistencial do <strong>Centro Esp\u00edrita Allan Kardec \u2013 CEA<\/strong>K. Nosso trabalho est\u00e1 voltado \u00e0s pessoas e fam\u00edlias em situa\u00e7\u00e3o de risco e vulnerabilidade social e \u00e0s gestantes adolescentes e adultas da regi\u00e3o de Campinas.<\/p>\n<p>Nosso quadro de Recurso Humano \u00e9 composto por 5 funcion\u00e1rios, contratados em regime de CLT, e 115\u00a0volunt\u00e1rios para atender a demanda de cerca de 200 assistidas por ano. Desde a sua funda\u00e7\u00e3o, <strong>a CAVI j\u00e1 recebeu mais de cinco mil mulheres de diversas faixa et\u00e1rias.<\/strong><\/p>\n<p class=\"from_the_blog_excerpt small-font show-next cinza\">O\u00a0in\u00edcio da CAVI foi marcado pelos jovens da <strong>Mocidade Esp\u00edrita Allan Kardec (MEAK)\u00a0<\/strong>que se mobilizavam para conseguir recursos e comprar artigos para beb\u00eas. Os recursos vinham de campanhas e rifas, e ent\u00e3o eram adquiridos os enxovais e outros itens essenciais.<\/p>\n<p>Hoje, a CAVI se mant\u00e9m com as doa\u00e7\u00f5es de pessoas f\u00edsicas, empresas, por meio das arrecada\u00e7\u00f5es com a Nota Fiscal Paulista, al\u00e9m de recursos provenientes do\u00a0<strong>CEAK.<\/strong><!--more-->[\/vc_column_text][\/vc_column][vc_column width=&#8221;1\/2&#8243;][vc_single_image image=&#8221;334&#8243; img_size=&#8221;full&#8221; alignment=&#8221;right&#8221; style=&#8221;vc_box_shadow_3d&#8221; css_animation=&#8221;none&#8221;][\/vc_column][\/vc_row][vc_row][vc_column][vc_column_text css_animation=&#8221;none&#8221;]\n<h2>Valores da CAVI<\/h2>\n<p><span style=\"color: #eb589a;\"><strong>C<\/strong><\/span>omunica\u00e7\u00e3o: entre assistidas e volunt\u00e1rios;<br \/>\n<span style=\"color: #eb589a;\"><strong>A<\/strong><\/span>perfei\u00e7oamento: do trabalho e do atendimento a gestante;<br \/>\n<span style=\"color: #eb589a;\"><strong>V<\/strong><\/span>aloriza\u00e7\u00e3o: de todos que aqui se encontram para atender ou ser atendidos;<br \/>\n<span style=\"color: #eb589a;\"><strong>I<\/strong><\/span>niciativa: para que cada ano represente o crescimento e conquistas.[\/vc_column_text][\/vc_column][\/vc_row][vc_row][vc_column][vc_separator][\/vc_column][\/vc_row][vc_row][vc_column][vc_column_text css_animation=&#8221;none&#8221;]<strong><span style=\"color: #eb589a;\">Miss\u00e3o:<\/span><\/strong> Ser refer\u00eancia no acolhimento, apoio e orienta\u00e7\u00e3o \u00e0s gestantes em situa\u00e7\u00e3o de vulnerabilidade e risco social, propiciando-lhes a\u00e7\u00f5es preventivas e protetivas de seus direitos fundamentais, al\u00e9m de capacit\u00e1-las para o mercado de trabalho.<\/p>\n<p><strong><span style=\"color: #eb589a;\">Vis\u00e3o:<\/span><\/strong> Trabalho s\u00e9rio e respons\u00e1vel exercido com amor, na forma plena do acolhimento, transforma vidas e contribui para a forma\u00e7\u00e3o de uma sociedade mais consciente, justa e solid\u00e1ria.<\/p>\n<p><strong><span style=\"color: #eb589a;\">Valores:<\/span><\/strong><\/p>\n<ul>\n<li>Do <strong>AMOR<\/strong> afetivo, de m\u00e3e para filho, ao Amor fraternal, que cresce e multiplica, o nosso trabalho transcende as fronteiras assistenciais para implantar efetivamente nas pessoas um novo sentido \u00e0 vida.<\/li>\n<li>Acreditamos na <strong>EDUCA\u00c7\u00c3O\u00a0<\/strong>como constru\u00e7\u00e3o de valores e meio de transforma\u00e7\u00e3o e crescimento.<\/li>\n<li>A nossa <strong>RESPONSABILIDADE<\/strong> \u00e9 tornar nossas assistidas protagonistas de suas pr\u00f3prias hist\u00f3rias.<\/li>\n<li>Temos convic\u00e7\u00e3o de que somente conseguiremos fazer a diferen\u00e7a se imprimirmos <strong>RESPEITO<\/strong> por toda condi\u00e7\u00e3o humana.<\/li>\n<li>A <strong>ALEGRIA<\/strong> permeia nosso cotidiano porque estamos a servi\u00e7o de Deus e do pr\u00f3ximo.<\/li>\n<\/ul>\n[\/vc_column_text][\/vc_column][\/vc_row][vc_row][vc_column][vc_separator][vc_column_text]Conhe\u00e7a mais um pouco sobre a <strong>CAVI<\/strong> no\u00a0<strong>Programa Mais Caminhos<\/strong>, da EPTV Campinas, exibido em 7 de dezembro de 2019.[\/vc_column_text][vc_single_image image=&#8221;1140&#8243; alignment=&#8221;center&#8221; style=&#8221;vc_box_shadow_3d&#8221; onclick=&#8221;custom_link&#8221; link=&#8221;https:\/\/globoplay.globo.com\/v\/8145372\/&#8221; title=&#8221;Produ\u00e7\u00e3o EPTV Campinas&#8221;][\/vc_column][\/vc_row][vc_row][vc_column][\/vc_column][\/vc_row]\n","protected":false},"excerpt":{"rendered":"[vc_row][vc_column][vc_empty_space][vc_separator][\/vc_column][\/vc_row][vc_row][vc_column][vc_column_text] CAVI &#8211; Casa de Apoio \u00e0 Vida [\/vc_column_text][\/vc_column][\/vc_row][vc_row][vc_column width=&#8221;1\/2&#8243;][vc_column_text css_animation=&#8221;none&#8221;]Fundada em 1979, a Casa de Apoio \u00e0 Vida \u2013 CAVI \u00e9 um departamento assistencial do Centro Esp\u00edrita Allan Kardec \u2013 CEAK. Nosso trabalho est\u00e1 voltado \u00e0s pessoas e fam\u00edlias em situa\u00e7\u00e3o de risco e vulnerabilidade social e \u00e0s gestantes adolescentes e adultas da regi\u00e3o [&hellip;]\n","protected":false},"author":1,"featured_media":13,"parent":0,"menu_order":0,"comment_status":"closed","ping_status":"open","template":"page-blank-container.php","meta":[],"_links":{"self":[{"href":"https:\/\/ceak.org.br\/cavi\/wp-json\/wp\/v2\/pages\/422"}],"collection":[{"href":"https:\/\/ceak.org.br\/cavi\/wp-json\/wp\/v2\/pages"}],"about":[{"href":"https:\/\/ceak.org.br\/cavi\/wp-json\/wp\/v2\/types\/page"}],"author":[{"embeddable":true,"href":"https:\/\/ceak.org.br\/cavi\/wp-json\/wp\/v2\/users\/1"}],"replies":[{"embeddable":true,"href":"https:\/\/ceak.org.br\/cavi\/wp-json\/wp\/v2\/comments?post=422"}],"version-history":[{"count":18,"href":"https:\/\/ceak.org.br\/cavi\/wp-json\/wp\/v2\/pages\/422\/revisions"}],"predecessor-version":[{"id":1273,"href":"https:\/\/ceak.org.br\/cavi\/wp-json\/wp\/v2\/pages\/422\/revisions\/1273"}],"wp:featuredmedia":[{"embeddable":true,"href":"https:\/\/ceak.org.br\/cavi\/wp-json\/wp\/v2\/media\/13"}],"wp:attachment":[{"href":"https:\/\/ceak.org.br\/cavi\/wp-json\/wp\/v2\/media?parent=422"}],"curies":[{"name":"wp","href":"https:\/\/api.w.org\/{rel}","templated":true}]}}