{"id":432,"date":"2016-07-27T06:38:10","date_gmt":"2016-07-27T06:38:10","guid":{"rendered":"http:\/\/ceak.own.com.br\/cavi\/?page_id=432"},"modified":"2021-03-16T00:04:28","modified_gmt":"2021-03-16T00:04:28","slug":"voluntarios","status":"publish","type":"page","link":"https:\/\/ceak.org.br\/cavi\/voluntarios\/","title":{"rendered":"Volunt\u00e1rios"},"content":{"rendered":"[vc_row][vc_column][vc_empty_space][vc_separator][\/vc_column][\/vc_row][vc_row][vc_column][vc_column_text]\n<h1>Volunt\u00e1rios<\/h1>\n[\/vc_column_text][\/vc_column][\/vc_row][vc_row][vc_column width=&#8221;1\/2&#8243;][vc_column_text css_animation=&#8221;none&#8221;]Doar tempo \u00e9 um ato de amor. Pessoas que possam disponibilizar pelo menos um per\u00edodo (manh\u00e3 ou tarde), uma vez na semana, j\u00e1 podem ser volunt\u00e1rios da CAVI.<\/p>\n<p>Todo candidato ao trabalho volunt\u00e1rio dever\u00e1 agendar uma entrevista, na qual ir\u00e1 receber mais informa\u00e7\u00f5es sobre a institui\u00e7\u00e3o e definir a fun\u00e7\u00e3o, dia e per\u00edodo de trabalho.<\/p>\n<p>Conhe\u00e7a aqui, em breve, todas as atividades dispon\u00edveis para volunt\u00e1rios na <strong>CAVI<\/strong>.[\/vc_column_text][\/vc_column][vc_column width=&#8221;1\/2&#8243;][vc_single_image image=&#8221;434&#8243; img_size=&#8221;full&#8221; alignment=&#8221;right&#8221; style=&#8221;vc_box_shadow_3d&#8221; css_animation=&#8221;none&#8221;][\/vc_column][\/vc_row]\n","protected":false},"excerpt":{"rendered":"[vc_row][vc_column][vc_empty_space][vc_separator][\/vc_column][\/vc_row][vc_row][vc_column][vc_column_text] Volunt\u00e1rios [\/vc_column_text][\/vc_column][\/vc_row][vc_row][vc_column width=&#8221;1\/2&#8243;][vc_column_text css_animation=&#8221;none&#8221;]Doar tempo \u00e9 um ato de amor. Pessoas que possam disponibilizar pelo menos um per\u00edodo (manh\u00e3 ou tarde), uma vez na semana, j\u00e1 podem ser volunt\u00e1rios da CAVI. Todo candidato ao trabalho volunt\u00e1rio dever\u00e1 agendar uma entrevista, na qual ir\u00e1 receber mais informa\u00e7\u00f5es sobre a institui\u00e7\u00e3o e definir a fun\u00e7\u00e3o, dia [&hellip;]\n","protected":false},"author":1,"featured_media":0,"parent":0,"menu_order":0,"comment_status":"closed","ping_status":"open","template":"page-blank-container.php","meta":[],"_links":{"self":[{"href":"https:\/\/ceak.org.br\/cavi\/wp-json\/wp\/v2\/pages\/432"}],"collection":[{"href":"https:\/\/ceak.org.br\/cavi\/wp-json\/wp\/v2\/pages"}],"about":[{"href":"https:\/\/ceak.org.br\/cavi\/wp-json\/wp\/v2\/types\/page"}],"author":[{"embeddable":true,"href":"https:\/\/ceak.org.br\/cavi\/wp-json\/wp\/v2\/users\/1"}],"replies":[{"embeddable":true,"href":"https:\/\/ceak.org.br\/cavi\/wp-json\/wp\/v2\/comments?post=432"}],"version-history":[{"count":12,"href":"https:\/\/ceak.org.br\/cavi\/wp-json\/wp\/v2\/pages\/432\/revisions"}],"predecessor-version":[{"id":624,"href":"https:\/\/ceak.org.br\/cavi\/wp-json\/wp\/v2\/pages\/432\/revisions\/624"}],"wp:attachment":[{"href":"https:\/\/ceak.org.br\/cavi\/wp-json\/wp\/v2\/media?parent=432"}],"curies":[{"name":"wp","href":"https:\/\/api.w.org\/{rel}","templated":true}]}}