{"id":520,"date":"2016-08-02T04:04:36","date_gmt":"2016-08-02T04:04:36","guid":{"rendered":"http:\/\/ceak.own.com.br\/cavi\/?page_id=520"},"modified":"2016-08-02T04:10:35","modified_gmt":"2016-08-02T04:10:35","slug":"artesanato-bazar","status":"publish","type":"page","link":"https:\/\/ceak.org.br\/cavi\/artesanato-bazar\/","title":{"rendered":"Artesanato \/ Bazar"},"content":{"rendered":"[vc_row][vc_column][vc_empty_space][vc_separator][\/vc_column][\/vc_row][vc_row][vc_column][vc_column_text]\n<h1>Artesanato\/ Bazar\/ Brindes Corporativos<\/h1>\n[\/vc_column_text][\/vc_column][\/vc_row][vc_row][vc_column width=&#8221;1\/2&#8243;][vc_column_text css_animation=&#8221;bottom-to-top&#8221;]<span style=\"color: #ea5095;\">Panos de prato, aventais, n\u00e9cessaires e outras utilidades dom\u00e9sticas fazem parte do bazar de artesanatos da<strong> CAVI.<\/strong><\/span><\/p>\n<p>Sob a premissa da sustentabilidade, a maioria dos produtos \u00e9 elaborada por volunt\u00e1rias, utilizando o reaproveitamento de materiais. Toda a renda \u00e9 revertida em prol da manuten\u00e7\u00e3o das atividades da Casa.<\/p>\n<p><span style=\"color: #ea5095;\">As pe\u00e7as podem ser adquiridas de segunda \u00e0 sexta-feira, em hor\u00e1rio comercial na recep\u00e7\u00e3o da entidade, ou \u00e0s quintas-feiras e domingos, no estacionamento da <strong>CAVI<\/strong>, no per\u00edodo da tarde.<\/span><\/p>\n<p>Para mais informa\u00e7\u00f5es ligue:<\/p>\n<p><strong>(19) 3237-2019<\/strong><br \/>\n<strong>(19) 3235-3723<\/strong>[\/vc_column_text][\/vc_column][vc_column width=&#8221;1\/2&#8243;][vc_single_image image=&#8221;100&#8243; img_size=&#8221;full&#8221; alignment=&#8221;right&#8221; style=&#8221;vc_box_shadow_3d&#8221; css_animation=&#8221;bottom-to-top&#8221;][\/vc_column][\/vc_row]\n","protected":false},"excerpt":{"rendered":"[vc_row][vc_column][vc_empty_space][vc_separator][\/vc_column][\/vc_row][vc_row][vc_column][vc_column_text] Artesanato\/ Bazar\/ Brindes Corporativos [\/vc_column_text][\/vc_column][\/vc_row][vc_row][vc_column width=&#8221;1\/2&#8243;][vc_column_text css_animation=&#8221;bottom-to-top&#8221;]Panos de prato, aventais, n\u00e9cessaires e outras utilidades dom\u00e9sticas fazem parte do bazar de artesanatos da CAVI. Sob a premissa da sustentabilidade, a maioria dos produtos \u00e9 elaborada por volunt\u00e1rias, utilizando o reaproveitamento de materiais. Toda a renda \u00e9 revertida em prol da manuten\u00e7\u00e3o das atividades da Casa. [&hellip;]\n","protected":false},"author":1,"featured_media":0,"parent":0,"menu_order":0,"comment_status":"closed","ping_status":"open","template":"page-blank-container.php","meta":[],"_links":{"self":[{"href":"https:\/\/ceak.org.br\/cavi\/wp-json\/wp\/v2\/pages\/520"}],"collection":[{"href":"https:\/\/ceak.org.br\/cavi\/wp-json\/wp\/v2\/pages"}],"about":[{"href":"https:\/\/ceak.org.br\/cavi\/wp-json\/wp\/v2\/types\/page"}],"author":[{"embeddable":true,"href":"https:\/\/ceak.org.br\/cavi\/wp-json\/wp\/v2\/users\/1"}],"replies":[{"embeddable":true,"href":"https:\/\/ceak.org.br\/cavi\/wp-json\/wp\/v2\/comments?post=520"}],"version-history":[{"count":4,"href":"https:\/\/ceak.org.br\/cavi\/wp-json\/wp\/v2\/pages\/520\/revisions"}],"predecessor-version":[{"id":525,"href":"https:\/\/ceak.org.br\/cavi\/wp-json\/wp\/v2\/pages\/520\/revisions\/525"}],"wp:attachment":[{"href":"https:\/\/ceak.org.br\/cavi\/wp-json\/wp\/v2\/media?parent=520"}],"curies":[{"name":"wp","href":"https:\/\/api.w.org\/{rel}","templated":true}]}}