{"id":735,"date":"2017-02-07T02:41:59","date_gmt":"2017-02-07T02:41:59","guid":{"rendered":"http:\/\/ceak.own.com.br\/cavi\/?page_id=735"},"modified":"2022-04-29T18:06:14","modified_gmt":"2022-04-29T18:06:14","slug":"como-ajudar","status":"publish","type":"page","link":"https:\/\/ceak.org.br\/cavi\/como-ajudar\/","title":{"rendered":"Como Ajudar"},"content":{"rendered":"[vc_row][vc_column][vc_empty_space][vc_separator][\/vc_column][\/vc_row][vc_row][vc_column][vc_column_text]\n<h1>Como\u00a0ajudar<\/h1>\n[\/vc_column_text][\/vc_column][\/vc_row][vc_row][vc_column][vc_column_text css_animation=&#8221;none&#8221;]\n<h2>Existem diversas maneiras para se colaborar com a CAVI.<\/h2>\n<p>Os interessados podem se associar contribuindo com um valor mensal ou ainda efetuar doa\u00e7\u00f5es pontuais de produtos de extrema necessidade.<\/p>\n<p>Veja como apoiar os trabalhos da Casa de Apoio \u00e0 Vida:[\/vc_column_text][\/vc_column][\/vc_row][vc_row][vc_column][vc_empty_space height=&#8221;15px&#8221;][vc_separator][vc_empty_space height=&#8221;15px&#8221;][\/vc_column][\/vc_row][vc_row disable_element=&#8221;yes&#8221;][vc_column][vc_column_text css_animation=&#8221;bottom-to-top&#8221;]\n<h2><img src=\"http:\/\/ceak.org.br\/cavi\/wp-content\/uploads\/2017\/02\/HEART-BEATING-PINK-50.gif\" \/>Sendo um associado contribuinte<\/h2>\n<p>Atrav\u00e9s de uma contribui\u00e7\u00e3o mensal,\u00a0utilizando seu cart\u00e3o de credito, voc\u00ea pode ser um associado e apoiar os trabalhos da Casa de Apoio \u00e0 Vida. <strong>A doa\u00e7\u00e3o ser\u00e1 descontada automaticamente do seu cart\u00e3o de cr\u00e9dito mensalmente.<\/strong><\/p>\n[\/vc_column_text][vc_single_image image=&#8221;751&#8243; img_size=&#8221;200&#215;35&#8243;][\/vc_column][\/vc_row][vc_row disable_element=&#8221;yes&#8221;][vc_column width=&#8221;1\/6&#8243;][vc_btn title=&#8221;<strong>R$ 10,00<\/strong>&#8221; style=&#8221;custom&#8221; custom_background=&#8221;#e974a8&#8243; custom_text=&#8221;#ffffff&#8221; align=&#8221;center&#8221; i_icon_fontawesome=&#8221;fa fa-heart&#8221; css_animation=&#8221;bottom-to-top&#8221; button_block=&#8221;true&#8221; add_icon=&#8221;true&#8221; link=&#8221;url:https%3A%2F%2Fapp.vindi.com.br%2Fcustomer%2Fpages%2Fe365b1c6-bf52-44bd-b711-e774a13eebd2%2Fsubscriptions%2Fnew|title:Obrigado%20pela%20sua%20doa%C3%A7%C3%A3o%20mensal%20de%20R%24%2010%2C00!|target:%20_blank|rel:nofollow&#8221;][\/vc_column][vc_column width=&#8221;1\/6&#8243;][vc_btn title=&#8221;<strong>R$ 20,00<\/strong>&#8221; style=&#8221;custom&#8221; custom_background=&#8221;#ea5095&#8243; custom_text=&#8221;#ffffff&#8221; align=&#8221;center&#8221; i_icon_fontawesome=&#8221;fa fa-heart&#8221; css_animation=&#8221;bottom-to-top&#8221; button_block=&#8221;true&#8221; add_icon=&#8221;true&#8221; link=&#8221;url:https%3A%2F%2Fapp.vindi.com.br%2Fcustomer%2Fpages%2Fc7cd67d5-0f0c-48bb-85ed-434d099496f4%2Fsubscriptions%2Fnew|title:Obrigado%20pela%20sua%20doa%C3%A7%C3%A3o%20mensal%20de%20R%24%2020%2C00!|target:%20_blank|rel:nofollow&#8221;][\/vc_column][vc_column width=&#8221;1\/6&#8243;][vc_btn title=&#8221;<strong>R$ 30,00<\/strong>&#8221; style=&#8221;custom&#8221; custom_background=&#8221;#c81e6a&#8221; custom_text=&#8221;#ffffff&#8221; align=&#8221;center&#8221; i_icon_fontawesome=&#8221;fa fa-heart&#8221; css_animation=&#8221;bottom-to-top&#8221; button_block=&#8221;true&#8221; add_icon=&#8221;true&#8221; link=&#8221;url:https%3A%2F%2Fapp.vindi.com.br%2Fcustomer%2Fpages%2F5d3498f9-758c-478d-90aa-de1519b2aaf6%2Fsubscriptions%2Fnew|title:Obrigado%20pela%20sua%20doa%C3%A7%C3%A3o%20mensal%20de%20R%24%2030%2C00!|target:%20_blank|rel:nofollow&#8221;][\/vc_column][vc_column width=&#8221;1\/6&#8243;][vc_btn title=&#8221;<strong>R$ 50,00<\/strong>&#8221; style=&#8221;custom&#8221; custom_background=&#8221;#6f5791&#8243; custom_text=&#8221;#ffffff&#8221; align=&#8221;center&#8221; i_icon_fontawesome=&#8221;fa fa-heart&#8221; css_animation=&#8221;bottom-to-top&#8221; button_block=&#8221;true&#8221; add_icon=&#8221;true&#8221; link=&#8221;url:https%3A%2F%2Fapp.vindi.com.br%2Fcustomer%2Fpages%2Fcb55cb12-2346-4404-be48-cfa2fc30d96f%2Fsubscriptions%2Fnew|title:Obrigado%20pela%20sua%20doa%C3%A7%C3%A3o%20mensal%20de%20R%24%2050%2C00!|target:%20_blank|rel:nofollow&#8221;][\/vc_column][vc_column width=&#8221;1\/6&#8243;][vc_btn title=&#8221;<strong>R$ 100,00<\/strong>&#8221; style=&#8221;custom&#8221; custom_background=&#8221;#593d82&#8243; custom_text=&#8221;#ffffff&#8221; align=&#8221;center&#8221; i_icon_fontawesome=&#8221;fa fa-heart&#8221; css_animation=&#8221;bottom-to-top&#8221; button_block=&#8221;true&#8221; add_icon=&#8221;true&#8221; link=&#8221;url:https%3A%2F%2Fapp.vindi.com.br%2Fcustomer%2Fpages%2F00ea453f-cf48-4c01-86ce-059e5fa70039%2Fsubscriptions%2Fnew|title:Obrigado%20pela%20sua%20doa%C3%A7%C3%A3o%20mensal%20de%20R%24%20100%2C00!|target:%20_blank|rel:nofollow&#8221;][\/vc_column][vc_column width=&#8221;1\/6&#8243;][vc_btn title=&#8221;<strong>R$ 200,00<\/strong>&#8221; style=&#8221;custom&#8221; custom_background=&#8221;#4c2388&#8243; custom_text=&#8221;#ffffff&#8221; align=&#8221;center&#8221; i_icon_fontawesome=&#8221;fa fa-heart&#8221; css_animation=&#8221;bottom-to-top&#8221; button_block=&#8221;true&#8221; add_icon=&#8221;true&#8221; link=&#8221;url:https%3A%2F%2Fapp.vindi.com.br%2Fcustomer%2Fpages%2Fc7989951-ece3-4ed0-b52c-13a5f00f4f88%2Fsubscriptions%2Fnew|title:Obrigado%20pela%20sua%20doa%C3%A7%C3%A3o%20mensal%20de%20R%24%20200%2C00!|target:%20_blank|rel:nofollow&#8221;][\/vc_column][\/vc_row][vc_row disable_element=&#8221;yes&#8221;][vc_column][vc_column_text css_animation=&#8221;bottom-to-top&#8221;](N\u00e3o dedut\u00edvel do imposto de Renda)<\/p>\n<p>Para altera\u00e7\u00f5es, outros valores e mais informa\u00e7\u00f5es. Entre em contato conosco pelo e-mail: <a href=\"mailto:associados@ceak.org.br\">associados@ceak.org.br<\/a>[\/vc_column_text][\/vc_column][\/vc_row][vc_row disable_element=&#8221;yes&#8221;][vc_column][vc_empty_space height=&#8221;15px&#8221;][vc_separator][vc_empty_space height=&#8221;15px&#8221;][\/vc_column][\/vc_row][vc_row][vc_column width=&#8221;1\/2&#8243;][vc_column_text]\n<h2><\/h2>\n<h2>Dep\u00f3sito<\/h2>\n<p><strong>Banco\u00a0Bradesco (237)<\/strong><br \/>\nAG: <b>2748-0<\/b><br \/>\nCC: <strong>26996-4\u00a0<\/strong><br \/>\nCNPJ: <strong>46.076.915\/0008-58<\/strong><br \/>\nRaz\u00e3o Social: <strong>Centro Esp\u00edrita Allan Kardec<\/strong><\/p>\n<p>ou<\/p>\n<p><strong>Banco do Brasil<\/strong><br \/>\nPix (CNPJ): 46 076 915 0008 58<\/p>\n<p>Entre em contato conosco: <a href=\"tel:+551932372019\">(19) 3237-2019<\/a>[\/vc_column_text][\/vc_column][vc_column width=&#8221;1\/2&#8243;][vc_single_image image=&#8221;628&#8243; img_size=&#8221;full&#8221; style=&#8221;vc_box_shadow_3d&#8221;][\/vc_column][\/vc_row][vc_row][vc_column][vc_empty_space height=&#8221;15px&#8221;][vc_separator][vc_empty_space height=&#8221;15px&#8221;][\/vc_column][\/vc_row][vc_row][vc_column width=&#8221;1\/2&#8243;][vc_video link=&#8221;https:\/\/www.youtube.com\/watch?v=sx5vnutds9I&amp;t=5s&#8221;][\/vc_column][vc_column width=&#8221;1\/2&#8243;][vc_column_text]\n<h2>Doando sua nota fiscal sem CPF<\/h2>\n<p>Ficou ainda mais f\u00e1cil doar seus cupons para as obras sociais do CEAK, al\u00e9m de doar seu cupom fiscal pelo App da Secretaria da Fazenda, voc\u00ea tamb\u00e9m pode programar para que a doa\u00e7\u00e3o se torne autom\u00e1tica no ato da compra, sem precisar digitar ou ler o c\u00f3digo de barras.<\/p>\n<p>Assista o v\u00eddeo e saiba como.<\/p>\n<p><a href=\"https:\/\/play.google.com\/store\/apps\/details?id=br.gov.sp.fazenda.nfp.app&amp;hl=pt_BR\" target=\"_blank\" rel=\"noopener\"><img loading=\"lazy\" class=\"alignnone wp-image-270 size-full\" src=\"http:\/\/ceak.org.br\/ceak\/wp-content\/uploads\/2017\/10\/google_play.png\" alt=\"google-play\" width=\"135\" height=\"40\" \/><\/a> <a href=\"https:\/\/itunes.apple.com\/br\/app\/nota-fiscal-paulista\/id1190556528?mt=8\" target=\"_blank\" rel=\"noopener\"><img loading=\"lazy\" class=\"alignnone wp-image-270 size-full\" src=\"http:\/\/ceak.org.br\/ceak\/wp-content\/uploads\/2017\/10\/appstore.png\" alt=\"app store\" width=\"135\" height=\"40\" \/><\/a>[\/vc_column_text][\/vc_column][\/vc_row][vc_row][vc_column][vc_empty_space height=&#8221;15px&#8221;][vc_separator][vc_empty_space height=&#8221;15px&#8221;][\/vc_column][\/vc_row][vc_row][vc_column width=&#8221;1\/2&#8243;][vc_column_text]\n<h2>Sendo\u00a0Volunt\u00e1rio<\/h2>\n<p>Trabalho fundamental para o desenvolvimento de nossas atividades, o <strong>CENTRO ESP\u00cdRITA ALLAN KARDEC<\/strong> conta com mais de 950 volunt\u00e1rios atuando em diversas \u00e1reas dos seus departamentos e n\u00facleos.<\/p>\n<p>H\u00e1 muitas atividades na CAVI que podem ser realizadas por volunt\u00e1rios fixos ou eventuais. Profissionais das \u00e1reas de sa\u00fade, educa\u00e7\u00e3o, nutri\u00e7\u00e3o e artes, entre outros, que possam prestar atendimentos individuais ou coletivos para usu\u00e1rios e familiares s\u00e3o bem-vindos como volunt\u00e1rios na CAVI. Seja um volunt\u00e1rio!<\/p>\n<p>Entre em contato conosco:<br \/>\n<a href=\"mailto:voluntarios@ceak.org.br\">voluntarios@ceak.org.br<\/a><\/p>\n<p>Para conhecer mais sobre o trabalho volunt\u00e1rio do <a href=\"http:\/\/ceak.org.br\/ceak\/voluntariado\/\" target=\"_blank\" rel=\"noopener\">CEAK, clique aqui<\/a>.<\/p>\n<h2>Doando alimentos<\/h2>\n<p>Doe uma cesta b\u00e1sica de alimentos e\/ou alimentos n\u00e3o perec\u00edveis.<br \/>\nEntre em contato conosco:\u00a0<a href=\"mailto:contato.cavi@ceak.org.br\" target=\"_blank\" rel=\"noopener\">contato.cavi@ceak.org.br<\/a>\u00a0<a href=\"tel:+551932372019\">(19) 3237-2019<\/a>[\/vc_column_text][\/vc_column][vc_column width=&#8221;1\/2&#8243;][vc_single_image image=&#8221;629&#8243; img_size=&#8221;full&#8221; style=&#8221;vc_box_shadow_3d&#8221;][\/vc_column][\/vc_row][vc_row][vc_column][vc_empty_space height=&#8221;15px&#8221;][vc_separator][vc_empty_space height=&#8221;15px&#8221;][\/vc_column][\/vc_row][vc_row][vc_column][vc_column_text]\n<h2>Doando produtos e outros materiais<\/h2>\n<p>Veja a lista dos materiais que a <strong>CAVI<\/strong> mais necessita no momento:[\/vc_column_text][vc_message message_box_color=&#8221;purple&#8221; icon_type=&#8221;linecons&#8221; icon_linecons=&#8221;vc_li vc_li-t-shirt&#8221;]Algod\u00e3o<br \/>\nBabador<br \/>\nBrinquedos de beb\u00ea: mordedor, chocalho.<br \/>\nCarrinho de beb\u00ea<br \/>\nChupeta<br \/>\nCobertor de beb\u00ea e para as gestantes<br \/>\nCotonete<br \/>\nFralda de pano<br \/>\nFralda descart\u00e1vel<br \/>\nLeite em p\u00f3: Ninho comum, NAN 1, NAN 2, Aptamil 1, Aptamil 2, Nestogeno 1, Nestogeno 2<br \/>\nLuvinha de beb\u00ea<br \/>\nMamadeira<br \/>\nManta para beb\u00ea<br \/>\nMeias de beb\u00ea<br \/>\nRoupinhas de beb\u00eas P, M, G<br \/>\nSabonete de beb\u00ea<br \/>\nSapatinhos de Beb\u00ea<br \/>\nShampoo de beb\u00ea<br \/>\nToalhas de Banho de beb\u00ea[\/vc_message][vc_column_text]Entre em contato conosco:\u00a0<a href=\"mailto:contato.cavi@ceak.org.br\" target=\"_blank\" rel=\"noopener\">contato.cavi@ceak.org.br<\/a>\u00a0<a href=\"tel:+551932372019\">(19) 3237-2019<\/a>[\/vc_column_text][\/vc_column][\/vc_row]\n","protected":false},"excerpt":{"rendered":"[vc_row][vc_column][vc_empty_space][vc_separator][\/vc_column][\/vc_row][vc_row][vc_column][vc_column_text] Como\u00a0ajudar [\/vc_column_text][\/vc_column][\/vc_row][vc_row][vc_column][vc_column_text css_animation=&#8221;none&#8221;] Existem diversas maneiras para se colaborar com a CAVI. Os interessados podem se associar contribuindo com um valor mensal ou ainda efetuar doa\u00e7\u00f5es pontuais de produtos de extrema necessidade. Veja como apoiar os trabalhos da Casa de Apoio \u00e0 Vida:[\/vc_column_text][\/vc_column][\/vc_row][vc_row][vc_column][vc_empty_space height=&#8221;15px&#8221;][vc_separator][vc_empty_space height=&#8221;15px&#8221;][\/vc_column][\/vc_row][vc_row disable_element=&#8221;yes&#8221;][vc_column][vc_column_text css_animation=&#8221;bottom-to-top&#8221;] Sendo um associado contribuinte Atrav\u00e9s de uma [&hellip;]\n","protected":false},"author":1,"featured_media":0,"parent":0,"menu_order":0,"comment_status":"closed","ping_status":"open","template":"page-blank-container.php","meta":[],"_links":{"self":[{"href":"https:\/\/ceak.org.br\/cavi\/wp-json\/wp\/v2\/pages\/735"}],"collection":[{"href":"https:\/\/ceak.org.br\/cavi\/wp-json\/wp\/v2\/pages"}],"about":[{"href":"https:\/\/ceak.org.br\/cavi\/wp-json\/wp\/v2\/types\/page"}],"author":[{"embeddable":true,"href":"https:\/\/ceak.org.br\/cavi\/wp-json\/wp\/v2\/users\/1"}],"replies":[{"embeddable":true,"href":"https:\/\/ceak.org.br\/cavi\/wp-json\/wp\/v2\/comments?post=735"}],"version-history":[{"count":25,"href":"https:\/\/ceak.org.br\/cavi\/wp-json\/wp\/v2\/pages\/735\/revisions"}],"predecessor-version":[{"id":1467,"href":"https:\/\/ceak.org.br\/cavi\/wp-json\/wp\/v2\/pages\/735\/revisions\/1467"}],"wp:attachment":[{"href":"https:\/\/ceak.org.br\/cavi\/wp-json\/wp\/v2\/media?parent=735"}],"curies":[{"name":"wp","href":"https:\/\/api.w.org\/{rel}","templated":true}]}}