{"id":13,"date":"2016-01-07T12:20:26","date_gmt":"2016-01-07T12:20:26","guid":{"rendered":"http:\/\/ceak.org.br\/ceak\/?page_id=13"},"modified":"2025-05-26T20:24:34","modified_gmt":"2025-05-26T23:24:34","slug":"ceak","status":"publish","type":"page","link":"https:\/\/ceak.org.br\/ceak\/ceak\/","title":{"rendered":"Sobre o CEAK"},"content":{"rendered":"[vc_row][vc_column][vc_column_text]\n<h1>Institucional<\/h1>\n[\/vc_column_text][\/vc_column][\/vc_row][vc_row][vc_column width=&#8221;1\/2&#8243;][vc_column_text]\n<p class=\"p1\"><span class=\"s1\">O Centro Esp\u00edrita Allan Kardec &#8211; CEAK \u2013 Campinas \u00e9 uma associa\u00e7\u00e3o privada e sem fins lucrativos, religiosa, s\u00f3cio educacional e beneficente de assist\u00eancia social. <\/span><\/p>\n<p class=\"p1\"><span class=\"s1\">Tem como objetivo atuar no estudo, pr\u00e1tica e difus\u00e3o do espiritismo em seu tr\u00edplice aspecto: filos\u00f3fico, cient\u00edfico e religioso, baseado nas obras da codifica\u00e7\u00e3o esp\u00edrita de Allan Kardec. Essas atividades s\u00e3o realizadas em quatro n\u00facleos distintos, localizados<\/span><span class=\"s2\">\u00a0<\/span><span class=\"s1\">nos bairros de Campinas: Centro, Vila Nova, Jardim Proen\u00e7a e Distrito de Sousas.<\/span><\/p>\n<p class=\"p1\"><span class=\"s1\">Na assist\u00eancia social, o CEAK realiza, gratuitamente, a\u00e7\u00f5es educacionais e culturais, com atendimento \u00e0s fam\u00edlias ou indiv\u00edduos em situa\u00e7\u00f5es de vulnerabilidade ou risco social. Para esse trabalho, conta com departamentos espec\u00edficos, em sedes pr\u00f3prias. Conhe\u00e7a mais sobre o trabalho dessas institui\u00e7\u00f5es:<\/span><\/p>\n[\/vc_column_text][\/vc_column][vc_column width=&#8221;1\/2&#8243;][vc_gmaps link=&#8221;#E-8_JTNDaWZyYW1lJTIwc3JjJTNEJTIyaHR0cHMlM0ElMkYlMkZ3d3cuZ29vZ2xlLmNvbSUyRm1hcHMlMkZlbWJlZCUzRnBiJTNEJTIxMW0xOCUyMTFtMTIlMjExbTMlMjExZDM2NzUuMjEyNjg1Mjc4NzgzJTIxMmQtNDcuMDU2OTc0OTExMzU3MzglMjEzZC0yMi45MDU1MjQ4MjM2MTE3OTUlMjEybTMlMjExZjAlMjEyZjAlMjEzZjAlMjEzbTIlMjExaTEwMjQlMjEyaTc2OCUyMTRmMTMuMSUyMTNtMyUyMTFtMiUyMTFzMHg5NGM4Y2Y0YTU0OTg3MGM3JTI1M0EweDY0ODdkOTdjZTNkMzMyMDYlMjEyc0NlbnRybyUyNTIwRXNwJTI1QzMlMjVBRHJpdGElMjUyMEFsbGFuJTI1MjBLYXJkZWMlMjE1ZTAlMjEzbTIlMjExc3B0LUJSJTIxMnNiciUyMTR2MTc0ODMwMTczMDkzMiUyMTVtMiUyMTFzcHQtQlIlMjEyc2JyJTIyJTIwd2lkdGglM0QlMjI2MDAlMjIlMjBoZWlnaHQlM0QlMjIzNTAlMjIlMjBzdHlsZSUzRCUyMmJvcmRlciUzQTAlM0IlMjIlMjBhbGxvd2Z1bGxzY3JlZW4lM0QlMjIlMjIlMjBsb2FkaW5nJTNEJTIybGF6eSUyMiUyMHJlZmVycmVycG9saWN5JTNEJTIybm8tcmVmZXJyZXItd2hlbi1kb3duZ3JhZGUlMjIlM0UlM0MlMkZpZnJhbWUlM0UlMEE=&#8221;][\/vc_column][\/vc_row][vc_row][vc_column width=&#8221;1\/6&#8243;][vc_single_image image=&#8221;630&#8243; img_size=&#8221;full&#8221; alignment=&#8221;center&#8221; onclick=&#8221;custom_link&#8221; img_link_target=&#8221;_blank&#8221; link=&#8221;http:\/\/ceak.org.br\/iphc\/&#8221;][\/vc_column][vc_column width=&#8221;1\/6&#8243;][vc_single_image image=&#8221;631&#8243; img_size=&#8221;full&#8221; alignment=&#8221;center&#8221; onclick=&#8221;custom_link&#8221; img_link_target=&#8221;_blank&#8221; link=&#8221;http:\/\/ceak.org.br\/tudoserve\/&#8221;][\/vc_column][vc_column width=&#8221;1\/6&#8243;][vc_single_image image=&#8221;627&#8243; img_size=&#8221;full&#8221; alignment=&#8221;center&#8221; onclick=&#8221;custom_link&#8221; img_link_target=&#8221;_blank&#8221; link=&#8221;http:\/\/ceak.org.br\/cavi\/&#8221;][\/vc_column][vc_column width=&#8221;1\/6&#8243;][vc_single_image image=&#8221;629&#8243; img_size=&#8221;full&#8221; alignment=&#8221;center&#8221; onclick=&#8221;custom_link&#8221; img_link_target=&#8221;_blank&#8221; link=&#8221;http:\/\/ceak.org.br\/ee\/&#8221;][\/vc_column][vc_column width=&#8221;1\/6&#8243;][vc_single_image image=&#8221;628&#8243; img_size=&#8221;full&#8221; alignment=&#8221;center&#8221; onclick=&#8221;custom_link&#8221; img_link_target=&#8221;_blank&#8221; link=&#8221;http:\/\/ceak.org.br\/cgm&#8221;][\/vc_column][vc_column width=&#8221;1\/6&#8243;][\/vc_column][\/vc_row][vc_row][vc_column][vc_empty_space height=&#8221;15px&#8221;][vc_separator][vc_empty_space height=&#8221;15px&#8221;][\/vc_column][\/vc_row][vc_row][vc_column][vc_column_text]\n<h2><span style=\"color: #099ba3;\">MISS\u00c3O<\/span><\/h2>\n<p>Ser uma institui\u00e7\u00e3o refer\u00eancia no acolhimento, assist\u00eancia e forma\u00e7\u00e3o integral do Ser, propiciando o seu crescimento espiritual, moral e intelectual, fomentando o aprendizado, a pr\u00e1tica e difus\u00e3o da Doutrina Esp\u00edrita, com base na codifica\u00e7\u00e3o de Allan Kardec e pela viv\u00eancia dos ensinamentos de Jesus.<\/p>\n<h2><span style=\"color: #099ba3;\">VIS\u00c3O<\/span><\/h2>\n<p>Inspirados pelo sentido maior da nossa exist\u00eancia, que \u00e9 a evolu\u00e7\u00e3o intelecto-moral, seguimos incans\u00e1veis na busca pela constru\u00e7\u00e3o integral do Ser, certos de que, alicer\u00e7ados em base crist\u00e3 e nas diretrizes do Espiritismo, ser\u00e1 poss\u00edvel contribuir para a forma\u00e7\u00e3o de uma sociedade mais consciente, justa e solid\u00e1ria.<\/p>\n<h2><span style=\"color: #099ba3;\">VALORES<\/span><\/h2>\n<p>O <b>Respeito<\/b> \u00e0 diversidade em seu conceito m\u00faltiplo e ao livre-arb\u00edtrio do Ser \u00e9 um princ\u00edpio fundamental do nosso trabalho, porque entendemos e aceitamos que cada um se encontre na condi\u00e7\u00e3o apropriada \u00e0 sua evolu\u00e7\u00e3o.<\/p>\n<p>O<b> Amor, <\/b>requinte dos sentimentos, \u00e9 a for\u00e7a motriz que rege todas as nossas realiza\u00e7\u00f5es e aspira\u00e7\u00f5es.<\/p>\n<p>A <b>Caridade,<\/b> sendo o Amor em a\u00e7\u00e3o, imprime o sentido supremo \u00e0 nossa vida.<\/p>\n<p>A <b>Confian\u00e7a <\/b>permeia toda a nossa exist\u00eancia e nos credencia para a execu\u00e7\u00e3o da nossa Miss\u00e3o.<\/p>\n<p><b>Seriedade, <\/b>resultado da coer\u00eancia de prop\u00f3sito em tudo o que fazemos, permite a sintonia com o Plano Maior, de onde prov\u00eam as luzes para o nosso caminho.[\/vc_column_text][\/vc_column][\/vc_row]\n","protected":false},"excerpt":{"rendered":"[vc_row][vc_column][vc_column_text] Institucional [\/vc_column_text][\/vc_column][\/vc_row][vc_row][vc_column width=&#8221;1\/2&#8243;][vc_column_text] O Centro Esp\u00edrita Allan Kardec &#8211; CEAK \u2013 Campinas \u00e9 uma associa\u00e7\u00e3o privada e sem fins lucrativos, religiosa, s\u00f3cio educacional e beneficente de assist\u00eancia social. Tem como objetivo atuar no estudo, pr\u00e1tica e difus\u00e3o do espiritismo em seu tr\u00edplice aspecto: filos\u00f3fico, cient\u00edfico e religioso, baseado nas obras da codifica\u00e7\u00e3o esp\u00edrita de [&hellip;]\n","protected":false},"author":1,"featured_media":0,"parent":0,"menu_order":0,"comment_status":"closed","ping_status":"closed","template":"page-blank-container.php","meta":[],"_links":{"self":[{"href":"https:\/\/ceak.org.br\/ceak\/wp-json\/wp\/v2\/pages\/13"}],"collection":[{"href":"https:\/\/ceak.org.br\/ceak\/wp-json\/wp\/v2\/pages"}],"about":[{"href":"https:\/\/ceak.org.br\/ceak\/wp-json\/wp\/v2\/types\/page"}],"author":[{"embeddable":true,"href":"https:\/\/ceak.org.br\/ceak\/wp-json\/wp\/v2\/users\/1"}],"replies":[{"embeddable":true,"href":"https:\/\/ceak.org.br\/ceak\/wp-json\/wp\/v2\/comments?post=13"}],"version-history":[{"count":3,"href":"https:\/\/ceak.org.br\/ceak\/wp-json\/wp\/v2\/pages\/13\/revisions"}],"predecessor-version":[{"id":19913,"href":"https:\/\/ceak.org.br\/ceak\/wp-json\/wp\/v2\/pages\/13\/revisions\/19913"}],"wp:attachment":[{"href":"https:\/\/ceak.org.br\/ceak\/wp-json\/wp\/v2\/media?parent=13"}],"curies":[{"name":"wp","href":"https:\/\/api.w.org\/{rel}","templated":true}]}}