{"id":19970,"date":"2025-06-12T13:38:35","date_gmt":"2025-06-12T16:38:35","guid":{"rendered":"https:\/\/ceak.org.br\/ceak\/?page_id=19970"},"modified":"2025-10-29T15:36:17","modified_gmt":"2025-10-29T18:36:17","slug":"como-ajudar","status":"publish","type":"page","link":"https:\/\/ceak.org.br\/ceak\/como-ajudar\/","title":{"rendered":"Como Ajudar"},"content":{"rendered":"[vc_row][vc_column][vc_column_text]\n<h1>Como Ajudar<\/h1>\n[\/vc_column_text][\/vc_column][\/vc_row][vc_row][vc_column][vc_column_text]S\u00e3o quase 87 anos de trabalho, dedica\u00e7\u00e3o e envolvimento com cada pessoa que por aqui passa ou j\u00e1 passou. S\u00e3o, igualmente, quase 87 anos de trabalhadores, colaboradores e funcion\u00e1rios que tamb\u00e9m est\u00e3o e j\u00e1 estiveram conosco. \u00c9 pelo apoio e dedica\u00e7\u00e3o de todas essas pessoas que o Centro Esp\u00edrita Allan Kardec \u00e9 hoje uma das institui\u00e7\u00f5es mais respeitadas e reconhecidas pela sua atua\u00e7\u00e3o. Gra\u00e7as a essa fam\u00edlia de trabalhadores, nosso trabalho \u00e9 marcado com muito amor e carinho. Voc\u00ea tamb\u00e9m pode fazer parte dela!<\/p>\n<p>Abaixo, voc\u00ea encontra os departamentos do CEAK &#8211; cada um dedicado a causas essenciais que transformam vidas todos os dias. Escolha aquele com o qual mais se identifica e fa\u00e7a sua contribui\u00e7\u00e3o. <strong>Com o seu apoio, podemos continuar e expandir esses trabalhos que impactam milhares de pessoas.<\/strong><\/p>\n<p><strong>Clique no bot\u00e3o do departamento de sua prefer\u00eancia e fa\u00e7a parte da nossa miss\u00e3o:<\/strong>[\/vc_column_text][\/vc_column][\/vc_row][vc_row][vc_column][vc_empty_space height=&#8221;15px&#8221;][\/vc_column][\/vc_row][vc_row disable_element=&#8221;yes&#8221;][vc_column][vc_column_text]\n<h2><img src=\"http:\/\/ceak.org.br\/cavi\/wp-content\/uploads\/2017\/02\/HEART-BEATING-PINK-50.gif\" alt=\"\" \/>Sendo um associado contribuinte<\/h2>\n<p>Atrav\u00e9s de uma contribui\u00e7\u00e3o mensal,\u00a0utilizando seu cart\u00e3o de credito, voc\u00ea pode ser um associado e apoiar os trabalhos do CEAK. <strong>A doa\u00e7\u00e3o ser\u00e1 descontada automaticamente do seu cart\u00e3o de cr\u00e9dito mensalmente.<\/strong><\/p>\n[\/vc_column_text][vc_single_image image=&#8221;506&#8243; img_size=&#8221;200&#215;35&#8243;][\/vc_column][\/vc_row][vc_row disable_element=&#8221;yes&#8221;][vc_column width=&#8221;1\/6&#8243;][vc_btn title=&#8221;<strong>R$ 10,00<\/strong>&#8221; style=&#8221;custom&#8221; custom_background=&#8221;#44bcc4&#8243; custom_text=&#8221;#ffffff&#8221; align=&#8221;center&#8221; i_icon_fontawesome=&#8221;fa fa-heart&#8221; button_block=&#8221;true&#8221; add_icon=&#8221;true&#8221; link=&#8221;url:https%3A%2F%2Fapp.vindi.com.br%2Fcustomer%2Fpages%2Fa1d15de7-95be-4161-bcc4-7b99ce15ec43%2Fsubscriptions%2Fnew|title:Obrigado%20pela%20sua%20doa%C3%A7%C3%A3o%20mensal%20de%20R%24%2010%2C00!|target:%20_blank|rel:nofollow&#8221;][\/vc_column][vc_column width=&#8221;1\/6&#8243;][vc_btn title=&#8221;<strong>R$ 20,00<\/strong>&#8221; style=&#8221;custom&#8221; custom_background=&#8221;#0b97a1&#8243; custom_text=&#8221;#ffffff&#8221; align=&#8221;center&#8221; i_icon_fontawesome=&#8221;fa fa-heart&#8221; button_block=&#8221;true&#8221; add_icon=&#8221;true&#8221; link=&#8221;url:https%3A%2F%2Fapp.vindi.com.br%2Fcustomer%2Fpages%2F436d4234-009f-48d2-b48d-1c432c07c907%2Fsubscriptions%2Fnew|title:Obrigado%20pela%20sua%20doa%C3%A7%C3%A3o%20mensal%20de%20R%24%2020%2C00!|target:%20_blank|rel:nofollow&#8221;][\/vc_column][vc_column width=&#8221;1\/6&#8243;][vc_btn title=&#8221;<strong>R$ 30,00<\/strong>&#8221; style=&#8221;custom&#8221; custom_background=&#8221;#0e7684&#8243; custom_text=&#8221;#ffffff&#8221; align=&#8221;center&#8221; i_icon_fontawesome=&#8221;fa fa-heart&#8221; button_block=&#8221;true&#8221; add_icon=&#8221;true&#8221; link=&#8221;url:https%3A%2F%2Fapp.vindi.com.br%2Fcustomer%2Fpages%2F22ac7453-5c54-4809-8421-b3142195d564%2Fsubscriptions%2Fnew|title:Obrigado%20pela%20sua%20doa%C3%A7%C3%A3o%20mensal%20de%20R%24%2030%2C00!|target:%20_blank|rel:nofollow&#8221;][\/vc_column][vc_column width=&#8221;1\/6&#8243;][vc_btn title=&#8221;<strong>R$ 50,00<\/strong>&#8221; style=&#8221;custom&#8221; custom_background=&#8221;#157fa8&#8243; custom_text=&#8221;#ffffff&#8221; align=&#8221;center&#8221; i_icon_fontawesome=&#8221;fa fa-heart&#8221; button_block=&#8221;true&#8221; add_icon=&#8221;true&#8221; link=&#8221;url:https%3A%2F%2Fapp.vindi.com.br%2Fcustomer%2Fpages%2F832da80d-3023-408e-8756-df715d00f314%2Fsubscriptions%2Fnew|title:Obrigado%20pela%20sua%20doa%C3%A7%C3%A3o%20mensal%20de%20R%24%2050%2C00!|target:%20_blank|rel:nofollow&#8221;][\/vc_column][vc_column width=&#8221;1\/6&#8243;][vc_btn title=&#8221;<strong>R$ 100,00<\/strong>&#8221; style=&#8221;custom&#8221; custom_background=&#8221;#05567e&#8221; custom_text=&#8221;#ffffff&#8221; align=&#8221;center&#8221; i_icon_fontawesome=&#8221;fa fa-heart&#8221; button_block=&#8221;true&#8221; add_icon=&#8221;true&#8221; link=&#8221;url:https%3A%2F%2Fapp.vindi.com.br%2Fcustomer%2Fpages%2F7a931cfa-00e4-4835-b999-3c846f838e33%2Fsubscriptions%2Fnew|title:Obrigado%20pela%20sua%20doa%C3%A7%C3%A3o%20mensal%20de%20R%24%20100%2C00!|target:%20_blank|rel:nofollow&#8221;][\/vc_column][vc_column width=&#8221;1\/6&#8243;][vc_btn title=&#8221;<strong>R$ 200,00<\/strong>&#8221; style=&#8221;custom&#8221; custom_background=&#8221;#043d57&#8243; custom_text=&#8221;#ffffff&#8221; align=&#8221;center&#8221; i_icon_fontawesome=&#8221;fa fa-heart&#8221; button_block=&#8221;true&#8221; add_icon=&#8221;true&#8221; link=&#8221;url:https%3A%2F%2Fapp.vindi.com.br%2Fcustomer%2Fpages%2F5936f693-fd39-47e0-bb6c-50f144c13305%2Fsubscriptions%2Fnew|title:Obrigado%20pela%20sua%20doa%C3%A7%C3%A3o%20mensal%20de%20R%24%20200%2C00!|target:%20_blank|rel:nofollow&#8221;][\/vc_column][\/vc_row][vc_row disable_element=&#8221;yes&#8221;][vc_column][vc_column_text](N\u00e3o dedut\u00edvel do imposto de Renda)<\/p>\n<p>Para altera\u00e7\u00f5es, outros valores e mais informa\u00e7\u00f5es. Entre em contato conosco pelo e-mail: <a href=\"mailto:associados@ceak.org.br\">associados@ceak.org.br<\/a>[\/vc_column_text][\/vc_column][\/vc_row][vc_row disable_element=&#8221;yes&#8221;][vc_column][vc_empty_space height=&#8221;15px&#8221;][vc_separator][vc_empty_space height=&#8221;15px&#8221;][\/vc_column][\/vc_row][vc_row][vc_column width=&#8221;1\/2&#8243;][vc_column_text]\n<table>\n<tbody>\n<tr>\n<td><a href=\"https:\/\/ceak.colabore.org\/ceak\" target=\"_blank\" rel=\"noopener\"><br \/>\n<img src=\"https:\/\/ceak.org.br\/ceak\/wp-content\/uploads\/2025\/07\/como-ajudar-ceak.png\" \/><br \/>\n<\/a><\/td>\n<\/tr>\n<\/tbody>\n<\/table>\n[\/vc_column_text][vc_column_text]\n<table>\n<tbody>\n<tr>\n<td><a href=\"https:\/\/ceak.colabore.org\/iphc\" target=\"_blank\" rel=\"noopener\"><br \/>\n<img src=\"https:\/\/ceak.org.br\/ceak\/wp-content\/uploads\/2025\/07\/como-ajudar-iphc.png\" \/><br \/>\n<\/a><\/td>\n<\/tr>\n<\/tbody>\n<\/table>\n[\/vc_column_text][vc_column_text]\n<table>\n<tbody>\n<tr>\n<td><a href=\"https:\/\/ceak.colabore.org\/ee\" target=\"_blank\" rel=\"noopener\"><br \/>\n<img src=\"https:\/\/ceak.org.br\/ceak\/wp-content\/uploads\/2025\/07\/como-ajudar-ee.png\" \/><br \/>\n<\/a><\/td>\n<\/tr>\n<\/tbody>\n<\/table>\n[\/vc_column_text][vc_empty_space height=&#8221;2px&#8221;][\/vc_column][vc_column width=&#8221;1\/2&#8243;][vc_column_text]\n<table>\n<tbody>\n<tr>\n<td><a href=\"https:\/\/ceak.colabore.org\/cgm\" target=\"_blank\" rel=\"noopener\"><br \/>\n<img src=\"https:\/\/ceak.org.br\/ceak\/wp-content\/uploads\/2025\/07\/como-ajudar-cgm.png\" \/><br \/>\n<\/a><\/td>\n<\/tr>\n<\/tbody>\n<\/table>\n[\/vc_column_text][vc_column_text]\n<table>\n<tbody>\n<tr>\n<td><a href=\"https:\/\/ceak.colabore.org\/cavi\" target=\"_blank\" rel=\"noopener\"><br \/>\n<img src=\"https:\/\/ceak.org.br\/ceak\/wp-content\/uploads\/2025\/07\/como-ajudar-cavi.png\" \/><br \/>\n<\/a><\/td>\n<\/tr>\n<\/tbody>\n<\/table>\n[\/vc_column_text][vc_column_text]\n<table>\n<tbody>\n<tr>\n<td><a href=\"https:\/\/ceak.colabore.org\/nac\" target=\"_blank\" rel=\"noopener\"><br \/>\n<img src=\"https:\/\/ceak.org.br\/ceak\/wp-content\/uploads\/2025\/07\/como-ajudar-nac.png\" \/><br \/>\n<\/a><\/td>\n<\/tr>\n<\/tbody>\n<\/table>\n[\/vc_column_text][vc_empty_space height=&#8221;2px&#8221;][\/vc_column][\/vc_row][vc_row][vc_column][vc_empty_space][vc_separator][\/vc_column][\/vc_row][vc_row][vc_column width=&#8221;1\/2&#8243;][vc_column_text]\n<h2>Doa\u00e7\u00e3o atrav\u00e9s de dep\u00f3sito banc\u00e1rio<\/h2>\n<p><strong> Banco Bradesco <\/strong><br \/>\nAG: <strong>2118-0<\/strong><br \/>\nCC: <strong>0454000-0<\/strong><br \/>\nCNPJ: <strong>46.076.915\/0001-81 <\/strong><br \/>\nRaz\u00e3o Social: <strong>Centro Esp\u00edrita Allan Kardec<\/strong><\/p>\n<p>Entre em contato conosco: <a href=\"tel:+551925148763\">(19) 2514-8763<\/a> \/ <a href=\"mailto:contato.ceak@ceak.org.br\">contato.ceak@ceak.org.br<\/a>[\/vc_column_text][\/vc_column][vc_column width=&#8221;1\/2&#8243;][vc_single_image image=&#8221;511&#8243; img_size=&#8221;full&#8221; alignment=&#8221;right&#8221; style=&#8221;vc_box_shadow_3d&#8221; css_animation=&#8221;none&#8221;][\/vc_column][\/vc_row][vc_row][vc_column][vc_empty_space height=&#8221;15px&#8221;][vc_separator][vc_empty_space height=&#8221;15px&#8221;][\/vc_column][\/vc_row][vc_row][vc_column width=&#8221;1\/2&#8243;][vc_video link=&#8221;https:\/\/www.youtube.com\/watch?v=sx5vnutds9I&amp;t=5s&#8221;][\/vc_column][vc_column width=&#8221;1\/2&#8243;][vc_column_text]\n<h2>Doando sua nota fiscal<\/h2>\n<p>Ficou ainda mais f\u00e1cil doar seus cupons para as obras sociais do CEAK, al\u00e9m de doar seu cupom fiscal pelo App da Secretaria da Fazenda, voc\u00ea tamb\u00e9m pode programar para que a doa\u00e7\u00e3o se torne autom\u00e1tica no ato da compra, sem precisar digitar ou ler o c\u00f3digo de barras.<\/p>\n<p>Assista o v\u00eddeo e saiba como.<\/p>\n<p><a href=\"https:\/\/play.google.com\/store\/apps\/details?id=br.gov.sp.fazenda.nfp.app&amp;hl=pt_BR\" target=\"_blank\" rel=\"noopener\"><img loading=\"lazy\" class=\"alignnone wp-image-270 size-full\" src=\"http:\/\/ceak.org.br\/ceak\/wp-content\/uploads\/2017\/10\/google_play.png\" alt=\"google-play\" width=\"135\" height=\"40\" \/><\/a> <a href=\"https:\/\/itunes.apple.com\/br\/app\/nota-fiscal-paulista\/id1190556528?mt=8\" target=\"_blank\" rel=\"noopener\"><img loading=\"lazy\" class=\"alignnone wp-image-270 size-full\" src=\"http:\/\/ceak.org.br\/ceak\/wp-content\/uploads\/2017\/10\/appstore.png\" alt=\"app store\" width=\"135\" height=\"40\" \/><\/a>[\/vc_column_text][\/vc_column][\/vc_row][vc_row][vc_column][vc_empty_space height=&#8221;15px&#8221;][vc_separator][vc_empty_space height=&#8221;15px&#8221;][\/vc_column][\/vc_row][vc_row][vc_column width=&#8221;1\/2&#8243;][vc_column_text]\n<h2>Sendo um volunt\u00e1rio<\/h2>\n<p>Trabalho fundamental para o desenvolvimento de nossas atividades, contamos com mais 1250 volunt\u00e1rios atuando em diversas \u00e1reas do CEAK, seus departamentos e N\u00facelos. Seja um volunt\u00e1rio!<\/p>\n<a href=\"http:\/\/ceak.org.br\/ceak\/voluntariado\/\" class=\"button medium primary\" >Saiba mais<\/a>\n<p>Contato: <a href=\"mailto:voluntarios@ceak.org.br\">voluntarios@ceak.org.br<\/a>[\/vc_column_text][\/vc_column][vc_column width=&#8221;1\/2&#8243;][vc_single_image image=&#8221;513&#8243; img_size=&#8221;full&#8221; alignment=&#8221;right&#8221; style=&#8221;vc_box_shadow_3d&#8221; css_animation=&#8221;none&#8221;][\/vc_column][\/vc_row][vc_row][vc_column][vc_empty_space height=&#8221;15px&#8221;][vc_separator][vc_empty_space height=&#8221;15px&#8221;][\/vc_column][\/vc_row][vc_row disable_element=&#8221;yes&#8221;][vc_column width=&#8221;1\/2&#8243;][vc_single_image image=&#8221;1386&#8243; img_size=&#8221;full&#8221; style=&#8221;vc_box_shadow_3d&#8221; css_animation=&#8221;bottom-to-top&#8221;][\/vc_column][vc_column width=&#8221;1\/2&#8243;][vc_column_text]\n<h2>Declare Amor, e renda um futuro<\/h2>\n<p>Destine parte do seu<strong> imposto de renda<\/strong> e ajude a transformar o futuro de crian\u00e7as e adolecentes com as obras sociais do Centro Esp\u00edrita Allan Kardec.<\/p>\n[\/vc_column_text][vc_btn title=&#8221;CLIQUE E SAIBA COMO&#8221; color=&#8221;warning&#8221; size=&#8221;lg&#8221; i_icon_fontawesome=&#8221;fa fa-heart-o&#8221; add_icon=&#8221;true&#8221; link=&#8221;url:%2Fceak%2Fdeclareamor%2F|||&#8221;][\/vc_column][\/vc_row]\n","protected":false},"excerpt":{"rendered":"[vc_row][vc_column][vc_column_text] Como Ajudar [\/vc_column_text][\/vc_column][\/vc_row][vc_row][vc_column][vc_column_text]S\u00e3o quase 87 anos de trabalho, dedica\u00e7\u00e3o e envolvimento com cada pessoa que por aqui passa ou j\u00e1 passou. S\u00e3o, igualmente, quase 87 anos de trabalhadores, colaboradores e funcion\u00e1rios que tamb\u00e9m est\u00e3o e j\u00e1 estiveram conosco. \u00c9 pelo apoio e dedica\u00e7\u00e3o de todas essas pessoas que o Centro Esp\u00edrita Allan Kardec \u00e9 [&hellip;]\n","protected":false},"author":2,"featured_media":0,"parent":0,"menu_order":0,"comment_status":"closed","ping_status":"closed","template":"page-blank-container.php","meta":[],"_links":{"self":[{"href":"https:\/\/ceak.org.br\/ceak\/wp-json\/wp\/v2\/pages\/19970"}],"collection":[{"href":"https:\/\/ceak.org.br\/ceak\/wp-json\/wp\/v2\/pages"}],"about":[{"href":"https:\/\/ceak.org.br\/ceak\/wp-json\/wp\/v2\/types\/page"}],"author":[{"embeddable":true,"href":"https:\/\/ceak.org.br\/ceak\/wp-json\/wp\/v2\/users\/2"}],"replies":[{"embeddable":true,"href":"https:\/\/ceak.org.br\/ceak\/wp-json\/wp\/v2\/comments?post=19970"}],"version-history":[{"count":167,"href":"https:\/\/ceak.org.br\/ceak\/wp-json\/wp\/v2\/pages\/19970\/revisions"}],"predecessor-version":[{"id":20794,"href":"https:\/\/ceak.org.br\/ceak\/wp-json\/wp\/v2\/pages\/19970\/revisions\/20794"}],"wp:attachment":[{"href":"https:\/\/ceak.org.br\/ceak\/wp-json\/wp\/v2\/media?parent=19970"}],"curies":[{"name":"wp","href":"https:\/\/api.w.org\/{rel}","templated":true}]}}