{"id":21832,"date":"2026-05-06T15:28:20","date_gmt":"2026-05-06T18:28:20","guid":{"rendered":"https:\/\/ceak.org.br\/ceak\/?page_id=21832"},"modified":"2026-05-09T00:59:37","modified_gmt":"2026-05-09T03:59:37","slug":"festival-sobre","status":"publish","type":"page","link":"https:\/\/ceak.org.br\/ceak\/festival-sobre\/","title":{"rendered":"13\u00ba Festival do Livro Esp\u00edrita de Campinas &#8211; Sobre o Festival"},"content":{"rendered":"[vc_row][vc_column][vc_raw_html]JTNDZGl2JTIwc3R5bGUlM0QlMjJwb3NpdGlvbiUzQSUyMHN0aWNreSUzQiUyMHRvcCUzQTAlM0IlMjB3aWR0aCUzQTEwMCUyNSUzQiUyMHotaW5kZXglM0ExMCUzQiUyMCUyMiUzRSUwQSUwQSUzQ2RpdiUyMHN0eWxlJTNEJTIyZGlzcGxheSUzQSUyMGJsb2NrJTNCJTIwcG9zaXRpb24lM0FyZWxhdGl2ZSUzQiUyMGhlaWdodCUzQSUyMDExMHB4JTNCJTIwcGFkZGluZyUzQSUyMDhweCUyMDIwcHglMjAyMHB4JTIwMjBweCUzQiUyMGJhY2tncm91bmQtY29sb3IlM0ElMjAlMjMwMzM4NjYlM0IlMjIlM0UlMEElM0MlMkZkaXYlM0UlMEElM0NkaXYlMjBjbGFzcyUzRCUyMmZlc3RpdmFsLWxvZ28lMjIlMjBzdHlsZSUzRCUyMnBvc2l0aW9uJTNBcmVsYXRpdmUlM0IlMjB0b3AlM0EtMTA1cHglM0IlMjBwYWRkaW5nJTNBJTIwOHB4JTIwMjBweCUyMDIwcHglMjAyMHB4JTNCJTIwei1pbmRleCUzQTQlM0IlMjIlM0UlMjAlMEElMjAlMjAlMjAlMjAlMjAlMjAlM0NhJTIwaHJlZiUzRCUyMmh0dHBzJTNBJTJGJTJGd3d3LmNlYWsub3JnLmJyJTJGZmVzdGl2YWxkb2xpdnJvJTIyJTNFJTNDaW1nJTIwc3JjJTNEJTIyaHR0cHMlM0ElMkYlMkZjZWFrLm9yZy5iciUyRmNlYWslMkZ3cC1jb250ZW50JTJGdXBsb2FkcyUyRjIwMjYlMkYwNCUyRkxvZ28tSG90c2l0ZS5wbmclMjIlMjB3aWR0aCUzRCUyMjIwMHB4JTIyJTIwYWxpZ24lM0RsZWZ0JTNFJTNDJTJGYSUzRSUwQSUyMCUyMCUyMCUzQyUyRmRpdiUzRSUwQSUwQSUwQSUyMCUyMCUyMCUzQ2RpdiUyMGNsYXNzJTNEJTIyZmVzdGl2YWwtaW5mby10b3BvJTIyJTIwc3R5bGUlM0QlMjJwb3NpdGlvbiUzQXJlbGF0aXZlJTNCJTIwdG9wJTNBJTIwLTkwcHglM0IlMjBsZWZ0JTNBMTVweCUzQiUyMHotaW5kZXglM0E0JTNCJTIyJTNFJTBBJTIwJTIwJTIwJTIwJTIwJTIwJTIwJTNDUCUyMHN0eWxlJTNEJTIyY29sb3IlM0ElMjNkZmU3ZWYlM0IlMjBmb250LXNpemUlM0ExNnB4JTNCJTIwJTIyJTNFJTBBJTIwJTIwJTIwJTIwJTIwJTIwJTIwJTIwJTIwJTIwMTglMjBkZSUyMEp1bGhvJTIwZGUlMjAyMDI2JTIwJTNDJTJGYnIlM0UlMEElMjAlMjAlMjAlMjAlMjAlMjAlMjAlMjAlMjAlMjBTJUMzJUExYmFkbyUyQyUyMGRhcyUyMDloJTIwJUMzJUEwcyUyMDE4aCUzQyUyRmJyJTIwJTJGJTNFJTBBJTIwJTIwJTIwJTIwJTIwJTIwJTIwJTNDJTJGUCUzRSUwQSUyMCUyMCUyMCUzQyUyRmRpdiUzRSUwQSUzQyUyRmRpdiUzRSUwQSUyMCUyMCUyMCUzQ2RpdiUzRSUwQSUyMCUyMCUyMCUyMCUyMCUyMCUzQ2RpdiUyMHN0eWxlJTNEJTIycG9zaXRpb24lM0FyZWxhdGl2ZSUzQiUyMHRvcCUzQSUyMC0xMzZweCUzQiUyMCUyMGZvbnQtc2l6ZSUzQSUyMDE0cHglM0IlMjBmb250LXdlaWdodCUzQWJvbGQlM0IlMjB6LWluZGV4JTNBMTAlM0IlMjIlMjBhbGlnbiUzRCUyMnJpZ2h0JTIyJTNFJTBBJTIwJTIwJTIwJTIwJTIwJTIwJTIwJTIwJTIwJTNDbmF2JTIwY2xhc3MlM0QlMjJmZXN0aXZhbC1uYXYtZGVza3RvcCUyMiUyMHN0eWxlJTNEJTIyZGlzcGxheSUzQSUyMGZsZXglM0IlMjBnYXAlM0EzMHB4JTNCJTIwanVzdGlmeS1jb250ZW50JTNBJTIwZmxleC1lbmQlM0IlMjIlM0UlMEElMjAlMjAlMjAlMjAlMjAlMjAlMjAlMjAlMjAlMjAlMjAlMjAlM0NhJTIwc3R5bGUlM0QlMjJjb2xvciUzQSUyMHdoaXRlJTNCJTIwdGV4dC10cmFuc2Zvcm0lM0ElMjB1cHBlcmNhc2UlM0IlMjIlMjBocmVmJTNEJTIyaHR0cHMlM0ElMkYlMkZ3d3cuY2Vhay5vcmcuYnIlMkZmZXN0aXZhbGRvbGl2cm8lMjIlM0VIb21lJTNDJTJGYSUzRSUwQSUyMCUyMCUyMCUyMCUyMCUyMCUyMCUyMCUyMCUyMCUyMCUyMCUzQ2ElMjBzdHlsZSUzRCUyMmNvbG9yJTNBJTIwd2hpdGUlM0IlMjB0ZXh0LXRyYW5zZm9ybSUzQSUyMHVwcGVyY2FzZSUzQiUyMiUyMGhyZWYlM0QlMjJodHRwcyUzQSUyRiUyRnd3dy5jZWFrLm9yZy5iciUyRmNlYWslMkZmZXN0aXZhbC1wcm9ncmFtYWNhbyUyRiUyMiUzRVByb2dyYW1hJUMzJUE3JUMzJUEzbyUzQyUyRmElM0UlMEElMjAlMjAlMjAlMjAlMjAlMjAlMjAlMjAlMjAlMjAlMjAlMjAlM0NhJTIwc3R5bGUlM0QlMjJjb2xvciUzQSUyMHdoaXRlJTNCJTIwdGV4dC10cmFuc2Zvcm0lM0ElMjB1cHBlcmNhc2UlM0IlMjIlMjBocmVmJTNEJTIyaHR0cHMlM0ElMkYlMkZ3d3cuY2Vhay5vcmcuYnIlMkZjZWFrJTJGZmVzdGl2YWwtc29icmUlMkYlMjIlM0VTb2JyZSUyMG8lMjBGZXN0aXZhbCUzQyUyRmElM0UlMEElMjAlMjAlMjAlMjAlMjAlMjAlMjAlMjAlMjAlM0MlMkZuYXYlM0UlMEElMjAlMjAlMjAlMjAlMjAlMjAlMjAlMjAlMjAlM0NuYXYlMjBjbGFzcyUzRCUyMmZlc3RpdmFsLW5hdi1tb2JpbGUlMjIlMjBzdHlsZSUzRCUyMnRleHQtYWxpZ24lM0FjZW50ZXIlM0IlMjIlM0UlMEElMjAlMjAlMjAlMjAlMjAlMjAlMjAlMjAlMjAlMjAlMjAlMjAlM0NhJTIwaHJlZiUzRCUyMmh0dHBzJTNBJTJGJTJGd3d3LmNlYWsub3JnLmJyJTJGZmVzdGl2YWxkb2xpdnJvJTIyJTNFSG9tZSUzQyUyRmElM0UlMEElMjAlMjAlMjAlMjAlMjAlMjAlMjAlMjAlMjAlMjAlMjAlMjAlM0NhJTIwaHJlZiUzRCUyMmh0dHBzJTNBJTJGJTJGd3d3LmNlYWsub3JnLmJyJTJGY2VhayUyRmZlc3RpdmFsLXByb2dyYW1hY2FvJTJGJTIyJTNFUHJvZ3JhbWElQzMlQTclQzMlQTNvJTNDJTJGYSUzRSUwQSUyMCUyMCUyMCUyMCUyMCUyMCUyMCUyMCUyMCUyMCUyMCUyMCUzQ2ElMjBocmVmJTNEJTIyaHR0cHMlM0ElMkYlMkZ3d3cuY2Vhay5vcmcuYnIlMkZjZWFrJTJGZmVzdGl2YWwtc29icmUlMkYlMjIlM0VTb2JyZSUyMG8lMjBGZXN0aXZhbCUzQyUyRmElM0UlMEElMjAlMjAlMjAlMjAlMjAlMjAlMjAlMjAlMjAlM0MlMkZuYXYlM0UlMEElMjAlMjAlMjAlMjAlMjAlMjAlM0MlMkZkaXYlM0UlMEElMjAlMjAlMjAlM0MlMkZkaXYlM0UlMEElMjAlMjAlMjAlM0NidXR0b24lMjBjbGFzcyUzRCUyMmZlc3RpdmFsLW1lbnUtdG9nZ2xlJTIyJTNFJUUyJTk4JUIwJTNDJTJGYnV0dG9uJTNFJTBBJTNDJTJGZGl2JTNFJTBB[\/vc_raw_html][\/vc_column][\/vc_row][vc_row][vc_column][vc_column_text css=&#8221;.vc_custom_1778253481867{margin-top: -203px !important;}&#8221;]\n<div class=\"festival-titulo\" style=\"display: block; height: 110px; margin: 0 auto; top: -189px; padding-top: 35px; background-color: #dfe7ef; border-bottom: 3px dashed #a2a378;\">\n<p class=\"festival-titulo-texto\" style=\"vertical-align: text-bottom; text-align: center; font-size: 28px; font-style: bold !important; font-family: Recoleta,Times,serif !important; color: #033866;\"><strong>Sobre o Festival<\/strong><\/p>\n<\/div>\n[\/vc_column_text][\/vc_column][\/vc_row][vc_row css=&#8221;.vc_custom_1778277443015{margin-top: -35px !important;padding-right: 30px !important;padding-left: 30px !important;}&#8221;][vc_column width=&#8221;1\/12&#8243;][\/vc_column][vc_column width=&#8221;5\/6&#8243;][vc_column_text]\n<div style=\"box-sizing: border-box; margin: 0 auto;\">\n<p><span style=\"font-weight: 400;\">O <\/span><strong><a style=\"text-decoration: none; color: #f58634;\" href=\"http:\/\/www.ceak.org.br\/\" target=\"_blank\" rel=\"noopener\">Centro Esp\u00edrita Allan Kardec (CEAK)<\/a><\/strong><span style=\"font-weight: 400;\">, de Campinas, promove, no dia 18 de julho, o tradicional <\/span><span style=\"font-weight: 400;\">Festival do Livro Esp\u00edrita<\/span><span style=\"font-weight: 400;\">. Em sua d\u00e9cima terceira edi\u00e7\u00e3o, o evento acontece pela primeira vez na APAE de Campinas.<\/span><\/p>\n<p><span style=\"font-weight: 400;\">O festival tem como principais objetivos a divulga\u00e7\u00e3o da doutrina esp\u00edrita, promo\u00e7\u00e3o do encontro entre trabalhadores e frequentadores do CEAK e de outras casas esp\u00edritas, visando fortalecer o movimento esp\u00edrita, al\u00e9m de incentivar o trabalho volunt\u00e1rio e, assim, desenvolver o esp\u00edrito de equipe e de solidariedade.\u00a0<\/span><\/p>\n<p><span style=\"font-weight: 400;\">Ser\u00e1 um dia inteiro com programa\u00e7\u00f5es para toda a fam\u00edlia. Palestras, encontro com autores, espa\u00e7o para caf\u00e9, lanchonete e muita brincadeira e divers\u00e3o para as crian\u00e7as.\u00a0<\/span><\/p>\n<p><span style=\"font-weight: 400;\">Todo o lucro com a venda dos produtos no festival \u00e9 revertido para as obras assistenciais do CEAK: <\/span><strong><a style=\"text-decoration: none; color: #f58634;\" href=\"http:\/\/www.ceak.org.br\/ee\" target=\"_blank\" rel=\"noopener\">Creche M\u00e3e Luiza e Educand\u00e1rio Eur\u00edpedes<\/a><\/strong><span style=\"font-weight: 400;\">, <\/span><strong><a style=\"text-decoration: none; color: #f58634;\" href=\"http:\/\/www.ceak.org.br\/cgm\" target=\"_blank\" rel=\"noopener\">Creche Gustavo Marcondes<\/a><\/strong><span style=\"font-weight: 400;\">, <\/span><strong><a style=\"text-decoration: none; color: #f58634;\" href=\"http:\/\/www.ceak.org.br\/cavi\" target=\"_blank\" rel=\"noopener\">Casa de Apoio \u00e0 Vida<\/a><\/strong><span style=\"font-weight: 400;\"> e <\/span><a style=\"text-decoration: none; color: #f58634;\" href=\"http:\/\/www.ceak.org.br\/iphc\" target=\"_blank\" rel=\"noopener\"><span style=\"font-weight: 400;\"><strong>Instituto Popular Humberto de Campos<\/strong>.<\/span><\/a><\/p>\n<p><span style=\"font-weight: 400;\">A d\u00e9cima terceira edi\u00e7\u00e3o do Festival do Livro Esp\u00edrita acontece das 9h \u00e0s 18h, na APAE de Campinas.<strong> A entrada \u00e9 franca<\/strong>.<\/span><\/p>\n<hr \/>\n<p><b>SERVI\u00c7O<\/b><\/p>\n<p><span style=\"font-weight: 400;\">Nome do Evento: <\/span><b>13\u00ba FESTIVAL DO LIVRO ESP\u00cdRITA<\/b><\/p>\n<p><b>Data<\/b><span style=\"font-weight: 400;\">: <\/span><b>18 de julho de 2026 (s\u00e1bado)<\/b><\/p>\n<p><b>Hor\u00e1rio<\/b><span style=\"font-weight: 400;\">: das 9h \u00e0s 18h<\/span><\/p>\n<p><b>Local<\/b><span style=\"font-weight: 400;\">: APAE Campinas \u2013 Rua Francisco Bueno Lacerda, 120 &#8211; Parque It\u00e1lia | Campinas\/SP<\/span><\/p>\n<p><b>Entrada Gratuita<\/b><\/p>\n<p><span style=\"font-weight: 400;\">Informa\u00e7\u00f5es: (19) 2514-8763 ou e-mail <\/span><a style=\"text-decoration: none; color: #f58634;\" href=\"mailto:festivaldolivro@ceak.org.br\" target=\"_blank\" rel=\"noopener\"><span style=\"font-weight: 400;\">festivaldolivro@ceak.org.br<\/span><\/a><\/p>\n<hr \/>\n<p><b>SOBRE O CEAK<\/b><\/p>\n<p><strong>Fundado em 1938<\/strong>, em Campinas\/SP, o <strong><a style=\"text-decoration: none; color: #f58634;\" href=\"https:\/\/www.ceak.org.br\" target=\"_blank\" rel=\"noopener\">Centro Esp\u00edrita Allan Kardec (CEAK)<\/a> <\/strong>\u00e9 uma institui\u00e7\u00e3o dedicada ao estudo e \u00e0 pr\u00e1tica do espiritismo, unindo acolhimento, educa\u00e7\u00e3o, solidariedade e transforma\u00e7\u00e3o social.<\/p>\n<p>Al\u00e9m das atividades doutrin\u00e1rias realizadas em seus n\u00facleos: CEAK Sede, Alvorada de Cristo, Vila Nova e N\u00facleo Sousas, o CEAK mant\u00e9m importantes projetos educacionais e socioassistenciais que beneficiam milhares de pessoas todos os anos.<\/p>\n<p>O <a style=\"text-decoration: none; color: #f58634;\" href=\"https:\/\/www.ceak.org.br\/iphc\" target=\"_blank\" rel=\"noopener\"><strong>Instituto Popular Humberto de Campos (IPHC)<\/strong><\/a> desenvolve a\u00e7\u00f5es voltadas \u00e0 educa\u00e7\u00e3o, conviv\u00eancia comunit\u00e1ria, fortalecimento de v\u00ednculos e sustentabilidade social. Entre as atividades realizadas est\u00e3o oficinas culturais, musicaliza\u00e7\u00e3o, educa\u00e7\u00e3o emocional, incentivo \u00e0 leitura, bazares beneficentes, reutiliza\u00e7\u00e3o solid\u00e1ria de doa\u00e7\u00f5es e a\u00e7\u00f5es de apoio \u00e0 comunidade. Somente em 2025, mais de <strong>3.500 pessoas<\/strong> foram beneficiadas por meio das a\u00e7\u00f5es solid\u00e1rias e de doa\u00e7\u00e3o de roupas realizadas pelo Instituto.<\/p>\n<p>O <a style=\"text-decoration: none; color: #f58634;\" href=\"https:\/\/www.ceak.org.br\/ee\" target=\"_blank\" rel=\"noopener\"><strong>Educand\u00e1rio Eur\u00edpedes (EE)<\/strong><\/a> atua na \u00e1rea da Assist\u00eancia Social por meio de servi\u00e7os de conviv\u00eancia, fortalecimento de v\u00ednculos e prepara\u00e7\u00e3o para o mundo do trabalho. Em 2025, cerca de <strong>184 pessoas<\/strong> participaram das atividades socioassistenciais desenvolvidas pela institui\u00e7\u00e3o, incluindo oficinas culturais, cursos profissionalizantes, a\u00e7\u00f5es de inclus\u00e3o social e projetos de forma\u00e7\u00e3o humana e cidadania.<\/p>\n<p>A <a style=\"text-decoration: none; color: #f58634;\" href=\"https:\/\/www.ceak.org.br\/ee\" target=\"_blank\" rel=\"noopener\"><strong>Creche M\u00e3e Luiza (CML)<\/strong><\/a> oferece atendimento de Educa\u00e7\u00e3o Infantil em per\u00edodo integral para crian\u00e7as da primeira inf\u00e2ncia, promovendo cuidado, alimenta\u00e7\u00e3o, aprendizagem e desenvolvimento integral em um ambiente acolhedor e seguro. Em 2025, aproximadamente <strong>190 crian\u00e7as<\/strong> participaram das atividades pedag\u00f3gicas, culturais e de desenvolvimento socioemocional realizadas pela unidade.<\/p>\n<p>A <a style=\"text-decoration: none; color: #f58634;\" href=\"https:\/\/ceak.org.br\/cgm\" target=\"_blank\" rel=\"noopener\"><strong>Creche Gustavo Marcondes (CGM)<\/strong><\/a>, localizada em Sousas, tamb\u00e9m realiza atendimento de Educa\u00e7\u00e3o Infantil, oferecendo atividades pedag\u00f3gicas, culturais e de conviv\u00eancia voltadas ao desenvolvimento infantil e ao fortalecimento dos v\u00ednculos familiares e comunit\u00e1rios. Todos os anos, cerca de <strong>100 crian\u00e7as<\/strong> s\u00e3o atendidas pela unidade.<\/p>\n<p>J\u00e1 a <a style=\"text-decoration: none; color: #f58634;\" href=\"https:\/\/ceak.org.br\/cavi\/\" target=\"_blank\" rel=\"noopener\"><strong>Casa de Apoio \u00e0 Vida (CAVI)<\/strong> <\/a>acolhe adolescentes, jovens, adultos e idosos por meio do Servi\u00e7o de Conviv\u00eancia e Fortalecimento de V\u00ednculos, com aten\u00e7\u00e3o especial \u00e0s gestantes em situa\u00e7\u00e3o de vulnerabilidade social. Em 2025, a unidade realizou atendimentos e atividades voltadas ao fortalecimento familiar, gera\u00e7\u00e3o de renda, conviv\u00eancia comunit\u00e1ria e desenvolvimento da autonomia de dezenas de participantes e suas fam\u00edlias.<\/p>\n<p>Al\u00e9m do trabalho social, educacional e doutrin\u00e1rio, o CEAK tamb\u00e9m mant\u00e9m iniciativas que ajudam a fortalecer e sustentar suas atividades. Entre elas est\u00e1 a <a style=\"text-decoration: none; color: #f58634;\" href=\"https:\/\/bambini.com.br\/\" target=\"_blank\" rel=\"noopener\"><strong>Panificadora Bambini<\/strong><\/a>, fundada em 1975 com o prop\u00f3sito de contribuir para a manuten\u00e7\u00e3o e continuidade das obras sociais da institui\u00e7\u00e3o.<\/p>\n<p>O CEAK tamb\u00e9m realiza a divulga\u00e7\u00e3o da doutrina esp\u00edrita por meio da <a style=\"text-decoration: none; color: #f58634;\" href=\"https:\/\/allankardec.org.br\/\" target=\"_blank\" rel=\"noopener\"><strong>Editora Allan Kardec<\/strong><\/a>, criada em 1999 e dedicada \u00e0 publica\u00e7\u00e3o de livros, estudos e conte\u00fados que promovem conhecimento, reflex\u00e3o e compreens\u00e3o da doutrina esp\u00edrita para leitores de diferentes n\u00edveis de aprendizado.<\/p>\n<p>Comprometido com a <strong>transpar\u00eancia e a boa gest\u00e3o, o CEAK possui o Selo Doar<\/strong>, certifica\u00e7\u00e3o concedida \u00e0s organiza\u00e7\u00f5es da sociedade civil que atendem elevados padr\u00f5es de transpar\u00eancia e governan\u00e7a institucional.<\/p>\n<p><strong>Como o CEAK se mant\u00e9m?<\/strong><br \/>\nAs atividades do CEAK s\u00e3o mantidas por meio das contribui\u00e7\u00f5es de associados, volunt\u00e1rios, doadores, campanhas solid\u00e1rias, eventos beneficentes e iniciativas pr\u00f3prias desenvolvidas pela institui\u00e7\u00e3o.<\/p>\n<p><strong>Cada contribui\u00e7\u00e3o ajuda a manter vivo um trabalho social e espiritual que transforma vidas h\u00e1 quase 88 anos.<\/strong><\/p>\n<\/div>\n[\/vc_column_text][\/vc_column][vc_column width=&#8221;1\/12&#8243;][\/vc_column][\/vc_row][vc_row css=&#8221;.vc_custom_1778296190998{padding-left: 25px !important;background-color: #033866 !important;}&#8221;][vc_column width=&#8221;1\/12&#8243; offset=&#8221;vc_hidden-sm vc_hidden-xs&#8221;][\/vc_column][vc_column width=&#8221;1\/2&#8243; offset=&#8221;vc_col-xs-4\/5&#8243;][vc_column_text]\n<div style=\"display: flex; gap: 7px; align-items: center; max-width: 100%;\"><span style=\"font-size: 13px; color: #ffffff;\"><strong>Apoio:<\/strong><\/span> <a href=\"https:\/\/allankardec.org.br\/\" target=\"_blank\" rel=\"noopener\"><img src=\"https:\/\/ceak.org.br\/ceak\/wp-content\/uploads\/2026\/05\/logo-editora-allan-kardec.png\" alt=\"\" width=\"36\" align=\"left\" \/><\/a><br \/>\n<a href=\"https:\/\/www.boanova.net\/\" target=\"_blank\" rel=\"noopener\"><img src=\"https:\/\/ceak.org.br\/ceak\/wp-content\/uploads\/2026\/05\/logo-boa-nova.png\" alt=\"\" width=\"36\" align=\"left\" \/><\/a><br \/>\n<a href=\"https:\/\/usesp.org.br\/\" target=\"_blank\" rel=\"noopener\"><img src=\"https:\/\/ceak.org.br\/ceak\/wp-content\/uploads\/2026\/05\/logo-use.png\" alt=\"\" width=\"82\" align=\"left\" \/><\/a><br \/>\n<a href=\"https:\/\/www.facebook.com\/USERegionalCampinas\/\" target=\"_blank\" rel=\"noopener\"><img src=\"https:\/\/ceak.org.br\/ceak\/wp-content\/uploads\/2026\/05\/logo-use-campinas.png\" alt=\"\" width=\"82\" align=\"left\" \/><\/a><\/div>\n[\/vc_column_text][\/vc_column][vc_column width=&#8221;5\/12&#8243;][vc_column_text]<span style=\"color: #8eabc4;\">Mais informa\u00e7\u00f5es: <a style=\"color: #d7e1eb; text-decoration: none;\" href=\"mailto:festivaldolivro\">festivaldolivro@ceak.org.br<\/a><\/span><\/p>\n<p><a style=\"color: #8eabc4; text-decoration: none;\" href=\"https:\/\/www.facebook.com\/CEAKCampinas\/\"><img loading=\"lazy\" src=\"https:\/\/ceak.org.br\/ceak\/wp-content\/uploads\/2026\/05\/icone-facebook.png\" width=\"30px\" height=\"30px\" \/> <\/a><a style=\"color: #8eabc4; text-decoration: none;\" href=\"https:\/\/www.instagram.com\/ceakcampinas\/\"><img loading=\"lazy\" src=\"https:\/\/ceak.org.br\/ceak\/wp-content\/uploads\/2026\/05\/icone-instagram.png\" width=\"30px\" height=\"30px\" \/> <span style=\"color: #d7e1eb;\">@ceakcampinas<\/span><\/a>[\/vc_column_text][\/vc_column][\/vc_row]\n","protected":false},"excerpt":{"rendered":"[vc_row][vc_column][vc_raw_html]JTNDZGl2JTIwc3R5bGUlM0QlMjJwb3NpdGlvbiUzQSUyMHN0aWNreSUzQiUyMHRvcCUzQTAlM0IlMjB3aWR0aCUzQTEwMCUyNSUzQiUyMHotaW5kZXglM0ExMCUzQiUyMCUyMiUzRSUwQSUwQSUzQ2RpdiUyMHN0eWxlJTNEJTIyZGlzcGxheSUzQSUyMGJsb2NrJTNCJTIwcG9zaXRpb24lM0FyZWxhdGl2ZSUzQiUyMGhlaWdodCUzQSUyMDExMHB4JTNCJTIwcGFkZGluZyUzQSUyMDhweCUyMDIwcHglMjAyMHB4JTIwMjBweCUzQiUyMGJhY2tncm91bmQtY29sb3IlM0ElMjAlMjMwMzM4NjYlM0IlMjIlM0UlMEElM0MlMkZkaXYlM0UlMEElM0NkaXYlMjBjbGFzcyUzRCUyMmZlc3RpdmFsLWxvZ28lMjIlMjBzdHlsZSUzRCUyMnBvc2l0aW9uJTNBcmVsYXRpdmUlM0IlMjB0b3AlM0EtMTA1cHglM0IlMjBwYWRkaW5nJTNBJTIwOHB4JTIwMjBweCUyMDIwcHglMjAyMHB4JTNCJTIwei1pbmRleCUzQTQlM0IlMjIlM0UlMjAlMEElMjAlMjAlMjAlMjAlMjAlMjAlM0NhJTIwaHJlZiUzRCUyMmh0dHBzJTNBJTJGJTJGd3d3LmNlYWsub3JnLmJyJTJGZmVzdGl2YWxkb2xpdnJvJTIyJTNFJTNDaW1nJTIwc3JjJTNEJTIyaHR0cHMlM0ElMkYlMkZjZWFrLm9yZy5iciUyRmNlYWslMkZ3cC1jb250ZW50JTJGdXBsb2FkcyUyRjIwMjYlMkYwNCUyRkxvZ28tSG90c2l0ZS5wbmclMjIlMjB3aWR0aCUzRCUyMjIwMHB4JTIyJTIwYWxpZ24lM0RsZWZ0JTNFJTNDJTJGYSUzRSUwQSUyMCUyMCUyMCUzQyUyRmRpdiUzRSUwQSUwQSUwQSUyMCUyMCUyMCUzQ2RpdiUyMGNsYXNzJTNEJTIyZmVzdGl2YWwtaW5mby10b3BvJTIyJTIwc3R5bGUlM0QlMjJwb3NpdGlvbiUzQXJlbGF0aXZlJTNCJTIwdG9wJTNBJTIwLTkwcHglM0IlMjBsZWZ0JTNBMTVweCUzQiUyMHotaW5kZXglM0E0JTNCJTIyJTNFJTBBJTIwJTIwJTIwJTIwJTIwJTIwJTIwJTNDUCUyMHN0eWxlJTNEJTIyY29sb3IlM0ElMjNkZmU3ZWYlM0IlMjBmb250LXNpemUlM0ExNnB4JTNCJTIwJTIyJTNFJTBBJTIwJTIwJTIwJTIwJTIwJTIwJTIwJTIwJTIwJTIwMTglMjBkZSUyMEp1bGhvJTIwZGUlMjAyMDI2JTIwJTNDJTJGYnIlM0UlMEElMjAlMjAlMjAlMjAlMjAlMjAlMjAlMjAlMjAlMjBTJUMzJUExYmFkbyUyQyUyMGRhcyUyMDloJTIwJUMzJUEwcyUyMDE4aCUzQyUyRmJyJTIwJTJGJTNFJTBBJTIwJTIwJTIwJTIwJTIwJTIwJTIwJTNDJTJGUCUzRSUwQSUyMCUyMCUyMCUzQyUyRmRpdiUzRSUwQSUzQyUyRmRpdiUzRSUwQSUyMCUyMCUyMCUzQ2RpdiUzRSUwQSUyMCUyMCUyMCUyMCUyMCUyMCUzQ2RpdiUyMHN0eWxlJTNEJTIycG9zaXRpb24lM0FyZWxhdGl2ZSUzQiUyMHRvcCUzQSUyMC0xMzZweCUzQiUyMCUyMGZvbnQtc2l6ZSUzQSUyMDE0cHglM0IlMjBmb250LXdlaWdodCUzQWJvbGQlM0IlMjB6LWluZGV4JTNBMTAlM0IlMjIlMjBhbGlnbiUzRCUyMnJpZ2h0JTIyJTNFJTBBJTIwJTIwJTIwJTIwJTIwJTIwJTIwJTIwJTIwJTNDbmF2JTIwY2xhc3MlM0QlMjJmZXN0aXZhbC1uYXYtZGVza3RvcCUyMiUyMHN0eWxlJTNEJTIyZGlzcGxheSUzQSUyMGZsZXglM0IlMjBnYXAlM0EzMHB4JTNCJTIwanVzdGlmeS1jb250ZW50JTNBJTIwZmxleC1lbmQlM0IlMjIlM0UlMEElMjAlMjAlMjAlMjAlMjAlMjAlMjAlMjAlMjAlMjAlMjAlMjAlM0NhJTIwc3R5bGUlM0QlMjJjb2xvciUzQSUyMHdoaXRlJTNCJTIwdGV4dC10cmFuc2Zvcm0lM0ElMjB1cHBlcmNhc2UlM0IlMjIlMjBocmVmJTNEJTIyaHR0cHMlM0ElMkYlMkZ3d3cuY2Vhay5vcmcuYnIlMkZmZXN0aXZhbGRvbGl2cm8lMjIlM0VIb21lJTNDJTJGYSUzRSUwQSUyMCUyMCUyMCUyMCUyMCUyMCUyMCUyMCUyMCUyMCUyMCUyMCUzQ2ElMjBzdHlsZSUzRCUyMmNvbG9yJTNBJTIwd2hpdGUlM0IlMjB0ZXh0LXRyYW5zZm9ybSUzQSUyMHVwcGVyY2FzZSUzQiUyMiUyMGhyZWYlM0QlMjJodHRwcyUzQSUyRiUyRnd3dy5jZWFrLm9yZy5iciUyRmNlYWslMkZmZXN0aXZhbC1wcm9ncmFtYWNhbyUyRiUyMiUzRVByb2dyYW1hJUMzJUE3JUMzJUEzbyUzQyUyRmElM0UlMEElMjAlMjAlMjAlMjAlMjAlMjAlMjAlMjAlMjAlMjAlMjAlMjAlM0NhJTIwc3R5bGUlM0QlMjJjb2xvciUzQSUyMHdoaXRlJTNCJTIwdGV4dC10cmFuc2Zvcm0lM0ElMjB1cHBlcmNhc2UlM0IlMjIlMjBocmVmJTNEJTIyaHR0cHMlM0ElMkYlMkZ3d3cuY2Vhay5vcmcuYnIlMkZjZWFrJTJGZmVzdGl2YWwtc29icmUlMkYlMjIlM0VTb2JyZSUyMG8lMjBGZXN0aXZhbCUzQyUyRmElM0UlMEElMjAlMjAlMjAlMjAlMjAlMjAlMjAlMjAlMjAlM0MlMkZuYXYlM0UlMEElMjAlMjAlMjAlMjAlMjAlMjAlMjAlMjAlMjAlM0NuYXYlMjBjbGFzcyUzRCUyMmZlc3RpdmFsLW5hdi1tb2JpbGUlMjIlMjBzdHlsZSUzRCUyMnRleHQtYWxpZ24lM0FjZW50ZXIlM0IlMjIlM0UlMEElMjAlMjAlMjAlMjAlMjAlMjAlMjAlMjAlMjAlMjAlMjAlMjAlM0NhJTIwaHJlZiUzRCUyMmh0dHBzJTNBJTJGJTJGd3d3LmNlYWsub3JnLmJyJTJGZmVzdGl2YWxkb2xpdnJvJTIyJTNFSG9tZSUzQyUyRmElM0UlMEElMjAlMjAlMjAlMjAlMjAlMjAlMjAlMjAlMjAlMjAlMjAlMjAlM0NhJTIwaHJlZiUzRCUyMmh0dHBzJTNBJTJGJTJGd3d3LmNlYWsub3JnLmJyJTJGY2VhayUyRmZlc3RpdmFsLXByb2dyYW1hY2FvJTJGJTIyJTNFUHJvZ3JhbWElQzMlQTclQzMlQTNvJTNDJTJGYSUzRSUwQSUyMCUyMCUyMCUyMCUyMCUyMCUyMCUyMCUyMCUyMCUyMCUyMCUzQ2ElMjBocmVmJTNEJTIyaHR0cHMlM0ElMkYlMkZ3d3cuY2Vhay5vcmcuYnIlMkZjZWFrJTJGZmVzdGl2YWwtc29icmUlMkYlMjIlM0VTb2JyZSUyMG8lMjBGZXN0aXZhbCUzQyUyRmElM0UlMEElMjAlMjAlMjAlMjAlMjAlMjAlMjAlMjAlMjAlM0MlMkZuYXYlM0UlMEElMjAlMjAlMjAlMjAlMjAlMjAlM0MlMkZkaXYlM0UlMEElMjAlMjAlMjAlM0MlMkZkaXYlM0UlMEElMjAlMjAlMjAlM0NidXR0b24lMjBjbGFzcyUzRCUyMmZlc3RpdmFsLW1lbnUtdG9nZ2xlJTIyJTNFJUUyJTk4JUIwJTNDJTJGYnV0dG9uJTNFJTBBJTNDJTJGZGl2JTNFJTBB[\/vc_raw_html][\/vc_column][\/vc_row][vc_row][vc_column][vc_column_text css=&#8221;.vc_custom_1778253481867{margin-top: -203px !important;}&#8221;] Sobre o Festival [\/vc_column_text][\/vc_column][\/vc_row][vc_row css=&#8221;.vc_custom_1778277443015{margin-top: -35px !important;padding-right: 30px !important;padding-left: 30px !important;}&#8221;][vc_column width=&#8221;1\/12&#8243;][\/vc_column][vc_column width=&#8221;5\/6&#8243;][vc_column_text] O Centro Esp\u00edrita Allan Kardec (CEAK), de Campinas, promove, no dia 18 de julho, o tradicional Festival do Livro Esp\u00edrita. Em sua d\u00e9cima terceira edi\u00e7\u00e3o, o evento acontece pela primeira vez na APAE de Campinas. O festival tem [&hellip;]\n","protected":false},"author":2,"featured_media":0,"parent":0,"menu_order":0,"comment_status":"closed","ping_status":"closed","template":"page-blank-landingpage.php","meta":[],"_links":{"self":[{"href":"https:\/\/ceak.org.br\/ceak\/wp-json\/wp\/v2\/pages\/21832"}],"collection":[{"href":"https:\/\/ceak.org.br\/ceak\/wp-json\/wp\/v2\/pages"}],"about":[{"href":"https:\/\/ceak.org.br\/ceak\/wp-json\/wp\/v2\/types\/page"}],"author":[{"embeddable":true,"href":"https:\/\/ceak.org.br\/ceak\/wp-json\/wp\/v2\/users\/2"}],"replies":[{"embeddable":true,"href":"https:\/\/ceak.org.br\/ceak\/wp-json\/wp\/v2\/comments?post=21832"}],"version-history":[{"count":99,"href":"https:\/\/ceak.org.br\/ceak\/wp-json\/wp\/v2\/pages\/21832\/revisions"}],"predecessor-version":[{"id":21835,"href":"https:\/\/ceak.org.br\/ceak\/wp-json\/wp\/v2\/pages\/21832\/revisions\/21835"}],"wp:attachment":[{"href":"https:\/\/ceak.org.br\/ceak\/wp-json\/wp\/v2\/media?parent=21832"}],"curies":[{"name":"wp","href":"https:\/\/api.w.org\/{rel}","templated":true}]}}