{"id":362,"date":"2017-02-21T06:43:53","date_gmt":"2017-02-21T06:43:53","guid":{"rendered":"http:\/\/ceak.org.br\/ceak\/?page_id=362"},"modified":"2017-04-15T20:26:54","modified_gmt":"2017-04-15T20:26:54","slug":"o-que-e-espiritismo","status":"publish","type":"page","link":"https:\/\/ceak.org.br\/ceak\/o-que-e-espiritismo\/","title":{"rendered":"O que \u00e9 Espiritismo"},"content":{"rendered":"[vc_row][vc_column][vc_column_text]\n<h1>O que \u00e9 Espiritismo<\/h1>\n[\/vc_column_text][\/vc_column][\/vc_row][vc_row][vc_column][vc_tta_accordion][vc_tta_section title=&#8221;O que s\u00e3o os Esp\u00edritos?&#8221; tab_id=&#8221;1487658780017-bcac07b1-77d8&#8243;][vc_column_text]\n<p class=\"p1\"><span class=\"s1\">Os Esp\u00edritos s\u00e3o os seres inteligentes da cria\u00e7\u00e3o. Constituem o mundo dos Esp\u00edritos, que preexiste e sobrevive a tudo. Os Esp\u00edritos s\u00e3o criados simples e ignorantes. Evoluem, intelectual e moralmente, passando de uma ordem inferior para outra mais elevada, at\u00e9 a perfei\u00e7\u00e3o, onde gozam de inalter\u00e1vel felicidade. Os Esp\u00edritos preservam sua individualidade antes, durante e depois de cada encarna\u00e7\u00e3o.<\/span><\/p>\n[\/vc_column_text][\/vc_tta_section][vc_tta_section title=&#8221;O que \u00e9 Espiritismo?&#8221; tab_id=&#8221;1487658780081-f7f2d1df-c124&#8243;][vc_column_text]\n<p class=\"p1\"><span class=\"s1\">\u00c9 o conjunto de revela\u00e7\u00f5es trazidas pelos Esp\u00edritos mostrando, por meio de provas irrecus\u00e1veis, a exist\u00eancia e a natureza do mundo espiritual e suas rela\u00e7\u00f5es com o mundo material. Ensina que Deus \u00e9 a intelig\u00eancia suprema do Universo e causa prim\u00e1ria de todas as coisas. No aspecto moral sustenta-se nos ensinamentos de Jesus, tendo-o como guia e modelo para a Humanidade.<\/span><\/p>\n<p class=\"p1\"><span class=\"s1\">\u00c9 o conjunto de princ\u00edpios e leis, revelados pelos Esp\u00edritos Superiores, contidos nas obras de Allan Kardec que constituem a Codifica\u00e7\u00e3o Esp\u00edrita:\u00a0<i>O Livro dos Esp\u00edritos, O Livro dos M\u00e9diuns, O Evangelho segundo o Espiritismo, O C\u00e9u e o Inferno\u00a0<\/i>e<i>\u00a0A G\u00eanese.<\/i><\/span><\/p>\n<p class=\"p1\"><span class=\"s1\">\u201cO Espiritismo \u00e9 uma ci\u00eancia que trata da natureza, origem e destino dos Esp\u00edritos, bem como de suas rela\u00e7\u00f5es com o mundo corporal. \u201cAllan Kardec (<i>O que \u00e9 o Espiritismo\u00a0<\/i>\u2013 Pre\u00e2mbulo).<\/span><\/p>\n<p class=\"p1\"><span class=\"s1\">\u201cO Espiritismo realiza o que Jesus disse do Consolador prometido: conhecimento das coisas, fazendo que o homem saiba donde vem, para onde vai e por que est\u00e1 na Terra; atrai para os verdadeiros princ\u00edpios da lei de Deus e consola pela f\u00e9 e pela esperan\u00e7a. \u201cAllan Kardec (<i>O Evangelho segundo o Espiritismo<\/i>\u00a0\u2013 cap. VI \u2013 4).<\/span><\/p>\n[\/vc_column_text][\/vc_tta_section][vc_tta_section title=&#8221;Os Esp\u00edritos sabem todas as coisas?&#8221; tab_id=&#8221;1487658920102-1d7d4242-e23a&#8221;][vc_column_text]\n<p class=\"p1\"><span class=\"s1\">Os Esp\u00edritos s\u00e3o as almas dos homens que j\u00e1 perderam o corpo f\u00edsico. A exemplo do que observamos na Humanidade encarnada, o conhecimento que eles t\u00eam \u00e9 correspondente ao seu grau de adiantamento moral e intelectual. A morte \u00e9 uma passagem para a vida espiritual e n\u00e3o d\u00e1 valores morais ou de intelig\u00eancia a quem n\u00e3o os tem.<\/span><\/p>\n[\/vc_column_text][\/vc_tta_section][vc_tta_section title=&#8221;Todos os Esp\u00edritos s\u00e3o iguais?&#8221; tab_id=&#8221;1487659089699-235c0e34-990d&#8221;][vc_column_text]\n<p class=\"p1\"><span class=\"s1\">N\u00e3o. Os Esp\u00edritos pertencem a diferentes ordens, conforme o grau de perfei\u00e7\u00e3o que tenham alcan\u00e7ado: Esp\u00edritos Puros, que atingiram a perfei\u00e7\u00e3o m\u00e1xima; Bons Esp\u00edritos, nos quais o desejo do bem \u00e9 o que predomina; Esp\u00edritos Imperfeitos, caracterizados pela ignor\u00e2ncia, pelo desejo do mal e pelas paix\u00f5es inferiores.<\/span><\/p>\n[\/vc_column_text][\/vc_tta_section][vc_tta_section title=&#8221;Somente pelo Espiritismo se pode ter contato com os Esp\u00edritos?&#8221; tab_id=&#8221;1487659141090-6d0dc385-1464&#8243;][vc_column_text]\n<p class=\"p1\"><span class=\"s1\"> N\u00e3o. As rela\u00e7\u00f5es dos Esp\u00edritos com os homens s\u00e3o constantes e sempre existiram. Os bons Esp\u00edritos nos atraem para o bem, sustentam-nos nas provas da vida e nos ajudam a suport\u00e1-las com coragem e resigna\u00e7\u00e3o. Os imperfeitos nos induzem ao erro. <\/span><\/p>\n[\/vc_column_text][\/vc_tta_section][vc_tta_section title=&#8221;O que o Espiritismo informa sobre Jesus?&#8221; tab_id=&#8221;1487659187902-0d1b32e3-76d2&#8243;][vc_column_text]\n<p class=\"p1\"><span class=\"s1\">Jesus \u00e9 o guia e modelo para toda a Humanidade. E a Doutrina que ensinou e exemplificou \u00e9 a express\u00e3o mais pura da Lei de Deus. A moral do Cristo, contida no Evangelho, \u00e9 o roteiro para a evolu\u00e7\u00e3o segura de todos os homens, e a sua pr\u00e1tica \u00e9 a solu\u00e7\u00e3o para todos os problemas humanos e o objetivo a ser atingido pela Humanidade.<\/span><\/p>\n[\/vc_column_text][\/vc_tta_section][vc_tta_section title=&#8221;O Espiritismo tem rituais ou sacerdotes?&#8221; tab_id=&#8221;1487659206216-4bbfd001-09d9&#8243;][vc_column_text]\n<p class=\"p1\"><span class=\"s1\">N\u00e3o. A pr\u00e1tica esp\u00edrita \u00e9 realizada com simplicidade, sem nenhum culto exterior, dentro do princ\u00edpio crist\u00e3o de que Deus deve ser adorado em esp\u00edrito e verdade. O Espiritismo n\u00e3o tem sacerdotes e n\u00e3o adota e nem usa em suas reuni\u00f5es e em suas pr\u00e1ticas: altares, imagens, andores, velas, prociss\u00f5es, sacramentos, concess\u00f5es de indulg\u00eancia, paramentos, bebidas alco\u00f3licas ou alucin\u00f3genas, incenso, fumo, talism\u00e3s, amuletos, hor\u00f3scopos, cartomancia, pir\u00e2mides, cristais ou quaisquer outros objetos, rituais ou formas de culto exterior.<\/span><\/p>\n[\/vc_column_text][\/vc_tta_section][vc_tta_section title=&#8221;Como o Espiritismo se relaciona com as demais religi\u00f5es?&#8221; tab_id=&#8221;1487659230551-93251d57-5edf&#8221;][vc_column_text]\n<p class=\"p1\"><span class=\"s1\">O Espiritismo respeita todas as religi\u00f5es e doutrinas, valoriza todos os esfor\u00e7os para a pr\u00e1tica do bem e trabalha pela confraterniza\u00e7\u00e3o e pela paz entre todos os povos e entre todos os homens, independentemente de sua ra\u00e7a, cor, nacionalidade, cren\u00e7a, n\u00edvel cultural ou social.\u00a0 Reconhece que \u201co verdadeiro homem de bem \u00e9 o que cumpre a lei de justi\u00e7a, de amor e de caridade, na sua maior pureza\u201d.<\/span><\/p>\n[\/vc_column_text][\/vc_tta_section][vc_tta_section title=&#8221;O que \u00e9 Mediunidade?&#8221; tab_id=&#8221;1487659250795-a1e0cfcf-1fbe&#8221;][vc_column_text]\n<p class=\"p1\"><span class=\"s1\">\u00c9 a faculdade humana que permite o interc\u00e2mbio entre os mundos material e espiritual.<\/span><\/p>\n<p class=\"p1\"><span class=\"s1\">A mediunidade, que permite a comunica\u00e7\u00e3o dos Esp\u00edritos com os homens, \u00e9 uma faculdade que muitas pessoas trazem consigo ao nascer, independentemente da religi\u00e3o ou da diretriz doutrin\u00e1ria de vida que adotem. Mas aten\u00e7\u00e3o: pr\u00e1tica medi\u00fanica esp\u00edrita s\u00f3 \u00e9 aquela que \u00e9 exercida com base nos princ\u00edpios da Doutrina Esp\u00edrita e dentro da moral crist\u00e3. Portanto, em hip\u00f3tese alguma o m\u00e9dium poder\u00e1 cobrar dinheiro, exigir ou aceitar qualquer forma de recompensa (presentes, d\u00e1divas, agrados, etc.) por suas atividades medi\u00fanicas<\/span><\/p>\n[\/vc_column_text][\/vc_tta_section][vc_tta_section title=&#8221;O interc\u00e2mbio com os chamados mortos n\u00e3o foi proibido?&#8221; tab_id=&#8221;1487659271099-480ecc3b-97aa&#8221;][vc_column_text]\n<p class=\"p1\"><span class=\"s1\">A proibi\u00e7\u00e3o de Mois\u00e9s n\u00e3o era uma condena\u00e7\u00e3o da mediunidade em si mesma, somente visava reprimir os abusos. No Novo Testamento n\u00e3o h\u00e1 nenhuma men\u00e7\u00e3o \u00e0 antiga proibi\u00e7\u00e3o do interc\u00e2mbio medi\u00fanico. Jesus n\u00e3o desprezou o recurso valioso da mediunidade em sua tarefa de espiritualiza\u00e7\u00e3o dos seres humanos. A mediunidade usada conforme os des\u00edgnios de Deus, propicia a comunica\u00e7\u00e3o entre encarnados e desencarnados. Comprova a imortalidade da alma, consola ante a partida de entes queridos e enseja ensinamentos e ajuda m\u00fatua entre os dois mundos. <\/span><\/p>\n[\/vc_column_text][\/vc_tta_section][vc_tta_section title=&#8221;O que \u00e9 reencarna\u00e7\u00e3o?&#8221; tab_id=&#8221;1487659290295-37ffb809-be1e&#8221;][vc_column_text]\n<p class=\"p1\"><span class=\"s1\">Reencarna\u00e7\u00e3o \u00e9 o meio pelo qual o Esp\u00edrito renasce quantas vezes for necess\u00e1rio ao seu progresso moral e intelectual, visto que todos os homens tendem para a perfei\u00e7\u00e3o.<span class=\"Apple-converted-space\">\u00a0 <\/span>Sendo cren\u00e7a antiga n\u00e3o \u00e9 inven\u00e7\u00e3o do Espiritismo que por sua vez demonstra a justi\u00e7a e a miseric\u00f3rdia de Deus.<\/span><\/p>\n[\/vc_column_text][\/vc_tta_section][vc_tta_section title=&#8221;O que \u00e9 perisp\u00edrito?&#8221; tab_id=&#8221;1487659312089-7f289d97-87ee&#8221;][vc_column_text]\n<p class=\"p1\"><span class=\"s1\">\u00c9 o corpo flu\u00eddico, flex\u00edvel e plasm\u00e1vel, que envolve o Esp\u00edrito e, atrav\u00e9s do qual, este se relaciona com o meio em que estiver. \u00c9 por ele que os Esp\u00edritos se identificam e s\u00e3o reconhecidos entre si e nas apari\u00e7\u00f5es e vid\u00eancias. Quando o Esp\u00edrito reencarna serve de molde, orientando a forma\u00e7\u00e3o do corpo f\u00edsico permitindo que se fa\u00e7a a rela\u00e7\u00e3o do Esp\u00edrito com o corpo.<\/span><\/p>\n[\/vc_column_text][\/vc_tta_section][vc_tta_section title=&#8221;Existe c\u00e9u e inferno?&#8221; tab_id=&#8221;1487659327409-516dd288-f6b6&#8243;][vc_column_text]\n<p class=\"p1\"><span class=\"s1\">N\u00e3o como lugares geogr\u00e1ficos, delimitados e eternos. C\u00e9u e inferno s\u00e3o estados de alma e a pr\u00f3pria Igreja, atrav\u00e9s do Papa Jo\u00e3o Paulo II, confirma esse ensinamento esp\u00edrita. <\/span><\/p>\n[\/vc_column_text][\/vc_tta_section][vc_tta_section title=&#8221;Existem outros mundos habitados?&#8221; tab_id=&#8221;1487659351077-8117dcaa-3ad1&#8243;][vc_column_text]\n<p class=\"p1\"><span class=\"s1\">Sim, a Terra n\u00e3o \u00e9 o \u00fanico planeta a servir de morada para a encarna\u00e7\u00e3o de Esp\u00edritos, conforme nos ensina Jesus: \u201cH\u00e1 muitas moradas na casa de meu Pai\u201d. O Espiritismo completa: As diversas moradas s\u00e3o os mundos que circulam no espa\u00e7o infinito, oferecendo aos Esp\u00edritos esta\u00e7\u00f5es apropriadas ao seu adiantamento.<\/span><\/p>\n[\/vc_column_text][\/vc_tta_section][vc_tta_section title=&#8221;O que \u00e9 a prece?&#8221; tab_id=&#8221;1487659367147-31f11f53-3d57&#8243;][vc_column_text]\n<p class=\"p1\"><span class=\"s1\">\u00c9 o meio pelo qual, elevando o pensamento a Deus, entramos em contato com o plano espiritual superior e com a leis divinas que regem o Universo.<\/span><\/p>\n[\/vc_column_text][\/vc_tta_section][vc_tta_section title=&#8221;O que \u00e9 a f\u00e9?&#8221; tab_id=&#8221;1487659384610-e63cbc91-4934&#8243;][vc_column_text]\n<p class=\"p1\"><span class=\"s1\">Segundo S\u00e3o Paulo: \u201cA f\u00e9 \u00e9 a certeza de coisas que se esperam, a convic\u00e7\u00e3o de fatos que n\u00e3o se veem. Segundo o Espiritismo: \u201cF\u00e9 inabal\u00e1vel \u00e9 somente aquela que pode encarar a raz\u00e3o, face a face, em todas as \u00e9pocas de Humanidade\u201d.<span class=\"Apple-converted-space\">\u00a0 <\/span>Segundo Therezinha Oliveira: \u201cF\u00e9 \u00e9 conhecimento. \u201d<\/span><\/p>\n[\/vc_column_text][\/vc_tta_section][vc_tta_section title=&#8221;Quais os fundamentos da Filosofia Esp\u00edrita?&#8221; tab_id=&#8221;1487659409555-36d07263-ee8b&#8221;][vc_column_text]\n<p class=\"p1\"><span class=\"s1\">DEUS \u2013 Intelig\u00eancia suprema, causa prim\u00e1ria de todas as coisas, criador e mantenedor do Universo.<\/span><\/p>\n<p class=\"p1\"><span class=\"s1\"> ESP\u00cdRITO \u2013 Princ\u00edpio inteligente do Universo, envolvido pelo per\u00edspirito, preexiste ao nascimento f\u00edsico, conserva a mem\u00f3ria ap\u00f3s a morte e assegura a identidade de cada criatura, podendo haver comunica\u00e7\u00e3o entre os encarnados e os desencarnados.<\/span><\/p>\n<p class=\"p1\"><span class=\"s1\">LEI DA REENCARNA\u00c7\u00c3O \u2013 o Esp\u00edrito reencarna quantas vezes for necess\u00e1rio e progride sempre.<\/span><\/p>\n<p class=\"p1\"><span class=\"s1\">PLURALIDADE DOS MUNDOS \u2013 oferecendo um \u00e2mbito universal para a evolu\u00e7\u00e3o do Esp\u00edrito.<\/span><\/p>\n<p class=\"p1\"><span class=\"s1\">LEI DE CAUSA E EFEITO \u2013 pela qual se interligam as vidas sucessivas do Esp\u00edrito, dando-lhe destina\u00e7\u00e3o condizente com seus atos. <\/span><\/p>\n[\/vc_column_text][\/vc_tta_section][\/vc_tta_accordion][\/vc_column][\/vc_row]\n","protected":false},"excerpt":{"rendered":"[vc_row][vc_column][vc_column_text] O que \u00e9 Espiritismo [\/vc_column_text][\/vc_column][\/vc_row][vc_row][vc_column][vc_tta_accordion][vc_tta_section title=&#8221;O que s\u00e3o os Esp\u00edritos?&#8221; tab_id=&#8221;1487658780017-bcac07b1-77d8&#8243;][vc_column_text] Os Esp\u00edritos s\u00e3o os seres inteligentes da cria\u00e7\u00e3o. Constituem o mundo dos Esp\u00edritos, que preexiste e sobrevive a tudo. Os Esp\u00edritos s\u00e3o criados simples e ignorantes. Evoluem, intelectual e moralmente, passando de uma ordem inferior para outra mais elevada, at\u00e9 a perfei\u00e7\u00e3o, onde [&hellip;]\n","protected":false},"author":1,"featured_media":0,"parent":0,"menu_order":0,"comment_status":"closed","ping_status":"closed","template":"page-blank-container.php","meta":[],"_links":{"self":[{"href":"https:\/\/ceak.org.br\/ceak\/wp-json\/wp\/v2\/pages\/362"}],"collection":[{"href":"https:\/\/ceak.org.br\/ceak\/wp-json\/wp\/v2\/pages"}],"about":[{"href":"https:\/\/ceak.org.br\/ceak\/wp-json\/wp\/v2\/types\/page"}],"author":[{"embeddable":true,"href":"https:\/\/ceak.org.br\/ceak\/wp-json\/wp\/v2\/users\/1"}],"replies":[{"embeddable":true,"href":"https:\/\/ceak.org.br\/ceak\/wp-json\/wp\/v2\/comments?post=362"}],"version-history":[{"count":0,"href":"https:\/\/ceak.org.br\/ceak\/wp-json\/wp\/v2\/pages\/362\/revisions"}],"wp:attachment":[{"href":"https:\/\/ceak.org.br\/ceak\/wp-json\/wp\/v2\/media?parent=362"}],"curies":[{"name":"wp","href":"https:\/\/api.w.org\/{rel}","templated":true}]}}