{"id":449,"date":"2017-03-08T01:05:47","date_gmt":"2017-03-08T01:05:47","guid":{"rendered":"http:\/\/ceak.org.br\/ceak\/?page_id=449"},"modified":"2019-02-14T16:11:06","modified_gmt":"2019-02-14T16:11:06","slug":"faq-assistencia-espiritual","status":"publish","type":"page","link":"https:\/\/ceak.org.br\/ceak\/faq-assistencia-espiritual\/","title":{"rendered":"FAQ Assist\u00eancia Espiritual"},"content":{"rendered":"[vc_row][vc_column][vc_column_text]\n<h1>FAQ Assist\u00eancia Espiritual<\/h1>\n[\/vc_column_text][\/vc_column][\/vc_row][vc_row][vc_column][vc_tta_accordion][vc_tta_section title=&#8221;Quero participar de uma reuni\u00e3o medi\u00fanica. Como fa\u00e7o?&#8221; tab_id=&#8221;1487658780017-bcac07b1-77d8&#8243;][vc_column_text]\n<p class=\"p1\"><span class=\"s1\">N\u00e3o h\u00e1 reuni\u00f5es p\u00fablicas no CEAK. Nas Reuni\u00f5es Medi\u00fanicas que acontecem na Casa participam somente pessoas preparadas pelos cursos da casa, ou com conhecimento doutrin\u00e1rio comprovado.<br \/>\n<\/span><\/p>\n[\/vc_column_text][\/vc_tta_section][vc_tta_section title=&#8221;Como fa\u00e7o para pedir uma psicografia? Conhece algum centro que faz?&#8221; tab_id=&#8221;1487658780081-f7f2d1df-c124&#8243;][vc_column_text]As psicografias nas Reuni\u00f5es Medi\u00fanicas, quando acontecem, s\u00e3o de car\u00e1ter geral. N\u00e3o h\u00e1, em nossa casa, trabalho espec\u00edfico de psicografia. N\u00e3o sabemos indicar outro centro.[\/vc_column_text][\/vc_tta_section][vc_tta_section title=&#8221;Como devo proceder para realizar um tratamento espiritual de desobsess\u00e3o\/cura?&#8221; tab_id=&#8221;1487658920102-1d7d4242-e23a&#8221;][vc_column_text]Ao chegar no CEAK, na recep\u00e7\u00e3o, voc\u00ea ser\u00e1 encaminhado para o acolhimento fraterno. No acolhimento ser\u00e1 explicado como se processa o atendimento \u00e0s pessoas necessitadas de assist\u00eancia espiritual, tanto para casos de obsess\u00e3o como para enfermidades f\u00edsicas. N\u00e3o temos trabalho de cura, apenas de assist\u00eancia espiritual.<br \/>\n[\/vc_column_text][\/vc_tta_section][vc_tta_section title=&#8221;Fiz cursos em outra casa, como fa\u00e7o para participar das reuni\u00f5es medi\u00fanicas daqui?&#8221; tab_id=&#8221;1487659089699-235c0e34-990d&#8221;][vc_column_text]Procurar na recep\u00e7\u00e3o ou na secretaria do CEAK pelo grupo de Triagem informando que vem de outra Casa Esp\u00edrita e deseja trabalhar no CEAK como volunt\u00e1rio em \u00e1rea doutrin\u00e1ria. Mais informa\u00e7\u00f5es: <a href=\"mailto:cae@ceak.org.br\">cae@ceak.org.br<\/a> ou Fone:\u00a0<a href=\"tel:+551925148763\">(19) 2514-8763<\/a>[\/vc_column_text][\/vc_tta_section][vc_tta_section title=&#8221;Sou esp\u00edrita, frequentador de outra casa e desejo trabalhar no CEAK. Como devo proceder? (sendo dialogador; elemento de sustenta\u00e7\u00e3o; m\u00e9dium; passista palestrante e\/ou fazia prele\u00e7\u00f5es do evangelho)&#8221; tab_id=&#8221;1487659141090-6d0dc385-1464&#8243;][vc_column_text]Procurar na recep\u00e7\u00e3o ou na secretaria do CEAK pelo grupo de Triagem informando que vem de outra Casa Esp\u00edrita e deseja trabalhar no CEAK como volunt\u00e1rio na \u00e1rea de assist\u00eancia espiritual. Mais informa\u00e7\u00f5es: <a href=\"mailto:cae@ceak.org.br\">cae@ceak.org.br<\/a> ou Fone:\u00a0<a href=\"tel:+551925148763\">(19) 2514-8763<\/a>[\/vc_column_text][\/vc_tta_section][vc_tta_section title=&#8221;Minha m\u00e3e\/parente\/amigo est\u00e1 acamada e gostaria de solicitar uma visita em casa. Como proceder?&#8221; tab_id=&#8221;1487659206216-4bbfd001-09d9&#8243;][vc_column_text]Solicitar na recep\u00e7\u00e3o ou na secretaria do CEAK a visita do grupo Socorro Fraterno. Voc\u00ea preencher\u00e1 um formul\u00e1rio com os dados necess\u00e1rios para a visita, que acontece aos domingos entre \u00e0s 9h e 11h30.<br \/>\nO assistido n\u00e3o precisa ser esp\u00edrita, no entanto, dever\u00e1 ser informado sobre a visita do Socorro Fraterno. <a href=\"\/ceak\/atendimento-fraterno\/\">Saiba mais sobre o Grupo Socorro Fraterno<\/a>. Mais informa\u00e7\u00f5es: <a href=\"mailto:cae@ceak.org.br\">cae@ceak.org.br<\/a> ou Fone:\u00a0<a href=\"tel:+551925148763\">(19) 2514-8763<\/a>[\/vc_column_text][\/vc_tta_section][vc_tta_section title=&#8221;Tenho problema com v\u00edcios (cigarro\/\u00e1lcool\/drogas) existe algum grupo que possa me ajudar?&#8221; tab_id=&#8221;1487659230551-93251d57-5edf&#8221;][vc_column_text]Sim, o Grupo de Apoio \u00e0 Sobriedade \u2013 GAS. Os encontros acontecem toda quarta-feira, \u00e0s 19h, no CEAK Sede (Av. Irm\u00e3 Serafina, 707 \u2013 Centro). Voc\u00ea deve retirar uma ficha de encaminhamento com um dos acolhedores do Centro em qualquer dia da semana ou na pr\u00f3pria quarta-feira. Os familiares tamb\u00e9m podem participar. <a href=\"\/ceak\/atendimento-fraterno\/\">Saiba mais sobre o Grupo de Apoio \u00e0 Sobriedade<\/a>. Mais informa\u00e7\u00f5es: <a href=\"mailto:cae@ceak.org.br\">cae@ceak.org.br<\/a> ou Fone:\u00a0<a href=\"tel:+551925148763\">(19) 2514-8763<\/a>[\/vc_column_text][\/vc_tta_section][vc_tta_section title=&#8221;Quero colocar meu nome na vibra\u00e7\u00e3o. Como proceder?&#8221; tab_id=&#8221;1487659250795-a1e0cfcf-1fbe&#8221;][vc_column_text]\u00c9 importante que voc\u00ea ore em sua casa e, se puder, venha at\u00e9 o CEAK para participar do acolhimento, prele\u00e7\u00e3o e passes. H\u00e1, ap\u00f3s a prele\u00e7\u00e3o, um momento dedicado \u00e0 vibra\u00e7\u00e3o pelos entes queridos. No passe, o assistido deve vibrar para si mesmo.<\/p>\n<p>Para vibrar por algu\u00e9m que n\u00e3o est\u00e1 com voc\u00ea, naquele momento, no CEAK, durante a prece e a vibra\u00e7\u00e3o, pense, com desejo sincero de ajudar os ausentes. Cada um de n\u00f3s pode vibrar pelo nosso pr\u00f3ximo com o desejo firme de querer ajudar. O pensamento, o sentimento e a vontade s\u00e3o traduzidos em aux\u00edlio com ajuda da espiritualidade amiga que recebem os nossos pedidos sinceros e fazem o que for permitido, conforme a justi\u00e7a e a miseric\u00f3rdia divina. Mais informa\u00e7\u00f5es: <a href=\"mailto:cae@ceak.org.br\">cae@ceak.org.br<\/a> ou Fone:\u00a0<a href=\"tel:+551925148763\">(19) 2514-8763<\/a>[\/vc_column_text][\/vc_tta_section][\/vc_tta_accordion][\/vc_column][\/vc_row]\n","protected":false},"excerpt":{"rendered":"[vc_row][vc_column][vc_column_text] FAQ Assist\u00eancia Espiritual [\/vc_column_text][\/vc_column][\/vc_row][vc_row][vc_column][vc_tta_accordion][vc_tta_section title=&#8221;Quero participar de uma reuni\u00e3o medi\u00fanica. Como fa\u00e7o?&#8221; tab_id=&#8221;1487658780017-bcac07b1-77d8&#8243;][vc_column_text] N\u00e3o h\u00e1 reuni\u00f5es p\u00fablicas no CEAK. Nas Reuni\u00f5es Medi\u00fanicas que acontecem na Casa participam somente pessoas preparadas pelos cursos da casa, ou com conhecimento doutrin\u00e1rio comprovado. [\/vc_column_text][\/vc_tta_section][vc_tta_section title=&#8221;Como fa\u00e7o para pedir uma psicografia? Conhece algum centro que faz?&#8221; tab_id=&#8221;1487658780081-f7f2d1df-c124&#8243;][vc_column_text]As psicografias nas [&hellip;]\n","protected":false},"author":1,"featured_media":0,"parent":0,"menu_order":0,"comment_status":"closed","ping_status":"closed","template":"page-blank-container.php","meta":[],"_links":{"self":[{"href":"https:\/\/ceak.org.br\/ceak\/wp-json\/wp\/v2\/pages\/449"}],"collection":[{"href":"https:\/\/ceak.org.br\/ceak\/wp-json\/wp\/v2\/pages"}],"about":[{"href":"https:\/\/ceak.org.br\/ceak\/wp-json\/wp\/v2\/types\/page"}],"author":[{"embeddable":true,"href":"https:\/\/ceak.org.br\/ceak\/wp-json\/wp\/v2\/users\/1"}],"replies":[{"embeddable":true,"href":"https:\/\/ceak.org.br\/ceak\/wp-json\/wp\/v2\/comments?post=449"}],"version-history":[{"count":0,"href":"https:\/\/ceak.org.br\/ceak\/wp-json\/wp\/v2\/pages\/449\/revisions"}],"wp:attachment":[{"href":"https:\/\/ceak.org.br\/ceak\/wp-json\/wp\/v2\/media?parent=449"}],"curies":[{"name":"wp","href":"https:\/\/api.w.org\/{rel}","templated":true}]}}