{"id":534,"date":"2017-03-14T00:56:50","date_gmt":"2017-03-14T00:56:50","guid":{"rendered":"http:\/\/ceak.org.br\/ceak\/?page_id=534"},"modified":"2021-03-01T20:56:56","modified_gmt":"2021-03-01T23:56:56","slug":"musica","status":"publish","type":"page","link":"https:\/\/ceak.org.br\/ceak\/musica\/","title":{"rendered":"M\u00fasica"},"content":{"rendered":"[vc_row][vc_column][vc_column_text]\n<h1>M\u00fasica<\/h1>\n[\/vc_column_text][\/vc_column][\/vc_row][vc_row][vc_column width=&#8221;1\/2&#8243;][vc_column_text]Os ensinamentos do espiritismo traduzidos em acordes. A m\u00fasica aproxima pessoas e cora\u00e7\u00f5es. Por isso, o CEAK incentiva a manifesta\u00e7\u00e3o art\u00edstica dos grupos que nasceram no interior de seus n\u00facleos. Conhe\u00e7a mais sobre esses grupos e saiba como participar, ou prestigiar as apresenta\u00e7\u00f5es.<\/p>\n<h2>Cantarte<\/h2>\n<p>Momentos de aprendizado e amizade de crian\u00e7as e adolescentes, que frequentam a educa\u00e7\u00e3o esp\u00edrita do n\u00facleo Vila Nova, s\u00e3o embalados e celebrados pelas cantorias deste grupo com simplicidade e criatividade, desde 2012.<\/p>\n<p>Utilizando a textura folk, com pitadas saborosas de blues e country, uma verdadeira fam\u00edlia composta por educadores, pais, crian\u00e7as e jovens, que trabalham e frequentam esses grupos de estudo, tocam piano, guitarra, baixo, viol\u00e3o, bandolim, gaita e banjo em belas m\u00fasicas do cancioneiro esp\u00edrita.<br \/>\nBrinquedos percussivos, apetrechos l\u00fadicos e inusitados como apitos kazoo, megafone e gaitas d\u00e3o o tom l\u00fadico, est\u00e9tico e de criatividade que as can\u00e7\u00f5es merecem, versando sobre as mensagens do Espiritismo e espiritualidade.<\/p>\n<p>Al\u00e9m de apresenta\u00e7\u00f5es internas, o Cantarte tamb\u00e9m j\u00e1 levou sua criatividade e alegria \u00e0 outras casas esp\u00edritas de Campinas e regi\u00e3o em eventos voltados para a inf\u00e2ncia e mocidade como a COMECELESP e Noite da Fraternidade, da USE (Uni\u00e3o das Sociedades Esp\u00edritas).<\/p>\n<p><strong>Facebook:<\/strong> <a href=\"https:\/\/www.facebook.com\/cantoria.cantarte?fref=ts\" target=\"_blank\" rel=\"noopener\">https:\/\/www.facebook.com\/cantoria.cantarte?fref=ts<\/a><br \/>\n<strong>\u2028Contato:<\/strong> <a href=\"mailto:artesceak@ceak.org.br\" target=\"_blank\" rel=\"noopener\">artesceak@ceak.org.br<\/a>[\/vc_column_text][\/vc_column][vc_column width=&#8221;1\/2&#8243;][vc_single_image image=&#8221;536&#8243; img_size=&#8221;full&#8221; alignment=&#8221;right&#8221; css_animation=&#8221;none&#8221;][\/vc_column][\/vc_row][vc_row][vc_column][vc_empty_space height=&#8221;15px&#8221;][vc_separator][vc_empty_space height=&#8221;15px&#8221;][\/vc_column][\/vc_row][vc_row][vc_column width=&#8221;1\/2&#8243;][vc_single_image image=&#8221;537&#8243; img_size=&#8221;full&#8221; css_animation=&#8221;none&#8221;][\/vc_column][vc_column width=&#8221;1\/2&#8243;][vc_column_text]\n<h2>Coral Allan Kardec<\/h2>\n<p>O mais tradicional grupo de m\u00fasica do CEAK nasceu em 5 de agosto de 1989, gra\u00e7as aos esfor\u00e7os de alguns volunt\u00e1rios do Centro Esp\u00edrita Allan Kardec que, h\u00e1 anos, buscavam formar um coro esp\u00edrita.<br \/>\nHoje, com aproximadamente 20 integrantes, mant\u00e9m, desde a sua forma\u00e7\u00e3o, a proposta de canto coral a quatro vozes e um repert\u00f3rio que abrange os mais diversos g\u00eaneros musicais: crist\u00e3s esp\u00edritas, sacras, renascentistas, folcl\u00f3ricas, populares, negro spiritual e outras.<\/p>\n<p>O objetivo do grupo \u00e9 o incentivar o amor pela m\u00fasica como forma de encontro \u00e0s alegrias sublimes e pr\u00e1ticas do bem, reunindo esfor\u00e7os para, atrav\u00e9s da m\u00fasica, preceitos de sentimentos elevados; embalar cora\u00e7\u00f5es, mentes e almas dos os ouvem, al\u00e9m de propiciar aos coristas habilidades musicais no ouvir, sentir e cantar, atrav\u00e9s de din\u00e2micas de canto em equipe e t\u00e9cnica vocal.<\/p>\n<p>Este afinado coro j\u00e1 soma mais de 350 apresenta\u00e7\u00f5es realizadas em encontros de corais, eventos de institui\u00e7\u00f5es filantr\u00f3picas e em centros esp\u00edritas do interior do estado de S\u00e3o Paulo. Se voc\u00ea se identificou e quer fazer parte, confira os requisitos:<\/p>\n<p>&#8211; Com ou sem experi\u00eancia em canto coral;<br \/>\n&#8211; Disponibilidade para comparecer aos ensaios e apresenta\u00e7\u00f5es;<br \/>\n&#8211; Dedica\u00e7\u00e3o de corpo, alma e voz nos ensaios semanais:<br \/>\n&#8211; Comparecer em dia e hor\u00e1rio de ensaio do coral e realizar avalia\u00e7\u00e3o e classifica\u00e7\u00e3o de voz com o regente.<br \/>\n&#8211; \u00c9 necess\u00e1rio apenas ter afina\u00e7\u00e3o e perseveran\u00e7a no ensino\/ aprendizagem em canto coral.<\/p>\n<p><strong>Hor\u00e1rios e locais dos ensaios semanais:<\/strong> \u00c0s ter\u00e7as-feiras, das 19h30 \u00e0s 21h30 no sal\u00e3o do Instituto Popular Humberto de Campos, localizado na Av. Irm\u00e3 Serafina, 674, Centro, Campinas.<br \/>\n<strong>Contato:<\/strong> <a href=\"mailto:artesceak@ceak.org.br.org.br\" target=\"_blank\" rel=\"noopener\">artesceak@ceak.org.br<\/a><br \/>\n[\/vc_column_text][\/vc_column][\/vc_row][vc_row][vc_column][vc_empty_space height=&#8221;15px&#8221;][vc_separator][vc_empty_space height=&#8221;15px&#8221;][\/vc_column][\/vc_row][vc_row][vc_column width=&#8221;1\/2&#8243;][vc_column_text]\n<h2>Vozes do Amanh\u00e3<\/h2>\n<p>O Vozes do Amanh\u00e3 \u00e9 um grupo musical esp\u00edrita de trabalho volunt\u00e1rio e formado por eternos amigos que fazem da m\u00fasica um elo uno com Deus, espalhando o amor e a compreens\u00e3o.<\/p>\n<p>Nos mais de 20 anos de atividades, o grupo j\u00e1 soma quatro CDs, dos quais a renda \u00e9 totalmente revertida em prol dos trabalhos assistenciais desenvolvidos pelo CEAK.<\/p>\n<p>O Vozes do Amanh\u00e3 surgiu em um momento de alegria e inicialmente composto por 3 vozes-amigas: Luciana Marins, Triana Silva e Silvia Schober, inspiradas pelo esp\u00edrito de Irm\u00e3 Scheilla. Atualmente, o Grupo \u00e9 formado por Andr\u00e9 Cunha, no contrabaixo; Ciro Ribeiro, no viol\u00e3o; Diego Barbosa, na percuss\u00e3o e as vozes de Karla Maturana, Laura Mello, Silvia Schober e Vivien Ruiz.<br \/>\nDiscografia e projetos:<\/p>\n<p>1998 &#8211; \u00c0 voc\u00ea amigo<br \/>\n2005 &#8211; Encontro<br \/>\n2011 &#8211; Novos Tempos<br \/>\n2013 &#8211; Evangelho em Can\u00e7\u00e3o \u2013 \u201cOnde encontro a paz?\u201d<br \/>\n2016 &#8211; Safra de Amor<\/p>\n<p>O Vozes do Amanh\u00e3 se apresenta em diversas casas esp\u00edritas da regi\u00e3o de Campinas e tamb\u00e9m pelo Brasil afora.<\/p>\n<p><strong>Mais informa\u00e7\u00f5es e agenda das apresenta\u00e7\u00f5es em:<\/strong> <a href=\"http:\/\/www.vozesdoamanha.com.br\" target=\"_blank\" rel=\"noopener\">www.vozesdoamanha.com.br<\/a> ou www.facebook.com\/vozesdoamanha<br \/>\n<strong>Contato:<\/strong> <a href=\"mailto:vozesdoamanha@ceak.org.br\" target=\"_blank\" rel=\"noopener\">vozesdoamanha@ceak.org.br<\/a><br \/>\n[\/vc_column_text][\/vc_column][vc_column width=&#8221;1\/2&#8243;][vc_single_image image=&#8221;538&#8243; img_size=&#8221;full&#8221; alignment=&#8221;right&#8221; css_animation=&#8221;none&#8221;][\/vc_column][\/vc_row][vc_row][vc_column][vc_empty_space height=&#8221;15px&#8221;][vc_separator][vc_empty_space height=&#8221;15px&#8221;][\/vc_column][\/vc_row][vc_row][vc_column width=&#8221;1\/2&#8243;][vc_single_image image=&#8221;541&#8243; img_size=&#8221;full&#8221; css_animation=&#8221;none&#8221;][\/vc_column][vc_column width=&#8221;1\/2&#8243;][vc_column_text]\n<h2>Trabalhadores da \u00daltima Hora<\/h2>\n<p>Formado por jovens de mocidade, que estudam a m\u00fasica em seu cotidiano e que t\u00eam como miss\u00e3o divulgar a doutrina esp\u00edrita atrav\u00e9s da m\u00fasica, os Trabalhadores de \u00daltima Hora surgiram a partir da divulga\u00e7\u00e3o de um v\u00eddeo, onde dois dos integrantes cantavam a m\u00fasica Pedro, de Tim e Vanessa. Com o sucesso da publica\u00e7\u00e3o resolveram agregar mais integrantes e criar o grupo musical.<\/p>\n<p>Atualmente, com vocais de Ana Karla e F\u00e1bio Purchatti, o grupo conta com Ricardo Schieber no viol\u00e3o, Lucas Nagaoka de Castro no baixo, Gabriel Dovnorovzki Rodrigues ao piano e Jo\u00e3o Pedro Piacente Fontanini na percuss\u00e3o com o cajon.<\/p>\n<p><strong>Mais informa\u00e7\u00f5es e agenda das apresenta\u00e7\u00f5es em:<\/strong> <a href=\"https:\/\/www.facebook.com\/tduhoficial\/?fref=ts&amp;__mref=message_bubble\">https:\/\/www.facebook.com\/tduhoficial\/<\/a><a href=\"mailto:artesceak@ceak.org.br\">artesceak@ceak.org.br <\/a><br \/>\n<strong>Contato:<\/strong> artesceak@ceak.org.br [\/vc_column_text][\/vc_column][\/vc_row][vc_row][vc_column][vc_empty_space height=&#8221;15px&#8221;][vc_separator][vc_empty_space height=&#8221;15px&#8221;][\/vc_column][\/vc_row]\n","protected":false},"excerpt":{"rendered":"[vc_row][vc_column][vc_column_text] M\u00fasica [\/vc_column_text][\/vc_column][\/vc_row][vc_row][vc_column width=&#8221;1\/2&#8243;][vc_column_text]Os ensinamentos do espiritismo traduzidos em acordes. A m\u00fasica aproxima pessoas e cora\u00e7\u00f5es. Por isso, o CEAK incentiva a manifesta\u00e7\u00e3o art\u00edstica dos grupos que nasceram no interior de seus n\u00facleos. Conhe\u00e7a mais sobre esses grupos e saiba como participar, ou prestigiar as apresenta\u00e7\u00f5es. Cantarte Momentos de aprendizado e amizade de crian\u00e7as e [&hellip;]\n","protected":false},"author":1,"featured_media":0,"parent":0,"menu_order":0,"comment_status":"closed","ping_status":"closed","template":"page-blank-container.php","meta":[],"_links":{"self":[{"href":"https:\/\/ceak.org.br\/ceak\/wp-json\/wp\/v2\/pages\/534"}],"collection":[{"href":"https:\/\/ceak.org.br\/ceak\/wp-json\/wp\/v2\/pages"}],"about":[{"href":"https:\/\/ceak.org.br\/ceak\/wp-json\/wp\/v2\/types\/page"}],"author":[{"embeddable":true,"href":"https:\/\/ceak.org.br\/ceak\/wp-json\/wp\/v2\/users\/1"}],"replies":[{"embeddable":true,"href":"https:\/\/ceak.org.br\/ceak\/wp-json\/wp\/v2\/comments?post=534"}],"version-history":[{"count":4,"href":"https:\/\/ceak.org.br\/ceak\/wp-json\/wp\/v2\/pages\/534\/revisions"}],"predecessor-version":[{"id":8975,"href":"https:\/\/ceak.org.br\/ceak\/wp-json\/wp\/v2\/pages\/534\/revisions\/8975"}],"wp:attachment":[{"href":"https:\/\/ceak.org.br\/ceak\/wp-json\/wp\/v2\/media?parent=534"}],"curies":[{"name":"wp","href":"https:\/\/api.w.org\/{rel}","templated":true}]}}