{"id":535,"date":"2017-03-14T01:17:20","date_gmt":"2017-03-14T01:17:20","guid":{"rendered":"http:\/\/ceak.org.br\/ceak\/?page_id=535"},"modified":"2021-03-08T19:33:58","modified_gmt":"2021-03-08T22:33:58","slug":"teatro","status":"publish","type":"page","link":"https:\/\/ceak.org.br\/ceak\/teatro\/","title":{"rendered":"Teatro"},"content":{"rendered":"[vc_row][vc_column][vc_column_text]\n<h1>Teatro<\/h1>\n[\/vc_column_text][\/vc_column][\/vc_row][vc_row][vc_column width=&#8221;1\/2&#8243;][vc_column_text]\n<h2>CativArte<\/h2>\n<p>Criado em 2006, com o intuito de fazer apenas um evento diferente na vibra\u00e7\u00e3o de Natal do CEAK, a apresenta\u00e7\u00e3o da pe\u00e7a \u201cLi\u00e7\u00f5es do Mestre\u201d contagiou o p\u00fablico e n\u00e3o parou mais.<br \/>\nEm 2007, vieram mais dois trabalhos \u201cCom\u00e9dia Esp\u00edrita\u201d e \u201cEur\u00edpedes, o homem e a miss\u00e3o\u201d. Esse \u00faltimo teve o privil\u00e9gio de ser apresentado no ano seguinte, em Sacramento\/MG. Foi um momento de grande emo\u00e7\u00e3o pelo encontro com os familiares do pr\u00f3prio m\u00e9dium, educador e jornalista Eur\u00edpedes Barsanulfo.<\/p>\n<p>O ano de 2008 marcou tamb\u00e9m o batismo do grupo sob o nome CativArte. Em 2009, a pe\u00e7a \u201cEur\u00edpedes, o homem e a miss\u00e3o\u201d foi estendida, ganhou um novo cen\u00e1rio feito pelo pr\u00f3prio grupo e ainda faturou dois pr\u00eamios no Festival de Teatro Amador (festival n\u00e3o esp\u00edrita) de Valinhos. A trupe tamb\u00e9m fez apresenta\u00e7\u00f5es em Atibaia, Indaiatuba e Paul\u00ednia.<\/p>\n<p>Nos anos seguintes, novas pe\u00e7as foram montadas. Para as crian\u00e7as, foram apresentadas Natal na Floresta, O homem de Bem, Vira Virou e Nadine. O p\u00fablico adulto tamb\u00e9m foi prestigiado com O Quarto Rei Mago; Extraordin\u00e1rio, o Show do Volunt\u00e1rio (em comemora\u00e7\u00e3o ao anivers\u00e1rio do CEAK); 70 anos do CEAK e Li\u00e7\u00f5es do Mestre.<\/p>\n<p>Em mar\u00e7o de 2016, em comemora\u00e7\u00e3o aos 10 anos do grupo, foi exibida a pe\u00e7a A Vida da Morte, no teatro Castro Mendes, em Campinas.<\/p>\n<p>A fam\u00edlia CativArte conta hoje com 25 integrantes, reunidos pelo amor \u00e0 arte e em prol da divulga\u00e7\u00e3o da Doutrina Esp\u00edrita.<\/p>\n<p>Os ensaios acontecem aos s\u00e1bados, das 9h \u00e0s 12h, no sal\u00e3o do Educand\u00e1rio Eur\u00edpedes (Av. Theodureto Almeida Camargo, 750 \u2013 Vila Nova).<\/p>\n<p><strong>Mais informa\u00e7\u00f5es e agenda das apresenta\u00e7\u00f5es em:<\/strong> <a href=\"https:\/\/www.facebook.com\/grupocativarte\">https:\/\/www.facebook.com\/grupocativarte<\/a><br \/>\n<strong>Para participar ou agendar apresenta\u00e7\u00f5es:<\/strong> <a href=\"mailto:cativarte@ceak.org.br\">cativarte@ceak.org.br<\/a><br \/>\n[\/vc_column_text][\/vc_column][vc_column width=&#8221;1\/2&#8243;][vc_single_image image=&#8221;543&#8243; img_size=&#8221;full&#8221; alignment=&#8221;right&#8221; style=&#8221;vc_box_shadow_3d&#8221; css_animation=&#8221;none&#8221;][\/vc_column][\/vc_row][vc_row][vc_column][vc_empty_space height=&#8221;15px&#8221;][vc_separator][vc_empty_space height=&#8221;15px&#8221;][\/vc_column][\/vc_row][vc_row][vc_column width=&#8221;1\/2&#8243;][vc_single_image image=&#8221;1066&#8243; img_size=&#8221;full&#8221; style=&#8221;vc_box_shadow_3d&#8221; css_animation=&#8221;none&#8221;][\/vc_column][vc_column width=&#8221;1\/2&#8243;][vc_column_text]\n<h2>SouArt<\/h2>\n<p>O grupo de teatro SouArt surgiu em 2013, durante o festival de inverno de Sousas, com o objetivo de levar ao p\u00fablico a mensagem esp\u00edrita de forma l\u00fadica, alegre e com muita interatividade.<br \/>\nFormado por 18 volunt\u00e1rios, entre alunos e colaboradores, o grupo prop\u00f5e di\u00e1logos sobre os questionamentos, medos e d\u00favidas de todos que buscam na doutrina esp\u00edrita as respostas e o consolo para as quest\u00f5es espirituais.<\/p>\n<p><strong>Entre as pe\u00e7as do repert\u00f3rio do SouArt est\u00e3o:<\/strong><br \/>\n\u201cA escolinha do professor Rivail\u201d, que retrata os medos e d\u00favidas dos que v\u00eam \u00e0 casa esp\u00edrita pela primeira vez, enfatizando, de modo divertido e instrutivo, alguns personagens, como quem tem medo de esp\u00edritos, quem se julga conhecedor da doutrina e os c\u00e9ticos, entre outros.<\/p>\n<p>\u201cReencarna\u00e7\u00e3o, li\u00e7\u00f5es de vida\u201d conta as dificuldades e armadilhas da reencarna\u00e7\u00e3o, mas ressaltando a import\u00e2ncia de que nenhuma encarna\u00e7\u00e3o \u00e9 perdida. Todas trazem importantes ensinamentos!<br \/>\nE a esquete \u201cOrgulho e vaidade\u201d.<\/p>\n<p>Al\u00e9m de apresenta\u00e7\u00f5es nos n\u00facleos do CEAK, o SouArt participou do Festival de Teatro do Centro Esp\u00edrita Paz, Luz e Amor, em Indaiatuba\/SP.<\/p>\n<p><strong>Contato:<\/strong> <a href=\"mailto:artesceak@ceak.org.br\">artesceak@ceak.org.br\u2028<\/a>[\/vc_column_text][\/vc_column][\/vc_row][vc_row][vc_column][vc_empty_space height=&#8221;15px&#8221;][vc_separator][vc_empty_space height=&#8221;15px&#8221;][\/vc_column][\/vc_row]\n","protected":false},"excerpt":{"rendered":"[vc_row][vc_column][vc_column_text] Teatro [\/vc_column_text][\/vc_column][\/vc_row][vc_row][vc_column width=&#8221;1\/2&#8243;][vc_column_text] CativArte Criado em 2006, com o intuito de fazer apenas um evento diferente na vibra\u00e7\u00e3o de Natal do CEAK, a apresenta\u00e7\u00e3o da pe\u00e7a \u201cLi\u00e7\u00f5es do Mestre\u201d contagiou o p\u00fablico e n\u00e3o parou mais. Em 2007, vieram mais dois trabalhos \u201cCom\u00e9dia Esp\u00edrita\u201d e \u201cEur\u00edpedes, o homem e a miss\u00e3o\u201d. Esse \u00faltimo teve [&hellip;]\n","protected":false},"author":1,"featured_media":0,"parent":0,"menu_order":0,"comment_status":"closed","ping_status":"closed","template":"page-blank-container.php","meta":[],"_links":{"self":[{"href":"https:\/\/ceak.org.br\/ceak\/wp-json\/wp\/v2\/pages\/535"}],"collection":[{"href":"https:\/\/ceak.org.br\/ceak\/wp-json\/wp\/v2\/pages"}],"about":[{"href":"https:\/\/ceak.org.br\/ceak\/wp-json\/wp\/v2\/types\/page"}],"author":[{"embeddable":true,"href":"https:\/\/ceak.org.br\/ceak\/wp-json\/wp\/v2\/users\/1"}],"replies":[{"embeddable":true,"href":"https:\/\/ceak.org.br\/ceak\/wp-json\/wp\/v2\/comments?post=535"}],"version-history":[{"count":2,"href":"https:\/\/ceak.org.br\/ceak\/wp-json\/wp\/v2\/pages\/535\/revisions"}],"predecessor-version":[{"id":9062,"href":"https:\/\/ceak.org.br\/ceak\/wp-json\/wp\/v2\/pages\/535\/revisions\/9062"}],"wp:attachment":[{"href":"https:\/\/ceak.org.br\/ceak\/wp-json\/wp\/v2\/media?parent=535"}],"curies":[{"name":"wp","href":"https:\/\/api.w.org\/{rel}","templated":true}]}}