{"id":577,"date":"2017-04-15T20:55:42","date_gmt":"2017-04-15T20:55:42","guid":{"rendered":"http:\/\/ceak.org.br\/ceak\/?page_id=577"},"modified":"2023-11-30T12:02:57","modified_gmt":"2023-11-30T15:02:57","slug":"educacao-espirita","status":"publish","type":"page","link":"https:\/\/ceak.org.br\/ceak\/educacao-espirita\/","title":{"rendered":"Educa\u00e7\u00e3o Esp\u00edrita"},"content":{"rendered":"[vc_row][vc_column][vc_column_text]\n<h1>Educa\u00e7\u00e3o Esp\u00edrita<\/h1>\n[\/vc_column_text][\/vc_column][\/vc_row][vc_row el_id=&#8221;criancas&#8221;][vc_column width=&#8221;1\/2&#8243;][vc_column_text]\n<h2>Educa\u00e7\u00e3o Esp\u00edrita para crian\u00e7as<\/h2>\n<p>A Educa\u00e7\u00e3o Esp\u00edrita para crian\u00e7as est\u00e1 presente no Centro Esp\u00edrita Allan Kardec desde os primeiros anos de sua funda\u00e7\u00e3o. Para Gustavo Marcondes e Serv\u00edlio Marrone, fundadores da entidade, era muito importante oferecer \u00e0 alma infantil os esclarecimentos consoladores e norteadores do Espiritismo.<\/p>\n<p>O objetivo da Educa\u00e7\u00e3o Esp\u00edrita para crian\u00e7as do CEAK \u00e9 oferecer conhecimento esp\u00edrita dentro do universo infantil, com muitas brincadeiras e jogos l\u00fadicos em que o conhecimento \u00e9 mediado. Os Educadores Esp\u00edritas precisam ter conhecimento doutrin\u00e1rio suficiente e buscar atualiza\u00e7\u00e3o constante no campo da educa\u00e7\u00e3o esp\u00edrita e do Esp\u00edrito, compreendendo que a crian\u00e7a de hoje \u00e9 o esp\u00edrito imortal em nova oportunidade de aprendizado e progresso moral e espiritual.<\/p>\n<p>Podem ingressar na Educa\u00e7\u00e3o Esp\u00edrita, crian\u00e7as entre 4\u00a0e 16 anos. As matr\u00edculas abrem no in\u00edcio de cada ano para organiza\u00e7\u00e3o do curso, mas \u00e9 poss\u00edvel ingressar durante todo o ano.<\/p>\n<h3><span style=\"color: #099ba3;\">Hor\u00e1rios e locais:<\/span><\/h3>\n[\/vc_column_text][\/vc_column][vc_column width=&#8221;1\/2&#8243;][vc_single_image image=&#8221;481&#8243; img_size=&#8221;full&#8221; alignment=&#8221;right&#8221; style=&#8221;vc_box_shadow_3d&#8221; css_animation=&#8221;none&#8221;][\/vc_column][\/vc_row][vc_row][vc_column][vc_row_inner][vc_column_inner width=&#8221;1\/4&#8243;][vc_column_text]\n<h5>CEAK Sede<\/h5>\n<p>(Rua Irm\u00e3 Serafina, 707 \u2013 Centro)<\/p>\n<p>Aos domingos, das 10h \u00e0s 11h[\/vc_column_text][\/vc_column_inner][vc_column_inner width=&#8221;1\/4&#8243;][vc_column_text]\n<h5>CEAK &#8211; N\u00facleo Vila Nova<\/h5>\n<p>(Av. Theodureto de Almeida Camargo, 750 \u2013 Vila Nova \u2013 pr\u00e9dio do Educand\u00e1rio Eur\u00edpedes, anexo \u00e0 padaria Bambini)<\/p>\n<p>Aos domingos, das 9h \u00e0s 11h<br \/>\nSegundas-feiras, das 20h \u00e0s 22h<br \/>\nQuartas-feiras, das 20h \u00e0s 22h.[\/vc_column_text][\/vc_column_inner][vc_column_inner width=&#8221;1\/4&#8243;][vc_column_text]\n<h5>CEAK &#8211; Alvorada de Cristo<\/h5>\n<p>(Rua do Professor, 292 \u2013 Jardim Proen\u00e7a)<\/p>\n<p>Aos domingos, das 10h \u00e0s 11h[\/vc_column_text][\/vc_column_inner][vc_column_inner width=&#8221;1\/4&#8243;][vc_column_text][\/vc_column_text][\/vc_column_inner][\/vc_row_inner][vc_column_text]Informa\u00e7\u00f5es: <a href=\"mailto: cimf.ceak@ceak.org.br \"> cimf.ceak@ceak.org.br <\/a> ou Fone:\u00a0<a href=\"tel:+551925148763\">(19) 2514-8763<\/a>[\/vc_column_text][\/vc_column][\/vc_row][vc_row][vc_column][vc_empty_space height=&#8221;15px&#8221;][vc_separator][vc_empty_space height=&#8221;15px&#8221;][\/vc_column][\/vc_row][vc_row el_id=&#8221;mocidade&#8221;][vc_column width=&#8221;1\/2&#8243;][vc_column_text]\n<h2>Mocidade Esp\u00edrita<\/h2>\n<p>Assim como a Educa\u00e7\u00e3o Esp\u00edrita Infantil, a Mocidade Esp\u00edrita tamb\u00e9m est\u00e1 presente no CEAK desde sua funda\u00e7\u00e3o. Importantes figuras do CEAK iniciaram seus trabalhos na Mocidade, como \u00e9 o caso de Therezinha Oliveira e Daisy Jurgensen Machado <a href=\"\/ceak\/biografias\/\">(conhe\u00e7a mais sobre elas em PERSONALIDADES)<\/a>.<\/p>\n<p>Sob a tutela da Coordenadoria de Inf\u00e2ncia, Mocidade e Fam\u00edlia, o objetivo da Mocidade \u00e9 estimular o pr\u00f3prio jovem ao estudo da doutrina e de tem\u00e1ticas do universo jovem, sob a \u00f3tica esp\u00edrita. Com metodologia apropriada \u00e0 faixa et\u00e1ria, o curso conta com discuss\u00f5es em grupo, din\u00e2micas, atividades externas, viv\u00eancias e envolvimento com as atividades volunt\u00e1rias do CEAK. Os jovens participam tamb\u00e9m de in\u00fameros encontros de mocidades e juventudes esp\u00edritas, possibilitando assim, a troca, a amizade e o contato com outros jovens que compartilham dos mesmos objetivos e interesses.<\/p>\n<p>Para fazer parte dos grupos da Mocidade Esp\u00edrita, o jovem precisa ter entre 15 e 23 anos. O in\u00edcio da participa\u00e7\u00e3o pode acontecer em qualquer tempo ao longo do ano, pois a metodologia empregada possibilita essa flexibilidade.<\/p>\n<h3><span style=\"color: #099ba3;\">Hor\u00e1rios e locais:<\/span><\/h3>\n[\/vc_column_text][\/vc_column][vc_column width=&#8221;1\/2&#8243;][vc_single_image image=&#8221;482&#8243; img_size=&#8221;full&#8221; alignment=&#8221;right&#8221; style=&#8221;vc_box_shadow_3d&#8221; css_animation=&#8221;none&#8221;][\/vc_column][\/vc_row][vc_row][vc_column][vc_row_inner][vc_column_inner width=&#8221;1\/4&#8243;][vc_column_text]\n<h5>CEAK Sede<\/h5>\n<p>(Rua Irm\u00e3 Serafina, 707 \u2013 Centro)<\/p>\n<p><strong>Mocidade Allan Kardec<\/strong><br \/>\nAos domingos, das 9h \u00e0s 11h<br \/>\n[\/vc_column_text][\/vc_column_inner][vc_column_inner width=&#8221;1\/4&#8243;][vc_column_text]\n<h5>CEAK &#8211; N\u00facleo Vila Nova<\/h5>\n<p>(Av. Theodureto de Almeida Camargo, 750 \u2013 Vila Nova \u2013 pr\u00e9dio do Educand\u00e1rio Eur\u00edpedes, anexo \u00e0 padaria Bambini)<\/p>\n<p><strong>Mocidade Amigos Esp\u00edritas<\/strong><br \/>\nAos domingos, das 9h \u00e0s 11h<br \/>\n[\/vc_column_text][\/vc_column_inner][vc_column_inner width=&#8221;1\/4&#8243;][vc_column_text]\n<h5>CEAK &#8211; Alvorada de Cristo<\/h5>\n<p>(Rua do Professor, 292 \u2013 Jardim Proen\u00e7a)<\/p>\n<p><strong>Mocidade Alvorada<\/strong><br \/>\nAos domingos, das 9h \u00e0s 11h<br \/>\n[\/vc_column_text][\/vc_column_inner][vc_column_inner width=&#8221;1\/4&#8243;][vc_column_text][\/vc_column_text][\/vc_column_inner][\/vc_row_inner][vc_column_text]Informa\u00e7\u00f5es: <a href=\"mailto: cimf.ceak@ceak.org.br \"> cimf.ceak@ceak.org.br <\/a> ou Fone:\u00a0<a href=\"tel:+551925148763\">(19) 2514-8763<\/a>[\/vc_column_text][\/vc_column][\/vc_row][vc_row][vc_column][vc_empty_space height=&#8221;15px&#8221;][vc_separator][vc_empty_space height=&#8221;15px&#8221;][\/vc_column][\/vc_row]\n","protected":false},"excerpt":{"rendered":"[vc_row][vc_column][vc_column_text] Educa\u00e7\u00e3o Esp\u00edrita [\/vc_column_text][\/vc_column][\/vc_row][vc_row el_id=&#8221;criancas&#8221;][vc_column width=&#8221;1\/2&#8243;][vc_column_text] Educa\u00e7\u00e3o Esp\u00edrita para crian\u00e7as A Educa\u00e7\u00e3o Esp\u00edrita para crian\u00e7as est\u00e1 presente no Centro Esp\u00edrita Allan Kardec desde os primeiros anos de sua funda\u00e7\u00e3o. Para Gustavo Marcondes e Serv\u00edlio Marrone, fundadores da entidade, era muito importante oferecer \u00e0 alma infantil os esclarecimentos consoladores e norteadores do Espiritismo. O objetivo da [&hellip;]\n","protected":false},"author":1,"featured_media":0,"parent":0,"menu_order":0,"comment_status":"closed","ping_status":"closed","template":"page-blank-container.php","meta":[],"_links":{"self":[{"href":"https:\/\/ceak.org.br\/ceak\/wp-json\/wp\/v2\/pages\/577"}],"collection":[{"href":"https:\/\/ceak.org.br\/ceak\/wp-json\/wp\/v2\/pages"}],"about":[{"href":"https:\/\/ceak.org.br\/ceak\/wp-json\/wp\/v2\/types\/page"}],"author":[{"embeddable":true,"href":"https:\/\/ceak.org.br\/ceak\/wp-json\/wp\/v2\/users\/1"}],"replies":[{"embeddable":true,"href":"https:\/\/ceak.org.br\/ceak\/wp-json\/wp\/v2\/comments?post=577"}],"version-history":[{"count":4,"href":"https:\/\/ceak.org.br\/ceak\/wp-json\/wp\/v2\/pages\/577\/revisions"}],"predecessor-version":[{"id":21241,"href":"https:\/\/ceak.org.br\/ceak\/wp-json\/wp\/v2\/pages\/577\/revisions\/21241"}],"wp:attachment":[{"href":"https:\/\/ceak.org.br\/ceak\/wp-json\/wp\/v2\/media?parent=577"}],"curies":[{"name":"wp","href":"https:\/\/api.w.org\/{rel}","templated":true}]}}