{"id":592,"date":"2017-04-15T22:33:18","date_gmt":"2017-04-15T22:33:18","guid":{"rendered":"http:\/\/ceak.org.br\/ceak\/?page_id=592"},"modified":"2021-03-08T19:25:33","modified_gmt":"2021-03-08T22:25:33","slug":"clube-do-livro","status":"publish","type":"page","link":"https:\/\/ceak.org.br\/ceak\/clube-do-livro\/","title":{"rendered":"Clube do Livro"},"content":{"rendered":"[vc_row][vc_column][vc_column_text]\n<h1>Clube do Livro<\/h1>\n[\/vc_column_text][\/vc_column][\/vc_row][vc_row][vc_column width=&#8221;1\/2&#8243;][vc_column_text]O Clube do Livro Esp\u00edrita promove o estudo e a divulga\u00e7\u00e3o da doutrina esp\u00edrita e contribui com todas as obras assistenciais do Centro Esp\u00edrita Allan Kardec, tendo 100% da renda destinada aos projetos sociais.<\/p>\n<p>O Clube do Livro CEAK garante uma economia de at\u00e9 60% sobre o valor de capa das obras recebidas.<\/p>\n<p>Os livros disponibilizados alternam-se entre romances, estudos, reflex\u00f5es e autoajuda.[\/vc_column_text][\/vc_column][vc_column width=&#8221;1\/2&#8243;][vc_single_image image=&#8221;634&#8243; img_size=&#8221;full&#8221; alignment=&#8221;right&#8221; style=&#8221;vc_box_shadow_3d&#8221; css_animation=&#8221;none&#8221;][\/vc_column][\/vc_row][vc_row][vc_column][vc_empty_space height=&#8221;15px&#8221;][vc_separator][vc_empty_space height=&#8221;15px&#8221;][\/vc_column][\/vc_row][vc_row][vc_column width=&#8221;1\/2&#8243;][vc_single_image image=&#8221;636&#8243; img_size=&#8221;full&#8221; style=&#8221;vc_box_shadow_3d&#8221; css_animation=&#8221;none&#8221;][\/vc_column][vc_column width=&#8221;1\/2&#8243;][vc_column_text]\n<h2>Benef\u00edcios:<\/h2>\n<p>&#8211; voc\u00ea recebe um livro por m\u00eas (todos lan\u00e7amentos) pelo per\u00edodo que voc\u00ea escolher. As assinaturas podem ser trimestrais, semestrais ou anuais;<\/p>\n<p>&#8211; 20% de desconto em qualquer livro, CD ou DVD;<\/p>\n<p>&#8211; 25% de desconto em qualquer obra da Editora Allan Kardec.<br \/>\nAssocie-se agora mesmo!<\/p>\n<p>&#8211; Aten\u00e7\u00e3o:\u00a0Os exemplares dever\u00e3o ser retirados\u00a0na Livraria do CEAK<\/p>\n<p>Informa\u00e7\u00f5es: <a href=\"tel:+551925148783\">19 2514-8783<\/a> ou <a href=\"mailto:clubedolivro@ceak.org.br\">clubedolivro@ceak.org.br<\/a>[\/vc_column_text][\/vc_column][\/vc_row]\n","protected":false},"excerpt":{"rendered":"[vc_row][vc_column][vc_column_text] Clube do Livro [\/vc_column_text][\/vc_column][\/vc_row][vc_row][vc_column width=&#8221;1\/2&#8243;][vc_column_text]O Clube do Livro Esp\u00edrita promove o estudo e a divulga\u00e7\u00e3o da doutrina esp\u00edrita e contribui com todas as obras assistenciais do Centro Esp\u00edrita Allan Kardec, tendo 100% da renda destinada aos projetos sociais. O Clube do Livro CEAK garante uma economia de at\u00e9 60% sobre o valor de capa [&hellip;]\n","protected":false},"author":1,"featured_media":0,"parent":0,"menu_order":0,"comment_status":"closed","ping_status":"closed","template":"page-blank-container.php","meta":[],"_links":{"self":[{"href":"https:\/\/ceak.org.br\/ceak\/wp-json\/wp\/v2\/pages\/592"}],"collection":[{"href":"https:\/\/ceak.org.br\/ceak\/wp-json\/wp\/v2\/pages"}],"about":[{"href":"https:\/\/ceak.org.br\/ceak\/wp-json\/wp\/v2\/types\/page"}],"author":[{"embeddable":true,"href":"https:\/\/ceak.org.br\/ceak\/wp-json\/wp\/v2\/users\/1"}],"replies":[{"embeddable":true,"href":"https:\/\/ceak.org.br\/ceak\/wp-json\/wp\/v2\/comments?post=592"}],"version-history":[{"count":2,"href":"https:\/\/ceak.org.br\/ceak\/wp-json\/wp\/v2\/pages\/592\/revisions"}],"predecessor-version":[{"id":9051,"href":"https:\/\/ceak.org.br\/ceak\/wp-json\/wp\/v2\/pages\/592\/revisions\/9051"}],"wp:attachment":[{"href":"https:\/\/ceak.org.br\/ceak\/wp-json\/wp\/v2\/media?parent=592"}],"curies":[{"name":"wp","href":"https:\/\/api.w.org\/{rel}","templated":true}]}}