{"id":601,"date":"2017-04-18T18:32:48","date_gmt":"2017-04-18T18:32:48","guid":{"rendered":"http:\/\/ceak.org.br\/ceak\/?page_id=601"},"modified":"2018-09-28T19:45:35","modified_gmt":"2018-09-28T19:45:35","slug":"como-ajudar-nac","status":"publish","type":"page","link":"https:\/\/ceak.org.br\/ceak\/como-ajudar-nac\/","title":{"rendered":"Como Ajudar o Alvorada de Cristo"},"content":{"rendered":"[vc_row][vc_column][vc_column_text]\n<h1>Como Ajudar\u00a0o Alvorada de Cristo<\/h1>\n[\/vc_column_text][\/vc_column][\/vc_row][vc_row][vc_column][vc_column_text]Existem diversas maneiras de se colaborar com o N\u00facleo Alvorada de Cristo. Os interessados podem se associar contribuindo com um valor mensal ou ainda efetuar doa\u00e7\u00f5es pontuais de produtos de extrema necessidade. Veja como apoiar os trabalhos do N\u00facleo:[\/vc_column_text][\/vc_column][\/vc_row][vc_row][vc_column][vc_empty_space height=&#8221;15px&#8221;][vc_separator][vc_empty_space height=&#8221;15px&#8221;][\/vc_column][\/vc_row][vc_row disable_element=&#8221;yes&#8221;][vc_column][vc_column_text]\n<h2><img src=\"http:\/\/ceak.org.br\/cavi\/wp-content\/uploads\/2017\/02\/HEART-BEATING-PINK-50.gif\" alt=\"\" \/>Sendo um associado contribuinte<\/h2>\n<p>Atrav\u00e9s de uma contribui\u00e7\u00e3o mensal,\u00a0utilizando seu cart\u00e3o de credito, voc\u00ea pode ser um associado e apoiar os trabalhos do Alvorada de Cristo.<strong> A doa\u00e7\u00e3o ser\u00e1 descontada automaticamente do seu cart\u00e3o de cr\u00e9dito mensalmente.<\/strong><\/p>\n[\/vc_column_text][vc_single_image image=&#8221;506&#8243; img_size=&#8221;200&#215;35&#8243;][\/vc_column][\/vc_row][vc_row disable_element=&#8221;yes&#8221;][vc_column width=&#8221;1\/6&#8243;][vc_btn title=&#8221;<strong>R$ 10,00<\/strong>&#8221; style=&#8221;custom&#8221; custom_background=&#8221;#44bcc4&#8243; custom_text=&#8221;#ffffff&#8221; align=&#8221;center&#8221; i_icon_fontawesome=&#8221;fa fa-heart&#8221; button_block=&#8221;true&#8221; add_icon=&#8221;true&#8221; link=&#8221;url:https%3A%2F%2Fapp.vindi.com.br%2Fcustomer%2Fpages%2F2a6af3aa-da4f-4150-baf0-2c07925e1847%2Fsubscriptions%2Fnew|title:Obrigado%20pela%20sua%20doa%C3%A7%C3%A3o%20mensal%20de%20R%24%2010%2C00!|target:%20_blank|rel:nofollow&#8221;][\/vc_column][vc_column width=&#8221;1\/6&#8243;][vc_btn title=&#8221;<strong>R$ 20,00<\/strong>&#8221; style=&#8221;custom&#8221; custom_background=&#8221;#0b97a1&#8243; custom_text=&#8221;#ffffff&#8221; align=&#8221;center&#8221; i_icon_fontawesome=&#8221;fa fa-heart&#8221; button_block=&#8221;true&#8221; add_icon=&#8221;true&#8221; link=&#8221;url:https%3A%2F%2Fapp.vindi.com.br%2Fcustomer%2Fpages%2F82fd813d-513e-4d0c-a44e-0277d5ef0821%2Fsubscriptions%2Fnew|title:Obrigado%20pela%20sua%20doa%C3%A7%C3%A3o%20mensal%20de%20R%24%2020%2C00!|target:%20_blank|rel:nofollow&#8221;][\/vc_column][vc_column width=&#8221;1\/6&#8243;][vc_btn title=&#8221;<strong>R$ 30,00<\/strong>&#8221; style=&#8221;custom&#8221; custom_background=&#8221;#0e7684&#8243; custom_text=&#8221;#ffffff&#8221; align=&#8221;center&#8221; i_icon_fontawesome=&#8221;fa fa-heart&#8221; button_block=&#8221;true&#8221; add_icon=&#8221;true&#8221; link=&#8221;url:https%3A%2F%2Fapp.vindi.com.br%2Fcustomer%2Fpages%2F7c7cb223-5526-40c3-a72b-bb39701c5d96%2Fsubscriptions%2Fnew|title:Obrigado%20pela%20sua%20doa%C3%A7%C3%A3o%20mensal%20de%20R%24%2030%2C00!|target:%20_blank|rel:nofollow&#8221;][\/vc_column][vc_column width=&#8221;1\/6&#8243;][vc_btn title=&#8221;<strong>R$ 50,00<\/strong>&#8221; style=&#8221;custom&#8221; custom_background=&#8221;#157fa8&#8243; custom_text=&#8221;#ffffff&#8221; align=&#8221;center&#8221; i_icon_fontawesome=&#8221;fa fa-heart&#8221; button_block=&#8221;true&#8221; add_icon=&#8221;true&#8221; link=&#8221;url:https%3A%2F%2Fapp.vindi.com.br%2Fcustomer%2Fpages%2F10bc53c3-51d3-4526-852a-32645c0162fe%2Fsubscriptions%2Fnew|title:Obrigado%20pela%20sua%20doa%C3%A7%C3%A3o%20mensal%20de%20R%24%2050%2C00!|target:%20_blank|rel:nofollow&#8221;][\/vc_column][vc_column width=&#8221;1\/6&#8243;][vc_btn title=&#8221;<strong>R$ 100,00<\/strong>&#8221; style=&#8221;custom&#8221; custom_background=&#8221;#05567e&#8221; custom_text=&#8221;#ffffff&#8221; align=&#8221;center&#8221; i_icon_fontawesome=&#8221;fa fa-heart&#8221; button_block=&#8221;true&#8221; add_icon=&#8221;true&#8221; link=&#8221;url:https%3A%2F%2Fapp.vindi.com.br%2Fcustomer%2Fpages%2F98d75c52-b399-4319-8a65-3fe45cbd036a%2Fsubscriptions%2Fnew|title:Obrigado%20pela%20sua%20doa%C3%A7%C3%A3o%20mensal%20de%20R%24%20100%2C00!|target:%20_blank|rel:nofollow&#8221;][\/vc_column][vc_column width=&#8221;1\/6&#8243;][vc_btn title=&#8221;<strong>R$ 200,00<\/strong>&#8221; style=&#8221;custom&#8221; custom_background=&#8221;#043d57&#8243; custom_text=&#8221;#ffffff&#8221; align=&#8221;center&#8221; i_icon_fontawesome=&#8221;fa fa-heart&#8221; button_block=&#8221;true&#8221; add_icon=&#8221;true&#8221; link=&#8221;url:https%3A%2F%2Fapp.vindi.com.br%2Fcustomer%2Fpages%2F850c54da-8184-4484-ab71-4fb539dd15a5%2Fsubscriptions%2Fnew|title:Obrigado%20pela%20sua%20doa%C3%A7%C3%A3o%20mensal%20de%20R%24%20200%2C00!|target:%20_blank|rel:nofollow&#8221;][\/vc_column][\/vc_row][vc_row disable_element=&#8221;yes&#8221;][vc_column][vc_column_text](N\u00e3o dedut\u00edvel do imposto de Renda)<\/p>\n<p>Para altera\u00e7\u00f5es, outros valores e mais informa\u00e7\u00f5es. Entre em contato conosco pelo e-mail: <a href=\"mailto:associados@ceak.org.br\">associados@ceak.org.br<\/a>[\/vc_column_text][\/vc_column][\/vc_row][vc_row disable_element=&#8221;yes&#8221;][vc_column][vc_empty_space height=&#8221;15px&#8221;][vc_separator][vc_empty_space height=&#8221;15px&#8221;][\/vc_column][\/vc_row][vc_row][vc_column width=&#8221;1\/2&#8243;][vc_column_text]\n<h2>Doa\u00e7\u00e3o eletr\u00f4nica<\/h2>\n[\/vc_column_text][vc_btn title=&#8221;FA\u00c7A SUA DOA\u00c7\u00c3O&#8221; style=&#8221;custom&#8221; custom_background=&#8221;#035b80&#8243; custom_text=&#8221;#ffffff&#8221; shape=&#8221;square&#8221; size=&#8221;lg&#8221; i_icon_fontawesome=&#8221;fa fa-heart-o&#8221; add_icon=&#8221;true&#8221; link=&#8221;url:https%3A%2F%2Fceak.colabore.org%2Fnac%2Fpeople%2Fnew||target:%20_blank|&#8221;][vc_separator][vc_column_text]\n<h2>Doa\u00e7\u00e3o atrav\u00e9s de dep\u00f3sito banc\u00e1rio<\/h2>\n<p><strong> Banco Bradesco <\/strong><br \/>\nAG: <strong>2748<\/strong><br \/>\nCC: <strong> 4664-7 <\/strong><br \/>\nCNPJ: <strong>46.076.915\/0006-96 <\/strong><br \/>\nRaz\u00e3o Social: <strong>Centro Esp\u00edrita Allan Kardec \u2013 N\u00facleo Alvorada de Cristo<\/strong><\/p>\n<p>Entre em contato conosco: <a href=\"tel:+551932558840\"> (19) 3255-8840<\/a> \/ <a href=\"mailto:contato.ceak@ceak.org.br\">contato.ceak@ceak.org.br<\/a>[\/vc_column_text][\/vc_column][vc_column width=&#8221;1\/2&#8243;][vc_single_image image=&#8221;511&#8243; img_size=&#8221;full&#8221; alignment=&#8221;right&#8221; style=&#8221;vc_box_shadow_3d&#8221; css_animation=&#8221;bottom-to-top&#8221;][\/vc_column][\/vc_row][vc_row][vc_column][vc_empty_space height=&#8221;15px&#8221;][vc_separator][vc_empty_space height=&#8221;15px&#8221;][\/vc_column][\/vc_row][vc_row][vc_column][vc_column_text]\n[\/vc_column_text][\/vc_column][\/vc_row][vc_row][vc_column width=&#8221;1\/2&#8243;][vc_video link=&#8221;https:\/\/www.youtube.com\/watch?v=sx5vnutds9I&amp;t=5s &#8220;][\/vc_column][vc_column width=&#8221;1\/2&#8221;][vc_column_text]\n<h2>Doando sua nota fiscal sem CPF<\/h2>\n<p>Ficou ainda mais f\u00e1cil doar seus cupons para as obras sociais do CEAK, al\u00e9m de doar seu cupom fiscal pelo App da Secretaria da Fazenda, voc\u00ea tamb\u00e9m pode programar para que a doa\u00e7\u00e3o se torne autom\u00e1tica no ato da compra, sem precisar digitar ou ler o c\u00f3digo de barras.<\/p>\n<p>Assista o v\u00eddeo e saiba como.<\/p>\n<p><a href=\"https:\/\/play.google.com\/store\/apps\/details?id=br.gov.sp.fazenda.nfp.app&amp;hl=pt_BR\" target=\"_blank\"><img loading=\"lazy\" class=\"alignnone wp-image-270 size-full\" src=\"http:\/\/ceak.org.br\/ceak\/wp-content\/uploads\/2017\/10\/google_play.png\" alt=\"google-play\" width=\"135\" height=\"40\" \/><\/a> <a href=\"https:\/\/itunes.apple.com\/br\/app\/nota-fiscal-paulista\/id1190556528?mt=8\" target=\"_blank\"><img loading=\"lazy\" class=\"alignnone wp-image-270 size-full\" src=\"http:\/\/ceak.org.br\/ceak\/wp-content\/uploads\/2017\/10\/appstore.png\" alt=\"app store\" width=\"135\" height=\"40\" \/><\/a>[\/vc_column_text][\/vc_column][\/vc_row][vc_row][vc_column][vc_empty_space height=&#8221;15px&#8221;][vc_separator][vc_empty_space height=&#8221;15px&#8221;][\/vc_column][\/vc_row][vc_row][vc_column width=&#8221;1\/2&#8243;][vc_column_text]\n<h2>Sendo um volunt\u00e1rio<\/h2>\n<p>Trabalho fundamental para o desenvolvimento de nossas atividades, contamos com mais 1250 volunt\u00e1rios atuando em diversas \u00e1reas do CEAK, seus departamentos e N\u00facelos. Seja um volunt\u00e1rio!<\/p>\n<a href=\"http:\/\/ceak.org.br\/ceak\/voluntariado\/\" class=\"button medium primary\" >Saiba mais<\/a>\n<p>Contato: <a href=\"mailto:voluntarios@ceak.org.br\">voluntarios@ceak.org.br<\/a>[\/vc_column_text][\/vc_column][vc_column width=&#8221;1\/2&#8243;][vc_single_image image=&#8221;513&#8243; img_size=&#8221;full&#8221; alignment=&#8221;right&#8221; style=&#8221;vc_box_shadow_3d&#8221; css_animation=&#8221;bottom-to-top&#8221;][\/vc_column][\/vc_row][vc_row][vc_column][vc_empty_space height=&#8221;15px&#8221;][vc_separator][vc_empty_space height=&#8221;15px&#8221;][\/vc_column][\/vc_row][vc_row][vc_column width=&#8221;1\/2&#8243;][vc_single_image image=&#8221;607&#8243; img_size=&#8221;full&#8221; style=&#8221;vc_box_shadow_3d&#8221; css_animation=&#8221;bottom-to-top&#8221;][\/vc_column][vc_column width=&#8221;1\/2&#8243;][vc_column_text]\n<h2>Doando alimentos<\/h2>\n<p>Doe uma cesta b\u00e1sica de alimentos e\/ou alimentos n\u00e3o perec\u00edveis.<br \/>\nEntre em contato conosco: <a href=\"mailto:contato.ac@ceak.org.br\">contato.ac@ceak.org.br<\/a> <a href=\"tel:+551932558840\">(19) 3255-8840<\/a><\/p>\n<h2>Doando produtos e outros materiais<\/h2>\n<p>O N\u00facleo Alvorada de Cristo necessita de <strong>itens diversos para montagem de enxoval para os beb\u00eas<\/strong>.[\/vc_column_text][\/vc_column][\/vc_row]\n","protected":false},"excerpt":{"rendered":"[vc_row][vc_column][vc_column_text] Como Ajudar\u00a0o Alvorada de Cristo [\/vc_column_text][\/vc_column][\/vc_row][vc_row][vc_column][vc_column_text]Existem diversas maneiras de se colaborar com o N\u00facleo Alvorada de Cristo. Os interessados podem se associar contribuindo com um valor mensal ou ainda efetuar doa\u00e7\u00f5es pontuais de produtos de extrema necessidade. Veja como apoiar os trabalhos do N\u00facleo:[\/vc_column_text][\/vc_column][\/vc_row][vc_row][vc_column][vc_empty_space height=&#8221;15px&#8221;][vc_separator][vc_empty_space height=&#8221;15px&#8221;][\/vc_column][\/vc_row][vc_row disable_element=&#8221;yes&#8221;][vc_column][vc_column_text] Sendo um associado contribuinte Atrav\u00e9s de uma [&hellip;]\n","protected":false},"author":1,"featured_media":0,"parent":0,"menu_order":0,"comment_status":"closed","ping_status":"closed","template":"page-blank-container.php","meta":[],"_links":{"self":[{"href":"https:\/\/ceak.org.br\/ceak\/wp-json\/wp\/v2\/pages\/601"}],"collection":[{"href":"https:\/\/ceak.org.br\/ceak\/wp-json\/wp\/v2\/pages"}],"about":[{"href":"https:\/\/ceak.org.br\/ceak\/wp-json\/wp\/v2\/types\/page"}],"author":[{"embeddable":true,"href":"https:\/\/ceak.org.br\/ceak\/wp-json\/wp\/v2\/users\/1"}],"replies":[{"embeddable":true,"href":"https:\/\/ceak.org.br\/ceak\/wp-json\/wp\/v2\/comments?post=601"}],"version-history":[{"count":0,"href":"https:\/\/ceak.org.br\/ceak\/wp-json\/wp\/v2\/pages\/601\/revisions"}],"wp:attachment":[{"href":"https:\/\/ceak.org.br\/ceak\/wp-json\/wp\/v2\/media?parent=601"}],"curies":[{"name":"wp","href":"https:\/\/api.w.org\/{rel}","templated":true}]}}