{"id":724,"date":"2017-06-30T23:05:44","date_gmt":"2017-06-30T23:05:44","guid":{"rendered":"http:\/\/ceak.org.br\/ceak\/?page_id=724"},"modified":"2017-07-04T01:33:14","modified_gmt":"2017-07-04T01:33:14","slug":"curso-mediunidade","status":"publish","type":"page","link":"https:\/\/ceak.org.br\/ceak\/curso-mediunidade\/","title":{"rendered":"Curso em V\u00eddeo"},"content":{"rendered":"[vc_row][vc_column][vc_column_text]\n<h1>Mediunidade &#8211; Therezinha Oliveira<\/h1>\n[\/vc_column_text][\/vc_column][\/vc_row][vc_row][vc_column width=&#8221;1\/3&#8243;][vc_video link=&#8221;https:\/\/www.youtube.com\/watch?v=2NwlKKaes5w&#8221;][vc_column_text]\n<h6 style=\"text-align: center;\">AULA 01 &#8211; QUE \u00c9 E COMO PRATIC\u00c1-LA<\/h6>\n[\/vc_column_text][\/vc_column][vc_column width=&#8221;1\/3&#8243;][vc_video link=&#8221;https:\/\/www.youtube.com\/watch?v=wkCoeJ2K8jQ&#8221;][vc_column_text]\n<h6 style=\"text-align: center;\">AULA 02 &#8211; NA B\u00cdBLIA E NO ESPIRITISMO<\/h6>\n[\/vc_column_text][\/vc_column][vc_column width=&#8221;1\/3&#8243;][vc_video link=&#8221;https:\/\/www.youtube.com\/watch?v=NEKgE8cz7Js&#8221;][vc_column_text]\n<h6 style=\"text-align: center;\">AULA 03 &#8211; MEDIUNIDADE E CORPO F\u00cdSICO<\/h6>\n[\/vc_column_text][\/vc_column][\/vc_row][vc_row][vc_column width=&#8221;1\/3&#8243;][vc_video link=&#8221;https:\/\/www.youtube.com\/watch?v=Zu1aszy3BxM&#8221;][vc_column_text]\n<h6 style=\"text-align: center;\">AULA 04 &#8211; DESENVOLVIMENTO MEDI\u00daNICO<\/h6>\n[\/vc_column_text][\/vc_column][vc_column width=&#8221;1\/3&#8243;][vc_video link=&#8221;https:\/\/www.youtube.com\/watch?v=PDS1yMokiJ0&#8243;][vc_column_text]\n<h6 style=\"text-align: center;\">AULA 05 &#8211; CLASSIFICA\u00c7\u00c3O DE MEDIUNIDADE<\/h6>\n[\/vc_column_text][\/vc_column][vc_column width=&#8221;1\/3&#8243;][vc_video link=&#8221;https:\/\/www.youtube.com\/watch?v=XTt83aY3Q0g&#8221;][vc_column_text]\n<h6 style=\"text-align: center;\">AULA 06 &#8211; MECANISMO DA MEDIUNIDADE<\/h6>\n[\/vc_column_text][\/vc_column][\/vc_row][vc_row][vc_column width=&#8221;1\/3&#8243;][vc_video link=&#8221;https:\/\/www.youtube.com\/watch?v=IR87zoLjiOI&#8221;][vc_column_text]\n<h6 style=\"text-align: center;\">AULA 07 &#8211; A NATUREZA DOS ESP\u00cdRITOS<\/h6>\n[\/vc_column_text][\/vc_column][vc_column width=&#8221;1\/3&#8243;][vc_video link=&#8221;https:\/\/www.youtube.com\/watch?v=LrSvDYAJI04&#8243;][vc_column_text]\n<h6 style=\"text-align: center;\">AULA 08 &#8211; REUNI\u00c3O MEDI\u00daNICA<\/h6>\n[\/vc_column_text][\/vc_column][vc_column width=&#8221;1\/3&#8243;][vc_video link=&#8221;https:\/\/www.youtube.com\/watch?v=pA8eMo5Iw10&#8243;][vc_column_text]\n<h6 style=\"text-align: center;\">AULA 09 &#8211; OS FLUIDOS<\/h6>\n[\/vc_column_text][\/vc_column][\/vc_row][vc_row][vc_column width=&#8221;1\/3&#8243;][\/vc_column][vc_column width=&#8221;1\/3&#8243;][vc_video link=&#8221;https:\/\/www.youtube.com\/watch?v=epjAAvhBJ5k&#8221;][vc_column_text]\n<h6 style=\"text-align: center;\">AULA 11 &#8211; CONCENTRA\u00c7\u00c3O<\/h6>\n[\/vc_column_text][\/vc_column][vc_column width=&#8221;1\/3&#8243;][vc_video link=&#8221;https:\/\/www.youtube.com\/watch?v=_DfXiVT9VIA&#8221;][vc_column_text]\n<h6 style=\"text-align: center;\">AULA 12 &#8211; AURA E IRRADIA\u00c7\u00c3O<\/h6>\n[\/vc_column_text][\/vc_column][\/vc_row][vc_row][vc_column width=&#8221;1\/3&#8243;][vc_video link=&#8221;https:\/\/www.youtube.com\/watch?v=2Lqzw5Ak1aE&#8221;][vc_column_text]\n<h6 style=\"text-align: center;\">AULA 13 &#8211; FEN\u00d4MENO MEDI\u00daNICO<\/h6>\n[\/vc_column_text][\/vc_column][vc_column width=&#8221;1\/3&#8243;][vc_video link=&#8221;https:\/\/www.youtube.com\/watch?v=NgO57zu4_lY&#8221;][vc_column_text]\n<h6 style=\"text-align: center;\">AULA 14 &#8211; ANISMISMOS E ESPIRITISMO<\/h6>\n[\/vc_column_text][\/vc_column][vc_column width=&#8221;1\/3&#8243;][vc_video link=&#8221;https:\/\/www.youtube.com\/watch?v=tAAU8K0PLkE&#8221;][vc_column_text]\n<h6 style=\"text-align: center;\">AULA 15 &#8211; EMANCIPA\u00c7\u00c3O DA ALMA<\/h6>\n[\/vc_column_text][\/vc_column][\/vc_row][vc_row][vc_column width=&#8221;1\/3&#8243;][vc_video link=&#8221;https:\/\/www.youtube.com\/watch?v=fLGjk8yrBrU&#8221;][vc_column_text]\n<h6 style=\"text-align: center;\">AULA16 &#8211; EMANCIA\u00c7\u00c3O DA ALMA<\/h6>\n[\/vc_column_text][\/vc_column][vc_column width=&#8221;1\/3&#8243;][vc_video link=&#8221;https:\/\/www.youtube.com\/watch?v=AlGynaHVAUo&#8221;][vc_column_text]\n<h6 style=\"text-align: center;\">AULA 17 &#8211; CLARIVID\u00caNCIA E CLARIAUDI\u00caNCIA<\/h6>\n[\/vc_column_text][\/vc_column][vc_column width=&#8221;1\/3&#8243;][vc_video link=&#8221;https:\/\/www.youtube.com\/watch?v=un4j4tC_tvg&#8221;][vc_column_text]\n<h6 style=\"text-align: center;\">AULA 18 &#8211; PSICOMETRIA<\/h6>\n[\/vc_column_text][\/vc_column][\/vc_row][vc_row][vc_column width=&#8221;1\/3&#8243;][vc_video link=&#8221;https:\/\/www.youtube.com\/watch?v=tJvRabCjpiI&#8221;][vc_column_text]\n<h6 style=\"text-align: center;\">AULA 19 &#8211; INFLU\u00caNCIA DO M\u00c9DIUM NA COMUNICA\u00c7\u00c3O<\/h6>\n[\/vc_column_text][\/vc_column][vc_column width=&#8221;1\/3&#8243;][vc_video link=&#8221;https:\/\/www.youtube.com\/watch?v=HxoRU-cK6yI&#8221;][vc_column_text]\n<h6 style=\"text-align: center;\">AULA 20 &#8211; CONDICIONAMENTO E VICIA\u00c7\u00d5ES<\/h6>\n[\/vc_column_text][\/vc_column][vc_column width=&#8221;1\/3&#8243;][vc_video link=&#8221;https:\/\/www.youtube.com\/watch?v=_LMtdUvOYuE&#8221;][vc_column_text]\n<h6 style=\"text-align: center;\">AULA 21 &#8211; DE GRA\u00c7A RECEBESTE, DE GRA\u00c7A DAI<\/h6>\n[\/vc_column_text][\/vc_column][\/vc_row][vc_row][vc_column width=&#8221;1\/3&#8243;][vc_video link=&#8221;https:\/\/www.youtube.com\/watch?v=g4R6fyLEMlU&#8221;][vc_column_text]\n<h6 style=\"text-align: center;\">AULA 22 &#8211; MEDIUNIDADE \u00c9 MISS\u00c3O<\/h6>\n[\/vc_column_text][\/vc_column][vc_column width=&#8221;1\/3&#8243;][vc_video link=&#8221;https:\/\/www.youtube.com\/watch?v=W3XGXaszkQ8&#8243;][vc_column_text]\n<h6 style=\"text-align: center;\">AULA 23 &#8211; OBSESS\u00c3O I<\/h6>\n[\/vc_column_text][\/vc_column][vc_column width=&#8221;1\/3&#8243;][vc_video link=&#8221;https:\/\/www.youtube.com\/watch?v=KLqj8mJ5ixQ&#8221;][vc_column_text]\n<h6 style=\"text-align: center;\">AULA 24 &#8211; OBSESS\u00c3O II<\/h6>\n[\/vc_column_text][\/vc_column][\/vc_row][vc_row][vc_column width=&#8221;1\/3&#8243;][vc_video link=&#8221;https:\/\/www.youtube.com\/watch?v=DgKIN6LN5H0&#8243;][vc_column_text]\n<h6 style=\"text-align: center;\">AULA 25 &#8211; PERDA E SUSPENS\u00c3O DA MEDIUNIDADE<\/h6>\n[\/vc_column_text][\/vc_column][vc_column width=&#8221;1\/3&#8243;][vc_video link=&#8221;https:\/\/www.youtube.com\/watch?v=2GqEuWgRkYU&#8221;][vc_column_text]\n<h6 style=\"text-align: center;\">AULA 26 &#8211; PSICOFONIA<\/h6>\n[\/vc_column_text][\/vc_column][vc_column width=&#8221;1\/3&#8243;][vc_video link=&#8221;https:\/\/www.youtube.com\/watch?v=mvngmbcGq5I&#8221;][vc_column_text]\n<h6 style=\"text-align: center;\">AULA 27 &#8211; PSICOGRAFIA<\/h6>\n[\/vc_column_text][\/vc_column][\/vc_row][vc_row][vc_column width=&#8221;1\/3&#8243;][vc_video link=&#8221;https:\/\/www.youtube.com\/watch?v=hi6TA1bQF8A&#8221;][vc_column_text]\n<h6 style=\"text-align: center;\">AULA 28 &#8211; VID\u00caNCIA E AUDI\u00c7\u00d5ES<\/h6>\n[\/vc_column_text][\/vc_column][vc_column width=&#8221;1\/3&#8243;][vc_video link=&#8221;https:\/\/www.youtube.com\/watch?v=DoRmMETXBMg&#8221;][vc_column_text]\n<h6 style=\"text-align: center;\">AULA 29 &#8211; LABORAT\u00d3RIO DO MUNDO INVIS\u00cdVEL<\/h6>\n[\/vc_column_text][\/vc_column][vc_column width=&#8221;1\/3&#8243;][vc_video link=&#8221;https:\/\/www.youtube.com\/watch?v=FgfoNyni8iU&#8221;][vc_column_text]\n<h6 style=\"text-align: center;\">AULA 30 &#8211; MANIFESTA\u00c7\u00d5ES F\u00cdSICAS ESPONT\u00c2NEAS<\/h6>\n[\/vc_column_text][\/vc_column][\/vc_row][vc_row][vc_column width=&#8221;1\/3&#8243;][vc_video link=&#8221;https:\/\/www.youtube.com\/watch?v=nhjho1bUQ9k&#8221;][vc_column_text]\n<h6 style=\"text-align: center;\">AULA 31 &#8211; DE HYDESVILLE A KARDEC<\/h6>\n[\/vc_column_text][\/vc_column][vc_column width=&#8221;1\/3&#8243;][vc_video link=&#8221;https:\/\/www.youtube.com\/watch?v=Dm7AwOrD&#8211;M&#8221;][vc_column_text]\n<h6 style=\"text-align: center;\">AULA 32 &#8211; LEVITA\u00c7\u00c3O, TRANSPORTE E OUTROS FEN\u00d4MENOS<\/h6>\n[\/vc_column_text][\/vc_column][vc_column width=&#8221;1\/3&#8243;][vc_video link=&#8221;https:\/\/www.youtube.com\/watch?v=ooci76hf64A&#8221;][vc_column_text]\n<h6 style=\"text-align: center;\">AULA 33 &#8211; MATERIALIZA\u00c7\u00c3O<\/h6>\n[\/vc_column_text][\/vc_column][\/vc_row][vc_row][vc_column width=&#8221;1\/3&#8243;][vc_video link=&#8221;https:\/\/www.youtube.com\/watch?v=GF7bxOaCUdM&#8221;][vc_column_text]\n<h6 style=\"text-align: center;\">AULA 34 &#8211; CURAS I<\/h6>\n[\/vc_column_text][\/vc_column][vc_column width=&#8221;1\/3&#8243;][vc_video link=&#8221;https:\/\/www.youtube.com\/watch?v=e41lZ6oitjs&#8221;][vc_column_text]\n<h6 style=\"text-align: center;\">AULA 35 &#8211; CURAS II<\/h6>\n[\/vc_column_text][\/vc_column][vc_column width=&#8221;1\/3&#8243;][\/vc_column][\/vc_row]\n","protected":false},"excerpt":{"rendered":"[vc_row][vc_column][vc_column_text] Mediunidade &#8211; Therezinha Oliveira [\/vc_column_text][\/vc_column][\/vc_row][vc_row][vc_column width=&#8221;1\/3&#8243;][vc_video link=&#8221;https:\/\/www.youtube.com\/watch?v=2NwlKKaes5w&#8221;][vc_column_text] AULA 01 &#8211; QUE \u00c9 E COMO PRATIC\u00c1-LA [\/vc_column_text][\/vc_column][vc_column width=&#8221;1\/3&#8243;][vc_video link=&#8221;https:\/\/www.youtube.com\/watch?v=wkCoeJ2K8jQ&#8221;][vc_column_text] AULA 02 &#8211; NA B\u00cdBLIA E NO ESPIRITISMO [\/vc_column_text][\/vc_column][vc_column width=&#8221;1\/3&#8243;][vc_video link=&#8221;https:\/\/www.youtube.com\/watch?v=NEKgE8cz7Js&#8221;][vc_column_text] AULA 03 &#8211; MEDIUNIDADE E CORPO F\u00cdSICO [\/vc_column_text][\/vc_column][\/vc_row][vc_row][vc_column width=&#8221;1\/3&#8243;][vc_video link=&#8221;https:\/\/www.youtube.com\/watch?v=Zu1aszy3BxM&#8221;][vc_column_text] AULA 04 &#8211; DESENVOLVIMENTO MEDI\u00daNICO [\/vc_column_text][\/vc_column][vc_column width=&#8221;1\/3&#8243;][vc_video link=&#8221;https:\/\/www.youtube.com\/watch?v=PDS1yMokiJ0&#8243;][vc_column_text] AULA 05 &#8211; CLASSIFICA\u00c7\u00c3O DE MEDIUNIDADE [\/vc_column_text][\/vc_column][vc_column [&hellip;]\n","protected":false},"author":1,"featured_media":0,"parent":0,"menu_order":0,"comment_status":"closed","ping_status":"closed","template":"page-blank-container.php","meta":[],"_links":{"self":[{"href":"https:\/\/ceak.org.br\/ceak\/wp-json\/wp\/v2\/pages\/724"}],"collection":[{"href":"https:\/\/ceak.org.br\/ceak\/wp-json\/wp\/v2\/pages"}],"about":[{"href":"https:\/\/ceak.org.br\/ceak\/wp-json\/wp\/v2\/types\/page"}],"author":[{"embeddable":true,"href":"https:\/\/ceak.org.br\/ceak\/wp-json\/wp\/v2\/users\/1"}],"replies":[{"embeddable":true,"href":"https:\/\/ceak.org.br\/ceak\/wp-json\/wp\/v2\/comments?post=724"}],"version-history":[{"count":0,"href":"https:\/\/ceak.org.br\/ceak\/wp-json\/wp\/v2\/pages\/724\/revisions"}],"wp:attachment":[{"href":"https:\/\/ceak.org.br\/ceak\/wp-json\/wp\/v2\/media?parent=724"}],"curies":[{"name":"wp","href":"https:\/\/api.w.org\/{rel}","templated":true}]}}