{"id":1197,"date":"2025-03-07T15:10:14","date_gmt":"2025-03-07T15:10:14","guid":{"rendered":"https:\/\/ceak.org.br\/cgm\/?page_id=1197"},"modified":"2025-04-17T13:45:48","modified_gmt":"2025-04-17T13:45:48","slug":"politica-de-cookies","status":"publish","type":"page","link":"https:\/\/ceak.org.br\/cgm\/politica-de-cookies\/","title":{"rendered":"Pol\u00edtica de Cookies"},"content":{"rendered":"[vc_row row_type=&#8221;row&#8221; use_row_as_full_screen_section=&#8221;no&#8221; type=&#8221;full_width&#8221; angled_section=&#8221;no&#8221; text_align=&#8221;left&#8221; background_image_as_pattern=&#8221;without_pattern&#8221;][vc_column][vc_empty_space][vc_separator][\/vc_column][\/vc_row][vc_row row_type=&#8221;row&#8221; use_row_as_full_screen_section=&#8221;no&#8221; type=&#8221;full_width&#8221; angled_section=&#8221;no&#8221; text_align=&#8221;left&#8221; background_image_as_pattern=&#8221;without_pattern&#8221;][vc_column][vc_column_text]\n<h1 class=\"h-large\"><span style=\"color: #efa3a2;\">Pol\u00edtica de Cookies<\/span><\/h1>\n[\/vc_column_text][\/vc_column][\/vc_row][vc_row row_type=&#8221;row&#8221; use_row_as_full_screen_section=&#8221;no&#8221; type=&#8221;full_width&#8221; angled_section=&#8221;no&#8221; text_align=&#8221;left&#8221; background_image_as_pattern=&#8221;without_pattern&#8221;][vc_column][vc_column_text]\n<p style=\"text-align: right;\"><em>Atualizada em fevereiro de 2025<\/em><\/p>\n[\/vc_column_text][\/vc_column][\/vc_row][vc_row row_type=&#8221;row&#8221; use_row_as_full_screen_section=&#8221;no&#8221; type=&#8221;full_width&#8221; angled_section=&#8221;no&#8221; text_align=&#8221;left&#8221; background_image_as_pattern=&#8221;without_pattern&#8221;][vc_column][vc_column_text]\n<h2>1. Introdu\u00e7\u00e3o<\/h2>\n<p>O <strong>Centro Esp\u00edrita Allan Kardec (CEAK)<\/strong> utiliza cookies e tecnologias similares para aprimorar a experi\u00eancia dos usu\u00e1rios em seus sites e plataformas digitais. Esta pol\u00edtica tem o objetivo de explicar como essas tecnologias funcionam, quais informa\u00e7\u00f5es coletamos e como voc\u00ea pode gerenciar suas prefer\u00eancias.<\/p>\n<p>O uso de cookies est\u00e1 alinhado com a nossa <a href=\"https:\/\/ceak.org.br\/cgm\/politica-de-privacidade\/\"><strong>Pol\u00edtica de Privacidade<\/strong><\/a>.[\/vc_column_text][\/vc_column][\/vc_row][vc_row row_type=&#8221;row&#8221; use_row_as_full_screen_section=&#8221;no&#8221; type=&#8221;full_width&#8221; angled_section=&#8221;no&#8221; text_align=&#8221;left&#8221; background_image_as_pattern=&#8221;without_pattern&#8221;][vc_column][vc_column_text]\n<h2>2. O que s\u00e3o cookies?<\/h2>\n<p>Cookies s\u00e3o pequenos arquivos de texto armazenados no seu dispositivo (computador, tablet ou smartphone) quando voc\u00ea visita um site. Eles ajudam a melhorar a navega\u00e7\u00e3o, personalizar conte\u00fados e analisar o desempenho do site.<\/p>\n<p>Al\u00e9m dos cookies tradicionais, utilizamos<strong> tecnologias similares<\/strong>, como <strong>pixels<\/strong>, <strong>web beacons<\/strong> <strong>e identificadores de dispositivos m\u00f3veis<\/strong>.<\/p>\n<p>Os cookies podem ser classificados como:<\/p>\n<p><strong>\u2022\u00a0 Essenciais<\/strong> \u2013 Necess\u00e1rios para o funcionamento do site.<\/p>\n<p><strong>\u2022\u00a0 Funcionais<\/strong> \u2013 Melhoram sua experi\u00eancia ao lembrar prefer\u00eancias.<\/p>\n<p><strong>\u2022\u00a0 Anal\u00edticos<\/strong>\u00a0\u2013 Coletam dados estat\u00edsticos sobre uso do site.<\/p>\n<p><strong>\u2022\u00a0 Publicidade<\/strong>\u00a0\u2013 Direcionam an\u00fancios com base nos seus interesses.[\/vc_column_text][\/vc_column][\/vc_row][vc_row row_type=&#8221;row&#8221; use_row_as_full_screen_section=&#8221;no&#8221; type=&#8221;full_width&#8221; angled_section=&#8221;no&#8221; text_align=&#8221;left&#8221; background_image_as_pattern=&#8221;without_pattern&#8221;][vc_column][vc_column_text]\n<h2>3. Como utilizamos cookies?<\/h2>\n<p>Os cookies usados pelo CEAK podem ter diferentes finalidades:[\/vc_column_text][\/vc_column][\/vc_row][vc_row row_type=&#8221;row&#8221; use_row_as_full_screen_section=&#8221;no&#8221; type=&#8221;full_width&#8221; angled_section=&#8221;no&#8221; text_align=&#8221;left&#8221; background_image_as_pattern=&#8221;without_pattern&#8221;][vc_column][vc_column_text]\n<h3>3.1. Cookies Essenciais (Necess\u00e1rios)<\/h3>\n<p>\u2022\u00a0 Garantem que o site funcione corretamente.<\/p>\n<p>\u2022\u00a0 Possibilitam a navega\u00e7\u00e3o segura e o acesso a \u00e1reas restritas[\/vc_column_text][\/vc_column][\/vc_row][vc_row row_type=&#8221;row&#8221; use_row_as_full_screen_section=&#8221;no&#8221; type=&#8221;full_width&#8221; angled_section=&#8221;no&#8221; text_align=&#8221;left&#8221; background_image_as_pattern=&#8221;without_pattern&#8221;][vc_column][vc_column_text]\n<h3>3.2. Cookies Funcionais (Prefer\u00eancias)<\/h3>\n<p>\u2022\u00a0 Armazenam configura\u00e7\u00f5es como idioma e localiza\u00e7\u00e3o.<\/p>\n<p>\u2022\u00a0 Personalizam a experi\u00eancia conforme suas prefer\u00eancias.[\/vc_column_text][\/vc_column][\/vc_row][vc_row row_type=&#8221;row&#8221; use_row_as_full_screen_section=&#8221;no&#8221; type=&#8221;full_width&#8221; angled_section=&#8221;no&#8221; text_align=&#8221;left&#8221; background_image_as_pattern=&#8221;without_pattern&#8221;][vc_column][vc_column_text]\n<h3>3.3. Cookies Anal\u00edticos (Desempenho e Estat\u00edsticas)<\/h3>\n<p>\u2022\u00a0 Monitoram o uso do site e ajudam a melhorar sua performance.<\/p>\n<p>\u2022\u00a0 Ferramentas como <strong>Google Analytics<\/strong> podem ser utilizadas para coletar dados anonimizados.[\/vc_column_text][\/vc_column][\/vc_row][vc_row row_type=&#8221;row&#8221; use_row_as_full_screen_section=&#8221;no&#8221; type=&#8221;full_width&#8221; angled_section=&#8221;no&#8221; text_align=&#8221;left&#8221; background_image_as_pattern=&#8221;without_pattern&#8221;][vc_column][vc_column_text]\n<h3>3.4. Cookies de Publicidade<\/h3>\n<p>\u2022\u00a0 Exibem an\u00fancios personalizados, se aplic\u00e1vel.<\/p>\n<p>\u2022\u00a0 Permitem que parceiros de publicidade otimizem campanhas de marketing.[\/vc_column_text][\/vc_column][\/vc_row][vc_row row_type=&#8221;row&#8221; use_row_as_full_screen_section=&#8221;no&#8221; type=&#8221;full_width&#8221; angled_section=&#8221;no&#8221; text_align=&#8221;left&#8221; background_image_as_pattern=&#8221;without_pattern&#8221;][vc_column][vc_column_text]\n<h2>4. Gest\u00e3o e Controle de Cookies<\/h2>\n[\/vc_column_text][\/vc_column][\/vc_row][vc_row row_type=&#8221;row&#8221; use_row_as_full_screen_section=&#8221;no&#8221; type=&#8221;full_width&#8221; angled_section=&#8221;no&#8221; text_align=&#8221;left&#8221; background_image_as_pattern=&#8221;without_pattern&#8221;][vc_column][vc_column_text]Voc\u00ea pode <strong>gerenciar suas prefer\u00eancias de cookies<\/strong> de diferentes formas:<\/p>\n<p>\u2022\u00a0 <strong>Configura\u00e7\u00e3o do navegador:<\/strong> Permite aceitar, bloquear ou excluir cookies.<\/p>\n<p>\u2022\u00a0 <strong>Nosso banner de consentimento:<\/strong> Ao acessar o site, voc\u00ea pode escolher quais cookies permitir.<\/p>\n<p>\u2022\u00a0 <strong>Desativa\u00e7\u00e3o de cookies anal\u00edticos e de publicidade:<\/strong> Pode ser feita diretamente nas configura\u00e7\u00f5es do seu navegador ou via ferramentas de terceiros, como o Google.[\/vc_column_text][\/vc_column][\/vc_row][vc_row row_type=&#8221;row&#8221; use_row_as_full_screen_section=&#8221;no&#8221; type=&#8221;full_width&#8221; angled_section=&#8221;no&#8221; text_align=&#8221;left&#8221; background_image_as_pattern=&#8221;without_pattern&#8221;][vc_column][vc_column_text]Caso desative cookies essenciais, <strong>algumas funcionalidades do site podem n\u00e3o operar corretamente<\/strong>.[\/vc_column_text][\/vc_column][\/vc_row][vc_row row_type=&#8221;row&#8221; use_row_as_full_screen_section=&#8221;no&#8221; type=&#8221;full_width&#8221; angled_section=&#8221;no&#8221; text_align=&#8221;left&#8221; background_image_as_pattern=&#8221;without_pattern&#8221;][vc_column][vc_column_text]\n<h2>5. Compartilhamento de Dados de Cookies<\/h2>\n[\/vc_column_text][\/vc_column][\/vc_row][vc_row row_type=&#8221;row&#8221; use_row_as_full_screen_section=&#8221;no&#8221; type=&#8221;full_width&#8221; angled_section=&#8221;no&#8221; text_align=&#8221;left&#8221; background_image_as_pattern=&#8221;without_pattern&#8221;][vc_column][vc_column_text]Os dados coletados por meio de cookies podem ser compartilhados com:<\/p>\n<p>\u2022\u00a0 <strong>Ferramentas de an\u00e1lise:<\/strong> para medir o desempenho do site.<\/p>\n<p>\u2022\u00a0 <strong>Plataformas de publicidade<\/strong>, se aplic\u00e1vel.<\/p>\n<p>\u2022\u00a0 <strong>Prestadores de servi\u00e7o de tecnologia<\/strong>, para garantir o funcionamento do site.<br \/>\n[\/vc_column_text][\/vc_column][\/vc_row][vc_row row_type=&#8221;row&#8221; use_row_as_full_screen_section=&#8221;no&#8221; type=&#8221;full_width&#8221; angled_section=&#8221;no&#8221; text_align=&#8221;left&#8221; background_image_as_pattern=&#8221;without_pattern&#8221;][vc_column][vc_column_text]O CEAK <strong>n\u00e3o vende ou compartilha cookies para terceiros sem justificativa leg\u00edtima.<\/strong>[\/vc_column_text][\/vc_column][\/vc_row][vc_row row_type=&#8221;row&#8221; use_row_as_full_screen_section=&#8221;no&#8221; type=&#8221;full_width&#8221; angled_section=&#8221;no&#8221; text_align=&#8221;left&#8221; background_image_as_pattern=&#8221;without_pattern&#8221;][vc_column][vc_column_text]\n<h2>6. Atualiza\u00e7\u00f5es e Contato<\/h2>\n[\/vc_column_text][\/vc_column][\/vc_row][vc_row row_type=&#8221;row&#8221; use_row_as_full_screen_section=&#8221;no&#8221; type=&#8221;full_width&#8221; angled_section=&#8221;no&#8221; text_align=&#8221;left&#8221; background_image_as_pattern=&#8221;without_pattern&#8221;][vc_column][vc_column_text]Esta Pol\u00edtica pode ser atualizada para refletir mudan\u00e7as legais ou operacionais. Recomendamos que voc\u00ea a revise periodicamente.<\/p>\n<p>&#x1f4c5; <strong>\u00daltima atualiza\u00e7\u00e3o:<\/strong> fevereiro\/2025<\/p>\n<p>&#x1f4e9; <strong>D\u00favidas? Entre em contato:<\/strong> <a href=\"mailto:privacidade@ceak.org.br\">privacidade@ceak.org.br<\/a>[\/vc_column_text][\/vc_column][\/vc_row]\n","protected":false},"excerpt":{"rendered":"[vc_row row_type=&#8221;row&#8221; use_row_as_full_screen_section=&#8221;no&#8221; type=&#8221;full_width&#8221; angled_section=&#8221;no&#8221; text_align=&#8221;left&#8221; background_image_as_pattern=&#8221;without_pattern&#8221;][vc_column][vc_empty_space][vc_separator][\/vc_column][\/vc_row][vc_row row_type=&#8221;row&#8221; use_row_as_full_screen_section=&#8221;no&#8221; type=&#8221;full_width&#8221; angled_section=&#8221;no&#8221; text_align=&#8221;left&#8221; background_image_as_pattern=&#8221;without_pattern&#8221;][vc_column][vc_column_text] Pol\u00edtica de Cookies [\/vc_column_text][\/vc_column][\/vc_row][vc_row row_type=&#8221;row&#8221; use_row_as_full_screen_section=&#8221;no&#8221; type=&#8221;full_width&#8221; angled_section=&#8221;no&#8221; text_align=&#8221;left&#8221; background_image_as_pattern=&#8221;without_pattern&#8221;][vc_column][vc_column_text] Atualizada em fevereiro de 2025 [\/vc_column_text][\/vc_column][\/vc_row][vc_row row_type=&#8221;row&#8221; use_row_as_full_screen_section=&#8221;no&#8221; type=&#8221;full_width&#8221; angled_section=&#8221;no&#8221; text_align=&#8221;left&#8221; background_image_as_pattern=&#8221;without_pattern&#8221;][vc_column][vc_column_text] 1. Introdu\u00e7\u00e3o O Centro Esp\u00edrita Allan Kardec (CEAK) utiliza cookies e tecnologias similares para aprimorar a experi\u00eancia dos usu\u00e1rios em [&hellip;]\n","protected":false},"author":2,"featured_media":0,"parent":0,"menu_order":0,"comment_status":"closed","ping_status":"closed","template":"page-blank-container.php","meta":[],"_links":{"self":[{"href":"https:\/\/ceak.org.br\/cgm\/wp-json\/wp\/v2\/pages\/1197"}],"collection":[{"href":"https:\/\/ceak.org.br\/cgm\/wp-json\/wp\/v2\/pages"}],"about":[{"href":"https:\/\/ceak.org.br\/cgm\/wp-json\/wp\/v2\/types\/page"}],"author":[{"embeddable":true,"href":"https:\/\/ceak.org.br\/cgm\/wp-json\/wp\/v2\/users\/2"}],"replies":[{"embeddable":true,"href":"https:\/\/ceak.org.br\/cgm\/wp-json\/wp\/v2\/comments?post=1197"}],"version-history":[{"count":4,"href":"https:\/\/ceak.org.br\/cgm\/wp-json\/wp\/v2\/pages\/1197\/revisions"}],"predecessor-version":[{"id":1218,"href":"https:\/\/ceak.org.br\/cgm\/wp-json\/wp\/v2\/pages\/1197\/revisions\/1218"}],"wp:attachment":[{"href":"https:\/\/ceak.org.br\/cgm\/wp-json\/wp\/v2\/media?parent=1197"}],"curies":[{"name":"wp","href":"https:\/\/api.w.org\/{rel}","templated":true}]}}