{"id":281,"date":"2016-10-28T03:39:39","date_gmt":"2016-10-28T03:39:39","guid":{"rendered":"http:\/\/ceak.own.com.br\/cgm\/?page_id=281"},"modified":"2024-07-22T18:32:59","modified_gmt":"2024-07-22T18:32:59","slug":"a-escola","status":"publish","type":"page","link":"https:\/\/ceak.org.br\/cgm\/a-escola\/","title":{"rendered":"A ESCOLA"},"content":{"rendered":"[vc_row][vc_column][vc_empty_space][vc_separator][\/vc_column][\/vc_row][vc_row][vc_column][vc_column_text]\n<h1 class=\"h-large\"><span style=\"color: #5bc8e0;\">A Escola<\/span><\/h1>\n[\/vc_column_text][\/vc_column][\/vc_row][vc_row][vc_column][vc_column_text]\n<h2>Estrutura<\/h2>\n<p>Com mais de 2 mil metros quadrados de \u00e1rea, a Creche Gustavo Marcondes oferece toda a infraestrutura necess\u00e1ria para o bem estar das crian\u00e7as e seu desenvolvimento. Conhe\u00e7a nossas instala\u00e7\u00f5es:[\/vc_column_text][\/vc_column][\/vc_row][vc_row][vc_column][vc_empty_space height=&#8221;15px&#8221;][vc_separator][vc_empty_space height=&#8221;15px&#8221;][\/vc_column][\/vc_row][vc_row][vc_column][vc_column_text]\n<h2><span style=\"color: #5bc8e0;\">Salas de aula, parque infantil, gramado, refeit\u00f3rio, sala de motricidade<\/span><\/h2>\n[\/vc_column_text][\/vc_column][\/vc_row][vc_row][vc_column][vc_gallery type=&#8221;image_grid&#8221; images=&#8221;440,439,438,437,436,435,434,433,432,431,428,424,422,421,420,418,416,415,414,413,412,411,410,409,408,407,406,404,403,402,401,400,399,398,397,430,429,427,426,425,423,419,417,405,396&#8243;][\/vc_column][\/vc_row][vc_row][vc_column][vc_empty_space height=&#8221;15px&#8221;][vc_separator][vc_empty_space height=&#8221;15px&#8221;][\/vc_column][\/vc_row][vc_row el_id=&#8221;calendario&#8221;][vc_column][vc_column_text]\n<h2><span style=\"color: #5bc8e0;\">Calend\u00e1rio Escolar<\/span><\/h2>\n[\/vc_column_text][\/vc_column][\/vc_row][vc_row][vc_column][vc_tta_tabs active_section=&#8221;4&#8243;][vc_tta_section i_icon_fontawesome=&#8221;fa fa-calendar&#8221; add_icon=&#8221;true&#8221; title=&#8221;JANEIRO&#8221; tab_id=&#8221;1477625081458-b6efbf95-8902&#8243;][vc_column_text]\n<p style=\"font-weight: 400;\">25 &#8211; in\u00edcio das atividades presenciais<\/p>\n[\/vc_column_text][\/vc_tta_section][vc_tta_section i_icon_fontawesome=&#8221;fa fa-calendar&#8221; add_icon=&#8221;true&#8221; title=&#8221;FEVEREIRO&#8221; tab_id=&#8221;1477625081528-b907497f-d45a&#8221;][vc_column_text]12 e 13: carnaval[\/vc_column_text][\/vc_tta_section][vc_tta_section i_icon_fontawesome=&#8221;fa fa-calendar&#8221; add_icon=&#8221;true&#8221; title=&#8221;MAR\u00c7O&#8221; tab_id=&#8221;1477625178213-a1ef48f6-2fcf&#8221;][vc_column_text]29 &#8211; Paix\u00e3o de Cristo[\/vc_column_text][\/vc_tta_section][vc_tta_section i_icon_fontawesome=&#8221;fa fa-calendar&#8221; add_icon=&#8221;true&#8221; title=&#8221;ABRIL&#8221; tab_id=&#8221;1477625179379-0c695fe1-309a&#8221;][vc_column_text]21 &#8211; Tiradentes[\/vc_column_text][\/vc_tta_section][vc_tta_section i_icon_fontawesome=&#8221;fa fa-calendar&#8221; add_icon=&#8221;true&#8221; title=&#8221;MAIO&#8221; tab_id=&#8221;1477625223971-5e26811c-e443&#8243;][vc_column_text]01 &#8211; Dia do Trabalhador[\/vc_column_text][\/vc_tta_section][vc_tta_section i_icon_fontawesome=&#8221;fa fa-calendar&#8221; add_icon=&#8221;true&#8221; title=&#8221;JUNHO&#8221; tab_id=&#8221;1477625235574-9678c6f1-bb78&#8243;][vc_column_text]21 &#8211; festa junina[\/vc_column_text][\/vc_tta_section][vc_tta_section title=&#8221;Aba&#8221; tab_id=&#8221;1579703447362-d812b6e9-0b6d&#8221;][\/vc_tta_section][\/vc_tta_tabs][\/vc_column][\/vc_row][vc_row][vc_column][vc_empty_space height=&#8221;15px&#8221;][vc_separator][vc_empty_space height=&#8221;15px&#8221;][\/vc_column][\/vc_row][vc_row][vc_column][vc_tta_tabs active_section=&#8221;4&#8243;][vc_tta_section i_icon_fontawesome=&#8221;fa fa-calendar&#8221; add_icon=&#8221;true&#8221; title=&#8221;JULHO&#8221; tab_id=&#8221;1477626073599-55c5df83-6ab9&#8243;][vc_column_text]f\u00e9rias de professores: de 01\/07 a 30\/07<\/p>\n<p>reuni\u00e3o de avalia\u00e7\u00e3o Institucional: 31\/07[\/vc_column_text][\/vc_tta_section][vc_tta_section i_icon_fontawesome=&#8221;fa fa-calendar&#8221; add_icon=&#8221;true&#8221; title=&#8221;AGOSTO&#8221; tab_id=&#8221;1477626073788-1fbd21ce-aea6&#8243;][vc_column_text]30 &#8211; reuni\u00e3o pedag\u00f3gica[\/vc_column_text][\/vc_tta_section][vc_tta_section i_icon_fontawesome=&#8221;fa fa-calendar&#8221; add_icon=&#8221;true&#8221; title=&#8221;SETEMBRO&#8221; tab_id=&#8221;1477626073970-4d23d6db-9cc1&#8243;][vc_column_text]05 &#8211; In\u00edcio Previsto para Cadastro Educa\u00e7\u00e3o Infantil para 2025<\/p>\n<p>07: Independ\u00eancia[\/vc_column_text][\/vc_tta_section][vc_tta_section i_icon_fontawesome=&#8221;fa fa-calendar&#8221; add_icon=&#8221;true&#8221; title=&#8221;OUTUBRO&#8221; tab_id=&#8221;1477626074154-2ec94f0a-7281&#8243;][vc_column_text]12 \u2013 Nossa Sra. Aparecida<\/p>\n[\/vc_column_text][\/vc_tta_section][vc_tta_section i_icon_fontawesome=&#8221;fa fa-calendar&#8221; add_icon=&#8221;true&#8221; title=&#8221;NOVEMBRO&#8221; tab_id=&#8221;1477626074346-e892ea32-7400&#8243;][vc_column_text]02 &#8211; Finados<\/p>\n<p>15 \u2013 Proclama\u00e7\u00e3o da Rep\u00fablica<\/p>\n<p>20 &#8211; Consci\u00eancia Negra[\/vc_column_text][\/vc_tta_section][vc_tta_section i_icon_fontawesome=&#8221;fa fa-calendar&#8221; add_icon=&#8221;true&#8221; title=&#8221;DEZEMBRO&#8221; tab_id=&#8221;1477626074544-507d2d03-a85f&#8221;][vc_column_text]18 &#8211; \u00faltimo dia de atividades escolares<\/p>\n<p>19 e 20 &#8211; reuni\u00f5es de funcion\u00e1rios[\/vc_column_text][\/vc_tta_section][\/vc_tta_tabs][\/vc_column][\/vc_row]\n","protected":false},"excerpt":{"rendered":"[vc_row][vc_column][vc_empty_space][vc_separator][\/vc_column][\/vc_row][vc_row][vc_column][vc_column_text] A Escola [\/vc_column_text][\/vc_column][\/vc_row][vc_row][vc_column][vc_column_text] Estrutura Com mais de 2 mil metros quadrados de \u00e1rea, a Creche Gustavo Marcondes oferece toda a infraestrutura necess\u00e1ria para o bem estar das crian\u00e7as e seu desenvolvimento. Conhe\u00e7a nossas instala\u00e7\u00f5es:[\/vc_column_text][\/vc_column][\/vc_row][vc_row][vc_column][vc_empty_space height=&#8221;15px&#8221;][vc_separator][vc_empty_space height=&#8221;15px&#8221;][\/vc_column][\/vc_row][vc_row][vc_column][vc_column_text] Salas de aula, parque infantil, gramado, refeit\u00f3rio, sala de motricidade [\/vc_column_text][\/vc_column][\/vc_row][vc_row][vc_column][vc_gallery type=&#8221;image_grid&#8221; images=&#8221;440,439,438,437,436,435,434,433,432,431,428,424,422,421,420,418,416,415,414,413,412,411,410,409,408,407,406,404,403,402,401,400,399,398,397,430,429,427,426,425,423,419,417,405,396&#8243;][\/vc_column][\/vc_row][vc_row][vc_column][vc_empty_space height=&#8221;15px&#8221;][vc_separator][vc_empty_space height=&#8221;15px&#8221;][\/vc_column][\/vc_row][vc_row el_id=&#8221;calendario&#8221;][vc_column][vc_column_text] Calend\u00e1rio Escolar [&hellip;]\n","protected":false},"author":1,"featured_media":0,"parent":0,"menu_order":0,"comment_status":"closed","ping_status":"closed","template":"page-blank-container.php","meta":[],"_links":{"self":[{"href":"https:\/\/ceak.org.br\/cgm\/wp-json\/wp\/v2\/pages\/281"}],"collection":[{"href":"https:\/\/ceak.org.br\/cgm\/wp-json\/wp\/v2\/pages"}],"about":[{"href":"https:\/\/ceak.org.br\/cgm\/wp-json\/wp\/v2\/types\/page"}],"author":[{"embeddable":true,"href":"https:\/\/ceak.org.br\/cgm\/wp-json\/wp\/v2\/users\/1"}],"replies":[{"embeddable":true,"href":"https:\/\/ceak.org.br\/cgm\/wp-json\/wp\/v2\/comments?post=281"}],"version-history":[{"count":35,"href":"https:\/\/ceak.org.br\/cgm\/wp-json\/wp\/v2\/pages\/281\/revisions"}],"predecessor-version":[{"id":1132,"href":"https:\/\/ceak.org.br\/cgm\/wp-json\/wp\/v2\/pages\/281\/revisions\/1132"}],"wp:attachment":[{"href":"https:\/\/ceak.org.br\/cgm\/wp-json\/wp\/v2\/media?parent=281"}],"curies":[{"name":"wp","href":"https:\/\/api.w.org\/{rel}","templated":true}]}}