{"id":4,"date":"2016-08-29T00:28:43","date_gmt":"2016-08-29T00:28:43","guid":{"rendered":"http:\/\/ceak.own.com.br\/cgm\/?page_id=4"},"modified":"2021-05-20T12:03:30","modified_gmt":"2021-05-20T12:03:30","slug":"home","status":"publish","type":"page","link":"https:\/\/ceak.org.br\/cgm\/","title":{"rendered":"HOME"},"content":{"rendered":" \n<div class=\"ux-slider-wrapper relative\">\n    <div class=\"ux-slider iosSlider  slider-style-normal  slider-nav-dark slider-nav-inside slider-nav-circle js-flickity\" \n        data-flickity-options='{ \n            \"cellAlign\": \"center\",\n            \"imagesLoaded\": true,\n            \"lazyLoad\": 1,\n            \"freeScroll\": false,\n            \"wrapAround\": true,\n            \"autoPlay\": 6000,\n            \"prevNextButtons\": true,\n            \"contain\" : true,\n            \"percentPosition\": true,\n            \"pageDots\": true,\n            \"selectedAttraction\" : 0.1,\n            \"friction\": 0.6,\n            \"rightToLeft\": false,\n            \"draggable\": true        }'\n        style=\"\"\n        >\n        [\/ux_banner]\n   <div id=\"banner_1018242882\" class=\"ux_banner dark    \"  style=\"height:600px; \" data-height=\"600px\" role=\"banner\">\n      <a href=\"https:\/\/ceak.org.br\/ceak\/acontece\/ceak-e-certificado-com-selo-doar\/\" >                            <div class=\"banner-bg \"  style=\"background-image:url('https:\/\/ceak.org.br\/cgm\/wp-content\/uploads\/2016\/08\/Slider-modelo-Selo-Doar-site-Dptos.png'); \"><img src=\"https:\/\/ceak.org.br\/cgm\/wp-content\/uploads\/2016\/08\/Slider-modelo-Selo-Doar-site-Dptos.png\"  alt=\"\" style=\"visibility:hidden;\" \/><\/div>\n                             <div class=\"row\" >\n          <div class=\"inner bottom center text-left \"  style=\"width:50%;\">\n            <div class=\"inner-wrap animated fadeIn\" style=\" \">\n                          <\/div>\n          <\/div>  \n        <\/div>\n       <\/a>              <\/div><!-- end .ux_banner -->\n\n   <div id=\"banner_1694655082\" class=\"ux_banner dark    \"  style=\"height:600px; \" data-height=\"600px\" role=\"banner\">\n      <a href=\"https:\/\/ceak.org.br\/ceak\/acontece\/21214\/\" >                            <div class=\"banner-bg \"  style=\"background-image:url('https:\/\/ceak.org.br\/cgm\/wp-content\/uploads\/2016\/08\/Slider-modelo-dptos-Pizza-2026.png'); \"><img src=\"https:\/\/ceak.org.br\/cgm\/wp-content\/uploads\/2016\/08\/Slider-modelo-dptos-Pizza-2026.png\"  alt=\"\" style=\"visibility:hidden;\" \/><\/div>\n                             <div class=\"row\" >\n          <div class=\"inner bottom center text-left \"  style=\"width:50%;\">\n            <div class=\"inner-wrap animated fadeIn\" style=\" \">\n                          <\/div>\n          <\/div>  \n        <\/div>\n       <\/a>              <\/div><!-- end .ux_banner -->\n\n   <div id=\"banner_2042220846\" class=\"ux_banner dark    \"  style=\"height:600px; \" data-height=\"600px\" role=\"banner\">\n      <a href=\"https:\/\/ceak.org.br\/ceak\/com-a-nota-fiscal-paulista-voce-ajuda-o-ceak-e-seus-departamentos\/\" >                            <div class=\"banner-bg \"  style=\"background-image:url('https:\/\/ceak.org.br\/cgm\/wp-content\/uploads\/2016\/08\/Slider-sites-Dptos.png'); \"><img src=\"https:\/\/ceak.org.br\/cgm\/wp-content\/uploads\/2016\/08\/Slider-sites-Dptos.png\"  alt=\"\" style=\"visibility:hidden;\" \/><\/div>\n                             <div class=\"row\" >\n          <div class=\"inner bottom center text-left \"  style=\"width:50%;\">\n            <div class=\"inner-wrap animated fadeIn\" style=\" \">\n                          <\/div>\n          <\/div>  \n        <\/div>\n       <\/a>              <\/div><!-- end .ux_banner -->\n\n   <div id=\"banner_797043455\" class=\"ux_banner dark    \"  style=\"height:600px; \" data-height=\"600px\" role=\"banner\">\n                                  <div class=\"banner-bg \"  style=\"background-image:url('https:\/\/ceak.org.br\/cgm\/wp-content\/uploads\/2016\/08\/20230405_094103.jpg'); \"><img src=\"https:\/\/ceak.org.br\/cgm\/wp-content\/uploads\/2016\/08\/20230405_094103.jpg\"  alt=\"\" style=\"visibility:hidden;\" \/><\/div>\n                             <div class=\"row\" >\n          <div class=\"inner bottom center text-left \"  style=\"width:50%;\">\n            <div class=\"inner-wrap animated fadeIn\" style=\" \">\n                          <\/div>\n          <\/div>  \n        <\/div>\n                     <\/div><!-- end .ux_banner -->\n\n   <div id=\"banner_204505783\" class=\"ux_banner dark    \"  style=\"height:600px; \" data-height=\"600px\" role=\"banner\">\n                                  <div class=\"banner-bg \"  style=\"background-image:url('https:\/\/ceak.org.br\/cgm\/wp-content\/uploads\/2016\/08\/WhatsApp-Image-2022-07-21-at-12.07.44.jpg'); \"><img src=\"https:\/\/ceak.org.br\/cgm\/wp-content\/uploads\/2016\/08\/WhatsApp-Image-2022-07-21-at-12.07.44.jpg\"  alt=\"\" style=\"visibility:hidden;\" \/><\/div>\n                             <div class=\"row\" >\n          <div class=\"inner bottom center text-left \"  style=\"width:50%;\">\n            <div class=\"inner-wrap animated fadeIn\" style=\" \">\n                          <\/div>\n          <\/div>  \n        <\/div>\n                     <\/div><!-- end .ux_banner -->\n\n   <div id=\"banner_1369685668\" class=\"ux_banner dark    \"  style=\"height:600px; \" data-height=\"600px\" role=\"banner\">\n                                  <div class=\"banner-bg \"  style=\"background-image:url('https:\/\/ceak.org.br\/cgm\/wp-content\/uploads\/2016\/08\/DSC00142.jpg'); \"><img src=\"https:\/\/ceak.org.br\/cgm\/wp-content\/uploads\/2016\/08\/DSC00142.jpg\"  alt=\"\" style=\"visibility:hidden;\" \/><\/div>\n                             <div class=\"row\" >\n          <div class=\"inner bottom center text-left \"  style=\"width:50%;\">\n            <div class=\"inner-wrap animated fadeIn\" style=\" \">\n                          <\/div>\n          <\/div>  \n        <\/div>\n                     <\/div><!-- end .ux_banner -->\n\n   <div id=\"banner_700308765\" class=\"ux_banner dark    \"  style=\"height:600px; \" data-height=\"600px\" role=\"banner\">\n                                  <div class=\"banner-bg \"  style=\"background-image:url('https:\/\/ceak.org.br\/cgm\/wp-content\/uploads\/2016\/08\/20230505_093356.jpg'); \"><img src=\"https:\/\/ceak.org.br\/cgm\/wp-content\/uploads\/2016\/08\/20230505_093356.jpg\"  alt=\"\" style=\"visibility:hidden;\" \/><\/div>\n                             <div class=\"row\" >\n          <div class=\"inner bottom center text-left \"  style=\"width:50%;\">\n            <div class=\"inner-wrap animated fadeIn\" style=\" \">\n                          <\/div>\n          <\/div>  \n        <\/div>\n                     <\/div><!-- end .ux_banner -->\n\n     <\/div>\n    <div class=\"ux-loading dark\"><\/div>\n<\/div><!-- .ux-slider-wrapper -->\n\n\n\n\t<div  class=\"row container \">\n<div class=\"small-12    large-6  columns   \"  ><div class=\"column-inner\"  >\n<h2 class=\"thin-font\">A <span class=\"grifado1\">CRECHE<\/span><\/h2>\n<div style=\"display:block;height:30px\" class=\"clearfix\"><\/div>\n<p class=\"p-menor\">A <strong>Creche Gustavo Marcondes<\/strong> \u00e9 um departamento do Centro Esp\u00edrita Allan Kardec e filiada \u00e0 FEAC \u2013 Federa\u00e7\u00e3o das Entidades Assistenciais de Campinas.<\/p>\n<div style=\"display:block;height:10px\" class=\"clearfix\"><\/div>\n<p class=\"p-menor\">Localizada no Jardim Atibaia, em Sousas, \u00e9 uma unidade de educa\u00e7\u00e3o infantil com capacidade para atender 100 crian\u00e7as da regi\u00e3o, com idades de 3 a 6 anos &#8230;<\/p>\n<a href=\"\/cgm\/sobre-a-creche\/\" class=\"button medium primary\" >CONHE\u00c7A<\/a>\n<img loading=\"lazy\" class=\"alignnone wp-image-50\" src=\"http:\/\/ceak.org.br\/cgm\/wp-content\/uploads\/2016\/08\/maozinhas.jpg\" alt=\"maozinhas\" width=\"111\" height=\"73\" \/><\/p>\n<\/div><\/div>\n<div class=\"small-12    large-6  columns   \"  ><div class=\"column-inner\"  >\n<h2 class=\"thin-font\">CALEND\u00c1RIO <span class=\"grifado2\">ESCOLAR<\/span><\/h2>\n<div style=\"display:block;height:20px\" class=\"clearfix\"><\/div>\n<a href=\"\/cgm\/a-escola\/#calendario\"><br \/>\n<img loading=\"lazy\" class=\"alignnone size-medium wp-image-48\" src=\"http:\/\/ceak.org.br\/cgm\/wp-content\/uploads\/2016\/08\/calendario-300x245.jpg\" alt=\"calendario\" width=\"300\" height=\"245\" srcset=\"https:\/\/ceak.org.br\/cgm\/wp-content\/uploads\/2016\/08\/calendario-300x245.jpg 300w, https:\/\/ceak.org.br\/cgm\/wp-content\/uploads\/2016\/08\/calendario.jpg 318w\" sizes=\"(max-width: 300px) 100vw, 300px\" \/><br \/>\n<\/a><br \/>\n<div style=\"display:block;height:20px\" class=\"clearfix\"><\/div>\n<\/div><\/div>\n<\/div>\n  \n\n\t<div  class=\"row container \"><div class=\"small-12    large-12  columns   \"  ><div class=\"column-inner\"  >\n<h2 class=\"thin-font\">PR\u00d3XIMAS <span class=\"grifado4\">ATIVIDADES<\/span><\/h2>\n<\/div><\/div><\/div>\n  \n\r\n<div class=\"row\">\r\n <div class=\"large-12 column\">\r\n  <ul id=\"id-2053016340\" class=\"blog-posts  \r\n  \t  \t\tux-row-slider js-flickity\r\n  \t\t slider-nav-reveal slider-nav-push \r\n  \t   \t large-block-grid-4 small-block-grid-2\"\r\n\t    data-flickity-options='{ \r\n\t        \"cellAlign\": \"left\", \r\n\t        \"wrapAround\": true,\r\n\t        \"percentPosition\": true,\r\n\t        \"imagesLoaded\": true,\r\n\t        \"pageDots\": false,\r\n\t        \"contain\": true,\r\n\t        \"selectedAttraction\" : 0.05,\r\n\t \t\t\"friction\": 0.6\r\n\t    }'>\r\n\t\t\t         <\/ul>\r\n<\/div><!-- col -->\r\n<\/div><!-- row -->\r\n\r\n\t\t\t\n\n \n<div class=\"ux-slider-wrapper relative\">\n    <div class=\"ux-slider iosSlider  slider-style-normal  slider-nav-dark slider-nav-inside slider-nav-false js-flickity\" \n        data-flickity-options='{ \n            \"cellAlign\": \"center\",\n            \"imagesLoaded\": true,\n            \"lazyLoad\": 1,\n            \"freeScroll\": false,\n            \"wrapAround\": true,\n            \"autoPlay\": false,\n            \"prevNextButtons\": false,\n            \"contain\" : true,\n            \"percentPosition\": true,\n            \"pageDots\": false,\n            \"selectedAttraction\" : 0.1,\n            \"friction\": 0.6,\n            \"rightToLeft\": false,\n            \"draggable\": true        }'\n        style=\"\"\n        >\n           <div id=\"banner_1283798589\" class=\"ux_banner dark    \"  style=\"height:250px; \" data-height=\"250px\" role=\"banner\">\n                                  <div class=\"banner-bg \"  style=\"background-image:url('http:\/\/ceak.org.br\/cgm\/wp-content\/uploads\/2016\/08\/faixa-duas-cores.jpg'); \"><img src=\"http:\/\/ceak.org.br\/cgm\/wp-content\/uploads\/2016\/08\/faixa-duas-cores.jpg\"  alt=\"\" style=\"visibility:hidden;\" \/><\/div>\n                             <div class=\"row\" >\n          <div class=\"inner center text-center \"  style=\"width:100%;\">\n            <div class=\"inner-wrap animated fadeIn\" style=\" \">\n              \t<div  class=\"row container \">\n<div class=\"small-12    large-6  columns   \"  ><div class=\"column-inner\"  >\n<div class=\"div-ajude text-rigth\">\n<h3 class=\"thin-font\" style=\"text-align: left;\"><strong>AJUDE<\/strong> A <strong>CGM<\/strong> E <strong>TRAGA<\/strong> SEUS <strong>DONATIVOS<\/strong> PARA O <strong>NOSSO BAZAR<\/strong><\/h3>\n<\/div>\n<\/div><\/div>\n<div class=\"small-12    large-6  columns   \"  ><div class=\"column-inner\"  >\n<div class=\"div-ajude2 text-left\">\n<h3 class=\"thin-font\" style=\"text-align: left;\"><strong>APROVEITE<\/strong> NOSSO <strong>BAZAR<\/strong>, OS <strong>PRE\u00c7OS<\/strong> S\u00c3O <strong>PEQUENOS<\/strong>, A <strong>AJUDA<\/strong> \u00c9 <strong>ENORME<\/strong><\/h3>\n<\/div>\n<\/div><\/div>\n<\/div>\n  \n            <\/div>\n          <\/div>  \n        <\/div>\n                     <\/div><!-- end .ux_banner -->\n\n     <\/div>\n    <div class=\"ux-loading dark\"><\/div>\n<\/div><!-- .ux-slider-wrapper -->\n\n\n\n\t<div  class=\"row container \"><div class=\"small-12    large-12  columns   \"  ><div class=\"column-inner\"  >\n<h2 class=\"thin-font\">GALERIA DE <span class=\"grifado2\">FOTOS<\/span><\/h2>\n<div style=\"display:block;height:20px\" class=\"clearfix\"><\/div>\n\r\n\t\t<p> \r\n\t\t<style type=\"text\/css\">\r\n\t\t\t#gallery-1 {\r\n\t\t\t\tmargin: auto;\r\n\t\t\t}\r\n\t\t\t#gallery-1 .gallery-item {\r\n\t\t\t\tfloat: left;\r\n\t\t\t\tmargin-top: 10px;\r\n\t\t\t\ttext-align: center;\r\n\t\t\t\twidth: 25%;\r\n\t\t\t}\r\n\t\t\t#gallery-1 img {\r\n\t\t\t\tborder: 2px solid #cfcfcf;\r\n\t\t\t}\r\n\t\t\t#gallery-1 .gallery-caption {\r\n\t\t\t\tmargin-left: 0;\r\n\t\t\t}\r\n\r\n\t\t\t.a-galeria{\r\n\t\t\t\t\r\n\t\t\t}\r\n\r\n\t\t\t.gallery-icon.landscape{\r\n\t\t\t    background-color: rgba(3, 3, 3, 0.83);\t\t\t    \t\t\t   \r\n\t\t\t    position: relative;\r\n\t\t\t}\r\n\r\n\r\n\t\t\t.layer{\r\n\t\t\t\tbackground:url('http:\/\/ceak.own.com.br\/cgm\/wp-content\/uploads\/2016\/08\/amplia-imagem.png') ;\r\n\t\t\t\tbackground-repeat: no-repeat;    \t\t\t\r\n    \t\t\tbackground-position: center; \r\n\t\t\t\t position: absolute;\r\n\t\t\t    top: 0;\r\n\t\t\t    left: 0;\r\n\t\t\t    width: 100%;\r\n\t\t\t    height: 100%;\r\n\t\t\t}\r\n\r\n\t\t\t.img-galeria{\r\n\t\t\t\topacity: 0.3;\r\n\t\t\t\tbackground-color: #000;\t\r\n\r\n\t\t\t}\r\n\r\n\t\t\t\/* see gallery_shortcode() in wp-includes\/media.php *\/\r\n\t\t<\/style>\r\n\t\t<\/p>\r\n\r\n\r\n\t\t\r\n\t\t\t<div id=\"gallery-1\" class=\"gallery galleryid-4 gallery-columns-4 gallery-size-thumbnail\">\r\n\r\n\t\t\t \r\n\r\n\t\t\t<?if ($n == 6) \r\n\t\t\t\t$img_galeria = 'img-galeria';\r\n\t\t\telse\r\n\t\t\t\t$img_galeria = '';\r\n\t\t\t?>\r\n\r\n\t\t\t<dl class=\"gallery-item\">\r\n\t\t\t\t<dt class=\"gallery-icon landscape\">\r\n\t\t\t\t\t<a class=\"a-galeria\" href=\"https:\/\/ceak.org.br\/cgm\/wp-content\/uploads\/2016\/08\/1.jpg\"><img class=\"\" width=\"150\" height=\"150\" src=\"https:\/\/ceak.org.br\/cgm\/wp-content\/uploads\/2016\/08\/1.jpg\" class=\"attachment-thumbnail size-thumbnail\" alt=\"\"><\/a>\r\n\t\t\t\t<\/dt>\r\n\t\t\t<\/dl>\r\n\r\n\t\t\t \r\n\r\n\t\t\t<?if ($n == 6) \r\n\t\t\t\t$img_galeria = 'img-galeria';\r\n\t\t\telse\r\n\t\t\t\t$img_galeria = '';\r\n\t\t\t?>\r\n\r\n\t\t\t<dl class=\"gallery-item\">\r\n\t\t\t\t<dt class=\"gallery-icon landscape\">\r\n\t\t\t\t\t<a class=\"a-galeria\" href=\"https:\/\/ceak.org.br\/cgm\/wp-content\/uploads\/2016\/08\/2.jpg\"><img class=\"\" width=\"150\" height=\"150\" src=\"https:\/\/ceak.org.br\/cgm\/wp-content\/uploads\/2016\/08\/2.jpg\" class=\"attachment-thumbnail size-thumbnail\" alt=\"\"><\/a>\r\n\t\t\t\t<\/dt>\r\n\t\t\t<\/dl>\r\n\r\n\t\t\t \r\n\r\n\t\t\t<?if ($n == 6) \r\n\t\t\t\t$img_galeria = 'img-galeria';\r\n\t\t\telse\r\n\t\t\t\t$img_galeria = '';\r\n\t\t\t?>\r\n\r\n\t\t\t<dl class=\"gallery-item\">\r\n\t\t\t\t<dt class=\"gallery-icon landscape\">\r\n\t\t\t\t\t<a class=\"a-galeria\" href=\"https:\/\/ceak.org.br\/cgm\/wp-content\/uploads\/2016\/08\/7.jpg\"><img class=\"\" width=\"150\" height=\"150\" src=\"https:\/\/ceak.org.br\/cgm\/wp-content\/uploads\/2016\/08\/7.jpg\" class=\"attachment-thumbnail size-thumbnail\" alt=\"\"><\/a>\r\n\t\t\t\t<\/dt>\r\n\t\t\t<\/dl>\r\n\r\n\t\t\t \r\n\r\n\t\t\t<?if ($n == 6) \r\n\t\t\t\t$img_galeria = 'img-galeria';\r\n\t\t\telse\r\n\t\t\t\t$img_galeria = '';\r\n\t\t\t?>\r\n\r\n\t\t\t<dl class=\"gallery-item\">\r\n\t\t\t\t<dt class=\"gallery-icon landscape\">\r\n\t\t\t\t\t<a class=\"a-galeria\" href=\"https:\/\/ceak.org.br\/cgm\/wp-content\/uploads\/2016\/08\/5.jpg\"><img class=\"\" width=\"150\" height=\"150\" src=\"https:\/\/ceak.org.br\/cgm\/wp-content\/uploads\/2016\/08\/5.jpg\" class=\"attachment-thumbnail size-thumbnail\" alt=\"\"><\/a>\r\n\t\t\t\t<\/dt>\r\n\t\t\t<\/dl>\r\n\r\n\t\t\t \r\n\r\n\t\t\t<?if ($n == 6) \r\n\t\t\t\t$img_galeria = 'img-galeria';\r\n\t\t\telse\r\n\t\t\t\t$img_galeria = '';\r\n\t\t\t?>\r\n\r\n\t\t\t<dl class=\"gallery-item\">\r\n\t\t\t\t<dt class=\"gallery-icon landscape\">\r\n\t\t\t\t\t<a class=\"a-galeria\" href=\"https:\/\/ceak.org.br\/cgm\/wp-content\/uploads\/2016\/08\/4.jpg\"><img class=\"\" width=\"150\" height=\"150\" src=\"https:\/\/ceak.org.br\/cgm\/wp-content\/uploads\/2016\/08\/4.jpg\" class=\"attachment-thumbnail size-thumbnail\" alt=\"\"><\/a>\r\n\t\t\t\t<\/dt>\r\n\t\t\t<\/dl>\r\n\r\n\t\t\t \r\n\r\n\t\t\t<?if ($n == 6) \r\n\t\t\t\t$img_galeria = 'img-galeria';\r\n\t\t\telse\r\n\t\t\t\t$img_galeria = '';\r\n\t\t\t?>\r\n\r\n\t\t\t<dl class=\"gallery-item\">\r\n\t\t\t\t<dt class=\"gallery-icon landscape\">\r\n\t\t\t\t\t<a class=\"a-galeria\" href=\"https:\/\/ceak.org.br\/cgm\/wp-content\/uploads\/2016\/08\/3.jpg\"><img class=\"\" width=\"150\" height=\"150\" src=\"https:\/\/ceak.org.br\/cgm\/wp-content\/uploads\/2016\/08\/3.jpg\" class=\"attachment-thumbnail size-thumbnail\" alt=\"\"><div class=\"layer\"><\/div><\/a>\r\n\t\t\t\t<\/dt>\r\n\t\t\t<\/dl>\r\n\r\n\t\t\t \r\n\r\n\t\t\t<?if ($n == 6) \r\n\t\t\t\t$img_galeria = 'img-galeria';\r\n\t\t\telse\r\n\t\t\t\t$img_galeria = '';\r\n\t\t\t?>\r\n\r\n\t\t\t<dl class=\"gallery-item\">\r\n\t\t\t\t<dt class=\"gallery-icon landscape\">\r\n\t\t\t\t\t<a class=\"a-galeria\" href=\"https:\/\/ceak.org.br\/cgm\/wp-content\/uploads\/2016\/08\/8.jpg\"><img class=\"\" width=\"150\" height=\"150\" src=\"https:\/\/ceak.org.br\/cgm\/wp-content\/uploads\/2016\/08\/8.jpg\" class=\"attachment-thumbnail size-thumbnail\" alt=\"\"><\/a>\r\n\t\t\t\t<\/dt>\r\n\t\t\t<\/dl>\r\n\r\n\t\t\t \r\n\r\n\t\t\t<?if ($n == 6) \r\n\t\t\t\t$img_galeria = 'img-galeria';\r\n\t\t\telse\r\n\t\t\t\t$img_galeria = '';\r\n\t\t\t?>\r\n\r\n\t\t\t<dl class=\"gallery-item\">\r\n\t\t\t\t<dt class=\"gallery-icon landscape\">\r\n\t\t\t\t\t<a class=\"a-galeria\" href=\"https:\/\/ceak.org.br\/cgm\/wp-content\/uploads\/2016\/08\/6.jpg\"><img class=\"\" width=\"150\" height=\"150\" src=\"https:\/\/ceak.org.br\/cgm\/wp-content\/uploads\/2016\/08\/6.jpg\" class=\"attachment-thumbnail size-thumbnail\" alt=\"\"><\/a>\r\n\t\t\t\t<\/dt>\r\n\t\t\t<\/dl>\r\n\r\n\t\t\t\t\t<\/div>\t\t\r\n\r\n\t\n<\/div><\/div><\/div>\n  \n\n\t<div  class=\"row container \">\n<div class=\"small-12    large-6  columns   \"  ><div class=\"column-inner\"  >\n<h2 class=\"thin-font\">NOSSOS <span class=\"grifado5\">APOIADORES <\/span> E <span class=\"grifado6\">PARCEIROS <\/span><\/h2>\n<div style=\"display:block;height:15px\" class=\"clearfix\"><\/div>\n<p>Agradecemos aos nossos apoiadores e parceiros que nos ajudam, todos os dias, a crescer e manter nossas principais atividades em opera\u00e7\u00e3o.<\/p>\n<\/div><\/div>\n<div class=\"small-12    large-6  columns   \"  ><div class=\"column-inner\"  >\n<p><img loading=\"lazy\" class=\"img-apoiadores alignnone size-medium wp-image-220\" src=\"http:\/\/ceak.org.br\/cgm\/wp-content\/uploads\/2016\/08\/campinas.jpg\" alt=\"campinas\" width=\"93\" height=\"152\" \/><img loading=\"lazy\" class=\"img-apoiadores alignnone size-full wp-image-221\" src=\"http:\/\/ceak.org.br\/cgm\/wp-content\/uploads\/2016\/08\/feac.jpg\" alt=\"feac\" width=\"205\" height=\"96\" \/><\/p>\n<\/div><\/div><\/div>\n  \n\n<div style=\"display:block;height:15px\" class=\"clearfix\"><\/div>\n\n     \n     <section  class=\"ux-section\" style=\"padding:0px 0;margin-bottom:0px!important;\">  \n      \n      \n     <div class=\"ux-section-content\">\n<iframe loading=\"lazy\" src=\"https:\/\/www.google.com\/maps\/embed?pb=!1m18!1m12!1m3!1d3675.7181887308157!2d-46.968498785214564!3d-22.886866442914005!2m3!1f0!2f0!3f0!3m2!1i1024!2i768!4f13.1!3m3!1m2!1s0x94c8d03a1be7c63f%3A0xc6d1416209740150!2sAv.+Dona+Maria+Franco+Salgado%2C+881+-+Jardim+Bot%C3%A2nico+(Sousas)%2C+Campinas+-+SP!5e0!3m2!1spt-BR!2sbr!4v1500328693872\" width=\"100%\" height=\"300\" frameborder=\"0\" style=\"border:0\" allowfullscreen><\/iframe><br \/>\n<\/div>\n      \n        <\/section><!-- .ux-section -->\n\n  \n\n<div style=\"display:block;height:25px\" class=\"clearfix\"><\/div>\t<div  class=\"row container \"><div class=\"small-12    large-6  columns   \"  ><div class=\"column-inner\"  >\n<h2 class=\"thin-font\" style=\"text-align: right;\">CONHE\u00c7A TAMB\u00c9M O SITE DO <span class=\"conheca\">CEAK<\/span><\/h2>\n<\/div><\/div>\n<div class=\"small-12    large-6  columns   \"  ><div class=\"column-inner\"  >\n<p style=\"text-align: center;\"><a href=\"http:\/\/ceak.org.br\" class=\"button medium alt-button primary\" >CEAK.ORG.BR<\/a>\n<\/div><\/div><\/div>\n  \n\n<hr class=\"sem-margin\">\n\t<div  class=\"row container \">\n<div class=\"small-12    large-12  columns   \"  ><div class=\"column-inner\"  >\n[vc_row][vc_column width=&#8221;1\/6&#8243;][vc_single_image source=&#8221;external_link&#8221; alignment=&#8221;center&#8221; custom_src=&#8221;http:\/\/ceak.org.br\/ceak\/wp-content\/uploads\/2017\/07\/assistencia-social.png&#8221;][\/vc_column][vc_column width=&#8221;1\/12&#8243;][vc_single_image source=&#8221;external_link&#8221; external_img_size=&#8221;100&#215;100&#8243; alignment=&#8221;center&#8221; onclick=&#8221;custom_link&#8221; img_link_target=&#8221;_blank&#8221; link=&#8221;http:\/\/ceak.org.br\/cavi\/&#8221; custom_src=&#8221;http:\/\/ceak.org.br\/ceak\/wp-content\/uploads\/2017\/07\/casa-de-apoio-a-vida.png&#8221;][\/vc_column][vc_column width=&#8221;1\/12&#8243;][vc_single_image source=&#8221;external_link&#8221; external_img_size=&#8221;100&#215;100&#8243; alignment=&#8221;center&#8221; onclick=&#8221;custom_link&#8221; img_link_target=&#8221;_blank&#8221; link=&#8221;http:\/\/ceak.org.br\/ee\/&#8221; custom_src=&#8221;http:\/\/ceak.org.br\/ceak\/wp-content\/uploads\/2017\/07\/educandario-euripedes-1.png&#8221;][\/vc_column][vc_column width=&#8221;1\/12&#8243;][vc_single_image source=&#8221;external_link&#8221; external_img_size=&#8221;100&#215;100&#8243; alignment=&#8221;center&#8221; onclick=&#8221;custom_link&#8221; img_link_target=&#8221;_blank&#8221; link=&#8221;&#8221; custom_src=&#8221;http:\/\/ceak.org.br\/ceak\/wp-content\/uploads\/2017\/07\/gustavo-marcondes-1.png&#8221;][\/vc_column][vc_column width=&#8221;1\/12&#8243;][vc_single_image source=&#8221;external_link&#8221; external_img_size=&#8221;100&#215;100&#8243; alignment=&#8221;center&#8221; onclick=&#8221;custom_link&#8221; img_link_target=&#8221;_blank&#8221; link=&#8221;http:\/\/ceak.org.br\/iphc\/&#8221; custom_src=&#8221;http:\/\/ceak.org.br\/ceak\/wp-content\/uploads\/2017\/07\/humberto-de-campos.png&#8221;][\/vc_column][vc_column width=&#8221;1\/6&#8243;][vc_single_image source=&#8221;external_link&#8221; alignment=&#8221;center&#8221; custom_src=&#8221;http:\/\/ceak.org.br\/ceak\/wp-content\/uploads\/2017\/07\/sem-fins-lucrativos.png&#8221;][\/vc_column][vc_column width=&#8221;1\/12&#8243;][vc_single_image source=&#8221;external_link&#8221; external_img_size=&#8221;100&#215;100&#8243; alignment=&#8221;center&#8221; onclick=&#8221;custom_link&#8221; img_link_target=&#8221;_blank&#8221; link=&#8221;http:\/\/bambini.com.br&#8221; custom_src=&#8221;http:\/\/ceak.org.br\/ceak\/wp-content\/uploads\/2017\/07\/bambini-1.png&#8221;][\/vc_column][vc_column width=&#8221;1\/12&#8243;][vc_single_image source=&#8221;external_link&#8221; external_img_size=&#8221;100&#215;100&#8243; alignment=&#8221;center&#8221; onclick=&#8221;custom_link&#8221; img_link_target=&#8221;_blank&#8221; link=&#8221;http:\/\/allankardec.org.br&#8221; custom_src=&#8221;http:\/\/ceak.org.br\/ceak\/wp-content\/uploads\/2017\/07\/editora-allan-kardec-1.png&#8221;][\/vc_column][vc_column width=&#8221;1\/12&#8243;][vc_single_image source=&#8221;external_link&#8221; external_img_size=&#8221;100&#215;100&#8243; alignment=&#8221;center&#8221; onclick=&#8221;custom_link&#8221; img_link_target=&#8221;_blank&#8221; link=&#8221;http:\/\/ceak.org.br\/tudoserve\/&#8221; custom_src=&#8221;http:\/\/ceak.org.br\/ceak\/wp-content\/uploads\/2017\/07\/tudo-serve-1.png&#8221;][\/vc_column][vc_column width=&#8221;1\/12&#8243;][\/vc_column][\/vc_row]\n<\/div><\/div>\n<\/div>\n  \n\n","protected":false},"excerpt":{"rendered":"","protected":false},"author":1,"featured_media":0,"parent":0,"menu_order":0,"comment_status":"closed","ping_status":"closed","template":"page-transparent-header.php","meta":[],"_links":{"self":[{"href":"https:\/\/ceak.org.br\/cgm\/wp-json\/wp\/v2\/pages\/4"}],"collection":[{"href":"https:\/\/ceak.org.br\/cgm\/wp-json\/wp\/v2\/pages"}],"about":[{"href":"https:\/\/ceak.org.br\/cgm\/wp-json\/wp\/v2\/types\/page"}],"author":[{"embeddable":true,"href":"https:\/\/ceak.org.br\/cgm\/wp-json\/wp\/v2\/users\/1"}],"replies":[{"embeddable":true,"href":"https:\/\/ceak.org.br\/cgm\/wp-json\/wp\/v2\/comments?post=4"}],"version-history":[{"count":19,"href":"https:\/\/ceak.org.br\/cgm\/wp-json\/wp\/v2\/pages\/4\/revisions"}],"predecessor-version":[{"id":859,"href":"https:\/\/ceak.org.br\/cgm\/wp-json\/wp\/v2\/pages\/4\/revisions\/859"}],"wp:attachment":[{"href":"https:\/\/ceak.org.br\/cgm\/wp-json\/wp\/v2\/media?parent=4"}],"curies":[{"name":"wp","href":"https:\/\/api.w.org\/{rel}","templated":true}]}}