{"id":247,"date":"2016-11-18T07:35:14","date_gmt":"2016-11-18T09:35:14","guid":{"rendered":"http:\/\/ceak.own.com.br\/ee\/?page_id=247"},"modified":"2021-03-15T21:16:28","modified_gmt":"2021-03-16T00:16:28","slug":"sobre","status":"publish","type":"page","link":"https:\/\/ceak.org.br\/ee\/sobre\/","title":{"rendered":"Institucional"},"content":{"rendered":"[vc_row][vc_column][vc_column_text]\n<h1>Institucional<\/h1>\n[\/vc_column_text][\/vc_column][\/vc_row][vc_row][vc_column width=&#8221;1\/2&#8243;][vc_column_text]Fundados respectivamente em 1962 e 1969, o Educand\u00e1rio Eur\u00edpedes e a Creche M\u00e3e\u00a0Luiza s\u00e3o departamentos assistenciais do Centro Esp\u00edrita Alan Kardec \u2013 CEAK.<\/p>\n<p>O primeiro tem o objetivo de realizar gratuitamente a\u00e7\u00f5es socioassistenciais de atendimento de forma continuada, permanente e planejada, atrav\u00e9s da presta\u00e7\u00e3o de servi\u00e7os, execu\u00e7\u00e3o de programas ou projetos, e concess\u00e3o de benef\u00edcios de prote\u00e7\u00e3o social b\u00e1sica ou especial, dirigidos \u00e0s fam\u00edlias e indiv\u00edduos em situa\u00e7\u00e3o de vulnerabilidade ou risco social e pessoal.<\/p>\n<p>J\u00e1 a Creche busca ofertar a primeira etapa da educa\u00e7\u00e3o b\u00e1sica, de acordo com as metas e diretrizes do Plano Nacional de Educa\u00e7\u00e3o e padr\u00f5es de qualidade estabelecidos pelo Minist\u00e9rio de Educa\u00e7\u00e3o e Minist\u00e9rio da Cultura;<\/p>\n<p>Ambos promovem tamb\u00e9m gratuitamente programas e a\u00e7\u00f5es na \u00e1rea do esporte, educa\u00e7\u00e3o, cultura, lazer, meio ambiente, assist\u00eancia e preven\u00e7\u00e3o \u00e0 sa\u00fade.[\/vc_column_text][\/vc_column][vc_column width=&#8221;1\/2&#8243;][vc_single_image image=&#8221;250&#8243; img_size=&#8221;full&#8221; alignment=&#8221;right&#8221; style=&#8221;vc_box_shadow_3d&#8221; css_animation=&#8221;none&#8221;][\/vc_column][\/vc_row][vc_row][vc_column][vc_empty_space height=&#8221;15px&#8221;][vc_separator][vc_empty_space height=&#8221;15px&#8221;][\/vc_column][\/vc_row][vc_row][vc_column][vc_column_text]<span style=\"color: #c61870;\"><strong>Miss\u00e3o<\/strong><\/span> &#8211; Ser uma institui\u00e7\u00e3o refer\u00eancia no acolhimento afetivo de crian\u00e7as, jovens e fam\u00edlias, prioritariamente em situa\u00e7\u00e3o de vulnerabilidade ou risco social, propiciando a forma\u00e7\u00e3o b\u00e1sica, o desenvolvimento intelectual, moral e social, direcionando-os para um caminhar seguro e construtivo.<\/p>\n<p><strong><span style=\"color: #a2c037;\">Vis\u00e3o<\/span><\/strong> &#8211; Acreditamos que o desenvolvimento conquistado por meio da inclus\u00e3o, do fortalecimento de v\u00ednculos, da conviv\u00eancia intergeracional e da forma\u00e7\u00e3o integral propicia a gera\u00e7\u00e3o de um Ser Pleno, protagonista da sua pr\u00f3pria hist\u00f3ria.<\/p>\n<p>Acreditamos, sobretudo, que somente este Ser Pleno \u00e9 capaz de construir uma sociedade mais consciente, justa e solid\u00e1ria.<\/p>\n<p><strong><span style=\"color: #d16b1b;\">Valores<\/span><\/strong> &#8211; Acreditamos que acolher \u00e9, sobretudo, ter <strong>Respeito<\/strong> pela individualidade de cada Ser. Este \u00e9 o primeiro princ\u00edpio que norteia o nosso trabalho.\u00a0Imbu\u00eddos pela <strong>Responsabilidade<\/strong> que nos cabe, caminhamos incessantes, construindo uma hist\u00f3ria rica em realiza\u00e7\u00f5es, permeada por desafios e sucessos.\u00a0Fundamentamos e conduzimos nossas a\u00e7\u00f5es pela <strong>\u00c9tica<\/strong>, em sintonia com as leis divinas, cientes de que o progresso moral \u00e9 capaz de assegurar a felicidade.\u00a0Amamos o que fazemos e cristalizar o <strong>Amor<\/strong> a servi\u00e7o do pr\u00f3ximo \u00e9, para n\u00f3s, o pleno exerc\u00edcio da ess\u00eancia que nos mobiliza.[\/vc_column_text][\/vc_column][\/vc_row]\n","protected":false},"excerpt":{"rendered":"[vc_row][vc_column][vc_column_text] Institucional [\/vc_column_text][\/vc_column][\/vc_row][vc_row][vc_column width=&#8221;1\/2&#8243;][vc_column_text]Fundados respectivamente em 1962 e 1969, o Educand\u00e1rio Eur\u00edpedes e a Creche M\u00e3e\u00a0Luiza s\u00e3o departamentos assistenciais do Centro Esp\u00edrita Alan Kardec \u2013 CEAK. O primeiro tem o objetivo de realizar gratuitamente a\u00e7\u00f5es socioassistenciais de atendimento de forma continuada, permanente e planejada, atrav\u00e9s da presta\u00e7\u00e3o de servi\u00e7os, execu\u00e7\u00e3o de programas ou projetos, e [&hellip;]\n","protected":false},"author":1,"featured_media":0,"parent":0,"menu_order":0,"comment_status":"closed","ping_status":"closed","template":"page-blank-container.php","meta":[],"_links":{"self":[{"href":"https:\/\/ceak.org.br\/ee\/wp-json\/wp\/v2\/pages\/247"}],"collection":[{"href":"https:\/\/ceak.org.br\/ee\/wp-json\/wp\/v2\/pages"}],"about":[{"href":"https:\/\/ceak.org.br\/ee\/wp-json\/wp\/v2\/types\/page"}],"author":[{"embeddable":true,"href":"https:\/\/ceak.org.br\/ee\/wp-json\/wp\/v2\/users\/1"}],"replies":[{"embeddable":true,"href":"https:\/\/ceak.org.br\/ee\/wp-json\/wp\/v2\/comments?post=247"}],"version-history":[{"count":8,"href":"https:\/\/ceak.org.br\/ee\/wp-json\/wp\/v2\/pages\/247\/revisions"}],"predecessor-version":[{"id":1255,"href":"https:\/\/ceak.org.br\/ee\/wp-json\/wp\/v2\/pages\/247\/revisions\/1255"}],"wp:attachment":[{"href":"https:\/\/ceak.org.br\/ee\/wp-json\/wp\/v2\/media?parent=247"}],"curies":[{"name":"wp","href":"https:\/\/api.w.org\/{rel}","templated":true}]}}