{"id":253,"date":"2016-11-22T01:28:50","date_gmt":"2016-11-22T03:28:50","guid":{"rendered":"http:\/\/ceak.own.com.br\/ee\/?page_id=253"},"modified":"2021-01-13T17:54:25","modified_gmt":"2021-01-13T20:54:25","slug":"infraestrutura","status":"publish","type":"page","link":"https:\/\/ceak.org.br\/ee\/infraestrutura\/","title":{"rendered":"Infraestrutura"},"content":{"rendered":"[vc_row][vc_column][vc_column_text]\n<h1>Infraestrutura<\/h1>\n[\/vc_column_text][\/vc_column][\/vc_row][vc_row][vc_column width=&#8221;1\/2&#8243;][vc_column_text]Um amplo espa\u00e7o f\u00edsico, que preza pela acessibilidade e seguran\u00e7a de seus usu\u00e1rios e visitantes, abriga o Educand\u00e1rio Eur\u00edpedes (E.E.) e a Creche M\u00e3e Luiza (CML). Apesar de estarem instaladas em um mesmo endere\u00e7o, a entidade mant\u00e9m estruturas independentes, espec\u00edficas para cada um de seus p\u00fablicos. De um lado, a educa\u00e7\u00e3o infantil da CML, onde salas de aula, playground e sanit\u00e1rios s\u00e3o adaptados \u00e0s crian\u00e7as. De outro, o E.E., com suas salas de aula pr\u00f3prias e laborat\u00f3rios equipados, voltados aos adolescentes, jovens e adultos atendidos.<\/p>\n<p>A institui\u00e7\u00e3o conta ainda com espa\u00e7os compartilhados como o refeit\u00f3rio, que serve alimenta\u00e7\u00e3o de qualidade com apoio de nutricionista, um sal\u00e3o interno para semin\u00e1rios e atividades coletivas, um gin\u00e1sio poliesportivo de uso interno com capacidade para atender 500 pessoas em eventos, como: palestras, semin\u00e1rios, confer\u00eancias, feiras, gincanas, campeonatos, entre outros. O espa\u00e7o \u00e9 utilizado diariamente, das 8 \u00e0s 17 horas, para atividades das oficinas, assim como pelos aprendizes e pelas crian\u00e7as da CML.<br \/>\n[\/vc_column_text][\/vc_column][vc_column width=&#8221;1\/2&#8243;][vc_single_image image=&#8221;256&#8243; img_size=&#8221;full&#8221; alignment=&#8221;right&#8221; style=&#8221;vc_box_shadow_3d&#8221;][\/vc_column][\/vc_row]\n","protected":false},"excerpt":{"rendered":"[vc_row][vc_column][vc_column_text] Infraestrutura [\/vc_column_text][\/vc_column][\/vc_row][vc_row][vc_column width=&#8221;1\/2&#8243;][vc_column_text]Um amplo espa\u00e7o f\u00edsico, que preza pela acessibilidade e seguran\u00e7a de seus usu\u00e1rios e visitantes, abriga o Educand\u00e1rio Eur\u00edpedes (E.E.) e a Creche M\u00e3e Luiza (CML). Apesar de estarem instaladas em um mesmo endere\u00e7o, a entidade mant\u00e9m estruturas independentes, espec\u00edficas para cada um de seus p\u00fablicos. De um lado, a educa\u00e7\u00e3o infantil [&hellip;]\n","protected":false},"author":1,"featured_media":0,"parent":0,"menu_order":0,"comment_status":"closed","ping_status":"closed","template":"page-blank-container.php","meta":[],"_links":{"self":[{"href":"https:\/\/ceak.org.br\/ee\/wp-json\/wp\/v2\/pages\/253"}],"collection":[{"href":"https:\/\/ceak.org.br\/ee\/wp-json\/wp\/v2\/pages"}],"about":[{"href":"https:\/\/ceak.org.br\/ee\/wp-json\/wp\/v2\/types\/page"}],"author":[{"embeddable":true,"href":"https:\/\/ceak.org.br\/ee\/wp-json\/wp\/v2\/users\/1"}],"replies":[{"embeddable":true,"href":"https:\/\/ceak.org.br\/ee\/wp-json\/wp\/v2\/comments?post=253"}],"version-history":[{"count":7,"href":"https:\/\/ceak.org.br\/ee\/wp-json\/wp\/v2\/pages\/253\/revisions"}],"predecessor-version":[{"id":1148,"href":"https:\/\/ceak.org.br\/ee\/wp-json\/wp\/v2\/pages\/253\/revisions\/1148"}],"wp:attachment":[{"href":"https:\/\/ceak.org.br\/ee\/wp-json\/wp\/v2\/media?parent=253"}],"curies":[{"name":"wp","href":"https:\/\/api.w.org\/{rel}","templated":true}]}}