{"id":258,"date":"2016-11-22T01:37:24","date_gmt":"2016-11-22T03:37:24","guid":{"rendered":"http:\/\/ceak.own.com.br\/ee\/?page_id=258"},"modified":"2021-01-13T18:10:04","modified_gmt":"2021-01-13T21:10:04","slug":"criancas","status":"publish","type":"page","link":"https:\/\/ceak.org.br\/ee\/criancas\/","title":{"rendered":"Crian\u00e7as"},"content":{"rendered":"[vc_row][vc_column][vc_column_text]\n<h1>Crian\u00e7as<\/h1>\n[\/vc_column_text][\/vc_column][\/vc_row][vc_row][vc_column width=&#8221;1\/2&#8243;][vc_column_text]Desde de setembro de 1969, a Creche M\u00e3e Luiza (CML) atende crian\u00e7as at\u00e9 5 anos e 11 meses de idade. Atualmente, a creche oferece educa\u00e7\u00e3o infantil para 220 crian\u00e7as por ano, a partir dos 19 meses de idade, em regime de per\u00edodo integral, preferencialmente moradores da regi\u00e3o norte da cidade de Campinas,\u00a0<b>realizado em parceria \u00e0 SME ( Secretaria Municipal de Educa\u00e7\u00e3o).<\/b><\/p>\n<p>As aulas s\u00e3o realizadas de segunda a sexta-feira das 7:30 \u00e0s 16:30.<\/p>\n<p>A proposta pedag\u00f3gica da Creche M\u00e3e Luiza baseia-se nos princ\u00edpios te\u00f3ricos da linha s\u00f3cio interacionista, segundo o psic\u00f3logo Vygotsky. O pesquisador foi o pioneiro a defender que o desenvolvimento intelectual das crian\u00e7as ocorre em fun\u00e7\u00e3o das intera\u00e7\u00f5es sociais e condi\u00e7\u00f5es de vida.<\/p>\n<p>Baseada neste princ\u00edpio, a equipe da Creche M\u00e3e Luiza considera a hist\u00f3ria de cada crian\u00e7a, suas vivencias individuais, emocionais e familiares, sua rela\u00e7\u00e3o social e cultural, para ensinar o que se pretende, junto as outras crian\u00e7as, que por sua vez tamb\u00e9m trazem suas hist\u00f3rias. Por meio deste conv\u00edvio e troca de experi\u00eancias, as crian\u00e7as constroem o conhecimento.[\/vc_column_text][\/vc_column][vc_column width=&#8221;1\/2&#8243;][vc_single_image image=&#8221;259&#8243; img_size=&#8221;full&#8221; alignment=&#8221;right&#8221; style=&#8221;vc_box_shadow_3d&#8221;][\/vc_column][\/vc_row]\n","protected":false},"excerpt":{"rendered":"[vc_row][vc_column][vc_column_text] Crian\u00e7as [\/vc_column_text][\/vc_column][\/vc_row][vc_row][vc_column width=&#8221;1\/2&#8243;][vc_column_text]Desde de setembro de 1969, a Creche M\u00e3e Luiza (CML) atende crian\u00e7as at\u00e9 5 anos e 11 meses de idade. Atualmente, a creche oferece educa\u00e7\u00e3o infantil para 220 crian\u00e7as por ano, a partir dos 19 meses de idade, em regime de per\u00edodo integral, preferencialmente moradores da regi\u00e3o norte da cidade de Campinas,\u00a0realizado [&hellip;]\n","protected":false},"author":1,"featured_media":0,"parent":0,"menu_order":0,"comment_status":"closed","ping_status":"closed","template":"page-blank-container.php","meta":[],"_links":{"self":[{"href":"https:\/\/ceak.org.br\/ee\/wp-json\/wp\/v2\/pages\/258"}],"collection":[{"href":"https:\/\/ceak.org.br\/ee\/wp-json\/wp\/v2\/pages"}],"about":[{"href":"https:\/\/ceak.org.br\/ee\/wp-json\/wp\/v2\/types\/page"}],"author":[{"embeddable":true,"href":"https:\/\/ceak.org.br\/ee\/wp-json\/wp\/v2\/users\/1"}],"replies":[{"embeddable":true,"href":"https:\/\/ceak.org.br\/ee\/wp-json\/wp\/v2\/comments?post=258"}],"version-history":[{"count":4,"href":"https:\/\/ceak.org.br\/ee\/wp-json\/wp\/v2\/pages\/258\/revisions"}],"predecessor-version":[{"id":1152,"href":"https:\/\/ceak.org.br\/ee\/wp-json\/wp\/v2\/pages\/258\/revisions\/1152"}],"wp:attachment":[{"href":"https:\/\/ceak.org.br\/ee\/wp-json\/wp\/v2\/media?parent=258"}],"curies":[{"name":"wp","href":"https:\/\/api.w.org\/{rel}","templated":true}]}}