{"id":262,"date":"2016-11-22T02:02:46","date_gmt":"2016-11-22T04:02:46","guid":{"rendered":"http:\/\/ceak.own.com.br\/ee\/?page_id=262"},"modified":"2023-07-31T18:23:29","modified_gmt":"2023-07-31T21:23:29","slug":"adolescente-e-jovens","status":"publish","type":"page","link":"https:\/\/ceak.org.br\/ee\/adolescente-e-jovens\/","title":{"rendered":"Adolescentes e Jovens"},"content":{"rendered":"[vc_row][vc_column][vc_column_text]\n<h1>Adolescentes e Jovens<\/h1>\n[\/vc_column_text][\/vc_column][\/vc_row][vc_row][vc_column width=&#8221;1\/2&#8243;][vc_column_text]Adolescentes e jovens de 13 a 24 anos podem participar das Atividades Socioeducativas do Educand\u00e1rio Eur\u00edpedes. As <strong><em>Atividades Socioeducativas<\/em><\/strong> visam estimular o protagonismo, potencializar as habilidades, fortalecer v\u00ednculos familiares e comunit\u00e1rios e oferecer recursos para o acesso ao mundo do trabalho.<\/p>\n<p>&nbsp;<\/p>\n<p><a href=\"https:\/\/docs.google.com\/forms\/d\/e\/1FAIpQLSfAko81VtC6UAxe6Nz4Qu-NvtBMugthZjOqnl7B7PR5rstvGw\/viewform\" target=\"_blank\" rel=\"noopener\">Para participar, necess\u00e1rio preencher a Ficha de Cadastro de Interesse para que a equipe do CEAK EE entre em contato. CLIQUE AQUI<\/a><\/p>\n<p>Para mais informa\u00e7\u00f5es sobre as Atividades Socioeducativas <strong><a href=\"https:\/\/ceak.org.br\/ee\/oficinas\/\">CLIQUE AQUI.<\/a><\/strong><\/p>\n<p><strong><a href=\"https:\/\/ceak.org.br\/ee\/blog\/\">Conhe\u00e7a mais no nosso Blog!\u00a0<\/a><\/strong><\/p>\n<p>Entre em contato e saiba mais <a href=\"mailto:adm8.ee.cml@ceak.org.br\">adm8.ee.cml@ceak.org.br<\/a> ou (19) 99433.3657.[\/vc_column_text][\/vc_column][vc_column width=&#8221;1\/2&#8243;][vc_single_image image=&#8221;561&#8243; img_size=&#8221;full&#8221; alignment=&#8221;right&#8221; style=&#8221;vc_box_shadow_3d&#8221;][\/vc_column][\/vc_row][vc_row][vc_column][vc_empty_space height=&#8221;15px&#8221;][vc_separator][vc_empty_space height=&#8221;15px&#8221;][\/vc_column][\/vc_row][vc_row][vc_column width=&#8221;1\/2&#8243;][vc_single_image image=&#8221;2252&#8243; img_size=&#8221;full&#8221; style=&#8221;vc_box_shadow_3d&#8221;][\/vc_column][vc_column width=&#8221;1\/2&#8243;][vc_column_text]\n<h2><strong>Centro de Conviv\u00eancia Inclusivos e Intergeracionais (CCII)<\/strong><\/h2>\n<p>O Centro de Conviv\u00eancias, tem por objetivo o fortalecimento de v\u00ednculos familiares e comunit\u00e1rios, tendo como p\u00fablico alvo jovens, adultos e idosos com idade a partir dos 13 anos. Propiciar aos usu\u00e1rios acesso aos servi\u00e7os socioassistenciais e benef\u00edcios oferecidos pelas pol\u00edticas p\u00fablicas de Assist\u00eancia Social.<\/p>\n<p>Realizamos atividades que possibilitam a constru\u00e7\u00e3o de novos conhecimentos e forma\u00e7\u00e3o de valores que visam o desenvolvimento integral, contribuindo para a autonomia, preparando para o mundo do trabalho, prevenindo situa\u00e7\u00f5es de risco social atrav\u00e9s da integra\u00e7\u00e3o, troca de experi\u00eancias e viv\u00eancias entre os participantes.<\/p>\n<p>Para o p\u00fablico jovem as atividades contribuem para o desenvolvimento das potencialidades, possibilitando mudan\u00e7as na realidade social com a\u00e7\u00f5es que motivem o desenvolvimento de novos projetos de vida com foco na autonomia e protagonismo social.<\/p>\n<p>O trabalho com adultos e idosos \u00e9 desenvolvido atrav\u00e9s de atividades que promovam o conv\u00edvio grupal, comunit\u00e1rio e social, tornando o espa\u00e7o de refer\u00eancia, acolhimento, fala, escuta e intera\u00e7\u00e3o a partir de encontros intergeracionais.<\/p>\n<p>Algumas das nossas atividades: <strong>Esportes, Mundo do trabalho, Pega a vis\u00e3o, Gin\u00e1stica para Adultos e Idosos, Arte e Cultura e Inform\u00e1tica<\/strong>.<\/p>\n<p><i>Mais informa\u00e7\u00f5es entre em contato pelo e-mail <a href=\"mailto:adm8.ee.cml@ceak.org.br\" target=\"_blank\" rel=\"noopener\">adm8.ee.cml@ceak.org.br<\/a>\u00a0ou pelo WhatsApp (19) 99433.3657<\/i>[\/vc_column_text][\/vc_column][\/vc_row][vc_row][vc_column][vc_empty_space height=&#8221;15px&#8221;][vc_separator][vc_empty_space height=&#8221;15px&#8221;][\/vc_column][\/vc_row][vc_row][vc_column width=&#8221;1\/2&#8243;][vc_column_text]\n<h2>Projeto Trampo Jovem<\/h2>\n<p>O Projeto Trampo Jovem tem como objetivo preparar adolescentes e jovens para o mundo do trabalho, atrav\u00e9s de atividades de incentivo aos estudos, amplia\u00e7\u00e3o de repert\u00f3rio e uma educa\u00e7\u00e3o para e pelo trabalho, contribuindo com a inser\u00e7\u00e3o e perman\u00eancia no primeiro emprego.<\/p>\n<p>O projeto \u00e9 fruto de um trabalho de aperfei\u00e7oamento do Projeto Trampolim, que atendeu mais de 400 jovens de 2019 a 2022. Em 2020 surgiram turbul\u00eancias por conta dos desafios gerados pela pandemia, onde houve a adapta\u00e7\u00e3o do projeto para formato virtual. Em 2021, com a melhora no cen\u00e1rio pand\u00eamico, o Projeto Trampolim foi adaptado para o formato h\u00edbrido. Tamb\u00e9m foi feita a atualiza\u00e7\u00e3o do nome, passando a chamar-se Projeto Trampo Jovem.<\/p>\n<p>Por sermos uma institui\u00e7\u00e3o vinculada \u00e0 assist\u00eancia social, o Projeto Trampo Jovem \u00e9 100% gratuito.<\/p>\n<p><a href=\"https:\/\/forms.gle\/9LKb2gCMNv2csfov8\" target=\"_blank\" rel=\"noopener\">Clique aqui para se inscrever!<\/a><\/p>\n<p><i>Mais informa\u00e7\u00f5es entre em contato pelo e-mail <a href=\"mailto:adm8.ee.cml@ceak.org.br\" target=\"_blank\" rel=\"noopener\">adm8.ee.cml@ceak.org.br<\/a>\u00a0ou pelo WhatsApp (19) 99433.3657<\/i>[\/vc_column_text][\/vc_column][vc_column width=&#8221;1\/2&#8243;][vc_single_image image=&#8221;2211&#8243; img_size=&#8221;full&#8221; alignment=&#8221;right&#8221; style=&#8221;vc_box_shadow_3d&#8221;][\/vc_column][\/vc_row][vc_row][vc_column][vc_empty_space height=&#8221;15px&#8221;][vc_separator][vc_empty_space height=&#8221;15px&#8221;][\/vc_column][\/vc_row][vc_row][vc_column width=&#8221;1\/2&#8243;][vc_single_image image=&#8221;542&#8243; img_size=&#8221;full&#8221; style=&#8221;vc_box_shadow_3d&#8221;][\/vc_column][vc_column width=&#8221;1\/2&#8243;][vc_column_text]\n<h2>Programa de Aprendizagem Profissional<\/h2>\n<p><strong><u>Jovem Aprendiz<\/u><\/strong> \u2013 Tem por objetivo atender adolescentes e jovens entre 15 e 24 anos, estudantes de escola p\u00fablica, e de fam\u00edlias de baixa renda e p\u00fablico priorit\u00e1rio, possibilitando a forma\u00e7\u00e3o t\u00e9cnico-profissional met\u00f3dica compat\u00edvel com seu desenvolvimento, f\u00edsico, moral e psicol\u00f3gico respeitando sua condi\u00e7\u00e3o peculiar de pessoa em desenvolvimento.<\/p>\n<p>Para mais informa\u00e7\u00f5es <strong><a href=\"https:\/\/ceak.org.br\/ee\/jovem-aprendiz\/\" target=\"_blank\" rel=\"noopener\">CLIQUE AQUI.<\/a><\/strong><\/p>\n<p><strong><u>Cursos de Inicia\u00e7\u00e3o Profissional<\/u><\/strong> \u2013 Tem por objetivo especializar e capacitar profissionalmente adolescentes a partir de 16 anos em \u00e1reas espec\u00edficas, com conhecimentos pr\u00e1ticos e te\u00f3ricos nos diversos segmentos de trabalho, garantindo seu ingresso e perman\u00eancia no mundo do trabalho.<\/p>\n<p>Para mais informa\u00e7\u00f5es <strong><a href=\"https:\/\/ceak.org.br\/ee\/adultos\/\" target=\"_blank\" rel=\"noopener\">CLIQUE AQUI.<\/a><\/strong><\/p>\n<p>Conhe\u00e7a mais no nosso <a href=\"https:\/\/ceak.org.br\/ee\/blog\/\">Blog<\/a><\/p>\n<p><i>Mais informa\u00e7\u00f5es entre em contato pelo e-mail <a href=\"mailto:adm8.ee.cml@ceak.org.br\" target=\"_blank\" rel=\"noopener\">adm8.ee.cml@ceak.org.br<\/a>\u00a0ou pelo WhatsApp (19) 99433.3657<\/i>[\/vc_column_text][\/vc_column][\/vc_row][vc_row][vc_column][vc_empty_space height=&#8221;15px&#8221;][vc_separator][vc_empty_space height=&#8221;15px&#8221;][\/vc_column][\/vc_row][vc_row][vc_column width=&#8221;1\/2&#8243;][vc_column_text]\n<h2>Projeto M\u00e3os na Massa<\/h2>\n<p>De forma agrad\u00e1vel, com din\u00e2micas que favorecem o fortalecimento de v\u00ednculos, desde o preparo at\u00e9 a degusta\u00e7\u00e3o, os\/as adolescentes aprimoram suas habilidades na \u00e1rea gastron\u00f4mica.<\/p>\n<p>A forma\u00e7\u00e3o te\u00f3rica acontece de forma din\u00e2mica, estimulando o uso dos recursos virtuais para a amplia\u00e7\u00e3o do conhecimento, compreens\u00e3o da legisla\u00e7\u00e3o sanit\u00e1ria, seguran\u00e7a no trabalho, possibilitando a forma\u00e7\u00e3o de futuros profissionais, conscientes, competentes e qualificados.<\/p>\n<p><em>Resultados esperados<\/em><\/p>\n<p>Melhorar a qualidade de vida, ensinar t\u00e9cnicas de panifica\u00e7\u00e3o, estimular sobre h\u00e1bitos saud\u00e1veis, valorizar o alimento fabricado, elevar a autoestima dos participantes, incentivar a sustentabilidade.<\/p>\n<p><i>Mais informa\u00e7\u00f5es entre em contato pelo e-mail <a href=\"mailto:adm8.ee.cml@ceak.org.br\" target=\"_blank\" rel=\"noopener\">adm8.ee.cml@ceak.org.br<\/a>\u00a0ou pelo WhatsApp (19) 99433.3657<\/i>[\/vc_column_text][\/vc_column][vc_column width=&#8221;1\/2&#8243;][vc_single_image image=&#8221;1603&#8243; img_size=&#8221;full&#8221; alignment=&#8221;right&#8221; style=&#8221;vc_box_shadow_3d&#8221;][\/vc_column][\/vc_row]\n","protected":false},"excerpt":{"rendered":"[vc_row][vc_column][vc_column_text] Adolescentes e Jovens [\/vc_column_text][\/vc_column][\/vc_row][vc_row][vc_column width=&#8221;1\/2&#8243;][vc_column_text]Adolescentes e jovens de 13 a 24 anos podem participar das Atividades Socioeducativas do Educand\u00e1rio Eur\u00edpedes. As Atividades Socioeducativas visam estimular o protagonismo, potencializar as habilidades, fortalecer v\u00ednculos familiares e comunit\u00e1rios e oferecer recursos para o acesso ao mundo do trabalho. &nbsp; Para participar, necess\u00e1rio preencher a Ficha de Cadastro [&hellip;]\n","protected":false},"author":1,"featured_media":0,"parent":0,"menu_order":0,"comment_status":"closed","ping_status":"closed","template":"page-blank-container.php","meta":[],"_links":{"self":[{"href":"https:\/\/ceak.org.br\/ee\/wp-json\/wp\/v2\/pages\/262"}],"collection":[{"href":"https:\/\/ceak.org.br\/ee\/wp-json\/wp\/v2\/pages"}],"about":[{"href":"https:\/\/ceak.org.br\/ee\/wp-json\/wp\/v2\/types\/page"}],"author":[{"embeddable":true,"href":"https:\/\/ceak.org.br\/ee\/wp-json\/wp\/v2\/users\/1"}],"replies":[{"embeddable":true,"href":"https:\/\/ceak.org.br\/ee\/wp-json\/wp\/v2\/comments?post=262"}],"version-history":[{"count":51,"href":"https:\/\/ceak.org.br\/ee\/wp-json\/wp\/v2\/pages\/262\/revisions"}],"predecessor-version":[{"id":2253,"href":"https:\/\/ceak.org.br\/ee\/wp-json\/wp\/v2\/pages\/262\/revisions\/2253"}],"wp:attachment":[{"href":"https:\/\/ceak.org.br\/ee\/wp-json\/wp\/v2\/media?parent=262"}],"curies":[{"name":"wp","href":"https:\/\/api.w.org\/{rel}","templated":true}]}}