{"id":277,"date":"2016-11-23T02:32:55","date_gmt":"2016-11-23T04:32:55","guid":{"rendered":"http:\/\/ceak.own.com.br\/ee\/?page_id=277"},"modified":"2023-07-31T18:31:32","modified_gmt":"2023-07-31T21:31:32","slug":"contato","status":"publish","type":"page","link":"https:\/\/ceak.org.br\/ee\/contato\/","title":{"rendered":"Contato"},"content":{"rendered":"[vc_row][vc_column][vc_column_text]\n<h1>Contato<\/h1>\n[\/vc_column_text][\/vc_column][\/vc_row][vc_row][vc_column width=&#8221;1\/2&#8243;][vc_column_text]Endere\u00e7o:\u00a0 Av. Doutor Theodureto de Almeida Camargo, 750<br \/>\nJardim Nossa Senhora Auxiliadora<br \/>\nCampinas SP &#8211; CEP 13.075-630<\/p>\n<p>Tel.: <a href=\"tel:+551932423877\">(19) 3242.3877<\/a>\u00a0e <a href=\"tel:+551925148702\">(19) 2514.8702<\/a><br \/>\nE-mail de contato: <a href=\"mailto:contato.ee@ceak.org.br\">contato.ee@ceak.org.br<\/a><\/p>\n<p>WhatsApp <strong>Creche M\u00e3e Lu\u00edza<\/strong>: (19) 9 9429-2783<\/p>\n<p>WhatsApp <strong>Educand\u00e1rio Eur\u00edpedes<\/strong>: (19) 9 9433.3657<\/p>\n<p>Siga-nos nas nossas redes sociais:<\/p>\n<p><a href=\"https:\/\/www.facebook.com\/educandarioeuripedes\">https:\/\/www.facebook.com\/educandarioeuripedes<\/a><\/p>\n<p><a href=\"https:\/\/www.instagram.com\/educandarioeuripedesceak\/\">https:\/\/www.instagram.com\/educandarioeuripedesceak\/<\/a>[\/vc_column_text][\/vc_column][vc_column width=&#8221;1\/2&#8243;]<div role=\"form\" class=\"wpcf7\" id=\"wpcf7-f279-o1\" lang=\"pt-BR\" dir=\"ltr\">\n<div class=\"screen-reader-response\"><p role=\"status\" aria-live=\"polite\" aria-atomic=\"true\"><\/p> <ul><\/ul><\/div>\n<form action=\"\/ee\/wp-json\/wp\/v2\/pages\/277#wpcf7-f279-o1\" method=\"post\" class=\"wpcf7-form init\" novalidate=\"novalidate\" data-status=\"init\">\n<div style=\"display: none;\">\n<input type=\"hidden\" name=\"_wpcf7\" value=\"279\" \/>\n<input type=\"hidden\" name=\"_wpcf7_version\" value=\"5.4\" \/>\n<input type=\"hidden\" name=\"_wpcf7_locale\" value=\"pt_BR\" \/>\n<input type=\"hidden\" name=\"_wpcf7_unit_tag\" value=\"wpcf7-f279-o1\" \/>\n<input type=\"hidden\" name=\"_wpcf7_container_post\" value=\"0\" \/>\n<input type=\"hidden\" name=\"_wpcf7_posted_data_hash\" value=\"\" \/>\n<input type=\"hidden\" name=\"_wpcf7_recaptcha_response\" value=\"\" \/>\n<\/div>\n<p><label> Seu nome (obrigat\u00f3rio)<br \/>\n    <span class=\"wpcf7-form-control-wrap your-name\"><input type=\"text\" name=\"your-name\" value=\"\" size=\"40\" class=\"wpcf7-form-control wpcf7-text wpcf7-validates-as-required\" aria-required=\"true\" aria-invalid=\"false\" \/><\/span> <\/label><\/p>\n<p><label> Seu e-mail (obrigat\u00f3rio)<br \/>\n    <span class=\"wpcf7-form-control-wrap your-email\"><input type=\"email\" name=\"your-email\" value=\"\" size=\"40\" class=\"wpcf7-form-control wpcf7-text wpcf7-email wpcf7-validates-as-required wpcf7-validates-as-email\" aria-required=\"true\" aria-invalid=\"false\" \/><\/span> <\/label><\/p>\n<p><label> Assunto<br \/>\n    <span class=\"wpcf7-form-control-wrap your-subject\"><input type=\"text\" name=\"your-subject\" value=\"\" size=\"40\" class=\"wpcf7-form-control wpcf7-text\" aria-invalid=\"false\" \/><\/span> <\/label><\/p>\n<p><label> Sua mensagem<br \/>\n    <span class=\"wpcf7-form-control-wrap your-message\"><textarea name=\"your-message\" cols=\"40\" rows=\"10\" class=\"wpcf7-form-control wpcf7-textarea\" aria-invalid=\"false\"><\/textarea><\/span> <\/label><\/p>\n<p><input type=\"submit\" value=\"Enviar\" class=\"wpcf7-form-control wpcf7-submit\" \/><\/p>\n<div class=\"wpcf7-response-output\" aria-hidden=\"true\"><\/div><\/form><\/div>[\/vc_column][\/vc_row]\n","protected":false},"excerpt":{"rendered":"[vc_row][vc_column][vc_column_text] Contato [\/vc_column_text][\/vc_column][\/vc_row][vc_row][vc_column width=&#8221;1\/2&#8243;][vc_column_text]Endere\u00e7o:\u00a0 Av. Doutor Theodureto de Almeida Camargo, 750 Jardim Nossa Senhora Auxiliadora Campinas SP &#8211; CEP 13.075-630 Tel.: (19) 3242.3877\u00a0e (19) 2514.8702 E-mail de contato: contato.ee@ceak.org.br WhatsApp Creche M\u00e3e Lu\u00edza: (19) 9 9429-2783 WhatsApp Educand\u00e1rio Eur\u00edpedes: (19) 9 9433.3657 Siga-nos nas nossas redes sociais: https:\/\/www.facebook.com\/educandarioeuripedes https:\/\/www.instagram.com\/educandarioeuripedesceak\/[\/vc_column_text][\/vc_column][vc_column width=&#8221;1\/2&#8243;][\/vc_column][\/vc_row]\n","protected":false},"author":1,"featured_media":0,"parent":0,"menu_order":0,"comment_status":"closed","ping_status":"closed","template":"page-blank-container.php","meta":[],"_links":{"self":[{"href":"https:\/\/ceak.org.br\/ee\/wp-json\/wp\/v2\/pages\/277"}],"collection":[{"href":"https:\/\/ceak.org.br\/ee\/wp-json\/wp\/v2\/pages"}],"about":[{"href":"https:\/\/ceak.org.br\/ee\/wp-json\/wp\/v2\/types\/page"}],"author":[{"embeddable":true,"href":"https:\/\/ceak.org.br\/ee\/wp-json\/wp\/v2\/users\/1"}],"replies":[{"embeddable":true,"href":"https:\/\/ceak.org.br\/ee\/wp-json\/wp\/v2\/comments?post=277"}],"version-history":[{"count":8,"href":"https:\/\/ceak.org.br\/ee\/wp-json\/wp\/v2\/pages\/277\/revisions"}],"predecessor-version":[{"id":2258,"href":"https:\/\/ceak.org.br\/ee\/wp-json\/wp\/v2\/pages\/277\/revisions\/2258"}],"wp:attachment":[{"href":"https:\/\/ceak.org.br\/ee\/wp-json\/wp\/v2\/media?parent=277"}],"curies":[{"name":"wp","href":"https:\/\/api.w.org\/{rel}","templated":true}]}}