{"id":283,"date":"2016-11-23T02:40:33","date_gmt":"2016-11-23T04:40:33","guid":{"rendered":"http:\/\/ceak.own.com.br\/ee\/?page_id=283"},"modified":"2023-08-22T20:40:19","modified_gmt":"2023-08-22T23:40:19","slug":"jovem-aprendiz","status":"publish","type":"page","link":"https:\/\/ceak.org.br\/ee\/jovem-aprendiz\/","title":{"rendered":"Jovem Aprendiz"},"content":{"rendered":"[vc_row][vc_column][vc_column_text]\n<h1>Jovem Aprendiz<\/h1>\n[\/vc_column_text][\/vc_column][\/vc_row][vc_row][vc_column width=&#8221;1\/2&#8243;][vc_column_text]Ingressar no mercado de trabalho e conquistar seu espa\u00e7o como profissional respeitado \u00e9 o desejo de muitos jovens. Com o compromisso de desenvolver cidad\u00e3os aptos aos desafios do mundo do trabalho, o Educand\u00e1rio Eur\u00edpedes apresenta o Programa de Aprendizagem Profissional Jovem Aprendiz.<\/p>\n<h2><span style=\"color: #ff9900;\"><em>Como fa\u00e7o para participar do Programa Jovem Aprendiz?<\/em><\/span><\/h2>\n<p>De acordo com a legisla\u00e7\u00e3o, a contrata\u00e7\u00e3o tem um prazo determinado de, no m\u00e1ximo, dois anos. Para participar, os adolescentes e jovens entre 14 e 24 anos incompletos precisam ter conclu\u00eddo ou estar cursando o ensino fundamental ou m\u00e9dio. O processo seletivo para novas inclus\u00f5es \u00e9 divulgado aos participantes das atividades socioeducativas da institui\u00e7\u00e3o.<\/p>\n<p>Informa\u00e7\u00f5es sobre as pr\u00f3ximas turmas entrar em contato <a href=\"mailto:adm8.ee.cml@ceak.org.br\">adm8.ee.cml@ceak.org.br<\/a> ou (19) 99433.3657.<\/p>\n<p>&nbsp;<\/p>\n<h2><span style=\"color: #00aae7;\"><em>Como fa\u00e7o para CONTRATAR um(a) Aprendiz?<\/em><\/span><\/h2>\n<p><em>\u00a0<\/em>Conhe\u00e7a o Programa Jovem Aprendiz acessando nosso portf\u00f3lio (<a href=\"https:\/\/drive.google.com\/file\/d\/1uF1OGFc-IP_FDicHUYdlfTCn0eGzIZ98\/view?usp=drive_link\" target=\"_blank\" rel=\"noopener\">CLIQUE AQUI<\/a>) e venha fazer parte da transforma\u00e7\u00e3o de vidas.[\/vc_column_text][\/vc_column][vc_column width=&#8221;1\/2&#8243;][vc_single_image image=&#8221;516&#8243; img_size=&#8221;full&#8221; alignment=&#8221;right&#8221; style=&#8221;vc_box_shadow_3d&#8221;][\/vc_column][\/vc_row]\n","protected":false},"excerpt":{"rendered":"[vc_row][vc_column][vc_column_text] Jovem Aprendiz [\/vc_column_text][\/vc_column][\/vc_row][vc_row][vc_column width=&#8221;1\/2&#8243;][vc_column_text]Ingressar no mercado de trabalho e conquistar seu espa\u00e7o como profissional respeitado \u00e9 o desejo de muitos jovens. Com o compromisso de desenvolver cidad\u00e3os aptos aos desafios do mundo do trabalho, o Educand\u00e1rio Eur\u00edpedes apresenta o Programa de Aprendizagem Profissional Jovem Aprendiz. Como fa\u00e7o para participar do Programa Jovem Aprendiz? De [&hellip;]\n","protected":false},"author":1,"featured_media":0,"parent":0,"menu_order":0,"comment_status":"closed","ping_status":"closed","template":"page-blank-container.php","meta":[],"_links":{"self":[{"href":"https:\/\/ceak.org.br\/ee\/wp-json\/wp\/v2\/pages\/283"}],"collection":[{"href":"https:\/\/ceak.org.br\/ee\/wp-json\/wp\/v2\/pages"}],"about":[{"href":"https:\/\/ceak.org.br\/ee\/wp-json\/wp\/v2\/types\/page"}],"author":[{"embeddable":true,"href":"https:\/\/ceak.org.br\/ee\/wp-json\/wp\/v2\/users\/1"}],"replies":[{"embeddable":true,"href":"https:\/\/ceak.org.br\/ee\/wp-json\/wp\/v2\/comments?post=283"}],"version-history":[{"count":16,"href":"https:\/\/ceak.org.br\/ee\/wp-json\/wp\/v2\/pages\/283\/revisions"}],"predecessor-version":[{"id":2260,"href":"https:\/\/ceak.org.br\/ee\/wp-json\/wp\/v2\/pages\/283\/revisions\/2260"}],"wp:attachment":[{"href":"https:\/\/ceak.org.br\/ee\/wp-json\/wp\/v2\/media?parent=283"}],"curies":[{"name":"wp","href":"https:\/\/api.w.org\/{rel}","templated":true}]}}