{"id":290,"date":"2016-11-23T03:14:50","date_gmt":"2016-11-23T05:14:50","guid":{"rendered":"http:\/\/ceak.own.com.br\/ee\/?page_id=290"},"modified":"2023-07-31T18:25:03","modified_gmt":"2023-07-31T21:25:03","slug":"adultos","status":"publish","type":"page","link":"https:\/\/ceak.org.br\/ee\/adultos\/","title":{"rendered":"Adultos"},"content":{"rendered":"[vc_row][vc_column][vc_column_text]\n<h1>Cursos de Inicia\u00e7\u00e3o Profissional<\/h1>\n[\/vc_column_text][\/vc_column][\/vc_row][vc_row][vc_column width=&#8221;1\/2&#8243;][vc_column_text]Visando proporcionar novas oportunidades a jovens e adultos, o Educand\u00e1rio Eur\u00edpedes oferece gratuitamente os Cursos de Inicia\u00e7\u00e3o Profissional.<\/p>\n<p>Podem participar dos cursos:<\/p>\n<ul>\n<li>Moradores de Campinas<\/li>\n<li>Com idade a partir de 16 anos<\/li>\n<li>Com ensino fundamental completo<\/li>\n<\/ul>\n<p>Alguns cursos oferecidos:<\/p>\n<ul>\n<li>Atendimento ao Cliente;<\/li>\n<li>Auxiliar em Servi\u00e7os Administrativos;<\/li>\n<li>Recepcionista;<\/li>\n<li>Auxiliar de Padeiro e Confeiteiro;<\/li>\n<li>Manuten\u00e7\u00e3o B\u00e1sica de Computadores;<\/li>\n<\/ul>\n<p>Informa\u00e7\u00f5es sobre as pr\u00f3ximas turmas entrar em contato <a href=\"mailto:adm8.ee.cml@ceak.org.br\">adm8.ee.cml@ceak.org.br<\/a> ou (19) 99433.3657.<\/p>\n<p>Assim que abrirmos novas turmas, entraremos em contato![\/vc_column_text][\/vc_column][vc_column width=&#8221;1\/2&#8243;][vc_single_image image=&#8221;2254&#8243; img_size=&#8221;full&#8221; alignment=&#8221;right&#8221; style=&#8221;vc_box_shadow_3d&#8221;][\/vc_column][\/vc_row][vc_row][vc_column][vc_empty_space height=&#8221;15px&#8221;][vc_separator][vc_empty_space height=&#8221;15px&#8221;][\/vc_column][\/vc_row][vc_row][vc_column width=&#8221;1\/2&#8243;][vc_column_text]\n<h2>Centro de Conviv\u00eancia Inclusivos e Intergeracionais (CCII)<\/h2>\n<p>Tem por objetivo fortalecer as rela\u00e7\u00f5es familiares e comunit\u00e1rias, al\u00e9m de promover a integra\u00e7\u00e3o e a troca de experi\u00eancias entre os participantes, valorizando o sentido de vida coletiva, contribuindo para o desenvolvimento da autonomia, de sociabilidades, prevenindo situa\u00e7\u00f5es de vulnerabilidades e risco social.<\/p>\n<p>Assim, com muita troca de experi\u00eancia, divers\u00e3o, atividades f\u00edsicas, inclus\u00e3o digital, integra\u00e7\u00e3o e novas amizades, oferecemos um espa\u00e7o diferenciado para adultos e idosos.<\/p>\n<p><em>N\u00e3o fiquem de fora! <\/em>Entre em contato <a href=\"mailto:adm8.ee.cml@ceak.org.br\">adm8.ee.cml@ceak.org.br<\/a> ou (19) 99433.3657.[\/vc_column_text][\/vc_column][vc_column width=&#8221;1\/2&#8243;][vc_single_image image=&#8221;2255&#8243; img_size=&#8221;full&#8221; alignment=&#8221;right&#8221; style=&#8221;vc_box_shadow_3d&#8221;][\/vc_column][\/vc_row][vc_row][vc_column][vc_empty_space height=&#8221;15px&#8221;][vc_separator][vc_empty_space height=&#8221;15px&#8221;][\/vc_column][\/vc_row][vc_row][vc_column width=&#8221;1\/2&#8243;][vc_single_image image=&#8221;294&#8243; img_size=&#8221;full&#8221; style=&#8221;vc_box_shadow_3d&#8221;][\/vc_column][vc_column width=&#8221;1\/2&#8243;][vc_column_text]\n<h2>Objetivos das Oficinas Socioeducativas do CCII:<\/h2>\n<p>Estimular o protagonismo, atrav\u00e9s do acesso \u00e0 informa\u00e7\u00e3o sobre direitos de cidadania;<\/p>\n<p>Fomentar a participa\u00e7\u00e3o dos usu\u00e1rios no controle social do SUAS \u2013 Sistema \u00danico de Assist\u00eancia Social;<\/p>\n<p>Assegurar espa\u00e7os de refer\u00eancia para o conv\u00edvio familiar, grupal, comunit\u00e1rio e social e o desenvolvimento de rela\u00e7\u00f5es de afetividade, solidariedade e respeito m\u00fatuo;<\/p>\n<p>Contribuir para a inser\u00e7\u00e3o, reinser\u00e7\u00e3o e perman\u00eancia no sistema educacional;<br \/>\nPossibilitar o reconhecimento do trabalho e da educa\u00e7\u00e3o como direitos de cidadania e desenvolver conhecimentos sobre o mundo do trabalho e compet\u00eancias espec\u00edficas b\u00e1sicas;<\/p>\n<p>Possibilitar a amplia\u00e7\u00e3o do universo informacional, art\u00edstico e cultural dos jovens e adultos, bem como estimular o desenvolvimento de potencialidades para novos projetos de vida, propiciar sua forma\u00e7\u00e3o cidad\u00e3 e viv\u00eancias para o alcance de autonomia, detectar necessidades, motiva\u00e7\u00f5es, habilidades e talentos;<\/p>\n<p>Favorecer o desenvolvimento de atividades Intergeracionais, propiciando trocas de experi\u00eancias e viv\u00eancias, de modo a prevenir a segrega\u00e7\u00e3o dos idosos e combater o preconceito, fortalecendo o respeito, a solidariedade e os v\u00ednculos familiares e comunit\u00e1rios.[\/vc_column_text][\/vc_column][\/vc_row]\n","protected":false},"excerpt":{"rendered":"[vc_row][vc_column][vc_column_text] Cursos de Inicia\u00e7\u00e3o Profissional [\/vc_column_text][\/vc_column][\/vc_row][vc_row][vc_column width=&#8221;1\/2&#8243;][vc_column_text]Visando proporcionar novas oportunidades a jovens e adultos, o Educand\u00e1rio Eur\u00edpedes oferece gratuitamente os Cursos de Inicia\u00e7\u00e3o Profissional. Podem participar dos cursos: Moradores de Campinas Com idade a partir de 16 anos Com ensino fundamental completo Alguns cursos oferecidos: Atendimento ao Cliente; Auxiliar em Servi\u00e7os Administrativos; Recepcionista; Auxiliar de [&hellip;]\n","protected":false},"author":1,"featured_media":0,"parent":0,"menu_order":0,"comment_status":"closed","ping_status":"closed","template":"page-blank-container.php","meta":[],"_links":{"self":[{"href":"https:\/\/ceak.org.br\/ee\/wp-json\/wp\/v2\/pages\/290"}],"collection":[{"href":"https:\/\/ceak.org.br\/ee\/wp-json\/wp\/v2\/pages"}],"about":[{"href":"https:\/\/ceak.org.br\/ee\/wp-json\/wp\/v2\/types\/page"}],"author":[{"embeddable":true,"href":"https:\/\/ceak.org.br\/ee\/wp-json\/wp\/v2\/users\/1"}],"replies":[{"embeddable":true,"href":"https:\/\/ceak.org.br\/ee\/wp-json\/wp\/v2\/comments?post=290"}],"version-history":[{"count":30,"href":"https:\/\/ceak.org.br\/ee\/wp-json\/wp\/v2\/pages\/290\/revisions"}],"predecessor-version":[{"id":2256,"href":"https:\/\/ceak.org.br\/ee\/wp-json\/wp\/v2\/pages\/290\/revisions\/2256"}],"wp:attachment":[{"href":"https:\/\/ceak.org.br\/ee\/wp-json\/wp\/v2\/media?parent=290"}],"curies":[{"name":"wp","href":"https:\/\/api.w.org\/{rel}","templated":true}]}}