{"id":318,"date":"2016-11-23T03:52:09","date_gmt":"2016-11-23T05:52:09","guid":{"rendered":"http:\/\/ceak.own.com.br\/ee\/?page_id=318"},"modified":"2016-11-23T03:52:09","modified_gmt":"2016-11-23T05:52:09","slug":"linha-do-tempo","status":"publish","type":"page","link":"https:\/\/ceak.org.br\/ee\/linha-do-tempo\/","title":{"rendered":"Linha do Tempo"},"content":{"rendered":"[vc_row][vc_column][vc_column_text]\n<h1>Linha do Tempo<\/h1>\n[\/vc_column_text][\/vc_column][\/vc_row][vc_row][vc_column width=&#8221;1\/2&#8243;][vc_column_text]<b>29 de dezembro de 1955 <\/b>\u2013 Doa\u00e7\u00e3o do terreno pelo Governador J\u00e2nio Quadros;<\/p>\n<p><b>30 de Setembro de 1962 &#8211; In\u00edcio das atividades\u00a0<\/b><\/p>\n<p>Idealizado pelos dirigentes do Centro Esp\u00edrita Alan Kardec, o local foi constru\u00eddo, com doa\u00e7\u00f5es da comunidade e empres\u00e1rios, para ser um abrigo de menores em situa\u00e7\u00e3o de risco no munic\u00edpio de Campinas.<\/p>\n<p><b>Setembro de 1969 &#8211; Inaugura\u00e7\u00e3o Creche M\u00e3e Luiza:\u00a0<\/b><\/p>\n<p>Um ano depois 140 crian\u00e7as na faixa et\u00e1ria de 0 a 7 anos j\u00e1 eram assistidas pela creche.<\/p>\n<p><b>1991: <\/b>A partir deste ano, o educand\u00e1rio passou a funcionar como escola em tempo integral para crian\u00e7as da 1\u00aa a 4\u00aa s\u00e9rie do ensino fundamental, em conv\u00eanio com a secretaria de educa\u00e7\u00e3o do Estado de S\u00e3o Paulo. Foram encerradas as atividades como abrigo de meninos.<\/p>\n<p><b>1993: <\/b>In\u00edcio do conv\u00eanio com o SENAI para oferta de cursos livres;<\/p>\n<p><b>1998: <\/b>In\u00edcio dos cursos profissionalizantes, em conv\u00eanio com o SENAI;<\/p>\n<p><b>1999: <\/b>In\u00edcio do servi\u00e7o de assist\u00eancia social Protagonismo Juvenil;<\/p>\n<p><b>2003: <\/b>In\u00edcio do Programa Aprendiz;<\/p>\n<p><b>2016: <\/b>Oferta do Servi\u00e7o de Conviv\u00eancia e Fortalecimento de V\u00ednculos de 15 a 24 anos e 11 meses, Centro de Conviv\u00eancia Inclusivo e Intergeracional para jovens e adultos;<\/p>\n<p>&#8211; Creche M\u00e3e Luzia: Escola de Educa\u00e7\u00e3o Infantil para 220 crian\u00e7as de 19 meses a 5 anos e 11 meses em per\u00edodo integral;<\/p>\n<p>&#8211; Programa de Aprendizagem Profissional Jovem Aprendiz em Administra\u00e7\u00e3o e Assistente Administrativo Banc\u00e1rio;<\/p>\n<p>&#8211; Cursos de Inicia\u00e7\u00e3o Profissional para adultos em Parceria com SENAI Roberto Mange.[\/vc_column_text][\/vc_column][vc_column width=&#8221;1\/2&#8243;][vc_single_image image=&#8221;319&#8243; img_size=&#8221;full&#8221; alignment=&#8221;right&#8221; style=&#8221;vc_box_shadow_3d&#8221; css_animation=&#8221;bottom-to-top&#8221;][\/vc_column][\/vc_row]\n","protected":false},"excerpt":{"rendered":"[vc_row][vc_column][vc_column_text] Linha do Tempo [\/vc_column_text][\/vc_column][\/vc_row][vc_row][vc_column width=&#8221;1\/2&#8243;][vc_column_text]29 de dezembro de 1955 \u2013 Doa\u00e7\u00e3o do terreno pelo Governador J\u00e2nio Quadros; 30 de Setembro de 1962 &#8211; In\u00edcio das atividades\u00a0 Idealizado pelos dirigentes do Centro Esp\u00edrita Alan Kardec, o local foi constru\u00eddo, com doa\u00e7\u00f5es da comunidade e empres\u00e1rios, para ser um abrigo de menores em situa\u00e7\u00e3o de risco [&hellip;]\n","protected":false},"author":1,"featured_media":0,"parent":0,"menu_order":0,"comment_status":"closed","ping_status":"closed","template":"page-blank-container.php","meta":[],"_links":{"self":[{"href":"https:\/\/ceak.org.br\/ee\/wp-json\/wp\/v2\/pages\/318"}],"collection":[{"href":"https:\/\/ceak.org.br\/ee\/wp-json\/wp\/v2\/pages"}],"about":[{"href":"https:\/\/ceak.org.br\/ee\/wp-json\/wp\/v2\/types\/page"}],"author":[{"embeddable":true,"href":"https:\/\/ceak.org.br\/ee\/wp-json\/wp\/v2\/users\/1"}],"replies":[{"embeddable":true,"href":"https:\/\/ceak.org.br\/ee\/wp-json\/wp\/v2\/comments?post=318"}],"version-history":[{"count":1,"href":"https:\/\/ceak.org.br\/ee\/wp-json\/wp\/v2\/pages\/318\/revisions"}],"predecessor-version":[{"id":320,"href":"https:\/\/ceak.org.br\/ee\/wp-json\/wp\/v2\/pages\/318\/revisions\/320"}],"wp:attachment":[{"href":"https:\/\/ceak.org.br\/ee\/wp-json\/wp\/v2\/media?parent=318"}],"curies":[{"name":"wp","href":"https:\/\/api.w.org\/{rel}","templated":true}]}}