{"id":9,"date":"2016-11-10T11:13:05","date_gmt":"2016-11-10T13:13:05","guid":{"rendered":"http:\/\/ceak.own.com.br\/ee\/?page_id=9"},"modified":"2023-07-30T15:15:35","modified_gmt":"2023-07-30T18:15:35","slug":"como-ajudar","status":"publish","type":"page","link":"https:\/\/ceak.org.br\/ee\/como-ajudar\/","title":{"rendered":"Como Ajudar"},"content":{"rendered":"[vc_row][vc_column][vc_column_text]\n<h1>Como Ajudar<\/h1>\n[\/vc_column_text][\/vc_column][\/vc_row][vc_row][vc_column][vc_column_text]H\u00e1 muitas formas de auxiliar o Educand\u00e1rio Eur\u00edpedes e a Creche M\u00e3e Luiza a continuarem desenvolvendo suas atividades com excel\u00eancia.<br \/>\n<strong>Conhe\u00e7a algumas delas:<\/strong>[\/vc_column_text][\/vc_column][\/vc_row][vc_row disable_element=&#8221;yes&#8221;][vc_column][vc_column_text]\n<h2><img src=\"http:\/\/ceak.org.br\/cavi\/wp-content\/uploads\/2017\/02\/HEART-BEATING-PINK-50.gif\" \/>Sendo um associado contribuinte<\/h2>\n<p>Atrav\u00e9s de uma contribui\u00e7\u00e3o mensal,\u00a0utilizando seu cart\u00e3o de credito, voc\u00ea pode ser um associado e apoiar os trabalhos do Educand\u00e1rio Eur\u00edpedes e Creche M\u00e3e Luiza.<strong> A doa\u00e7\u00e3o ser\u00e1 descontada automaticamente do seu cart\u00e3o de cr\u00e9dito mensalmente.<\/strong><\/p>\n[\/vc_column_text][vc_single_image image=&#8221;354&#8243; img_size=&#8221;200&#215;35&#8243;][\/vc_column][\/vc_row][vc_row disable_element=&#8221;yes&#8221;][vc_column width=&#8221;1\/6&#8243;][vc_btn title=&#8221;<strong>R$ 10,00<\/strong>&#8221; style=&#8221;custom&#8221; custom_background=&#8221;#7b7b7b&#8221; custom_text=&#8221;#ffffff&#8221; align=&#8221;center&#8221; i_icon_fontawesome=&#8221;fa fa-heart&#8221; button_block=&#8221;true&#8221; add_icon=&#8221;true&#8221; link=&#8221;url:https%3A%2F%2Fapp.vindi.com.br%2Fcustomer%2Fpages%2F3f8a7275-eb28-4247-bffd-cfce25f35323%2Fsubscriptions%2Fnew|title:Obrigado%20pela%20sua%20doa%C3%A7%C3%A3o%20mensal%20de%20R%24%2010%2C00!|target:%20_blank|rel:nofollow&#8221;][\/vc_column][vc_column width=&#8221;1\/6&#8243;][vc_btn title=&#8221;<strong>R$ 20,00<\/strong>&#8221; style=&#8221;custom&#8221; custom_background=&#8221;#444444&#8243; custom_text=&#8221;#ffffff&#8221; align=&#8221;center&#8221; i_icon_fontawesome=&#8221;fa fa-heart&#8221; button_block=&#8221;true&#8221; add_icon=&#8221;true&#8221; link=&#8221;url:https%3A%2F%2Fapp.vindi.com.br%2Fcustomer%2Fpages%2F8b8e9d8a-1a94-4086-8e52-e9f9c9718289%2Fsubscriptions%2Fnew|title:Obrigado%20pela%20sua%20doa%C3%A7%C3%A3o%20mensal%20de%20R%24%2020%2C00!|target:%20_blank|rel:nofollow&#8221;][\/vc_column][vc_column width=&#8221;1\/6&#8243;][vc_btn title=&#8221;<strong>R$ 30,00<\/strong>&#8221; style=&#8221;custom&#8221; custom_background=&#8221;#68a8de&#8221; custom_text=&#8221;#ffffff&#8221; align=&#8221;center&#8221; i_icon_fontawesome=&#8221;fa fa-heart&#8221; button_block=&#8221;true&#8221; add_icon=&#8221;true&#8221; link=&#8221;url:https%3A%2F%2Fapp.vindi.com.br%2Fcustomer%2Fpages%2F9e701fdf-bd01-4700-9dd4-3e4c2c010435%2Fsubscriptions%2Fnew|title:Obrigado%20pela%20sua%20doa%C3%A7%C3%A3o%20mensal%20de%20R%24%2030%2C00!|target:%20_blank|rel:nofollow&#8221;][\/vc_column][vc_column width=&#8221;1\/6&#8243;][vc_btn title=&#8221;<strong>R$ 50,00<\/strong>&#8221; style=&#8221;custom&#8221; custom_background=&#8221;#d16b1b&#8221; custom_text=&#8221;#ffffff&#8221; align=&#8221;center&#8221; i_icon_fontawesome=&#8221;fa fa-heart&#8221; button_block=&#8221;true&#8221; add_icon=&#8221;true&#8221; link=&#8221;url:https%3A%2F%2Fapp.vindi.com.br%2Fcustomer%2Fpages%2Fb3756c76-6bf0-4614-afd4-01944bf8fcab%2Fsubscriptions%2Fnew|title:Obrigado%20pela%20sua%20doa%C3%A7%C3%A3o%20mensal%20de%20R%24%2050%2C00!|target:%20_blank|rel:nofollow&#8221;][\/vc_column][vc_column width=&#8221;1\/6&#8243;][vc_btn title=&#8221;<strong>R$ 100,00<\/strong>&#8221; style=&#8221;custom&#8221; custom_background=&#8221;#a2c037&#8243; custom_text=&#8221;#ffffff&#8221; align=&#8221;center&#8221; i_icon_fontawesome=&#8221;fa fa-heart&#8221; button_block=&#8221;true&#8221; add_icon=&#8221;true&#8221; link=&#8221;url:https%3A%2F%2Fapp.vindi.com.br%2Fcustomer%2Fpages%2F033a39c7-ade1-4bf2-9c47-6a8888bd1d7a%2Fsubscriptions%2Fnew|title:Obrigado%20pela%20sua%20doa%C3%A7%C3%A3o%20mensal%20de%20R%24%20100%2C00!|target:%20_blank|rel:nofollow&#8221;][\/vc_column][vc_column width=&#8221;1\/6&#8243;][vc_btn title=&#8221;<strong>R$ 200,00<\/strong>&#8221; style=&#8221;custom&#8221; custom_background=&#8221;#c61870&#8243; custom_text=&#8221;#ffffff&#8221; align=&#8221;center&#8221; i_icon_fontawesome=&#8221;fa fa-heart&#8221; button_block=&#8221;true&#8221; add_icon=&#8221;true&#8221; link=&#8221;url:https%3A%2F%2Fapp.vindi.com.br%2Fcustomer%2Fpages%2Fc7cbacc6-5578-465e-80da-a282114df955%2Fsubscriptions%2Fnew|title:Obrigado%20pela%20sua%20doa%C3%A7%C3%A3o%20mensal%20de%20R%24%20200%2C00!|target:%20_blank|rel:nofollow&#8221;][\/vc_column][\/vc_row][vc_row disable_element=&#8221;yes&#8221;][vc_column][vc_column_text](N\u00e3o dedut\u00edvel do imposto de Renda)<\/p>\n<p>Para altera\u00e7\u00f5es, outros valores e mais informa\u00e7\u00f5es. Entre em contato conosco pelo e-mail: <a href=\"mailto:associados@ceak.org.br\">associados@ceak.org.br<\/a>[\/vc_column_text][\/vc_column][\/vc_row][vc_row disable_element=&#8221;yes&#8221;][vc_column][vc_column_text]\n[\/vc_column_text][\/vc_column][\/vc_row][vc_row disable_element=&#8221;yes&#8221;][vc_column width=&#8221;1\/2&#8243;][vc_column_text]\n<h2>Doa\u00e7\u00e3o \u00fanica atrav\u00e9s de dep\u00f3sito banc\u00e1rio<\/h2>\n<p>Banco do Brasil<br \/>\nAG: 2913-0<br \/>\nCC: 122.954-0<br \/>\nCNPJ: 46.076.915\/0009-39<br \/>\nRaz\u00e3o Social: Centro Esp\u00edrita Allan Kardec<\/p>\n<p>Entre em contato conosco: (19) 3242 3877 &#8211; (19) 2514 8702[\/vc_column_text][\/vc_column][vc_column width=&#8221;1\/2&#8243;][vc_single_image image=&#8221;243&#8243; img_size=&#8221;full&#8221; alignment=&#8221;right&#8221; style=&#8221;vc_box_shadow_3d&#8221; css_animation=&#8221;bottom-to-top&#8221;][\/vc_column][\/vc_row][vc_row][vc_column][vc_empty_space height=&#8221;15px&#8221;][vc_separator][vc_empty_space height=&#8221;15px&#8221;][\/vc_column][\/vc_row][vc_row][vc_column width=&#8221;1\/2&#8243;][vc_single_image image=&#8221;234&#8243; img_size=&#8221;full&#8221; style=&#8221;vc_box_shadow_3d&#8221;][vc_empty_space][vc_single_image image=&#8221;236&#8243; img_size=&#8221;full&#8221;][\/vc_column][vc_column width=&#8221;1\/2&#8243;][vc_column_text]\n<h2>Empresas<\/h2>\n<p><span style=\"color: #68a8de;\"><strong>Parceiras do Programa Jovem Aprendiz<\/strong><\/span> para partilhar o desenvolvimento profissional dos jovens e oferecer vagas para coloca\u00e7\u00e3o profissional dos mesmos;<\/p>\n<p><span style=\"color: #c61870;\"><strong>Promotoras de conhecimento<\/strong><\/span>, para desenvolvimento de habilidades esportivas, culturais e t\u00e9cnicas que venham de encontro ao objeto de trabalho dos programas desenvolvidos pelo EE e CML.<\/p>\n<p><span style=\"color: #d37226;\"><strong>Desenvolvedoras t\u00e9cnico-profissional<\/strong><\/span>, atrav\u00e9s de capacita\u00e7\u00f5es para funcion\u00e1rios e colaboradores, nas diversas \u00e1reas:<\/p>\n<p style=\"padding-left: 30px;\">Educa\u00e7\u00e3o infantil, educa\u00e7\u00e3o de jovens, recursos humanos e rela\u00e7\u00f5es empresariais.<\/p>\n<p style=\"padding-left: 30px;\">Servi\u00e7os de nutri\u00e7\u00e3o\/alimentos, servi\u00e7os de manuten\u00e7\u00e3o hidr\u00e1ulica, predial e el\u00e9trica;<\/p>\n<p style=\"padding-left: 30px;\">\u00c1reas administrativas sobre aspectos fiscais, cont\u00e1beis e financeiras, capta\u00e7\u00e3o de recursos e planejamento estrat\u00e9gico;<\/p>\n<p style=\"padding-left: 30px;\">Atualiza\u00e7\u00f5es e capacita\u00e7\u00f5es t\u00e9cnicas da assist\u00eancia social, psicologia e psicopedagogia;<\/p>\n<p style=\"padding-left: 30px;\">Artes: teatro, cinema, v\u00eddeo e TI.<\/p>\n<p><span style=\"color: #a2c037;\"><strong>Patrocinadoras de oficinas:<\/strong><\/span> para aprendizado t\u00e9cnicos profissionais diversos, tais como ingl\u00eas, espanhol, ferramentas avan\u00e7adas de TI, entre outros;<\/p>\n<p><span style=\"color: #68a8de;\">Patrocinadoras de eventos<\/span> para crian\u00e7as e adolescentes em comemora\u00e7\u00f5es como aniversariantes do m\u00eas, m\u00eas da crian\u00e7a, natal, festa da primavera, festa junina, feira cultural e feira das profiss\u00f5es;<\/p>\n<p><span style=\"color: #c61870;\"><strong>Anfitri\u00e3s:<\/strong><\/span> Oferecer espa\u00e7o f\u00edsico para a realiza\u00e7\u00e3o de eventos diversos, lan\u00e7amento de livros, de jantares, feiras e exposi\u00e7\u00f5es, vendas de artesanato produzido por volunt\u00e1rios;<\/p>\n<p><strong><span style=\"color: #d37226;\">Promotores de cursos extras<\/span><\/strong> nas \u00e1reas de alimenta\u00e7\u00e3o para popula\u00e7\u00e3o (usu\u00e1rios e familiares) atendida;<\/p>\n<p><strong><span style=\"color: #a2c037;\">Contribuintes<\/span><\/strong> para reestrutura\u00e7\u00e3o do espa\u00e7o f\u00edsico do n\u00facleo, como adequa\u00e7\u00f5es e arboriza\u00e7\u00e3o dos espa\u00e7os externos, readequa\u00e7\u00f5es de mobili\u00e1rios existentes, assim como para aquisi\u00e7\u00e3o de equipamentos audiovisuais e de seguran\u00e7a do trabalho;<\/p>\n<p><span style=\"color: #68a8de;\"><strong>Doadores de insumos<\/strong><\/span> para a confec\u00e7\u00e3o de artesanato, enxovais para beb\u00eas, composi\u00e7\u00e3o de cesta b\u00e1sica, e outros bens de consumo para venda em bazar de usados e material pedag\u00f3gico;[\/vc_column_text][\/vc_column][\/vc_row][vc_row][vc_column][vc_empty_space height=&#8221;15px&#8221;][vc_separator][vc_empty_space height=&#8221;15px&#8221;][\/vc_column][\/vc_row][vc_row][vc_column width=&#8221;1\/2&#8243;][vc_column_text]\n<h2>Volunt\u00e1rios<\/h2>\n<p>Trabalho fundamental para o desenvolvimento de nossas atividades, o CENTRO ESP\u00cdRITA ALLAN KARDEC conta com mais de 950 volunt\u00e1rios atuando em diversas \u00e1reas dos seus departamentos e n\u00facleos.<\/p>\n<p>H\u00e1 muitas atividades no Educand\u00e1rio Eur\u00edpedes\/Creche M\u00e3e Lu\u00edza que podem ser realizadas por volunt\u00e1rios fixos ou eventuais.<\/p>\n<p>Profissionais das \u00e1reas de sa\u00fade, educa\u00e7\u00e3o, nutri\u00e7\u00e3o, TI, esporte e artes, que possam prestar atendimentos individuais ou coletivos para usu\u00e1rios e familiares s\u00e3o bem-vindos como volunt\u00e1rios no Educand\u00e1rio Eur\u00edpides e na creche M\u00e3e Luiza.<\/p>\n<p>Seja um volunt\u00e1rio! Entre em contato conosco:<br \/>\n<a href=\"mailto:voluntarios@ceak.org.br\">voluntarios@ceak.org.br<\/a><\/p>\n<p>Para conhecer mais sobre o trabalho volunt\u00e1rio do <a href=\"http:\/\/ceak.org.br\/ceak\/voluntariado\/\" target=\"_blank\" rel=\"noopener\">CEAK, clique aqui<\/a>.[\/vc_column_text][\/vc_column][vc_column width=&#8221;1\/2&#8243;][vc_single_image image=&#8221;240&#8243; img_size=&#8221;full&#8221; alignment=&#8221;right&#8221; style=&#8221;vc_box_shadow_3d&#8221;][\/vc_column][\/vc_row][vc_row][vc_column][vc_empty_space height=&#8221;15px&#8221;][vc_separator][vc_empty_space height=&#8221;15px&#8221;][\/vc_column][\/vc_row][vc_row][vc_column width=&#8221;1\/2&#8243;][vc_video link=&#8221;https:\/\/www.youtube.com\/watch?v=sx5vnutds9I&amp;t=5s&#8221;][\/vc_column][vc_column width=&#8221;1\/2&#8243;][vc_column_text]\n<h2>Doando sua nota fiscal sem CPF<\/h2>\n<p>Ficou ainda mais f\u00e1cil doar seus cupons para as obras sociais do CEAK, al\u00e9m de doar seu cupom fiscal pelo App da Secretaria da Fazenda, voc\u00ea tamb\u00e9m pode programar para que a doa\u00e7\u00e3o se torne autom\u00e1tica no ato da compra, sem precisar digitar ou ler o c\u00f3digo de barras.<\/p>\n<p>Assista o v\u00eddeo e saiba como.<\/p>\n<p><a href=\"https:\/\/play.google.com\/store\/apps\/details?id=br.gov.sp.fazenda.nfp.app&amp;hl=pt_BR\" target=\"_blank\" rel=\"noopener\"><img loading=\"lazy\" class=\"alignnone wp-image-270 size-full\" src=\"http:\/\/ceak.org.br\/ceak\/wp-content\/uploads\/2017\/10\/google_play.png\" alt=\"google-play\" width=\"135\" height=\"40\" \/><\/a> <a href=\"https:\/\/itunes.apple.com\/br\/app\/nota-fiscal-paulista\/id1190556528?mt=8\" target=\"_blank\" rel=\"noopener\"><img loading=\"lazy\" class=\"alignnone wp-image-270 size-full\" src=\"http:\/\/ceak.org.br\/ceak\/wp-content\/uploads\/2017\/10\/appstore.png\" alt=\"app store\" width=\"135\" height=\"40\" \/><\/a>[\/vc_column_text][\/vc_column][\/vc_row][vc_row][vc_column][vc_empty_space height=&#8221;15px&#8221;][vc_separator][vc_empty_space height=&#8221;15px&#8221;][\/vc_column][\/vc_row][vc_row][vc_column width=&#8221;1\/2&#8243;][vc_column_text]\n<h2>A\u00e7\u00e3o Social<\/h2>\n<p>A \u00e1rea de A\u00e7\u00e3o Social busca, preferencialmente, integrar os alunos dos cursos b\u00e1sicos e colaboradores do N\u00facleo Doutrin\u00e1rio, nas atividades volunt\u00e1rias. Seu foco de atua\u00e7\u00e3o s\u00e3o as crian\u00e7as, jovens, fam\u00edlias e a comunidade, atendidas pelas \u00e1reas de Assist\u00eancia Social e Educa\u00e7\u00e3o Infantil.<\/p>\n<p>Os volunt\u00e1rios tem a oportunidade de realizarem as seguintes atividades:<\/p>\n<p>a. Capta\u00e7\u00e3o de Recursos: Bazar e Eventos;<\/p>\n<p>b. A\u00e7\u00e3o Social: Artesanato, Costura, Cestas B\u00e1sicas e Projeto de Atendimento \u00e0s fam\u00edlias.<\/p>\n<p>Todas as atividades da \u00e1rea est\u00e3o descritas no Regulamento Interno \u2013 \u00c1rea de A\u00e7\u00e3o Social, documento RI n. 004\/16, aprovado pelo Coordenador Departamental e o Comit\u00ea Gestor do Educand\u00e1rio Eur\u00edpedes\/Creche M\u00e3e Luiza.[\/vc_column_text][\/vc_column][vc_column width=&#8221;1\/2&#8243;][vc_single_image image=&#8221;266&#8243; img_size=&#8221;full&#8221; alignment=&#8221;right&#8221; style=&#8221;vc_box_shadow_3d&#8221;][\/vc_column][\/vc_row]\n","protected":false},"excerpt":{"rendered":"[vc_row][vc_column][vc_column_text] Como Ajudar [\/vc_column_text][\/vc_column][\/vc_row][vc_row][vc_column][vc_column_text]H\u00e1 muitas formas de auxiliar o Educand\u00e1rio Eur\u00edpedes e a Creche M\u00e3e Luiza a continuarem desenvolvendo suas atividades com excel\u00eancia. Conhe\u00e7a algumas delas:[\/vc_column_text][\/vc_column][\/vc_row][vc_row disable_element=&#8221;yes&#8221;][vc_column][vc_column_text] Sendo um associado contribuinte Atrav\u00e9s de uma contribui\u00e7\u00e3o mensal,\u00a0utilizando seu cart\u00e3o de credito, voc\u00ea pode ser um associado e apoiar os trabalhos do Educand\u00e1rio Eur\u00edpedes e Creche M\u00e3e [&hellip;]\n","protected":false},"author":1,"featured_media":0,"parent":0,"menu_order":0,"comment_status":"closed","ping_status":"closed","template":"page-blank-container.php","meta":[],"_links":{"self":[{"href":"https:\/\/ceak.org.br\/ee\/wp-json\/wp\/v2\/pages\/9"}],"collection":[{"href":"https:\/\/ceak.org.br\/ee\/wp-json\/wp\/v2\/pages"}],"about":[{"href":"https:\/\/ceak.org.br\/ee\/wp-json\/wp\/v2\/types\/page"}],"author":[{"embeddable":true,"href":"https:\/\/ceak.org.br\/ee\/wp-json\/wp\/v2\/users\/1"}],"replies":[{"embeddable":true,"href":"https:\/\/ceak.org.br\/ee\/wp-json\/wp\/v2\/comments?post=9"}],"version-history":[{"count":30,"href":"https:\/\/ceak.org.br\/ee\/wp-json\/wp\/v2\/pages\/9\/revisions"}],"predecessor-version":[{"id":2226,"href":"https:\/\/ceak.org.br\/ee\/wp-json\/wp\/v2\/pages\/9\/revisions\/2226"}],"wp:attachment":[{"href":"https:\/\/ceak.org.br\/ee\/wp-json\/wp\/v2\/media?parent=9"}],"curies":[{"name":"wp","href":"https:\/\/api.w.org\/{rel}","templated":true}]}}