{"id":205,"date":"2016-08-03T01:11:57","date_gmt":"2016-08-03T04:11:57","guid":{"rendered":"http:\/\/ceak.own.com.br\/iphc\/?page_id=205"},"modified":"2021-03-15T20:39:02","modified_gmt":"2021-03-15T23:39:02","slug":"educacao","status":"publish","type":"page","link":"https:\/\/ceak.org.br\/iphc\/educacao\/","title":{"rendered":"Educa\u00e7\u00e3o"},"content":{"rendered":"[vc_row][vc_column][vc_empty_space][\/vc_column][\/vc_row][vc_row][vc_column][vc_column_text]\n<h1>EDUCA\u00c7\u00c3O<\/h1>\n[\/vc_column_text][\/vc_column][\/vc_row][vc_row][vc_column width=&#8221;1\/2&#8243;][vc_column_text css_animation=&#8221;none&#8221;]\n<h2>Educa\u00e7\u00e3o Infantil<\/h2>\n<p>A Unidade de Escolar de Educa\u00e7\u00e3o Infantil do Instituto Popular Humberto de Campos, \u00e9 uma escola privada e de tempo Integral (10 horas di\u00e1rias), que atende <strong>gratuitamente<\/strong> crian\u00e7as de 3 anos e 4 meses a 5 anos e 11 meses, de segunda \u00e0 sexta-feira.<\/p>\n<p>Com capacidade para quase 100 crian\u00e7as, oferece tr\u00eas refei\u00e7\u00f5es di\u00e1rias, al\u00e9m de orienta\u00e7\u00f5es \u00e0s fam\u00edlias atendidas, camiseta do Instituto, material escolar e todo suporte necess\u00e1rio para o desenvolvimento da crian\u00e7a na escola.<\/p>\n<p>Adota como teoria pedag\u00f3gica de ensino o Sociointeracionismo, baseado no estudo de Vygotsky. Fazem parte desta forma de ensinar, as atividades que promovem a intera\u00e7\u00e3o da crian\u00e7a com o meio social atrav\u00e9s de conhecimento e a\u00e7\u00e3o, tais como: Jogos educacionais; Brincadeiras coletivas e individuais; Atividades educacionais livres e dirigidas (pintura, desenho, colagem, recortes, produ\u00e7\u00e3o livre), Inform\u00e1tica educativa; Conta\u00e7\u00e3o de hist\u00f3rias; Passeios externos; Brinquedos educacionais; Festas e eventos; Fantoche; Livros; Filmes educacionais; Projetos educacionais com o intuito de exercitar valores; Atividades de higieniza\u00e7\u00e3o e nutri\u00e7\u00e3o.<\/p>\n<p>A escola funciona com parceria da Prefeitura Municipal de Campinas, a qual destina uma verba anual para a institui\u00e7\u00e3o, al\u00e9m de fornecer \u00e0s fam\u00edlias atendidas vale transporte e uniforme, bem como alimentos entregues pelo CEASA para alimenta\u00e7\u00e3o escolar.[\/vc_column_text][\/vc_column][vc_column width=&#8221;1\/2&#8243;][vc_single_image image=&#8221;209&#8243; img_size=&#8221;full&#8221; alignment=&#8221;right&#8221; style=&#8221;vc_box_shadow_3d&#8221; css_animation=&#8221;none&#8221;][\/vc_column][\/vc_row]\n","protected":false},"excerpt":{"rendered":"[vc_row][vc_column][vc_empty_space][\/vc_column][\/vc_row][vc_row][vc_column][vc_column_text] EDUCA\u00c7\u00c3O [\/vc_column_text][\/vc_column][\/vc_row][vc_row][vc_column width=&#8221;1\/2&#8243;][vc_column_text css_animation=&#8221;none&#8221;] Educa\u00e7\u00e3o Infantil A Unidade de Escolar de Educa\u00e7\u00e3o Infantil do Instituto Popular Humberto de Campos, \u00e9 uma escola privada e de tempo Integral (10 horas di\u00e1rias), que atende gratuitamente crian\u00e7as de 3 anos e 4 meses a 5 anos e 11 meses, de segunda \u00e0 sexta-feira. Com capacidade para quase [&hellip;]\n","protected":false},"author":1,"featured_media":0,"parent":0,"menu_order":0,"comment_status":"closed","ping_status":"closed","template":"page-blank-container.php","meta":[],"_links":{"self":[{"href":"https:\/\/ceak.org.br\/iphc\/wp-json\/wp\/v2\/pages\/205"}],"collection":[{"href":"https:\/\/ceak.org.br\/iphc\/wp-json\/wp\/v2\/pages"}],"about":[{"href":"https:\/\/ceak.org.br\/iphc\/wp-json\/wp\/v2\/types\/page"}],"author":[{"embeddable":true,"href":"https:\/\/ceak.org.br\/iphc\/wp-json\/wp\/v2\/users\/1"}],"replies":[{"embeddable":true,"href":"https:\/\/ceak.org.br\/iphc\/wp-json\/wp\/v2\/comments?post=205"}],"version-history":[{"count":12,"href":"https:\/\/ceak.org.br\/iphc\/wp-json\/wp\/v2\/pages\/205\/revisions"}],"predecessor-version":[{"id":692,"href":"https:\/\/ceak.org.br\/iphc\/wp-json\/wp\/v2\/pages\/205\/revisions\/692"}],"wp:attachment":[{"href":"https:\/\/ceak.org.br\/iphc\/wp-json\/wp\/v2\/media?parent=205"}],"curies":[{"name":"wp","href":"https:\/\/api.w.org\/{rel}","templated":true}]}}