{"id":217,"date":"2016-08-03T01:30:48","date_gmt":"2016-08-03T04:30:48","guid":{"rendered":"http:\/\/ceak.own.com.br\/iphc\/?page_id=217"},"modified":"2024-03-13T14:58:15","modified_gmt":"2024-03-13T17:58:15","slug":"servicos-sociais","status":"publish","type":"page","link":"https:\/\/ceak.org.br\/iphc\/servicos-sociais\/","title":{"rendered":"Servi\u00e7os sociais"},"content":{"rendered":"[vc_row][vc_column][vc_empty_space][\/vc_column][\/vc_row][vc_row][vc_column][vc_column_text]\n<h1>Servi\u00e7os sociais<\/h1>\n[\/vc_column_text][\/vc_column][\/vc_row][vc_row][vc_column][vc_empty_space height=&#8221;15px&#8221;][vc_empty_space height=&#8221;15px&#8221;][\/vc_column][\/vc_row][vc_row][vc_column width=&#8221;1\/2&#8243;][vc_single_image image=&#8221;220&#8243; img_size=&#8221;full&#8221; style=&#8221;vc_box_shadow_3d&#8221; css_animation=&#8221;none&#8221;][\/vc_column][vc_column width=&#8221;1\/2&#8243;][vc_column_text css_animation=&#8221;none&#8221;]\n<h2>Servi\u00e7os de assist\u00eancia<\/h2>\n<p><strong>Doa\u00e7\u00e3o de vestu\u00e1rios (roupas, cal\u00e7ados, arma\u00e7\u00e3o de \u00f3culos):<\/strong> Entrega de doa\u00e7\u00f5es de g\u00eaneros diversos, excluindo alimentos, atrav\u00e9s de solicita\u00e7\u00e3o dos Centros de Assist\u00eancia Social (CRAS) ou busca espont\u00e2nea da popula\u00e7\u00e3o.<\/p>\n<p><strong>Empr\u00e9stimos de equipamentos de sa\u00fade:<\/strong> Cess\u00e3o de camas hospitalares, cadeiras de rodas, muletas entre outras \u00f3rteses, com prazo de devolu\u00e7\u00e3o, para as pessoas que nos procuram.[\/vc_column_text][\/vc_column][\/vc_row]\n","protected":false},"excerpt":{"rendered":"[vc_row][vc_column][vc_empty_space][\/vc_column][\/vc_row][vc_row][vc_column][vc_column_text] Servi\u00e7os sociais [\/vc_column_text][\/vc_column][\/vc_row][vc_row][vc_column][vc_empty_space height=&#8221;15px&#8221;][vc_empty_space height=&#8221;15px&#8221;][\/vc_column][\/vc_row][vc_row][vc_column width=&#8221;1\/2&#8243;][vc_single_image image=&#8221;220&#8243; img_size=&#8221;full&#8221; style=&#8221;vc_box_shadow_3d&#8221; css_animation=&#8221;none&#8221;][\/vc_column][vc_column width=&#8221;1\/2&#8243;][vc_column_text css_animation=&#8221;none&#8221;] Servi\u00e7os de assist\u00eancia Doa\u00e7\u00e3o de vestu\u00e1rios (roupas, cal\u00e7ados, arma\u00e7\u00e3o de \u00f3culos): Entrega de doa\u00e7\u00f5es de g\u00eaneros diversos, excluindo alimentos, atrav\u00e9s de solicita\u00e7\u00e3o dos Centros de Assist\u00eancia Social (CRAS) ou busca espont\u00e2nea da popula\u00e7\u00e3o. Empr\u00e9stimos de equipamentos de sa\u00fade: Cess\u00e3o de camas hospitalares, [&hellip;]\n","protected":false},"author":1,"featured_media":0,"parent":0,"menu_order":0,"comment_status":"closed","ping_status":"closed","template":"page-blank-container.php","meta":[],"_links":{"self":[{"href":"https:\/\/ceak.org.br\/iphc\/wp-json\/wp\/v2\/pages\/217"}],"collection":[{"href":"https:\/\/ceak.org.br\/iphc\/wp-json\/wp\/v2\/pages"}],"about":[{"href":"https:\/\/ceak.org.br\/iphc\/wp-json\/wp\/v2\/types\/page"}],"author":[{"embeddable":true,"href":"https:\/\/ceak.org.br\/iphc\/wp-json\/wp\/v2\/users\/1"}],"replies":[{"embeddable":true,"href":"https:\/\/ceak.org.br\/iphc\/wp-json\/wp\/v2\/comments?post=217"}],"version-history":[{"count":7,"href":"https:\/\/ceak.org.br\/iphc\/wp-json\/wp\/v2\/pages\/217\/revisions"}],"predecessor-version":[{"id":914,"href":"https:\/\/ceak.org.br\/iphc\/wp-json\/wp\/v2\/pages\/217\/revisions\/914"}],"wp:attachment":[{"href":"https:\/\/ceak.org.br\/iphc\/wp-json\/wp\/v2\/media?parent=217"}],"curies":[{"name":"wp","href":"https:\/\/api.w.org\/{rel}","templated":true}]}}