{"id":236,"date":"2016-08-03T02:19:59","date_gmt":"2016-08-03T05:19:59","guid":{"rendered":"http:\/\/ceak.own.com.br\/iphc\/?page_id=236"},"modified":"2021-03-15T20:45:19","modified_gmt":"2021-03-15T23:45:19","slug":"parcerias","status":"publish","type":"page","link":"https:\/\/ceak.org.br\/iphc\/parcerias\/","title":{"rendered":"Parcerias"},"content":{"rendered":"[vc_row][vc_column][vc_empty_space][\/vc_column][\/vc_row][vc_row][vc_column][vc_column_text]\n<h1>Parcerias<\/h1>\n[\/vc_column_text][\/vc_column][\/vc_row][vc_row][vc_column width=&#8221;1\/2&#8243;][vc_column_text css_animation=&#8221;none&#8221;]\n<h2>Prefeitura Municipal de Campinas<\/h2>\n<p>O IPHC tem parceria com a Secretaria Municipal de Educa\u00e7\u00e3o de Campinas \u2013 SP, formalizada atrav\u00e9s de Termo de Conv\u00eanio para Educa\u00e7\u00e3o Infantil. A Prefeitura destina uma verba trimestral, que complementa os gastos do IPHC com as despesas da Unidade Escolar de Educa\u00e7\u00e3o Infantil do Instituto Popular Humberto de Campos.<\/p>\n<p>Os investimentos e as despesas de custeio, com instala\u00e7\u00f5es e pessoal, s\u00e3o mantidos pelo IPHC com recursos pr\u00f3prios e com a verba municipal. Al\u00e9m da verba trimestral, a Prefeitura Municipal de Campinas fornece, \u00e0s fam\u00edlias atendidas, vale transporte e uniforme, al\u00e9m dos alimentos entregues pelo CEASA para alimenta\u00e7\u00e3o escolar.[\/vc_column_text][\/vc_column][vc_column width=&#8221;1\/2&#8243;][vc_single_image image=&#8221;237&#8243; img_size=&#8221;full&#8221; alignment=&#8221;right&#8221; style=&#8221;vc_box_shadow_3d&#8221; css_animation=&#8221;none&#8221;][\/vc_column][\/vc_row][vc_row][vc_column][vc_empty_space height=&#8221;15px&#8221;][vc_separator][vc_empty_space height=&#8221;15px&#8221;][\/vc_column][\/vc_row][vc_row][vc_column width=&#8221;1\/2&#8243;][vc_single_image image=&#8221;238&#8243; img_size=&#8221;full&#8221; style=&#8221;vc_box_shadow_3d&#8221; css_animation=&#8221;none&#8221;][\/vc_column][vc_column width=&#8221;1\/2&#8243;][vc_column_text css_animation=&#8221;none&#8221;]\n<h2>Governo do Estado de S\u00e3o Paulo<\/h2>\n<p>O IPHC tem parceria com a Secretaria de Educa\u00e7\u00e3o do Estado de SP, atrav\u00e9s da cess\u00e3o de instala\u00e7\u00f5es f\u00edsicas para a opera\u00e7\u00e3o, pelo Governo do Estado, da Escola Estadual Instituto Popular Humberto de Campos. A institui\u00e7\u00e3o atende, em meio per\u00edodo, crian\u00e7as na faixa et\u00e1ria de 6 a 10 anos, matriculadas do 1\u00ba ao 5\u00ba ano do Ensino Fundamental. Neste caso, os recursos humanos s\u00e3o do Estado, bem como a merenda escolar deste per\u00edodo.<\/p>\n<p>No meio per\u00edodo restante, o IPHC supre, com recursos pr\u00f3prios, o almo\u00e7o, um lanche e demais atividades do Servi\u00e7o de Conviv\u00eancia e Fortalecimento de V\u00ednculos (SCFV), assegurando a perman\u00eancia dessas crian\u00e7as durante todo o dia em suas instala\u00e7\u00f5es.[\/vc_column_text][\/vc_column][\/vc_row][vc_row][vc_column][vc_empty_space height=&#8221;15px&#8221;][vc_separator][vc_empty_space height=&#8221;15px&#8221;][\/vc_column][\/vc_row][vc_row][vc_column width=&#8221;1\/2&#8243;][vc_column_text css_animation=&#8221;none&#8221;]\n<h2>Seja parceiro do IPHC<\/h2>\n<p>Se voc\u00ea \u00e9 uma Empresa com programas de ajuda a Institui\u00e7\u00f5es Filantr\u00f3picas de cunho Social e deseja contribuir com o IPHC avise-nos <a href=\"mailto:contato.iphc@ceak.org.br\">contato.iphc@ceak.org.br<\/a> que entraremos em contato.[\/vc_column_text][\/vc_column][vc_column width=&#8221;1\/2&#8243;][vc_single_image image=&#8221;239&#8243; img_size=&#8221;full&#8221; alignment=&#8221;right&#8221; style=&#8221;vc_box_shadow_3d&#8221; css_animation=&#8221;none&#8221;][\/vc_column][\/vc_row]\n","protected":false},"excerpt":{"rendered":"[vc_row][vc_column][vc_empty_space][\/vc_column][\/vc_row][vc_row][vc_column][vc_column_text] Parcerias [\/vc_column_text][\/vc_column][\/vc_row][vc_row][vc_column width=&#8221;1\/2&#8243;][vc_column_text css_animation=&#8221;none&#8221;] Prefeitura Municipal de Campinas O IPHC tem parceria com a Secretaria Municipal de Educa\u00e7\u00e3o de Campinas \u2013 SP, formalizada atrav\u00e9s de Termo de Conv\u00eanio para Educa\u00e7\u00e3o Infantil. A Prefeitura destina uma verba trimestral, que complementa os gastos do IPHC com as despesas da Unidade Escolar de Educa\u00e7\u00e3o Infantil do Instituto [&hellip;]\n","protected":false},"author":1,"featured_media":0,"parent":0,"menu_order":0,"comment_status":"closed","ping_status":"closed","template":"page-blank-container.php","meta":[],"_links":{"self":[{"href":"https:\/\/ceak.org.br\/iphc\/wp-json\/wp\/v2\/pages\/236"}],"collection":[{"href":"https:\/\/ceak.org.br\/iphc\/wp-json\/wp\/v2\/pages"}],"about":[{"href":"https:\/\/ceak.org.br\/iphc\/wp-json\/wp\/v2\/types\/page"}],"author":[{"embeddable":true,"href":"https:\/\/ceak.org.br\/iphc\/wp-json\/wp\/v2\/users\/1"}],"replies":[{"embeddable":true,"href":"https:\/\/ceak.org.br\/iphc\/wp-json\/wp\/v2\/comments?post=236"}],"version-history":[{"count":2,"href":"https:\/\/ceak.org.br\/iphc\/wp-json\/wp\/v2\/pages\/236\/revisions"}],"predecessor-version":[{"id":699,"href":"https:\/\/ceak.org.br\/iphc\/wp-json\/wp\/v2\/pages\/236\/revisions\/699"}],"wp:attachment":[{"href":"https:\/\/ceak.org.br\/iphc\/wp-json\/wp\/v2\/media?parent=236"}],"curies":[{"name":"wp","href":"https:\/\/api.w.org\/{rel}","templated":true}]}}