{"id":299,"date":"2017-02-13T20:06:51","date_gmt":"2017-02-13T22:06:51","guid":{"rendered":"http:\/\/ceak.own.com.br\/iphc\/?page_id=299"},"modified":"2021-03-15T20:46:57","modified_gmt":"2021-03-15T23:46:57","slug":"como-ajudar","status":"publish","type":"page","link":"https:\/\/ceak.org.br\/iphc\/como-ajudar\/","title":{"rendered":"Como ajudar"},"content":{"rendered":"[vc_row][vc_column][vc_empty_space][\/vc_column][\/vc_row][vc_row][vc_column][vc_column_text]\n<h1>Como ajudar<\/h1>\n[\/vc_column_text][\/vc_column][\/vc_row][vc_row][vc_column][vc_column_text css_animation=&#8221;none&#8221;]Desde sua funda\u00e7\u00e3o, em 1938, mais de 100 mil pessoas j\u00e1 foram beneficiadas pelas a\u00e7\u00f5es do Instituto Popular Humberto de Campos (IPHC). Desde 1970 tem como principal objetivo a assist\u00eancia social e educacional \u00e0s crian\u00e7as de 4 a 10 anos, moradores de Campinas em situa\u00e7\u00e3o de vulnerabilidade social. Para dar continuidade a este trabalho o IPHC conta com o seu apoio.<\/p>\n<p>Veja como voc\u00ea pode apoiar os trabalhos do Instituto Popular Humberto de Campos (IPHC):[\/vc_column_text][\/vc_column][\/vc_row][vc_row][vc_column][vc_empty_space height=&#8221;15px&#8221;][vc_separator][vc_empty_space height=&#8221;15px&#8221;][\/vc_column][\/vc_row][vc_row disable_element=&#8221;yes&#8221;][vc_column][vc_column_text css_animation=&#8221;bottom-to-top&#8221;]\n<h2><img src=\"http:\/\/ceak.org.br\/cavi\/wp-content\/uploads\/2017\/02\/HEART-BEATING-PINK-50.gif\" \/>Sendo um associado contribuinte<\/h2>\n<p>Atrav\u00e9s de uma contribui\u00e7\u00e3o mensal,\u00a0utilizando seu cart\u00e3o de credito, voc\u00ea pode ser um associado e apoiar os trabalhos do Instituto Popular Humberto de Campos (IPHC). <strong>A doa\u00e7\u00e3o ser\u00e1 descontada automaticamente do seu cart\u00e3o de cr\u00e9dito mensalmente.<\/strong><\/p>\n[\/vc_column_text][vc_single_image image=&#8221;302&#8243; img_size=&#8221;200&#215;35&#8243;][\/vc_column][\/vc_row][vc_row disable_element=&#8221;yes&#8221;][vc_column width=&#8221;1\/6&#8243;][vc_btn title=&#8221;<strong>R$ 10,00<\/strong>&#8221; style=&#8221;custom&#8221; custom_background=&#8221;#d45b85&#8243; custom_text=&#8221;#ffffff&#8221; align=&#8221;center&#8221; i_icon_fontawesome=&#8221;fa fa-heart&#8221; css_animation=&#8221;bottom-to-top&#8221; button_block=&#8221;true&#8221; add_icon=&#8221;true&#8221; link=&#8221;url:https%3A%2F%2Fapp.vindi.com.br%2Fcustomer%2Fpages%2F9c844f63-cdca-42c6-8700-d4046dd60404%2Fsubscriptions%2Fnew|title:Obrigado%20pela%20sua%20doa%C3%A7%C3%A3o%20mensal%20de%20R%24%2010%2C00!|target:%20_blank|rel:nofollow&#8221;][\/vc_column][vc_column width=&#8221;1\/6&#8243;][vc_btn title=&#8221;<strong>R$ 20,00<\/strong>&#8221; style=&#8221;custom&#8221; custom_background=&#8221;#d60b52&#8243; custom_text=&#8221;#ffffff&#8221; align=&#8221;center&#8221; i_icon_fontawesome=&#8221;fa fa-heart&#8221; css_animation=&#8221;bottom-to-top&#8221; button_block=&#8221;true&#8221; add_icon=&#8221;true&#8221; link=&#8221;url:https%3A%2F%2Fapp.vindi.com.br%2Fcustomer%2Fpages%2Ffa01422b-5312-408d-9c3e-d9b14d0e7997%2Fsubscriptions%2Fnew|title:Obrigado%20pela%20sua%20doa%C3%A7%C3%A3o%20mensal%20de%20R%24%2020%2C00!|target:%20_blank|rel:nofollow&#8221;][\/vc_column][vc_column width=&#8221;1\/6&#8243;][vc_btn title=&#8221;<strong>R$ 30,00<\/strong>&#8221; style=&#8221;custom&#8221; custom_background=&#8221;#9c093d&#8221; custom_text=&#8221;#ffffff&#8221; align=&#8221;center&#8221; i_icon_fontawesome=&#8221;fa fa-heart&#8221; css_animation=&#8221;bottom-to-top&#8221; button_block=&#8221;true&#8221; add_icon=&#8221;true&#8221; link=&#8221;url:https%3A%2F%2Fapp.vindi.com.br%2Fcustomer%2Fpages%2F203193d7-bd98-48b1-a827-dddc998106f6%2Fsubscriptions%2Fnew|title:Obrigado%20pela%20sua%20doa%C3%A7%C3%A3o%20mensal%20de%20R%24%2030%2C00!|target:%20_blank|rel:nofollow&#8221;][\/vc_column][vc_column width=&#8221;1\/6&#8243;][vc_btn title=&#8221;<strong>R$ 50,00<\/strong>&#8221; style=&#8221;custom&#8221; custom_background=&#8221;#13e5eb&#8221; custom_text=&#8221;#ffffff&#8221; align=&#8221;center&#8221; i_icon_fontawesome=&#8221;fa fa-heart&#8221; css_animation=&#8221;bottom-to-top&#8221; button_block=&#8221;true&#8221; add_icon=&#8221;true&#8221; link=&#8221;url:https%3A%2F%2Fapp.vindi.com.br%2Fcustomer%2Fpages%2F0cfa0f2d-020c-4d33-9a80-8cd044b13ac4%2Fsubscriptions%2Fnew|title:Obrigado%20pela%20sua%20doa%C3%A7%C3%A3o%20mensal%20de%20R%24%2050%2C00!|target:%20_blank|rel:nofollow&#8221;][\/vc_column][vc_column width=&#8221;1\/6&#8243;][vc_btn title=&#8221;<strong>R$ 100,00<\/strong>&#8221; style=&#8221;custom&#8221; custom_background=&#8221;#11b4b9&#8243; custom_text=&#8221;#ffffff&#8221; align=&#8221;center&#8221; i_icon_fontawesome=&#8221;fa fa-heart&#8221; css_animation=&#8221;bottom-to-top&#8221; button_block=&#8221;true&#8221; add_icon=&#8221;true&#8221; link=&#8221;url:https%3A%2F%2Fapp.vindi.com.br%2Fcustomer%2Fpages%2F367d5b9a-d221-41b8-ab21-26fa313e0ebf%2Fsubscriptions%2Fnew|title:Obrigado%20pela%20sua%20doa%C3%A7%C3%A3o%20mensal%20de%20R%24%20100%2C00!|target:%20_blank|rel:nofollow&#8221;][\/vc_column][vc_column width=&#8221;1\/6&#8243;][vc_btn title=&#8221;<strong>R$ 200,00<\/strong>&#8221; style=&#8221;custom&#8221; custom_background=&#8221;#108e92&#8243; custom_text=&#8221;#ffffff&#8221; align=&#8221;center&#8221; i_icon_fontawesome=&#8221;fa fa-heart&#8221; css_animation=&#8221;bottom-to-top&#8221; button_block=&#8221;true&#8221; add_icon=&#8221;true&#8221; link=&#8221;url:https%3A%2F%2Fapp.vindi.com.br%2Fcustomer%2Fpages%2F2e227230-8913-4428-b3c6-dcb071969fa9%2Fsubscriptions%2Fnew|title:Obrigado%20pela%20sua%20doa%C3%A7%C3%A3o%20mensal%20de%20R%24%20200%2C00!|target:%20_blank|rel:nofollow&#8221;][\/vc_column][\/vc_row][vc_row disable_element=&#8221;yes&#8221;][vc_column][vc_column_text css_animation=&#8221;bottom-to-top&#8221;](N\u00e3o dedut\u00edvel do imposto de Renda)<\/p>\n<p>Para altera\u00e7\u00f5es, outros valores e mais informa\u00e7\u00f5es. Entre em contato conosco pelo e-mail: <a href=\"mailto:associados@ceak.org.br\">associados@ceak.org.br<\/a>[\/vc_column_text][\/vc_column][\/vc_row][vc_row disable_element=&#8221;yes&#8221;][vc_column][vc_empty_space height=&#8221;15px&#8221;][vc_separator][vc_empty_space height=&#8221;15px&#8221;][\/vc_column][\/vc_row][vc_row][vc_column width=&#8221;1\/2&#8243;][vc_single_image image=&#8221;226&#8243; img_size=&#8221;full&#8221; alignment=&#8221;right&#8221; style=&#8221;vc_box_shadow_3d&#8221; css_animation=&#8221;none&#8221;][\/vc_column][vc_column width=&#8221;1\/2&#8243;][vc_column_text css_animation=&#8221;none&#8221;]\n<h2><strong>Participando da Campanha do TUDO SERVE<\/strong><\/h2>\n<p>Atrav\u00e9s do <a href=\"http:\/\/ceak.org.br\/tudoserve\/\" target=\"blank&quot;\" rel=\"noopener\">Tudo Serve<\/a> o Instituto Popular Humberto de Campos aceita doa\u00e7\u00f5es de m\u00f3veis, utens\u00edlios, eletrodom\u00e9sticos, equipamentos, vestu\u00e1rios, bijuterias, livros e brinquedos em condi\u00e7\u00f5es de uso. Sua comercializa\u00e7\u00e3o em nossas lojas, gera receita para promover nossas atividades assistenciais e educacionais.<\/p>\n<p>Para doar <a href=\"http:\/\/ceak.org.br\/tudoserve\/\" target=\"_blank\" rel=\"noopener\">clique aqui<\/a> ou entre em contato conosco: <a href=\"tel:+551932013177\">(19) 3201-3177<\/a><\/p>\n<p><a href=\"http:\/\/ceak.org.br\/tudoserve\/\" target=\"_blank\" rel=\"noopener\"><img loading=\"lazy\" class=\"alignnone size-full wp-image-223\" src=\"http:\/\/ceak.org.br\/iphc\/wp-content\/uploads\/2016\/08\/tudo-serve.png\" alt=\"tudo-serve\" width=\"200\" height=\"71\" \/><\/a><\/p>\n<p>&nbsp;<\/p>\n<h2><strong>Doando alimentos<\/strong><\/h2>\n<p>Doe uma cesta b\u00e1sica de alimentos e\/ou alimentos n\u00e3o perec\u00edveis.<br \/>\nEntre em contato conosco: <a href=\"tel:+551925148775\">(19) 2514-8775<\/a>[\/vc_column_text][\/vc_column][\/vc_row][vc_row][vc_column][vc_empty_space height=&#8221;15px&#8221;][vc_separator][vc_empty_space height=&#8221;15px&#8221;][\/vc_column][\/vc_row][vc_row][vc_column width=&#8221;1\/2&#8243;][vc_video link=&#8221;https:\/\/www.youtube.com\/watch?v=sx5vnutds9I&amp;t=5s&#8221;][\/vc_column][vc_column width=&#8221;1\/2&#8243;][vc_column_text css_animation=&#8221;none&#8221;]\n<h2>Doando sua nota fiscal sem CPF<\/h2>\n<p>Ficou ainda mais f\u00e1cil doar seus cupons para as obras sociais do CEAK, al\u00e9m de doar seu cupom fiscal pelo App da Secretaria da Fazenda, voc\u00ea tamb\u00e9m pode programar para que a doa\u00e7\u00e3o se torne autom\u00e1tica no ato da compra, sem precisar digitar ou ler o c\u00f3digo de barras.<\/p>\n<p>Assista o v\u00eddeo e saiba como.<\/p>\n<p><a href=\"https:\/\/play.google.com\/store\/apps\/details?id=br.gov.sp.fazenda.nfp.app&amp;hl=pt_BR\" target=\"_blank\" rel=\"noopener\"><img loading=\"lazy\" class=\"alignnone wp-image-270 size-full\" src=\"http:\/\/ceak.org.br\/ceak\/wp-content\/uploads\/2017\/10\/google_play.png\" alt=\"google-play\" width=\"135\" height=\"40\" \/><\/a> <a href=\"https:\/\/itunes.apple.com\/br\/app\/nota-fiscal-paulista\/id1190556528?mt=8\" target=\"_blank\" rel=\"noopener\"><img loading=\"lazy\" class=\"alignnone wp-image-270 size-full\" src=\"http:\/\/ceak.org.br\/ceak\/wp-content\/uploads\/2017\/10\/appstore.png\" alt=\"app store\" width=\"135\" height=\"40\" \/><\/a>[\/vc_column_text][\/vc_column][\/vc_row][vc_row][vc_column][vc_empty_space height=&#8221;15px&#8221;][vc_separator][vc_empty_space height=&#8221;15px&#8221;][\/vc_column][\/vc_row][vc_row][vc_column width=&#8221;1\/2&#8243;][vc_column_text css_animation=&#8221;none&#8221;]\n<h2><\/h2>\n<h2>Doa\u00e7\u00e3o atrav\u00e9s dep\u00f3sito banc\u00e1rio<\/h2>\n<p><strong>Banco\u00a0Santander (033)<\/strong><br \/>\nAG: <strong>0010<\/strong><br \/>\nCC: <strong>13011501-5<\/strong><br \/>\nCNPJ: <strong>46.076.915\/0002-62<\/strong><br \/>\nRaz\u00e3o Social: <strong>Centro Esp\u00edrita Allan Kardec<\/strong>[\/vc_column_text][\/vc_column][vc_column width=&#8221;1\/2&#8243;][vc_single_image image=&#8221;269&#8243; img_size=&#8221;full&#8221; alignment=&#8221;right&#8221; style=&#8221;vc_box_shadow_3d&#8221; css_animation=&#8221;none&#8221;][\/vc_column][\/vc_row][vc_row][vc_column][vc_empty_space height=&#8221;15px&#8221;][vc_separator][vc_empty_space height=&#8221;15px&#8221;][\/vc_column][\/vc_row][vc_row][vc_column width=&#8221;1\/2&#8243;][vc_column_text css_animation=&#8221;none&#8221;]\n<h2>Volunt\u00e1rios<\/h2>\n<p>Trabalho fundamental para o desenvolvimento de nossas atividades, o CENTRO ESP\u00cdRITA ALLAN KARDEC conta com mais de 950 volunt\u00e1rios atuando em diversas \u00e1reas dos seus departamentos e n\u00facleos.<\/p>\n<p>H\u00e1 muitas atividades no IPHC que podem ser realizadas por volunt\u00e1rios fixos ou eventuais. Se voc\u00ea tem algumas horas dispon\u00edveis poder\u00e1 auxiliar no <strong>recebimento, reparo e organiza\u00e7\u00e3o<\/strong> de doa\u00e7\u00f5es para o <a href=\"http:\/\/ceak.org.br\/tudoserve\" target=\"blank&quot;\" rel=\"noopener\">Tudo Serve<\/a> ou ainda na <strong>realiza\u00e7\u00e3o de eventos<\/strong>.<\/p>\n<p>Profissionais nas mais diversas \u00e1reas como cozinheiros e auxiliares, enfermeiros, psic\u00f3logos, farmac\u00eauticos, fonoaudi\u00f3logos e outros profissionais de sa\u00fade tamb\u00e9m podem se voluntariar.<\/p>\n<p>Seja um volunt\u00e1rio!<\/p>\n<h3>Entre em contato conosco<\/h3>\n<p><a href=\"mailto:voluntarios@ceak.org.br\">voluntarios@ceak.org.br <\/a>[\/vc_column_text][\/vc_column][vc_column width=&#8221;1\/2&#8243;][vc_single_image image=&#8221;227&#8243; img_size=&#8221;full&#8221; style=&#8221;vc_box_shadow_3d&#8221; css_animation=&#8221;none&#8221;][\/vc_column][\/vc_row][vc_row][vc_column][vc_empty_space height=&#8221;15px&#8221;][vc_separator][vc_empty_space height=&#8221;15px&#8221;][\/vc_column][\/vc_row]\n","protected":false},"excerpt":{"rendered":"[vc_row][vc_column][vc_empty_space][\/vc_column][\/vc_row][vc_row][vc_column][vc_column_text] Como ajudar [\/vc_column_text][\/vc_column][\/vc_row][vc_row][vc_column][vc_column_text css_animation=&#8221;none&#8221;]Desde sua funda\u00e7\u00e3o, em 1938, mais de 100 mil pessoas j\u00e1 foram beneficiadas pelas a\u00e7\u00f5es do Instituto Popular Humberto de Campos (IPHC). Desde 1970 tem como principal objetivo a assist\u00eancia social e educacional \u00e0s crian\u00e7as de 4 a 10 anos, moradores de Campinas em situa\u00e7\u00e3o de vulnerabilidade social. Para dar continuidade [&hellip;]\n","protected":false},"author":1,"featured_media":0,"parent":0,"menu_order":0,"comment_status":"closed","ping_status":"closed","template":"page-blank-container.php","meta":[],"_links":{"self":[{"href":"https:\/\/ceak.org.br\/iphc\/wp-json\/wp\/v2\/pages\/299"}],"collection":[{"href":"https:\/\/ceak.org.br\/iphc\/wp-json\/wp\/v2\/pages"}],"about":[{"href":"https:\/\/ceak.org.br\/iphc\/wp-json\/wp\/v2\/types\/page"}],"author":[{"embeddable":true,"href":"https:\/\/ceak.org.br\/iphc\/wp-json\/wp\/v2\/users\/1"}],"replies":[{"embeddable":true,"href":"https:\/\/ceak.org.br\/iphc\/wp-json\/wp\/v2\/comments?post=299"}],"version-history":[{"count":26,"href":"https:\/\/ceak.org.br\/iphc\/wp-json\/wp\/v2\/pages\/299\/revisions"}],"predecessor-version":[{"id":366,"href":"https:\/\/ceak.org.br\/iphc\/wp-json\/wp\/v2\/pages\/299\/revisions\/366"}],"wp:attachment":[{"href":"https:\/\/ceak.org.br\/iphc\/wp-json\/wp\/v2\/media?parent=299"}],"curies":[{"name":"wp","href":"https:\/\/api.w.org\/{rel}","templated":true}]}}