{"id":316,"date":"2017-06-14T15:52:29","date_gmt":"2017-06-14T18:52:29","guid":{"rendered":"http:\/\/ceak.own.com.br\/iphc\/?page_id=316"},"modified":"2022-05-18T18:21:17","modified_gmt":"2022-05-18T21:21:17","slug":"sebo","status":"publish","type":"page","link":"https:\/\/ceak.org.br\/iphc\/sebo\/","title":{"rendered":"SEBO HUMBERTO DE CAMPOS"},"content":{"rendered":"[vc_row][vc_column][vc_empty_space][\/vc_column][\/vc_row][vc_row][vc_column][vc_column_text]\n<h1>Sebo Humberto de Campos<\/h1>\n[\/vc_column_text][\/vc_column][\/vc_row][vc_row][vc_column width=&#8221;1\/2&#8243;][vc_column_text css_animation=&#8221;none&#8221;]Em parceria com a <span style=\"color: #d20049;\">Estante Virtual<\/span>, o <span style=\"color: #d20049;\">IPHC<\/span> realiza a venda online de diversos t\u00edtulos de livros usados.<\/p>\n<p>Acesse o site, conhe\u00e7a a lista completa dos produtos do Sebo Humberto de Campos e divulgue para seus amigos e familiares. S\u00e3o mais de 7 mil t\u00edtulos dispon\u00edveis!<\/p>\n<p>Toda renda obtida com as vendas \u00e9 revertida para as obras assistenciais do Instituto Popular Humberto de Campos.<\/p>\n<p><a href=\"https:\/\/www.estantevirtual.com.br\/humbertodecampos\" target=\"_blank\" rel=\"noopener\">https:\/\/www.estantevirtual.com.br\/humbertodecampos<\/a><\/p>\n<p>Voc\u00ea gosta de ler e quer adquirir livros a pre\u00e7os bem acess\u00edveis sem sair de casa? Conhe\u00e7a o\u00a0<strong>Sebo Humberto de Campos<\/strong>![\/vc_column_text][\/vc_column][vc_column width=&#8221;1\/2&#8243;][vc_single_image image=&#8221;325&#8243; img_size=&#8221;full&#8221; alignment=&#8221;right&#8221; style=&#8221;vc_box_shadow_3d&#8221; css_animation=&#8221;none&#8221;][\/vc_column][\/vc_row][vc_row disable_element=&#8221;yes&#8221;][vc_column][vc_empty_space height=&#8221;15px&#8221;][vc_separator][vc_empty_space height=&#8221;15px&#8221;][\/vc_column][\/vc_row][vc_row][vc_column][vc_column_text css_animation=&#8221;none&#8221;]S\u00e3o\u00a0<strong>mais de 7 mil livros dispon\u00edveis dos mais variados assuntos<\/strong>, incluindo t\u00edtulos da Doutrina Esp\u00edrita.<\/p>\n<p>O\u00a0<strong>Sebo Humberto Campos<\/strong>\u00a0utiliza a plataforma\u00a0<strong>Estante Virtual<\/strong>. Conhe\u00e7a e fa\u00e7a o seu cadastro:\u00a0<a href=\"https:\/\/www.estantevirtual.com.br\/livreiros\/humbertodecampos\">https:\/\/www.estantevirtual.com.br\/livreiros\/humbertodecampos<\/a><\/p>\n<p>IMPORTANTE: Se o seu endere\u00e7o de cadastro for Campinas, voc\u00ea pode realizar a sua compra sem pagar frete escolhendo, na forma de entrega, retirada em nosso endere\u00e7o, no IPHC.\u00a0<em>(Rua Irm\u00e3 Serafina, 674 \u2013 Centro \u2013 Campinas\/SP)<\/em>.<\/p>\n<p>Quer realizar sua compra? Veja como \u00e9 f\u00e1cil e pr\u00e1tico:<\/p>\n<p>1- Acesse o site\u00a0<a href=\"http:\/\/www.estantevirtual.com.br\/\" target=\"_blank\" rel=\"noreferrer noopener\">www.estantevirtual.com.br<\/a><br \/>\n2- Fa\u00e7a o seu cadastro e voc\u00ea receber\u00e1 um e-mail para ativar o cadastro.<br \/>\n3- Com o cadastro ativado entre no site\u00a0<a href=\"http:\/\/www.estantevirtual.com.br\/\" target=\"_blank\" rel=\"noreferrer noopener\">www.estantevirtual.com.br<\/a>, novamente<br \/>\n4- Digite o que voc\u00ea procura por t\u00edtulo do livro, autor, etc.<br \/>\n5- Escolha Campinas, como cidade.<br \/>\n6- Marque o\u00a0<strong>Sebo\u00a0Humberto\u00a0de\u00a0Campos<\/strong>\u00a0como fornecedor.<br \/>\n7- Se tiver mais de um exemplar escolha o que melhor lhe atenda.<br \/>\n8- Finalize a compra.<br \/>\n9- Escolha a forma de envio. A primeira op\u00e7\u00e3o \u00e9 BUSCAR NO LIVREIRO (sem frete)<br \/>\n10- Confirme a compra.<br \/>\n11- Escolher a forma de pagamento (boleto ou cart\u00e3o).<br \/>\n12- Finalize<\/p>\n<p>Adquirindo dessa forma, al\u00e9m de voc\u00ea economizar na compra, ainda contribui para as obras assistenciais do IPHC.<\/p>\n<p><strong>O IPHC \u00e9 uma institui\u00e7\u00e3o com 84 anos voltada \u00e0 educa\u00e7\u00e3o e assist\u00eancia social.<\/strong>\u00a0\u00a0Conhe\u00e7a um pouco dos atendimentos j\u00e1 realizados:<\/p>\n<ul>\n<li>220 crian\u00e7as atendidas, por ano, em per\u00edodo integral e apoio sociofamiliar;<\/li>\n<li>Mais de 10 mil pessoas beneficiadas;<\/li>\n<li>Empr\u00e9stimos de produtos ortop\u00e9dicos e hospitalares;<\/li>\n<li>Doa\u00e7\u00e3o de rem\u00e9dios;<\/li>\n<li>Mais de uma centena de colaboradores (contratados e volunt\u00e1rios), envolvidas nos trabalhos.<\/li>\n<\/ul>\n<p>D\u00favidas com a Estante Virtual? Envie uma mensagem para\u00a0<a href=\"mailto:livraria.iphc@ceak.org.br\" target=\"_blank\" rel=\"noreferrer noopener\">livraria.iphc@ceak.org.br<\/a>.[\/vc_column_text][\/vc_column][\/vc_row][vc_row][vc_column][vc_empty_space height=&#8221;15px&#8221;][vc_separator][vc_empty_space height=&#8221;15px&#8221;][\/vc_column][\/vc_row][vc_row][vc_column][vc_column_text]\n<h2>Voc\u00ea pode ajudar tamb\u00e9m doando produtos para as vendas.<\/h2>\n<h2><span style=\"color: #d20049;\">Basta entreg\u00e1-los em uma das nossas lojas:<\/span><\/h2>\n[\/vc_column_text][\/vc_column][\/vc_row][vc_row][vc_column width=&#8221;1\/3&#8243;][vc_gmaps link=&#8221;#E-8_JTNDaWZyYW1lJTIwc3JjJTNEJTIyaHR0cHMlM0ElMkYlMkZ3d3cuZ29vZ2xlLmNvbSUyRm1hcHMlMkZlbWJlZCUzRnBiJTNEJTIxMW0xOCUyMTFtMTIlMjExbTMlMjExZDM2NzUuMjEzMjQ3MzU3MDcwNSUyMTJkLTQ3LjA1ODEyMTg4NTI0MDk2NSUyMTNkLTIyLjkwNTUwNDA4NTAxMjQ3JTIxMm0zJTIxMWYwJTIxMmYwJTIxM2YwJTIxM20yJTIxMWkxMDI0JTIxMmk3NjglMjE0ZjEzLjElMjEzbTMlMjExbTIlMjExczB4OTRjOGNmNGIwMDk0NDU1NyUyNTNBMHhkMmEyOTExNzU1MTUyN2Y3JTIxMnNSLiUyQklybSUyNUMzJTI1QTMlMkJTZXJhZmluYSUyNTJDJTJCNzA3JTJCLSUyQkNlbnRybyUyNTJDJTJCQ2FtcGluYXMlMkItJTJCU1AlMjUyQyUyQjEzMDE1LTIwMCUyMTVlMCUyMTNtMiUyMTFzcHQtQlIlMjEyc2JyJTIxNHYxNDk3NDY2MDc5MzMyJTIyJTIwd2lkdGglM0QlMjI2MDAlMjIlMjBoZWlnaHQlM0QlMjI0NTAlMjIlMjBmcmFtZWJvcmRlciUzRCUyMjAlMjIlMjBzdHlsZSUzRCUyMmJvcmRlciUzQTAlMjIlMjBhbGxvd2Z1bGxzY3JlZW4lM0UlM0MlMkZpZnJhbWUlM0U=&#8221;][\/vc_column][vc_column width=&#8221;1\/3&#8243;][vc_gmaps link=&#8221;#E-8_JTNDaWZyYW1lJTIwc3JjJTNEJTIyaHR0cHMlM0ElMkYlMkZ3d3cuZ29vZ2xlLmNvbSUyRm1hcHMlMkZlbWJlZCUzRnBiJTNEJTIxMW0xOCUyMTFtMTIlMjExbTMlMjExZDM2NzUuMjI0MjEzMTM1MTE2MyUyMTJkLTQ3LjA1NzgzNTI4NTI0MDc1NiUyMTNkLTIyLjkwNTA5OTQ4NTAxMjY1MiUyMTJtMyUyMTFmMCUyMTJmMCUyMTNmMCUyMTNtMiUyMTFpMTAyNCUyMTJpNzY4JTIxNGYxMy4xJTIxM20zJTIxMW0yJTIxMXMweDk0YzhjZjRiYThlYWM4ZjElMjUzQTB4NGFiMTM3MWRiMjI1NTY1YiUyMTJzUi4lMkJGZXJyZWlyYSUyQlBlbnRlYWRvJTI1MkMlMkIxMDQwJTJCLSUyQkNlbnRybyUyNTJDJTJCQ2FtcGluYXMlMkItJTJCU1AlMjUyQyUyQjEzMDEwLTkxNiUyMTVlMCUyMTNtMiUyMTFzcHQtQlIlMjEyc2JyJTIxNHYxNDk3NDY2MTM4NDIyJTIyJTIwd2lkdGglM0QlMjI2MDAlMjIlMjBoZWlnaHQlM0QlMjI0NTAlMjIlMjBmcmFtZWJvcmRlciUzRCUyMjAlMjIlMjBzdHlsZSUzRCUyMmJvcmRlciUzQTAlMjIlMjBhbGxvd2Z1bGxzY3JlZW4lM0UlM0MlMkZpZnJhbWUlM0U=&#8221;][\/vc_column][vc_column width=&#8221;1\/3&#8243;][vc_gmaps link=&#8221;#E-8_JTNDaWZyYW1lJTIwc3JjJTNEJTIyaHR0cHMlM0ElMkYlMkZ3d3cuZ29vZ2xlLmNvbSUyRm1hcHMlMkZlbWJlZCUzRnBiJTNEJTIxMW0xOCUyMTFtMTIlMjExbTMlMjExZDM2NzUuMjUzNjcyOTMxMjclMjEyZC00Ny4wOTc1ODUzODUyNDA5MiUyMTNkLTIyLjkwNDAxMjQ4NTAxMzE2MiUyMTJtMyUyMTFmMCUyMTJmMCUyMTNmMCUyMTNtMiUyMTFpMTAyNCUyMTJpNzY4JTIxNGYxMy4xJTIxM20zJTIxMW0yJTIxMXMweDk0YzhjODgwNWE3Y2MxNmYlMjUzQTB4ZmVmZmYwYmUzNjU5MTViMSUyMTJzUi4lMkJKb3MlMjVDMyUyNUE5JTJCZGElMkJTaWx2YSUyQlBpbnRvJTI1MkMlMkIzMDglMkItJTJCVmlsYSUyQlByb29zdCUyQmRlJTJCU291emElMjUyQyUyQkNhbXBpbmFzJTJCLSUyQlNQJTI1MkMlMkIxMzAzMy02NTAlMjE1ZTAlMjEzbTIlMjExc3B0LUJSJTIxMnNiciUyMTR2MTQ5NzQ2NjE4MTE5MyUyMiUyMHdpZHRoJTNEJTIyNjAwJTIyJTIwaGVpZ2h0JTNEJTIyNDUwJTIyJTIwZnJhbWVib3JkZXIlM0QlMjIwJTIyJTIwc3R5bGUlM0QlMjJib3JkZXIlM0EwJTIyJTIwYWxsb3dmdWxsc2NyZWVuJTNFJTNDJTJGaWZyYW1lJTNF&#8221;][\/vc_column][\/vc_row]\n","protected":false},"excerpt":{"rendered":"[vc_row][vc_column][vc_empty_space][\/vc_column][\/vc_row][vc_row][vc_column][vc_column_text] Sebo Humberto de Campos [\/vc_column_text][\/vc_column][\/vc_row][vc_row][vc_column width=&#8221;1\/2&#8243;][vc_column_text css_animation=&#8221;none&#8221;]Em parceria com a Estante Virtual, o IPHC realiza a venda online de diversos t\u00edtulos de livros usados. Acesse o site, conhe\u00e7a a lista completa dos produtos do Sebo Humberto de Campos e divulgue para seus amigos e familiares. S\u00e3o mais de 7 mil t\u00edtulos dispon\u00edveis! Toda renda [&hellip;]\n","protected":false},"author":1,"featured_media":0,"parent":0,"menu_order":0,"comment_status":"closed","ping_status":"closed","template":"page-blank-container.php","meta":[],"_links":{"self":[{"href":"https:\/\/ceak.org.br\/iphc\/wp-json\/wp\/v2\/pages\/316"}],"collection":[{"href":"https:\/\/ceak.org.br\/iphc\/wp-json\/wp\/v2\/pages"}],"about":[{"href":"https:\/\/ceak.org.br\/iphc\/wp-json\/wp\/v2\/types\/page"}],"author":[{"embeddable":true,"href":"https:\/\/ceak.org.br\/iphc\/wp-json\/wp\/v2\/users\/1"}],"replies":[{"embeddable":true,"href":"https:\/\/ceak.org.br\/iphc\/wp-json\/wp\/v2\/comments?post=316"}],"version-history":[{"count":19,"href":"https:\/\/ceak.org.br\/iphc\/wp-json\/wp\/v2\/pages\/316\/revisions"}],"predecessor-version":[{"id":772,"href":"https:\/\/ceak.org.br\/iphc\/wp-json\/wp\/v2\/pages\/316\/revisions\/772"}],"wp:attachment":[{"href":"https:\/\/ceak.org.br\/iphc\/wp-json\/wp\/v2\/media?parent=316"}],"curies":[{"name":"wp","href":"https:\/\/api.w.org\/{rel}","templated":true}]}}