{"id":9,"date":"2016-07-20T11:32:28","date_gmt":"2016-07-20T14:32:28","guid":{"rendered":"http:\/\/52.203.36.18\/iphc\/?page_id=9"},"modified":"2018-04-18T00:55:59","modified_gmt":"2018-04-18T03:55:59","slug":"institucional","status":"publish","type":"page","link":"https:\/\/ceak.org.br\/iphc\/","title":{"rendered":"HOME"},"content":{"rendered":" \n<div class=\"ux-slider-wrapper relative\">\n    <div class=\"ux-slider iosSlider  slider-style-normal  slider-nav-light slider-nav-inside slider-nav-circle js-flickity\" \n        data-flickity-options='{ \n            \"cellAlign\": \"center\",\n            \"imagesLoaded\": true,\n            \"lazyLoad\": 1,\n            \"freeScroll\": false,\n            \"wrapAround\": true,\n            \"autoPlay\": 8000,\n            \"prevNextButtons\": true,\n            \"contain\" : true,\n            \"percentPosition\": true,\n            \"pageDots\": false,\n            \"selectedAttraction\" : 0.1,\n            \"friction\": 0.6,\n            \"rightToLeft\": false,\n            \"draggable\": true        }'\n        style=\"\"\n        >\n           <div id=\"banner_73736916\" class=\"ux_banner dark    \"  style=\"height:600px; \" data-height=\"600px\" role=\"banner\">\n      <a href=\" https:\/\/ceak.org.br\/iphc\/iphc-87-anos-transformando-vidas\/\" >                            <div class=\"banner-bg \"  style=\"background-image:url('https:\/\/ceak.org.br\/iphc\/wp-content\/uploads\/2016\/07\/Slider-modelo-Selo-Doar-site-Dptos.png'); \"><img src=\"https:\/\/ceak.org.br\/iphc\/wp-content\/uploads\/2016\/07\/Slider-modelo-Selo-Doar-site-Dptos.png\"  alt=\"\" style=\"visibility:hidden;\" \/><\/div>\n                             <div class=\"row\" >\n          <div class=\"inner center text-left \"  style=\"width:90%;\">\n            <div class=\"inner-wrap animated fadeIn\" style=\" \">\n                          <\/div>\n          <\/div>  \n        <\/div>\n       <\/a>              <\/div><!-- end .ux_banner -->\n\n   <div id=\"banner_224079545\" class=\"ux_banner dark    \"  style=\"height:600px; \" data-height=\"600px\" role=\"banner\">\n      <a href=\"https:\/\/ceak.org.br\/ceak\/acontece\/21214\/\" >                            <div class=\"banner-bg \"  style=\"background-image:url('https:\/\/ceak.org.br\/iphc\/wp-content\/uploads\/2016\/07\/Slider-modelo-dptos-Pizza-2026.png'); \"><img src=\"https:\/\/ceak.org.br\/iphc\/wp-content\/uploads\/2016\/07\/Slider-modelo-dptos-Pizza-2026.png\"  alt=\"\" style=\"visibility:hidden;\" \/><\/div>\n                             <div class=\"row\" >\n          <div class=\"inner center text-left \"  style=\"width:90%;\">\n            <div class=\"inner-wrap animated fadeIn\" style=\" \">\n                          <\/div>\n          <\/div>  \n        <\/div>\n       <\/a>              <\/div><!-- end .ux_banner -->\n\n   <div id=\"banner_864064227\" class=\"ux_banner dark    \"  style=\"height:600px; \" data-height=\"600px\" role=\"banner\">\n      <a href=\" https:\/\/ceak.org.br\/ceak\/acontece\/ceak-e-certificado-com-selo-doar\/\" >                            <div class=\"banner-bg \"  style=\"background-image:url('https:\/\/ceak.org.br\/iphc\/wp-content\/uploads\/2016\/07\/Slider-modelo-Selo-Doar-site-Dptos.png'); \"><img src=\"https:\/\/ceak.org.br\/iphc\/wp-content\/uploads\/2016\/07\/Slider-modelo-Selo-Doar-site-Dptos.png\"  alt=\"\" style=\"visibility:hidden;\" \/><\/div>\n                             <div class=\"row\" >\n          <div class=\"inner center text-left \"  style=\"width:90%;\">\n            <div class=\"inner-wrap animated fadeIn\" style=\" \">\n                          <\/div>\n          <\/div>  \n        <\/div>\n       <\/a>              <\/div><!-- end .ux_banner -->\n\n   <div id=\"banner_1910848308\" class=\"ux_banner dark    \"  style=\"height:600px; \" data-height=\"600px\" role=\"banner\">\n      <a href=\" https:\/\/ceak.org.br\/iphc\/adquira-seu-livro-sem-sair-de-casa\/\" >                            <div class=\"banner-bg \"  style=\"background-image:url('https:\/\/ceak.org.br\/iphc\/wp-content\/uploads\/2016\/07\/SHC-PG-Slider.jpg'); \"><img src=\"https:\/\/ceak.org.br\/iphc\/wp-content\/uploads\/2016\/07\/SHC-PG-Slider.jpg\"  alt=\"\" style=\"visibility:hidden;\" \/><\/div>\n                             <div class=\"row\" >\n          <div class=\"inner center text-left \"  style=\"width:90%;\">\n            <div class=\"inner-wrap animated fadeIn\" style=\" \">\n                          <\/div>\n          <\/div>  \n        <\/div>\n       <\/a>              <\/div><!-- end .ux_banner -->\n\n   <div id=\"banner_591885198\" class=\"ux_banner dark    \"  style=\"height:600px; \" data-height=\"600px\" role=\"banner\">\n      <a href=\" https:\/\/ceak.org.br\/ceak\/com-a-nota-fiscal-paulista-voce-ajuda-o-ceak-e-seus-departamentos\/\" >                            <div class=\"banner-bg \"  style=\"background-image:url('https:\/\/ceak.org.br\/iphc\/wp-content\/uploads\/2016\/07\/Slider-sites-Dptos.png'); \"><img src=\"https:\/\/ceak.org.br\/iphc\/wp-content\/uploads\/2016\/07\/Slider-sites-Dptos.png\"  alt=\"\" style=\"visibility:hidden;\" \/><\/div>\n                             <div class=\"row\" >\n          <div class=\"inner center text-left \"  style=\"width:90%;\">\n            <div class=\"inner-wrap animated fadeIn\" style=\" \">\n                          <\/div>\n          <\/div>  \n        <\/div>\n       <\/a>              <\/div><!-- end .ux_banner -->\n\n   <div id=\"banner_1216306017\" class=\"ux_banner dark    \"  style=\"height:600px; \" data-height=\"600px\" role=\"banner\">\n                                  <div class=\"banner-bg \"  style=\"background-image:url('http:\/\/ceak.org.br\/iphc\/wp-content\/uploads\/2017\/12\/doe-livros-iphc.jpg'); \"><img src=\"http:\/\/ceak.org.br\/iphc\/wp-content\/uploads\/2017\/12\/doe-livros-iphc.jpg\"  alt=\"\" style=\"visibility:hidden;\" \/><\/div>\n                             <div class=\"row\" >\n          <div class=\"inner center text-left \"  style=\"width:80%;\">\n            <div class=\"inner-wrap animated fadeIn\" style=\" \">\n              <p>&nbsp;<\/p>\n<div class=\"fundo-texto5 \">\n<h3 class=\"thin-font\"><strong>COMPARTILHE<\/strong> CONHECIMENTO, <strong>DOE LIVROS<\/strong><\/h3>\n<\/div>\n<div class=\"fundo-texto6 \">\n<h3 class=\"thin-font\">Doe qualquer t\u00edtulo em bom estado! <strong>A renda \u00e9 revertida para obras assistenciais<\/strong><\/h3>\n<\/div>\n<a href=\"http:\/\/ceak.org.br\/tudoserve\/como-doar\/\" class=\"button medium \" ><strong>CLIQUE E SAIBA ONDE DOAR<\/strong><\/a>\n            <\/div>\n          <\/div>  \n        <\/div>\n                     <\/div><!-- end .ux_banner -->\n\n   <div id=\"banner_420199439\" class=\"ux_banner dark    \"  style=\"height:600px; \" data-height=\"600px\" role=\"banner\">\n                                  <div class=\"banner-bg \"  style=\"background-image:url('http:\/\/ceak.org.br\/iphc\/wp-content\/uploads\/2017\/06\/sebo-humberto-de-campos.jpg'); \"><img src=\"http:\/\/ceak.org.br\/iphc\/wp-content\/uploads\/2017\/06\/sebo-humberto-de-campos.jpg\"  alt=\"\" style=\"visibility:hidden;\" \/><\/div>\n                             <div class=\"row\" >\n          <div class=\"inner center text-left \"  style=\"width:80%;\">\n            <div class=\"inner-wrap animated fadeIn\" style=\" \">\n              <div class=\"fundo-texto1 \">\n<h3 class=\"thin-font\"><strong>SEBO<\/strong> HUMBERTO DE CAMPOS<\/h3>\n<\/div>\n<div class=\"fundo-texto2 \">\n<h3 class=\"thin-font\">Em parceria com a <strong>Estante Virtual<\/strong>, o <strong>IPHC<\/strong> realiza a venda online de diversos t\u00edtulos de <strong>livros<\/strong>\u00a0usados.<\/h3>\n<\/div>\n<a href=\"\/iphc\/sebo\/\" class=\"button medium \" ><strong>CLIQUE E SAIBA MAIS<\/strong><\/a>\n            <\/div>\n          <\/div>  \n        <\/div>\n                     <\/div><!-- end .ux_banner -->\n\n   <div id=\"banner_1619513671\" class=\"ux_banner dark    \"  style=\"height:600px; \" data-height=\"600px\" role=\"banner\">\n                                  <div class=\"banner-bg \"  style=\"background-image:url('http:\/\/ceak.org.br\/iphc\/wp-content\/uploads\/2016\/08\/atendimento-criancas-iphc_ceak.jpg'); \"><img src=\"http:\/\/ceak.org.br\/iphc\/wp-content\/uploads\/2016\/08\/atendimento-criancas-iphc_ceak.jpg\"  alt=\"\" style=\"visibility:hidden;\" \/><\/div>\n                             <div class=\"row\" >\n          <div class=\"inner center text-center \"  style=\"width:70%;\">\n            <div class=\"inner-wrap animated fadeIn\" style=\" \">\n              <div class=\"fundo-texto3 \">\n<h3 class=\"thin-font\"><strong>VOC\u00ca SABIA?<\/strong><\/h3>\n<\/div>\n<div class=\"fundo-texto4 \">\n<h3 class=\"thin-font\">O atendimento \u00e0s <strong>crian\u00e7as<\/strong> no <strong>IPHC<\/strong> j\u00e1 existe h\u00e1 mais de <strong>80 anos.<\/strong><\/h3>\n<\/div>\n            <\/div>\n          <\/div>  \n        <\/div>\n                     <\/div><!-- end .ux_banner -->\n\n     <\/div>\n    <div class=\"ux-loading dark\"><\/div>\n<\/div><!-- .ux-slider-wrapper -->\n\n\n\n\t<div  class=\"row container \">\n<div class=\"small-12    large-4  columns   \"  ><div class=\"column-inner\"  >\n<h1 class=\"thin-font\">SOBRE O <strong class=\"texto-grosso\">IPHC<\/strong><\/h1>\n<p>Sem finalidade lucrativa, em sua funda\u00e7\u00e3o, tinha por objetivo oferecer escolaridade b\u00e1sica a crian\u00e7as e jovens sem condi\u00e7\u00f5es de freq\u00fcentarem outras escolas.<\/p>\n<div style=\"display:block;height:30px\" class=\"clearfix\"><\/div>\n<ul class=\"ul-sobre\">\n<li><img loading=\"lazy\" class=\"img-sobre\" src=\"http:\/\/ceak.org.br\/iphc\/wp-content\/uploads\/2016\/07\/bolinha-1.png\" alt=\"bolinha\" width=\"14\" height=\"14\" \/>Fundado em 1938<\/li>\n<li><img loading=\"lazy\" class=\"img-sobre\" src=\"http:\/\/ceak.org.br\/iphc\/wp-content\/uploads\/2016\/07\/bolinha-1.png\" alt=\"bolinha\" width=\"14\" height=\"14\" \/>Sem finalidades lucrativas<\/li>\n<li><img loading=\"lazy\" class=\"img-sobre\" src=\"http:\/\/ceak.org.br\/iphc\/wp-content\/uploads\/2016\/07\/bolinha-1.png\" alt=\"bolinha\" width=\"14\" height=\"14\" \/> Assist\u00eancia e educa\u00e7\u00e3o<\/li>\n<\/ul>\n<\/div><\/div>\n<div class=\"small-12    large-4  columns   \"  ><div class=\"column-inner\"  >\n<h1 class=\"thin-font\"><strong class=\"texto-grosso\">PARCEIROS<\/strong><\/h1>\n<p>Buscamos unir esfor\u00e7os com empresas privadas para gerar impactos positivos n\u00e3o apenas para as pr\u00f3prias institui\u00e7\u00f5es, mas tamb\u00e9m para a sociedade.<\/p>\n<div style=\"display:block;height:30px\" class=\"clearfix\"><\/div>\n   <div id=\"banner_2084091042\" class=\"ux_banner dark    \"  style=\"height:190px; \" data-height=\"190px\" role=\"banner\">\n                                  <div class=\"banner-bg \"  style=\"background-image:url('http:\/\/ceak.org.br\/iphc\/wp-content\/uploads\/2016\/07\/una-se-1.jpg'); \"><img src=\"http:\/\/ceak.org.br\/iphc\/wp-content\/uploads\/2016\/07\/una-se-1.jpg\"  alt=\"\" style=\"visibility:hidden;\" \/><\/div>\n                             <div class=\"row\" >\n          <div class=\"inner center full-width text-center \"  style=\"width:60%;\">\n            <div class=\"inner-wrap animated fadeIn\" style=\" \">\n              <a href=\"\/iphc\/parcerias\/\" class=\"button large botao1 alt-button white\" >UNA-SE AN\u00d3S! <\/a>\n            <\/div>\n          <\/div>  \n        <\/div>\n                     <\/div><!-- end .ux_banner -->\n\n<\/div><\/div>\n<div class=\"small-12    large-4  columns   \"  ><div class=\"column-inner\"  >\n<h1 class=\"thin-font\"><strong class=\"texto-grosso\">VOLUNT\u00c1RIOS<\/strong><\/h1>\n<p>Contamos com volunt\u00e1rios que promovem e ou colaboram em campanhas, eventos, bazares e afins.<\/p>\n<div class=\"accordion\" rel=\"1\"><div class=\"accordion-title\"><a href=\"#\">Pr\u00f3prios (Permanentes)<\/a><\/div><div class=\"accordion-inner\"><p>recolhe doa\u00e7\u00f5es em geral (m\u00f3veis utens\u00edlios, roupas, jornais, etc.) que s\u00e3o distribu\u00eddos aos carentes ou vendidos, para custeio dos servi\u00e7os prestados pelo Instituto.<\/p>\n<\/div>\n<div class=\"accordion-title\"><a href=\"#\">Pr\u00f3prios (eventuas)<\/a><\/div><div class=\"accordion-inner\"><p>cozinheiros e auxiliares, assistentes sociais, enfermeiros, psic\u00f3logos, fonoaudi\u00f3logos e outros profissionais de sa\u00fade tamb\u00e9m podem se voluntariar.<\/p>\n<\/div>\n<\/div>\n<\/div><\/div>\n<\/div>\n  \n\n\t<div  class=\"row container \">\n<div class=\"small-12    large-4  columns   \"  ><div class=\"column-inner\"  >\n   <div id=\"banner_1662917638\" class=\"ux_banner dark  bn-farmacia  \"  style=\"height:260px; \" data-height=\"260px\" role=\"banner\">\n                                  <div class=\"banner-bg \"  style=\"background-image:url('http:\/\/ceak.org.br\/iphc\/wp-content\/uploads\/2016\/07\/farmacia-1.jpg'); \"><img src=\"http:\/\/ceak.org.br\/iphc\/wp-content\/uploads\/2016\/07\/farmacia-1.jpg\"  alt=\"\" style=\"visibility:hidden;\" \/><\/div>\n                             <div class=\"row\" >\n          <div class=\"inner center text-center \"  style=\"width:100%;\">\n            <div class=\"inner-wrap animated fadeIn\" style=\" \">\n              <h1 class=\"h-large thin-font\">SERVI\u00c7OS SOCIAIS<\/h1>\n<h2 class=\"thin-font\">Sa\u00fade e Assist\u00eancia<\/h2>\n<a href=\"\/iphc\/servicos-sociais\/\" class=\"button medium alt-button white\" >saiba mais<\/a>\n            <\/div>\n          <\/div>  \n        <\/div>\n                     <\/div><!-- end .ux_banner -->\n\n<\/div><\/div>\n<div class=\"small-12    large-4  columns   \"  ><div class=\"column-inner\"  >\n   <div id=\"banner_1623133486\" class=\"ux_banner dark  bn-farmacia  \"  style=\"height:260px; \" data-height=\"260px\" role=\"banner\">\n                                  <div class=\"banner-bg \"  style=\"background-image:url('http:\/\/ceak.org.br\/iphc\/wp-content\/uploads\/2016\/07\/doaceos-1.jpg'); \"><img src=\"http:\/\/ceak.org.br\/iphc\/wp-content\/uploads\/2016\/07\/doaceos-1.jpg\"  alt=\"\" style=\"visibility:hidden;\" \/><\/div>\n                             <div class=\"row\" >\n          <div class=\"inner center text-center \"  style=\"width:100%;\">\n            <div class=\"inner-wrap animated fadeIn\" style=\" \">\n              <h1 class=\"h-large thin-font\">DOA\u00c7\u00d5ES<\/h1>\n<h2 class=\"thin-font\">Olhe a sua volta, est\u00e1 vendo aquilo que voc\u00ea n\u00e3o usa mais?<\/h2>\n<a href=\"http:\/\/ceak.org.br\/tudoserve\/\" class=\"button medium alt-button white\" target=\"_blank\">contribua<\/a>\n            <\/div>\n          <\/div>  \n        <\/div>\n                     <\/div><!-- end .ux_banner -->\n\n<\/div><\/div>\n<div class=\"small-12    large-4  columns   \"  ><div class=\"column-inner\"  >\n   <div id=\"banner_1892964253\" class=\"ux_banner dark  bn-farmacia  \"  style=\"height:260px; \" data-height=\"260px\" role=\"banner\">\n                                  <div class=\"banner-bg \"  style=\"background-image:url('http:\/\/ceak.org.br\/iphc\/wp-content\/uploads\/2016\/07\/educacao-1.jpg'); \"><img src=\"http:\/\/ceak.org.br\/iphc\/wp-content\/uploads\/2016\/07\/educacao-1.jpg\"  alt=\"\" style=\"visibility:hidden;\" \/><\/div>\n                             <div class=\"row\" >\n          <div class=\"inner center text-center \"  style=\"width:100%;\">\n            <div class=\"inner-wrap animated fadeIn\" style=\" \">\n              <h1 class=\"h-large thin-font\">EDUCA\u00c7\u00c3O INFANTIL<\/h1>\n<a href=\"\/iphc\/educacao\/\" class=\"button medium alt-button white\" >conhe\u00e7a<\/a>\n            <\/div>\n          <\/div>  \n        <\/div>\n                     <\/div><!-- end .ux_banner -->\n\n<\/div><\/div>\n<\/div>\n  \n\n\n     \n     <section  class=\"ux-section\" style=\"padding:0px 0;margin-bottom:0px!important;\">  \n      <div class=\"ux-section-bg banner-bg \" 0 style=\"background-image:url(http:\/\/ceak.org.br\/iphc\/wp-content\/uploads\/2018\/05\/dia_dia.png);\"><\/div> \n      \n     <div class=\"ux-section-content\">\n<h1 class=\"thin-font texto-diadia\" style=\"text-align: center;\"><strong> DIA <\/strong> A <strong>DIA<\/strong> DO <strong>IPHC<\/strong><\/h1>\n<div class=\"row\"><div class=\"row espaco_diadia2\">\t\t\t\n\t\t\t\t<div class=\"large-4 medium-12 columns  \">\n\t\t\t\t  \t<div class=\"row col-diadia\">\n\t\t\t\t\t  <div class=\"large-12 columns sem-padding\">\n\t\t\t\t\t    <img class=\"img-diadia\" src=\"https:\/\/ceak.org.br\/iphc\/wp-content\/uploads\/2024\/06\/20240615_142930-e1718827866172.jpg\">\t\n\t\t\t\t\t  <\/div>\n\t\t\t\t\t  <div class=\"large-7 columns data-diadia\">\n\t\t\t\t\t  \t<i class=\"fa fa-calendar\" aria-hidden=\"true\"><\/i> <strong><\/strong>\n\t\t\t\t\t  <\/div>\n\t\t\t\t \t  <div class=\"large-5 columns bt-diadia\">\n\t\t\t\t\t  \t<a href=\"https:\/\/ceak.org.br\/iphc\/iphc-86-anos-o-valor-e-o-impacto-de-uma-historia\/\"><i class=\"fa fa-plus\" aria-hidden=\"true\"><\/i> <strong> SAIBA MAIS <\/strong><\/a>\n\t\t\t\t\t  <\/div>\n\t\t\t\t\t<\/div>\n\t\t\t\t<div class=\"row\"><div class=\"large-1 columns\"><\/div><\/div>\n\t\t\t\t<div class=\"row\"><div class=\"large-12 columns sem-padding espaco_diadia\"><\/div><\/div>\n\t\t\t\t\n\t\t\t\t<div class=\"row col-diadia\">\n\t\t\t\t\t  <div class=\"large-12 columns sem-padding\">\n\t\t\t\t\t  \t  <img class=\"img-diadia\" src=\"https:\/\/ceak.org.br\/iphc\/wp-content\/uploads\/2025\/05\/Feliz-Anversaro-Insttuto-Popular-Humberto-de-Campos-1900-x-550-px-700-x-500-px-900-x-500-px-1.png\">\t\n\t\t\t\t\t  <\/div>\n\t\t\t\t\t  <div class=\"large-7 columns data-diadia\">\n\t\t\t\t\t  \t<i class=\"fa fa-calendar\" aria-hidden=\"true\"><\/i> <strong><\/strong>\n\t\t\t\t\t  <\/div>\n\t\t\t\t \t  <div class=\"large-5 columns bt-diadia\">\n\t\t\t\t\t  \t<a href=\"https:\/\/ceak.org.br\/iphc\/iphc-87-anos-transformando-vidas\/\"><i class=\"fa fa-plus\" aria-hidden=\"true\"><\/i> <strong> SAIBA MAIS <\/strong><\/a>\n\t\t\t\t\t  <\/div>\n\t\t\t\t\t<\/div><\/div>\n\t\t \t\t\t\t<div class=\"large-7 medium-12 columns\"><a href=\"https:\/\/ceak.org.br\/iphc\/1030-2\/\">\n\t\t\t\t\t\t  \t<div class=\"row col-diadia\">\n\t\t\t\t\t\t\t  <div class=\"large-12 columns sem-padding\">\n\t\t\t\t\t\t\t  <div class=\"crop-container\">\n    \t\t\t\t\t\t\t\t<img class=\"img-diadia img-maior-diadia\" src=\"https:\/\/ceak.org.br\/iphc\/wp-content\/uploads\/2025\/07\/WhatsApp-Image-2025-07-29-at-09.07.09.jpeg\">\t\n\t\t\t\t\t\t\t   <\/div>\t\t\t\t\t\t\t   \n\t\t\t\t\t\t\t  <\/div>\n\t\t\t\t\t\t\t  <div class=\"large-6 columns data-diadia\">\n\t\t\t\t\t\t\t  <i class=\"fa fa-calendar\" aria-hidden=\"true\"><\/i> <strong> <\/strong>\n\t\t\t\t\t\t\t  <\/div>\n\t\t\t\t\t\t \t  <div class=\"large-6 columns autor-diadia\">\n\t\t\t\t\t\t\t  \t<i class=\"fa fa-user\" aria-hidden=\"true\"><\/i> postado por: Assessoria de Comunica\u00e7\u00e3o\n\t\t\t\t\t\t\t  <\/div>\n\t\t\t\t\t\t\t  <div class=\"large-12 columns traco-diadia desc-diadia\">\n\t\t\t\t\t\t\t  \t<h1 class=\"thin-font\">Oficina Comunit\u00e1ria de M\u00fasica &#8211; IPHC<\/h1>\n\t\t\t\t\t\t\t  \t<h3 class=\"thin-font cat-diadia\"> Categoria: <strong>Sem categoria<\/strong><\/h3>\n\t\t\t\t\t  \t\t\t<p>FA\u00c7A A SUA INSCRI\u00c7\u00c3O NO FORMUL\u00c1RIO DO LINK ABAIXO! https:\/\/forms.gle\/3R8XYd1WFQ14qbCw6<\/p>\n\t\t\t\t\t  \t\t\t<i class=\"fa fa-plus plus-diadia\" aria-hidden=\"true\"><\/i>\n\t\t\t\t\t\t\t  \t<span id=\"triangle-bottomright\" > <\/span>\n\t\t\t\t\t\t\t  <\/div>\t\t\t\t\t\t\t  \n\t\t\t\t\t\t\t<\/div><\/a>\n\t\t\t\t\t\t <\/div>\n\t\t\t\t\t\t <\/div>\n<\/div>\n      \n        <\/section><!-- .ux-section -->\n\n  \n\n\t<div  class=\"row container \">\n<div class=\"small-12    large-8  columns   \"  ><div class=\"column-inner\"  >\n<div style=\"display:block;height:30px\" class=\"clearfix\"><\/div>\n<div class=\"\">\n<h1 class=\"thin-font\" style=\"text-align: center;\">CONHE\u00c7A TAMB\u00c9M O SITE DO <strong class=\"texto-grosso\">CEAK <\/strong><\/h1>\n<\/div>\n<\/div><\/div>\n<div class=\"small-12    large-4  columns   \"  ><div class=\"column-inner\"  >\n<div style=\"display:block;height:30px\" class=\"clearfix\"><\/div>\n<a href=\"http:\/\/ceak.org.br\" class=\"button medium alt-button secondary\" >CEAK.ORG.BR<\/a>\n<\/div><\/div>\n<\/div>\n  \n\n<div style=\"display:block;height:30px\" class=\"clearfix\"><\/div>\n\t<div  class=\"row container \">\n<div class=\"small-12    large-12  columns   \"  ><div class=\"column-inner\"  >\n[vc_row][vc_column width=&#8221;1\/6&#8243;][vc_single_image source=&#8221;external_link&#8221; alignment=&#8221;center&#8221; custom_src=&#8221;http:\/\/ceak.org.br\/ceak\/wp-content\/uploads\/2017\/07\/assistencia-social.png&#8221;][\/vc_column][vc_column width=&#8221;1\/12&#8243;][vc_single_image source=&#8221;external_link&#8221; external_img_size=&#8221;100&#215;100&#8243; alignment=&#8221;center&#8221; onclick=&#8221;custom_link&#8221; img_link_target=&#8221;_blank&#8221; link=&#8221;http:\/\/ceak.org.br\/cavi\/&#8221; custom_src=&#8221;http:\/\/ceak.org.br\/ceak\/wp-content\/uploads\/2017\/07\/casa-de-apoio-a-vida.png&#8221;][\/vc_column][vc_column width=&#8221;1\/12&#8243;][vc_single_image source=&#8221;external_link&#8221; external_img_size=&#8221;100&#215;100&#8243; alignment=&#8221;center&#8221; onclick=&#8221;custom_link&#8221; img_link_target=&#8221;_blank&#8221; link=&#8221;http:\/\/ceak.org.br\/ee\/&#8221; custom_src=&#8221;http:\/\/ceak.org.br\/ceak\/wp-content\/uploads\/2017\/07\/educandario-euripedes-1.png&#8221;][\/vc_column][vc_column width=&#8221;1\/12&#8243;][vc_single_image source=&#8221;external_link&#8221; external_img_size=&#8221;100&#215;100&#8243; alignment=&#8221;center&#8221; onclick=&#8221;custom_link&#8221; img_link_target=&#8221;_blank&#8221; link=&#8221;http:\/\/ceak.org.br\/cgm\/&#8221; custom_src=&#8221;http:\/\/ceak.org.br\/ceak\/wp-content\/uploads\/2017\/07\/gustavo-marcondes-1.png&#8221;][\/vc_column][vc_column width=&#8221;1\/12&#8243;][vc_single_image source=&#8221;external_link&#8221; external_img_size=&#8221;100&#215;100&#8243; alignment=&#8221;center&#8221; onclick=&#8221;custom_link&#8221; img_link_target=&#8221;_blank&#8221; link=&#8221;&#8221; custom_src=&#8221;http:\/\/ceak.org.br\/ceak\/wp-content\/uploads\/2017\/07\/humberto-de-campos.png&#8221;][\/vc_column][vc_column width=&#8221;1\/6&#8243;][vc_single_image source=&#8221;external_link&#8221; alignment=&#8221;center&#8221; custom_src=&#8221;http:\/\/ceak.org.br\/ceak\/wp-content\/uploads\/2017\/07\/sem-fins-lucrativos.png&#8221;][\/vc_column][vc_column width=&#8221;1\/12&#8243;][vc_single_image source=&#8221;external_link&#8221; external_img_size=&#8221;100&#215;100&#8243; alignment=&#8221;center&#8221; onclick=&#8221;custom_link&#8221; img_link_target=&#8221;_blank&#8221; link=&#8221;http:\/\/bambini.com.br&#8221; custom_src=&#8221;http:\/\/ceak.org.br\/ceak\/wp-content\/uploads\/2017\/07\/bambini-1.png&#8221;][\/vc_column][vc_column width=&#8221;1\/12&#8243;][vc_single_image source=&#8221;external_link&#8221; external_img_size=&#8221;100&#215;100&#8243; alignment=&#8221;center&#8221; onclick=&#8221;custom_link&#8221; img_link_target=&#8221;_blank&#8221; link=&#8221;http:\/\/allankardec.org.br&#8221; custom_src=&#8221;http:\/\/ceak.org.br\/ceak\/wp-content\/uploads\/2017\/07\/editora-allan-kardec-1.png&#8221;][\/vc_column][vc_column width=&#8221;1\/12&#8243;][vc_single_image source=&#8221;external_link&#8221; external_img_size=&#8221;100&#215;100&#8243; alignment=&#8221;center&#8221; onclick=&#8221;custom_link&#8221; img_link_target=&#8221;_blank&#8221; link=&#8221;http:\/\/ceak.org.br\/tudoserve\/&#8221; custom_src=&#8221;http:\/\/ceak.org.br\/ceak\/wp-content\/uploads\/2017\/07\/tudo-serve-1.png&#8221;][\/vc_column][vc_column width=&#8221;1\/12&#8243;][\/vc_column][\/vc_row]\n<\/div><\/div>\n<\/div>\n  \n\n","protected":false},"excerpt":{"rendered":"Agradecemos a participa\u00e7\u00e3o e apoio na comemora\u00e7\u00e3o dos 86 anos do Instituto Popular Humberto de Campos. Foram momentos emocionantes e muito gratificantes. Revivemos antigas hist\u00f3rias e conhecemos outras, vimos e ouvimos depoimentos e compartilhamos surpresas, como a entrega de uma placa de rua que leva o nome de Gustavo Marcondes. Trabalhadores, volunt\u00e1rios, amigos, colaboradores. Muitos [...]","protected":false},"author":1,"featured_media":0,"parent":0,"menu_order":0,"comment_status":"closed","ping_status":"closed","template":"page-blank.php","meta":[],"_links":{"self":[{"href":"https:\/\/ceak.org.br\/iphc\/wp-json\/wp\/v2\/pages\/9"}],"collection":[{"href":"https:\/\/ceak.org.br\/iphc\/wp-json\/wp\/v2\/pages"}],"about":[{"href":"https:\/\/ceak.org.br\/iphc\/wp-json\/wp\/v2\/types\/page"}],"author":[{"embeddable":true,"href":"https:\/\/ceak.org.br\/iphc\/wp-json\/wp\/v2\/users\/1"}],"replies":[{"embeddable":true,"href":"https:\/\/ceak.org.br\/iphc\/wp-json\/wp\/v2\/comments?post=9"}],"version-history":[{"count":4,"href":"https:\/\/ceak.org.br\/iphc\/wp-json\/wp\/v2\/pages\/9\/revisions"}],"predecessor-version":[{"id":413,"href":"https:\/\/ceak.org.br\/iphc\/wp-json\/wp\/v2\/pages\/9\/revisions\/413"}],"wp:attachment":[{"href":"https:\/\/ceak.org.br\/iphc\/wp-json\/wp\/v2\/media?parent=9"}],"curies":[{"name":"wp","href":"https:\/\/api.w.org\/{rel}","templated":true}]}}