{"id":17,"date":"2015-12-14T23:01:53","date_gmt":"2015-12-14T23:01:53","guid":{"rendered":"http:\/\/ceak.org.br\/tudoserve\/?page_id=17"},"modified":"2021-03-15T23:29:04","modified_gmt":"2021-03-15T23:29:04","slug":"institucional","status":"publish","type":"page","link":"https:\/\/ceak.org.br\/tudoserve\/institucional\/","title":{"rendered":"INSTITUCIONAL"},"content":{"rendered":"[vc_row][vc_column width=&#8221;1\/2&#8243;][vc_column_text]Desde 1952, o Instituto Popular Humberto de Campos (IPHC), departamento do Centro Esp\u00edrita Allan Kardec (CEAK) por meio da Campanha \u201cTudo Serve\u201d, aceita doa\u00e7\u00f5es de m\u00f3veis, utens\u00edlios, eletrodom\u00e9sticos, equipamentos, vestu\u00e1rios, bijuterias, livros e brinquedos, em bom estado de conserva\u00e7\u00e3o.<\/p>\n<p>As doa\u00e7\u00f5es s\u00e3o coletadas por caminh\u00f5es e equipes pr\u00f3prios, devidamente identificados e credenciados pelo IPHC. Uma vez recebidas, v\u00e3o para a triagem e depois seguem para venda em nossas lojas. Toda a renda \u00e9 destinada para as atividades assistenciais do Instituto, que atende gratuitamente milhares de pessoas por ano.<\/p>\n<p>A \u00fanica exce\u00e7\u00e3o entre as doa\u00e7\u00f5es s\u00e3o os equipamentos ortop\u00e9dicos e hospitalares, como cadeiras de rodas, camas hospitalares, muletas e bengalas que, ao inv\u00e9s de serem revendidos, s\u00e3o entregues como empr\u00e9stimo aos mais necessitados, mediante cadastro no IPHC.<\/p>\n<p>Por isso, \u00e9 de extrema import\u00e2ncia que as doa\u00e7\u00f5es tenham potencial de venda, para que gerem interesse e possam ser utilizadas pelos pr\u00f3ximos donos.[\/vc_column_text][\/vc_column][vc_column width=&#8221;1\/2&#8243;][vc_single_image image=&#8221;212&#8243; img_size=&#8221;full&#8221; alignment=&#8221;center&#8221; style=&#8221;vc_box_shadow_3d&#8221; css_animation=&#8221;none&#8221;][\/vc_column][\/vc_row]\n","protected":false},"excerpt":{"rendered":"[vc_row][vc_column width=&#8221;1\/2&#8243;][vc_column_text]Desde 1952, o Instituto Popular Humberto de Campos (IPHC), departamento do Centro Esp\u00edrita Allan Kardec (CEAK) por meio da Campanha \u201cTudo Serve\u201d, aceita doa\u00e7\u00f5es de m\u00f3veis, utens\u00edlios, eletrodom\u00e9sticos, equipamentos, vestu\u00e1rios, bijuterias, livros e brinquedos, em bom estado de conserva\u00e7\u00e3o. As doa\u00e7\u00f5es s\u00e3o coletadas por caminh\u00f5es e equipes pr\u00f3prios, devidamente identificados e credenciados pelo IPHC. [&hellip;]\n","protected":false},"author":2,"featured_media":0,"parent":0,"menu_order":0,"comment_status":"closed","ping_status":"closed","template":"","meta":[],"_links":{"self":[{"href":"https:\/\/ceak.org.br\/tudoserve\/wp-json\/wp\/v2\/pages\/17"}],"collection":[{"href":"https:\/\/ceak.org.br\/tudoserve\/wp-json\/wp\/v2\/pages"}],"about":[{"href":"https:\/\/ceak.org.br\/tudoserve\/wp-json\/wp\/v2\/types\/page"}],"author":[{"embeddable":true,"href":"https:\/\/ceak.org.br\/tudoserve\/wp-json\/wp\/v2\/users\/2"}],"replies":[{"embeddable":true,"href":"https:\/\/ceak.org.br\/tudoserve\/wp-json\/wp\/v2\/comments?post=17"}],"version-history":[{"count":9,"href":"https:\/\/ceak.org.br\/tudoserve\/wp-json\/wp\/v2\/pages\/17\/revisions"}],"predecessor-version":[{"id":572,"href":"https:\/\/ceak.org.br\/tudoserve\/wp-json\/wp\/v2\/pages\/17\/revisions\/572"}],"wp:attachment":[{"href":"https:\/\/ceak.org.br\/tudoserve\/wp-json\/wp\/v2\/media?parent=17"}],"curies":[{"name":"wp","href":"https:\/\/api.w.org\/{rel}","templated":true}]}}